{"id":4691,"date":"2025-06-25T14:24:37","date_gmt":"2025-06-25T06:24:37","guid":{"rendered":"https:\/\/polysmarts.com\/?post_type=product&#038;p=4691"},"modified":"2025-06-25T14:37:32","modified_gmt":"2025-06-25T06:37:32","slug":"umweltfreundliche-verpackungslosungen-fur-waschmittel","status":"publish","type":"product","link":"https:\/\/polysmarts.com\/de\/product\/eco-friendly-laundry-detergent-packaging-solutions\/","title":{"rendered":"Umweltfreundliche Verpackungsl\u00f6sungen f\u00fcr Waschmittel"},"content":{"rendered":"<p>Verwandeln Sie Ihre W\u00e4scheroutine mit unseren umweltfreundlichen Waschmittelverpackungsl\u00f6sungen von Polysmarts.<\/p>\n<p>Unsere innovativen Produkte wurden f\u00fcr den umweltbewussten Verbraucher entwickelt. <span style=\"color: #000000;\"><strong><a style=\"color: #000000;\" href=\"https:\/\/polysmarts.com\/de\/benutzerdefinierte-ausgussbeutel-flussigkeitsverpackung\/\">Standbeutel mit Ausguss und Fl\u00fcssigkeitsbeutel<\/a> <\/strong><\/span>bieten eine nachhaltige Alternative zu herk\u00f6mmlichen Kunststoffbeh\u00e4ltern und stellen eine perfekte L\u00f6sung f\u00fcr die Verpackung von Pulvern, Fl\u00fcssigwaschmitteln, Fleckenentfernern und Weichsp\u00fclern dar.<\/p>\n<p>Diese aus hochwertigen Barrierefolien gefertigten, langlebigen Beutel gew\u00e4hrleisten Auslaufsicherheit und reduzieren gleichzeitig Ihren \u00f6kologischen Fu\u00dfabdruck erheblich.<\/p>\n<p>Personalisieren Sie Ihre Verpackung mit Rei\u00dfverschl\u00fcssen, Aufrei\u00dfkerben und auff\u00e4lligen Drucken, um Ihre Marke hervorzuheben und Kunden anzuziehen.<\/p>\n<p>Treffen Sie die verantwortungsvolle Wahl f\u00fcr Waschmittelverpackungen und unterst\u00fctzen Sie mit Polysmarts die Bewegung f\u00fcr eine gr\u00fcnere Zukunft.<\/p>","protected":false},"excerpt":{"rendered":"<p>Waschmittelverpackung<\/p>\n<table style=\"height: 280px; width: 99.8505%; border-collapse: collapse;\" border=\"2\">\n<tbody>\n<tr style=\"height: 28px; background-color: #dbdbdb;\">\n<td style=\"width: 22.6796%; background-color: #ebebeb; height: 28px;\"><span style=\"font-family: arial, helvetica, sans-serif; font-size: 12pt;\"><strong>Artikel<\/strong><\/span><\/td>\n<td style=\"width: 77.3204%; background-color: #ebebeb; height: 28px;\"><span style=\"font-family: arial, helvetica, sans-serif; font-size: 12pt;\">Individuelle Waschmittelverpackungen<\/span><\/td>\n<\/tr>\n<tr style=\"height: 40px;\">\n<td style=\"width: 22.6796%; height: 30px; background-color: #99ccff;\"><span style=\"font-family: arial, helvetica, sans-serif; font-size: 12pt;\"><strong>Dimension &amp; Stil<\/strong><\/span><\/td>\n<td style=\"width: 77.3204%; height: 30px; background-color: #99ccff;\"><span style=\"font-family: arial, helvetica, sans-serif; font-size: 12pt;\">Benutzerdefinierte Formen und Gr\u00f6\u00dfen<\/span><\/td>\n<\/tr>\n<tr style=\"height: 40px;\">\n<td style=\"width: 22.6796%; height: 34px; background-color: #ebebeb;\"><span style=\"font-size: 12pt;\"><strong><span style=\"font-family: arial, helvetica, sans-serif;\">Mindestbestellmenge<\/span><\/strong><\/span><\/td>\n<td style=\"width: 77.3204%; height: 34px; background-color: #ebebeb;\"><span style=\"font-family: arial, helvetica, sans-serif; font-size: 12pt;\">100 St\u00fcck ohne Personalisierung, 5000 St\u00fcck zur Personalisierung \u2013 Digitaldruck: 1000 St\u00fcck<\/span><\/td>\n<\/tr>\n<tr style=\"height: 40px; background-color: #99ccff;\">\n<td style=\"width: 22.6796%; height: 24px;\"><span style=\"font-size: 12pt;\"><strong><span style=\"font-family: arial, helvetica, sans-serif;\">Verpackungsart<\/span><\/strong><\/span><\/td>\n<td style=\"width: 77.3204%; height: 24px;\"><span style=\"color: #000000;\"><a style=\"color: #000000;\" href=\"https:\/\/polysmarts.com\/de\/benutzerdefinierte-ausgussbeutel-flussigkeitsverpackung\/\"><strong><span style=\"font-family: arial, helvetica, sans-serif; font-size: 12pt;\">Standbodenbeutel f\u00fcr Fl\u00fcssigkeiten<\/span><\/strong><\/a><\/span><\/td>\n<\/tr>\n<tr style=\"height: 40px; background-color: #ebebeb;\">\n<td style=\"width: 22.6796%; height: 24px;\"><span style=\"font-size: 12pt;\"><strong><span style=\"font-family: arial, helvetica, sans-serif;\">Drucken<\/span><\/strong><\/span><\/td>\n<td style=\"width: 77.3204%; height: 24px;\"><span style=\"font-family: arial, helvetica, sans-serif; font-size: 12pt;\">CMYK (1 \u2013 10 Farben), Kein Druck (Normal), Digitaldruck<\/span><\/td>\n<\/tr>\n<tr style=\"height: 40px; background-color: #99ccff;\">\n<td style=\"width: 22.6796%; height: 24px;\"><span style=\"font-size: 12pt;\"><strong><span style=\"font-family: arial, helvetica, sans-serif;\">Material<\/span><\/strong><\/span><\/td>\n<td style=\"width: 77.3204%; height: 24px;\"><span style=\"font-family: arial, helvetica, sans-serif; font-size: 12pt;\">Laminiertes Material, MOPP+VMPET+PE<\/span><\/td>\n<\/tr>\n<tr style=\"height: 40px; background-color: #ebebeb;\">\n<td style=\"width: 22.6796%; height: 24px;\"><span style=\"font-size: 12pt;\"><strong><span style=\"font-family: arial, helvetica, sans-serif;\"><b data-spm-anchor-id=\"a2700.details-description.0.i12.24d0Kvu6Kvu6rh\">Kapazit\u00e4t<\/b><\/span><\/strong><\/span><\/td>\n<td style=\"width: 77.3204%; height: 24px;\"><span style=\"font-family: arial, helvetica, sans-serif; font-size: 12pt;\">100 g, 200 g, 300 g, 400 g, 800 g, 1 kg, 2 kg, 3 kg\/100 ml, 200 ml, 300 ml, 500 ml, 800 ml, 1 l, 2 l, 3 l oder benutzerdefiniert<\/span><\/td>\n<\/tr>\n<tr style=\"height: 40px; background-color: #99ccff;\">\n<td style=\"width: 22.6796%; height: 24px;\"><span style=\"font-size: 12pt;\"><strong><span style=\"font-family: arial, helvetica, sans-serif;\">Besonderheit<\/span><\/strong><\/span><\/td>\n<td style=\"width: 77.3204%; height: 24px;\"><span style=\"font-family: arial, helvetica, sans-serif; font-size: 12pt;\">1. Gute Feuchtigkeits- und Sauerstoffbest\u00e4ndigkeit;<br \/>\n2. Hohe Temperatur;<br \/>\n3. Gute Versiegelung, hochwertiger Druck;<br \/>\n4.Material in Lebensmittelqualit\u00e4t, ungiftig, geruchs- und geschmacksneutral, Feuchtigkeits- und Sauerstoffbarriere, hervorragende Barriereleistung.<br \/>\n5. Leicht zu tragen;<\/span><\/td>\n<\/tr>\n<tr style=\"height: 40px; background-color: #ebebeb;\">\n<td style=\"width: 22.6796%; height: 24px;\"><span style=\"font-size: 12pt;\"><strong><span style=\"font-family: arial, helvetica, sans-serif;\">Seitenwechsel<\/span><\/strong><\/span><\/td>\n<td style=\"width: 77.3204%; height: 24px;\"><span style=\"font-family: arial, helvetica, sans-serif; font-size: 12pt;\">7 \u2013 15 Werktage, Eilzustellung<\/span><\/td>\n<\/tr>\n<tr style=\"height: 40px; background-color: #99ccff;\">\n<td style=\"width: 22.6796%; height: 24px;\"><span style=\"font-size: 12pt;\"><strong><span style=\"font-family: arial, helvetica, sans-serif;\">Versand<\/span><\/strong><\/span><\/td>\n<td style=\"width: 77.3204%; height: 24px;\"><span style=\"font-family: arial, helvetica, sans-serif; font-size: 12pt;\">Luft, See, Express<\/span><\/td>\n<\/tr>\n<\/tbody>\n<\/table>\n<p>&nbsp;<\/p>","protected":false},"featured_media":4700,"comment_status":"open","ping_status":"closed","template":"","meta":[],"product_brand":[],"product_cat":[35],"product_tag":[],"class_list":{"0":"post-4691","1":"product","2":"type-product","3":"status-publish","4":"has-post-thumbnail","6":"product_cat-mylar-bags","8":"first","9":"instock","10":"shipping-taxable","11":"purchasable","12":"product-type-variable"},"_links":{"self":[{"href":"https:\/\/polysmarts.com\/de\/wp-json\/wp\/v2\/product\/4691","targetHints":{"allow":["GET"]}}],"collection":[{"href":"https:\/\/polysmarts.com\/de\/wp-json\/wp\/v2\/product"}],"about":[{"href":"https:\/\/polysmarts.com\/de\/wp-json\/wp\/v2\/types\/product"}],"replies":[{"embeddable":true,"href":"https:\/\/polysmarts.com\/de\/wp-json\/wp\/v2\/comments?post=4691"}],"version-history":[{"count":1,"href":"https:\/\/polysmarts.com\/de\/wp-json\/wp\/v2\/product\/4691\/revisions"}],"predecessor-version":[{"id":4701,"href":"https:\/\/polysmarts.com\/de\/wp-json\/wp\/v2\/product\/4691\/revisions\/4701"}],"wp:featuredmedia":[{"embeddable":true,"href":"https:\/\/polysmarts.com\/de\/wp-json\/wp\/v2\/media\/4700"}],"wp:attachment":[{"href":"https:\/\/polysmarts.com\/de\/wp-json\/wp\/v2\/media?parent=4691"}],"wp:term":[{"taxonomy":"product_brand","embeddable":true,"href":"https:\/\/polysmarts.com\/de\/wp-json\/wp\/v2\/product_brand?post=4691"},{"taxonomy":"product_cat","embeddable":true,"href":"https:\/\/polysmarts.com\/de\/wp-json\/wp\/v2\/product_cat?post=4691"},{"taxonomy":"product_tag","embeddable":true,"href":"https:\/\/polysmarts.com\/de\/wp-json\/wp\/v2\/product_tag?post=4691"}],"curies":[{"name":"wp","href":"https:\/\/api.w.org\/{rel}","templated":true}]}}