{"id":4580,"date":"2025-06-05T11:58:47","date_gmt":"2025-06-05T03:58:47","guid":{"rendered":"https:\/\/polysmarts.com\/?post_type=product&#038;p=4580"},"modified":"2025-06-05T14:30:06","modified_gmt":"2025-06-05T06:30:06","slug":"individuell-bedruckte-header-karten-verpackungstasche-mit-selbstklebender","status":"publish","type":"product","link":"https:\/\/polysmarts.com\/de\/product\/custom-printed-header-card-packaging-bag-with-self-adhesive\/","title":{"rendered":"Individuell bedruckte Header-Karten-Verpackungstasche mit selbstklebender"},"content":{"rendered":"<p>Wir pr\u00e4sentieren unsere individuell bedruckten, selbstklebenden Verpackungsbeutel mit Header-Karten \u2013 die perfekte L\u00f6sung, um Ihre Produkte zu pr\u00e4sentieren und gleichzeitig Ihre Markenidentit\u00e4t zu st\u00e4rken. Mit ihrem lebendigen, vollfarbigen Druck auf hochwertigen Header-Karten heben diese Beutel Ihre Artikel im Regal hervor. Die selbstklebende R\u00fcckseite sorgt f\u00fcr eine unkomplizierte Anwendung \u2013 einfach abziehen und aufkleben \u2013 f\u00fcr m\u00fchelose Befestigung Ihrer Verpackungsbeutel.<\/p>\n<p>Unser strapazierf\u00e4higes Material aus hochwertigem Polysmarts bietet rei\u00dffesten und langlebigen Schutz f\u00fcr Ihre Produkte. Dank der vielseitigen Gr\u00f6\u00dfenoptionen k\u00f6nnen Sie die Abmessungen individuell an Ihre Bed\u00fcrfnisse anpassen \u2013 von Kosmetika bis hin zu Elektronikartikeln \u2013 und so stets eine perfekte Passform gew\u00e4hrleisten. Dar\u00fcber hinaus bieten wir umweltfreundliche Optionen: W\u00e4hlen Sie recycelbare oder biologisch abbaubare Materialien f\u00fcr eine nachhaltige Verpackungsl\u00f6sung.<\/p>\n<p>Header Card Packaging ist eine innovative Verpackungsl\u00f6sung, die Ihre Produkte nicht nur beim Versand sch\u00fctzt, sondern sie auch in leistungsstarke Marketinginstrumente verwandelt. Die lebendigen Designs und personalisierten Logos erh\u00f6hen die Markensichtbarkeit und sorgen daf\u00fcr, dass Ihre Produkte im Regal hervorstechen und die Aufmerksamkeit potenzieller Kunden auf sich ziehen.<\/p>\n<p>Die selbstklebende Funktion wurde speziell f\u00fcr den praktischen Einsatz entwickelt und optimiert Ihren Verpackungsprozess. Sie reduziert Montagezeit und Arbeitskosten erheblich. Jede Kopfkarte verleiht Ihren Verpackungen einen Hauch von Luxus und Professionalit\u00e4t, verbessert das Auspackerlebnis f\u00fcr Ihre Kunden und st\u00e4rkt die Glaubw\u00fcrdigkeit Ihrer Marke.<\/p>\n<p>Dank ihrer robusten Konstruktion sch\u00fctzen diese Header-Card-Verpackungstaschen Ihre Produkte vor Besch\u00e4digungen und eignen sich daher ideal f\u00fcr verschiedene Artikel. Entscheiden Sie sich f\u00fcr unsere individuell bedruckten Header-Card-Verpackungen, um einen bleibenden Eindruck zu hinterlassen und den Umsatz zu steigern.<\/p>","protected":false},"excerpt":{"rendered":"<table style=\"height: 360px; width: 100.741%; border-collapse: collapse; background-color: #ebebeb;\" border=\"2\">\n<tbody>\n<tr style=\"height: 40px;\">\n<td style=\"width: 22.6796%; height: 30px; background-color: #99ccff;\"><span style=\"font-family: arial, helvetica, sans-serif; font-size: 12pt;\"><strong>Dimension &amp; Stil<\/strong><\/span><\/td>\n<td style=\"width: 78.2121%; height: 30px; background-color: #99ccff;\"><span style=\"font-family: arial, helvetica, sans-serif; font-size: 12pt;\">Benutzerdefinierte Formen und Gr\u00f6\u00dfen<\/span><\/td>\n<\/tr>\n<tr style=\"height: 40px;\">\n<td style=\"width: 22.6796%; height: 34px; background-color: #ebebeb;\"><span style=\"font-size: 12pt;\"><strong><span style=\"font-family: arial, helvetica, sans-serif;\">Mindestbestellmenge<\/span><\/strong><\/span><\/td>\n<td style=\"width: 78.2121%; height: 34px; background-color: #ebebeb;\"><span style=\"font-family: arial, helvetica, sans-serif; font-size: 12pt;\">1000 St\u00fcck ohne Anpassung, 10000 St\u00fcck zur Anpassung<\/span><\/td>\n<\/tr>\n<tr style=\"height: 40px; background-color: #99ccff;\">\n<td style=\"width: 22.6796%; height: 24px;\"><span style=\"font-size: 12pt;\"><strong><span style=\"font-family: arial, helvetica, sans-serif;\">Verpackungsart<\/span><\/strong><\/span><\/td>\n<td style=\"width: 78.2121%; height: 24px;\"><span style=\"font-family: arial, helvetica, sans-serif; font-size: 12pt;\">OPP-Header-Kartenverpackung mit Selbstklebeband<\/span><\/td>\n<\/tr>\n<tr style=\"height: 40px; background-color: #ebebeb;\">\n<td style=\"width: 22.6796%; height: 24px;\"><span style=\"font-size: 12pt;\"><strong><span style=\"font-family: arial, helvetica, sans-serif;\">Drucken<\/span><\/strong><\/span><\/td>\n<td style=\"width: 78.2121%; height: 24px;\"><span style=\"font-family: arial, helvetica, sans-serif; font-size: 12pt;\">CMYK (1 \u2013 10 Farben), kein Druck (Normal)<\/span><\/td>\n<\/tr>\n<tr style=\"height: 40px; background-color: #99ccff;\">\n<td style=\"width: 22.6796%; height: 24px;\"><span style=\"font-size: 12pt;\"><strong><span style=\"font-family: arial, helvetica, sans-serif;\">Oberfl\u00e4chenbehandlung<\/span><\/strong><\/span><\/td>\n<td style=\"width: 78.2121%; height: 24px;\"><span style=\"font-family: arial, helvetica, sans-serif; font-size: 12pt;\">Offsetdruck oder Digitaldruck<\/span><\/td>\n<\/tr>\n<tr style=\"height: 40px; background-color: #ebebeb;\">\n<td style=\"width: 22.6796%; height: 24px;\"><span style=\"font-size: 12pt;\"><strong><span style=\"font-family: arial, helvetica, sans-serif;\">Material<\/span><\/strong><\/span><\/td>\n<td style=\"width: 78.2121%; height: 24px;\"><span style=\"font-family: arial, helvetica, sans-serif; font-size: 12pt;\">OPP<\/span><\/td>\n<\/tr>\n<tr style=\"height: 40px; background-color: #99ccff;\">\n<td style=\"width: 22.6796%; height: 24px;\"><span style=\"font-size: 12pt;\"><strong><span style=\"font-family: arial, helvetica, sans-serif;\">Gr\u00f6\u00dfe<\/span><\/strong><\/span><\/td>\n<td style=\"width: 78.2121%; height: 24px;\"><span style=\"font-family: arial, helvetica, sans-serif; font-size: 12pt;\">Siehe die Lagergr\u00f6\u00dfentabelle oder kundenspezifische<\/span><\/td>\n<\/tr>\n<tr style=\"height: 40px; background-color: #ebebeb;\">\n<td style=\"width: 22.6796%; height: 24px;\"><span style=\"font-size: 12pt;\"><strong><span style=\"font-family: arial, helvetica, sans-serif;\">Dicke<\/span><\/strong><\/span><\/td>\n<td style=\"width: 78.2121%; height: 24px;\"><span style=\"font-family: arial, helvetica, sans-serif; font-size: 12pt;\">60 Mikrometer f\u00fcr Doppelseiten, Accpet-Sonderdicke<\/span><\/td>\n<\/tr>\n<tr style=\"height: 40px; background-color: #99ccff;\">\n<td style=\"width: 22.6796%; height: 24px;\"><span style=\"font-size: 12pt;\"><strong><span style=\"font-family: arial, helvetica, sans-serif;\">Versand<\/span><\/strong><\/span><\/td>\n<td style=\"width: 78.2121%; height: 24px;\"><span style=\"font-family: arial, helvetica, sans-serif; font-size: 12pt;\">Luft, See, Express<\/span><\/td>\n<\/tr>\n<tr style=\"height: 40px; background-color: #ebebeb;\">\n<td style=\"width: 22.6796%; height: 24px;\"><span style=\"font-size: 12pt;\"><strong><span style=\"font-family: arial, helvetica, sans-serif;\">Seitenwechsel<\/span><\/strong><\/span><\/td>\n<td style=\"width: 78.2121%; height: 24px;\"><span style=\"font-family: arial, helvetica, sans-serif; font-size: 12pt;\">7 \u2013 15 Werktage, Eilzustellung<\/span><\/td>\n<\/tr>\n<\/tbody>\n<\/table>\n<p>&nbsp;<\/p>","protected":false},"featured_media":4581,"comment_status":"open","ping_status":"closed","template":"","meta":[],"product_brand":[],"product_cat":[21,32],"product_tag":[],"class_list":{"0":"post-4580","1":"product","2":"type-product","3":"status-publish","4":"has-post-thumbnail","6":"product_cat-opp-cpp-pe-cpe-single-material-bag","7":"product_cat-3c-packaging","9":"first","10":"instock","11":"shipping-taxable","12":"product-type-simple"},"_links":{"self":[{"href":"https:\/\/polysmarts.com\/de\/wp-json\/wp\/v2\/product\/4580","targetHints":{"allow":["GET"]}}],"collection":[{"href":"https:\/\/polysmarts.com\/de\/wp-json\/wp\/v2\/product"}],"about":[{"href":"https:\/\/polysmarts.com\/de\/wp-json\/wp\/v2\/types\/product"}],"replies":[{"embeddable":true,"href":"https:\/\/polysmarts.com\/de\/wp-json\/wp\/v2\/comments?post=4580"}],"version-history":[{"count":2,"href":"https:\/\/polysmarts.com\/de\/wp-json\/wp\/v2\/product\/4580\/revisions"}],"predecessor-version":[{"id":4600,"href":"https:\/\/polysmarts.com\/de\/wp-json\/wp\/v2\/product\/4580\/revisions\/4600"}],"wp:featuredmedia":[{"embeddable":true,"href":"https:\/\/polysmarts.com\/de\/wp-json\/wp\/v2\/media\/4581"}],"wp:attachment":[{"href":"https:\/\/polysmarts.com\/de\/wp-json\/wp\/v2\/media?parent=4580"}],"wp:term":[{"taxonomy":"product_brand","embeddable":true,"href":"https:\/\/polysmarts.com\/de\/wp-json\/wp\/v2\/product_brand?post=4580"},{"taxonomy":"product_cat","embeddable":true,"href":"https:\/\/polysmarts.com\/de\/wp-json\/wp\/v2\/product_cat?post=4580"},{"taxonomy":"product_tag","embeddable":true,"href":"https:\/\/polysmarts.com\/de\/wp-json\/wp\/v2\/product_tag?post=4580"}],"curies":[{"name":"wp","href":"https:\/\/api.w.org\/{rel}","templated":true}]}}