{"id":4454,"date":"2025-05-26T15:15:10","date_gmt":"2025-05-26T07:15:10","guid":{"rendered":"https:\/\/polysmarts.com\/?post_type=product&#038;p=4454"},"modified":"2025-05-26T16:51:04","modified_gmt":"2025-05-26T08:51:04","slug":"nachhaltige-seifenverpackung-umweltfreundliche-sonderlosungen","status":"publish","type":"product","link":"https:\/\/polysmarts.com\/de\/product\/sustainable-soap-packaging-eco-friendly-custom-solutions\/","title":{"rendered":"Nachhaltige Seifenverpackung | Umweltfreundliche Sonderl\u00f6sungen"},"content":{"rendered":"<p>Im heutigen umweltbewussten Markt sind nachhaltige Seifenverpackungen zu einem wichtigen Faktor f\u00fcr Unternehmen geworden, die ihren \u00f6kologischen Fu\u00dfabdruck reduzieren und gleichzeitig die Verbraucherw\u00fcnsche erf\u00fcllen m\u00f6chten. Nachhaltige Verpackungsl\u00f6sungen tragen nicht nur zum Schutz unseres Planeten bei, sondern finden auch Anklang bei umweltbewussten Verbrauchern, die Marken mit gr\u00fcnen Initiativen bevorzugen.<\/p>\n<h2><span style=\"font-size: 14pt;\"><strong>Was macht Seifenverpackungen nachhaltig?<\/strong><\/span><\/h2>\n<p>Nachhaltige Seifenverpackungen erf\u00fcllen typischerweise mehrere wichtige Kriterien:<\/p>\n<ul>\n<li>Verwendet recycelte oder biologisch abbaubare Materialien<\/li>\n<li>Minimiert Abfall durch effizientes Design<\/li>\n<li>Nutzt erneuerbare Energien in Produktionsprozessen<\/li>\n<li>Reduziert den CO2-Fu\u00dfabdruck in der gesamten Lieferkette<\/li>\n<li>Bietet End-of-Life-L\u00f6sungen wie Recyclingf\u00e4higkeit oder Kompostierbarkeit<\/li>\n<\/ul>\n<h2><strong><span style=\"font-size: 14pt;\">Nachhaltige Seifenverpackungsoptionen von Polysmarts<\/span><\/strong><\/h2>\n<p>Polysmarts bietet ma\u00dfgeschneiderte Verpackungsl\u00f6sungen speziell f\u00fcr Seife und Fl\u00fcssigwaschmittel mit Tiefpreisgarantie. Die nachhaltigen Optionen bieten die perfekte Balance zwischen Funktionalit\u00e4t, Umweltvertr\u00e4glichkeit und Markenpr\u00e4sentation.<\/p>\n<h3><strong><span style=\"font-size: 14pt;\">Hauptmerkmale:<\/span><\/strong><\/h3>\n<ol>\n<li><strong>Benutzerdefinierte wiederverschlie\u00dfbare Beutel<\/strong>: Diese Beutel wurden speziell f\u00fcr fl\u00fcssige Seifen- und Reinigungsmittel entwickelt. Sie bewahren die Frische der Produkte und reduzieren gleichzeitig den Materialabfall.<\/li>\n<li><strong>Kompostierbare und biologisch abbaubare Optionen<\/strong>: Polysmarts bietet hochmoderne kompostierbare und biologisch abbaubare Alternativen zu Plastikt\u00fcten, die sich nach Gebrauch auf nat\u00fcrliche Weise zersetzen.<\/li>\n<li><strong>Recycelbare Materialien<\/strong>: Ihre recycelbaren Verpackungsoptionen stellen sicher, dass die Materialien nach Gebrauch wiederverwendet werden k\u00f6nnen, wodurch die Abfallmenge auf M\u00fclldeponien reduziert und die Prinzipien der Kreislaufwirtschaft unterst\u00fctzt werden.<\/li>\n<li><strong>Innovative \u00d6ko-Materialien<\/strong>: Polysmarts verwendet neuere nachhaltige Materialien wie Maisst\u00e4rke und Verpackungen auf Pilzbasis und stellt damit die neuesten Fortschritte im Bereich umweltfreundlicher Verpackungsl\u00f6sungen dar.<\/li>\n<\/ol>\n<h2><span style=\"font-size: 18pt;\"><strong>Vorteile nachhaltiger Seifenverpackungen<\/strong><\/span><\/h2>\n<h3><span style=\"font-size: 14pt;\"><strong>Umweltvorteile:<\/strong><\/span><\/h3>\n<ul>\n<li>Reduzierte Plastikverschmutzung und Abf\u00e4lle<\/li>\n<li>Geringere CO2-Emissionen<\/li>\n<li>Erhaltung der nat\u00fcrlichen Ressourcen<\/li>\n<li>Unterst\u00fctzung der Prinzipien der Kreislaufwirtschaft<\/li>\n<\/ul>\n<h3><strong>Gesch\u00e4ftsvorteile:<\/strong><\/h3>\n<ul>\n<li>Verbessertes Markenimage und Kundenbindung<\/li>\n<li>Einhaltung sich entwickelnder Umweltvorschriften<\/li>\n<li>Kosteneinsparungspotenzial durch effizienten Materialeinsatz<\/li>\n<li>Wettbewerbsvorteile auf einem umweltbewussten Markt<\/li>\n<\/ul>\n<h2><span style=\"font-size: 18pt;\"><strong>\u00dcbergang zu nachhaltiger Verpackung<\/strong><\/span><\/h2>\n<p>Beachten Sie beim \u00dcbergang zu einer nachhaltigen Seifenverpackung Folgendes:<\/p>\n<ol>\n<li>Bewertung der Umweltauswirkungen Ihrer aktuellen Verpackung<\/li>\n<li>Identifizierung geeigneter umweltfreundlicher Alternativen, die die Produktintegrit\u00e4t wahren<\/li>\n<li>Abw\u00e4gung von Nachhaltigkeitszielen mit praktischen \u00dcberlegungen wie Feuchtigkeitsschutz<\/li>\n<li>Kommunizieren Sie Ihre Nachhaltigkeitsbem\u00fchungen gegen\u00fcber den Verbrauchern durch klare Kennzeichnung und Marketing<\/li>\n<\/ol>\n<h2><span style=\"font-size: 18pt;\"><strong>Abschluss<\/strong><\/span><\/h2>\n<p>Nachhaltige Seifenverpackungen bieten Marken eine hervorragende M\u00f6glichkeit, Umweltverantwortung zu zeigen und gleichzeitig die Erwartungen der Verbraucher zu erf\u00fcllen. Mit Polysmarts umweltfreundlichen Optionen \u2013 von recycelbaren Materialien bis hin zu innovativen kompostierbaren L\u00f6sungen \u2013 finden Unternehmen die perfekte Verpackung, die sowohl ihren Nachhaltigkeitszielen als auch ihren Produktanforderungen entspricht.<\/p>\n<p>Durch Investitionen in nachhaltige Verpackungsl\u00f6sungen k\u00f6nnen Seifenhersteller zum Umweltschutz beitragen und gleichzeitig ihre Marktposition bei den zunehmend umweltbewussten Verbrauchern st\u00e4rken.<\/p>","protected":false},"excerpt":{"rendered":"<table style=\"height: 280px; width: 99.8505%; border-collapse: collapse;\" border=\"2\">\n<tbody>\n<tr style=\"height: 28px; background-color: #dbdbdb;\">\n<td style=\"width: 22.6796%; background-color: #ebebeb; height: 28px;\"><span style=\"font-family: arial, helvetica, sans-serif; font-size: 12pt;\"><strong>Artikel<\/strong><\/span><\/td>\n<td style=\"width: 77.3204%; background-color: #ebebeb; height: 28px;\"><span style=\"font-family: arial, helvetica, sans-serif; font-size: 12pt;\">Individuelle nachhaltige Seifenverpackung<\/span><\/td>\n<\/tr>\n<tr style=\"height: 40px;\">\n<td style=\"width: 22.6796%; height: 30px; background-color: #99ccff;\"><span style=\"font-family: arial, helvetica, sans-serif; font-size: 12pt;\"><strong>Dimension &amp; Stil<\/strong><\/span><\/td>\n<td style=\"width: 77.3204%; height: 30px; background-color: #99ccff;\"><span style=\"font-family: arial, helvetica, sans-serif; font-size: 12pt;\">Benutzerdefinierte Formen und Gr\u00f6\u00dfen<\/span><\/td>\n<\/tr>\n<tr style=\"height: 40px;\">\n<td style=\"width: 22.6796%; height: 34px; background-color: #ebebeb;\"><span style=\"font-size: 12pt;\"><strong><span style=\"font-family: arial, helvetica, sans-serif;\">Mindestbestellmenge<\/span><\/strong><\/span><\/td>\n<td style=\"width: 77.3204%; height: 34px; background-color: #ebebeb;\"><span style=\"font-family: arial, helvetica, sans-serif; font-size: 12pt;\">100 St\u00fcck ohne Personalisierung, 5000 St\u00fcck zur Personalisierung \u2013 Digitaldruck: 1000 St\u00fcck<\/span><\/td>\n<\/tr>\n<tr style=\"height: 40px; background-color: #99ccff;\">\n<td style=\"width: 22.6796%; height: 24px;\"><span style=\"font-size: 12pt;\"><strong><span style=\"font-family: arial, helvetica, sans-serif;\">Verpackungsart<\/span><\/strong><\/span><\/td>\n<td style=\"width: 77.3204%; height: 24px;\"><span style=\"color: #000000;\"><a style=\"color: #000000;\" href=\"https:\/\/polysmarts.com\/de\/benutzerdefinierte-ausgussbeutel-flussigkeitsverpackung\/\"><strong><span style=\"font-family: arial, helvetica, sans-serif; font-size: 12pt;\">Standbodenbeutel f\u00fcr Fl\u00fcssigkeiten<\/span><\/strong><\/a><\/span><\/td>\n<\/tr>\n<tr style=\"height: 40px; background-color: #ebebeb;\">\n<td style=\"width: 22.6796%; height: 24px;\"><span style=\"font-size: 12pt;\"><strong><span style=\"font-family: arial, helvetica, sans-serif;\">Drucken<\/span><\/strong><\/span><\/td>\n<td style=\"width: 77.3204%; height: 24px;\"><span style=\"font-family: arial, helvetica, sans-serif; font-size: 12pt;\">CMYK (1 \u2013 10 Farben), Kein Druck (Normal), Digitaldruck<\/span><\/td>\n<\/tr>\n<tr style=\"height: 40px; background-color: #99ccff;\">\n<td style=\"width: 22.6796%; height: 24px;\"><span style=\"font-size: 12pt;\"><strong><span style=\"font-family: arial, helvetica, sans-serif;\">Material<\/span><\/strong><\/span><\/td>\n<td style=\"width: 77.3204%; height: 24px;\"><span style=\"font-family: arial, helvetica, sans-serif; font-size: 12pt;\">Laminiertes Material, MOPP+VMPET+PE<\/span><\/td>\n<\/tr>\n<tr style=\"height: 40px; background-color: #ebebeb;\">\n<td style=\"width: 22.6796%; height: 24px;\"><span style=\"font-size: 12pt;\"><strong><span style=\"font-family: arial, helvetica, sans-serif;\"><b data-spm-anchor-id=\"a2700.details-description.0.i12.24d0Kvu6Kvu6rh\">Kapazit\u00e4t<\/b><\/span><\/strong><\/span><\/td>\n<td style=\"width: 77.3204%; height: 24px;\"><span style=\"font-family: arial, helvetica, sans-serif; font-size: 12pt;\">100 g, 200 g, 300 g, 400 g, 800 g, 1 kg, 2 kg, 3 kg\/100 ml, 200 ml, 300 ml, 500 ml, 800 ml, 1 l, 2 l, 3 l oder benutzerdefiniert<\/span><\/td>\n<\/tr>\n<tr style=\"height: 40px; background-color: #99ccff;\">\n<td style=\"width: 22.6796%; height: 24px;\"><span style=\"font-size: 12pt;\"><strong><span style=\"font-family: arial, helvetica, sans-serif;\">Besonderheit<\/span><\/strong><\/span><\/td>\n<td style=\"width: 77.3204%; height: 24px;\"><span style=\"font-family: arial, helvetica, sans-serif; font-size: 12pt;\">1. Gute Feuchtigkeits- und Sauerstoffbest\u00e4ndigkeit;<br \/>\n2. Hohe Temperatur;<br \/>\n3. Gute Versiegelung, hochwertiger Druck;<br \/>\n4.Material in Lebensmittelqualit\u00e4t, ungiftig, geruchs- und geschmacksneutral, Feuchtigkeits- und Sauerstoffbarriere, hervorragende Barriereleistung.<br \/>\n5. Leicht zu tragen;<\/span><\/td>\n<\/tr>\n<tr style=\"height: 40px; background-color: #ebebeb;\">\n<td style=\"width: 22.6796%; height: 24px;\"><span style=\"font-size: 12pt;\"><strong><span style=\"font-family: arial, helvetica, sans-serif;\">Seitenwechsel<\/span><\/strong><\/span><\/td>\n<td style=\"width: 77.3204%; height: 24px;\"><span style=\"font-family: arial, helvetica, sans-serif; font-size: 12pt;\">7 \u2013 15 Werktage, Eilzustellung<\/span><\/td>\n<\/tr>\n<tr style=\"height: 40px; background-color: #99ccff;\">\n<td style=\"width: 22.6796%; height: 24px;\"><span style=\"font-size: 12pt;\"><strong><span style=\"font-family: arial, helvetica, sans-serif;\">Versand<\/span><\/strong><\/span><\/td>\n<td style=\"width: 77.3204%; height: 24px;\"><span style=\"font-family: arial, helvetica, sans-serif; font-size: 12pt;\">Luft, See, Express<\/span><\/td>\n<\/tr>\n<\/tbody>\n<\/table>\n<p>&nbsp;<\/p>","protected":false},"featured_media":4460,"comment_status":"open","ping_status":"closed","template":"","meta":[],"product_brand":[],"product_cat":[35],"product_tag":[],"class_list":{"0":"post-4454","1":"product","2":"type-product","3":"status-publish","4":"has-post-thumbnail","6":"product_cat-mylar-bags","8":"first","9":"instock","10":"shipping-taxable","11":"purchasable","12":"product-type-variable"},"_links":{"self":[{"href":"https:\/\/polysmarts.com\/de\/wp-json\/wp\/v2\/product\/4454","targetHints":{"allow":["GET"]}}],"collection":[{"href":"https:\/\/polysmarts.com\/de\/wp-json\/wp\/v2\/product"}],"about":[{"href":"https:\/\/polysmarts.com\/de\/wp-json\/wp\/v2\/types\/product"}],"replies":[{"embeddable":true,"href":"https:\/\/polysmarts.com\/de\/wp-json\/wp\/v2\/comments?post=4454"}],"version-history":[{"count":4,"href":"https:\/\/polysmarts.com\/de\/wp-json\/wp\/v2\/product\/4454\/revisions"}],"predecessor-version":[{"id":4477,"href":"https:\/\/polysmarts.com\/de\/wp-json\/wp\/v2\/product\/4454\/revisions\/4477"}],"wp:featuredmedia":[{"embeddable":true,"href":"https:\/\/polysmarts.com\/de\/wp-json\/wp\/v2\/media\/4460"}],"wp:attachment":[{"href":"https:\/\/polysmarts.com\/de\/wp-json\/wp\/v2\/media?parent=4454"}],"wp:term":[{"taxonomy":"product_brand","embeddable":true,"href":"https:\/\/polysmarts.com\/de\/wp-json\/wp\/v2\/product_brand?post=4454"},{"taxonomy":"product_cat","embeddable":true,"href":"https:\/\/polysmarts.com\/de\/wp-json\/wp\/v2\/product_cat?post=4454"},{"taxonomy":"product_tag","embeddable":true,"href":"https:\/\/polysmarts.com\/de\/wp-json\/wp\/v2\/product_tag?post=4454"}],"curies":[{"name":"wp","href":"https:\/\/api.w.org\/{rel}","templated":true}]}}