{"id":4438,"date":"2025-05-26T13:50:14","date_gmt":"2025-05-26T05:50:14","guid":{"rendered":"https:\/\/polysmarts.com\/?post_type=product&#038;p=4438"},"modified":"2025-05-26T14:23:13","modified_gmt":"2025-05-26T06:23:13","slug":"premium-barriere-seemoos-verpackung-umweltfreundliche-wiederverschliesbare-beutel","status":"publish","type":"product","link":"https:\/\/polysmarts.com\/de\/product\/premium-barrier-sea-moss-packaging-eco-friendly-resealable-pouches\/","title":{"rendered":"Premium Barrier Sea Moss Verpackung \u2013 Umweltfreundliche, wiederverschlie\u00dfbare Beutel"},"content":{"rendered":"<div style=\"width: 800px;\" class=\"wp-video\"><video class=\"wp-video-shortcode\" id=\"video-4438-1\" width=\"800\" height=\"454\" preload=\"metadata\" controls=\"controls\"><source type=\"video\/mp4\" src=\"https:\/\/polysmarts.com\/wp-content\/uploads\/2025\/05\/sea-moss-packaging-.mp4?_=1\" \/><a href=\"https:\/\/polysmarts.com\/wp-content\/uploads\/2025\/05\/sea-moss-packaging-.mp4\">https:\/\/polysmarts.com\/wp-content\/uploads\/2025\/05\/sea-moss-packaging-.mp4<\/a><\/video><\/div>\n<h1><strong><span style=\"font-size: 18pt;\">Premium-Verpackungsl\u00f6sungen aus Seemoos: Frische bewahren und Attraktivit\u00e4t im Regal maximieren<\/span><\/strong><\/h1>\n<p>Unsere ma\u00dfgeschneiderten Seemoos-Verpackungsl\u00f6sungen sind speziell darauf ausgelegt, die lebenswichtigen N\u00e4hrstoffe Ihrer hochwertigen Seemoosprodukte zu erhalten und gleichzeitig die Attraktivit\u00e4t im Regal zu steigern. Unsere Verpackungen sind in verschiedenen Ausf\u00fchrungen erh\u00e4ltlich, darunter Standbeutel, Flachbeutel und Ausgie\u00dfer f\u00fcr Gelformulierungen. Sie erf\u00fcllen die individuellen Anforderungen aller Seemoosarten.<\/p>\n<h3><strong><span style=\"font-size: 14pt;\">Hauptmerkmale der Verpackung von Seemoos:<\/span><\/strong><\/h3>\n<ul>\n<li><strong>\u00dcberlegener Barriereschutz<\/strong>: Unsere flexiblen Beutel bestehen aus modernen Barrierematerialien, die das Seemoos vor Feuchtigkeit, Sauerstoff und Lichteinwirkung sch\u00fctzen und so wichtige N\u00e4hrstoffe wie Vitamin B12, Kalzium, Zink und Jod erhalten.<\/li>\n<li><strong>Praktische wiederverschlie\u00dfbare Optionen<\/strong>: W\u00e4hlen Sie aus Rei\u00dfverschlussdeckeln, wiederverschlie\u00dfbaren Verschl\u00fcssen und Ausgussoptionen f\u00fcr Gelformulierungen, sodass Kunden die Frische bewahren k\u00f6nnen, w\u00e4hrend sie im Laufe der Zeit kleine Mengen verwenden.<\/li>\n<li><strong>Leicht und kosteng\u00fcnstig<\/strong>: Unsere Verpackungen wiegen erheblich weniger als Gl\u00e4ser oder Plastikbeh\u00e4lter, wodurch die Versandkosten gesenkt werden und gleichzeitig die Produktintegrit\u00e4t gewahrt bleibt.<\/li>\n<li><strong>Anpassbares Design<\/strong>: Heben Sie sich in der wettbewerbsintensiven Gesundheits- und Wellnessbranche mit einem Volumen von $4,2 Billionen mit vollst\u00e4ndig anpassbaren Druckoptionen ab, darunter Digital-, Tiefdruck- und Flexotechniken mit verschiedenen Oberfl\u00e4chen (Matt, Glanz, Soft Touch, Metallic-Effekte).<\/li>\n<li><strong>Umweltfreundliche Optionen<\/strong>: W\u00e4hlen Sie aus unseren nachhaltigen Verpackungslinien, darunter kompostierbare, biologisch abbaubare, recycelbare und PFAS-freie Materialien, die umweltbewusste Verbraucher ansprechen.<\/li>\n<\/ul>\n<h3><strong><span style=\"font-size: 14pt;\">Perfekt f\u00fcr alle Seemoosformen:<\/span><\/strong><\/h3>\n<ul>\n<li><strong>Getrocknetes Seemoos<\/strong>: Optimale Feuchtigkeitsniveaus aufrechterhalten und Kontamination verhindern<\/li>\n<li><strong>Seemoos-Gel<\/strong>: Auslaufsichere Beutel mit optionalen Ausgie\u00dfern f\u00fcr einfaches Dosieren<\/li>\n<li><strong>Seemoospulver<\/strong>: Barriereschutz gegen Feuchtigkeit und Verklumpen<\/li>\n<li><strong>Mit Seemoos angereicherte Produkte<\/strong>: Vielseitige Verpackung f\u00fcr verschiedene Formulierungen<\/li>\n<\/ul>\n<p>Unsere Verpackungsl\u00f6sungen tragen dazu bei, die \u00fcber 92 Mineralien in hochwertigen Meermoosprodukten zu erhalten und stellen sicher, dass Ihre Kunden alle gesundheitlichen Vorteile dieses n\u00e4hrstoffreichen Superfoods nutzen k\u00f6nnen.<\/p>\n<h3><strong><span style=\"font-size: 14pt;\">FAQ zur Verpackung von Seemoos<\/span><\/strong><\/h3>\n<ol>\n<li><strong>Warum sind flexible Verpackungen f\u00fcr Meermoosprodukte besser geeignet?<\/strong><br \/>\nFlexible Verpackungen bieten einen hervorragenden Barriereschutz gegen Feuchtigkeit, Sauerstoff und Licht, bewahren die lebenswichtigen N\u00e4hrstoffe im Meermoos und sind gleichzeitig leichter und kosteng\u00fcnstiger als Beh\u00e4lter aus Glas oder starrem Kunststoff.<\/li>\n<li><strong>Gibt es umweltfreundliche Optionen f\u00fcr Seemoosverpackungen?<br \/>\n<\/strong> Ja, wir bieten kompostierbare, biologisch abbaubare, recycelbare und PFAS-freie Verpackungsoptionen an, die die Produktintegrit\u00e4t wahren und gleichzeitig umweltbewusste Verbraucher ansprechen.<\/li>\n<li><strong>Welche Verpackung eignet sich am besten f\u00fcr Meermoos-Gelprodukte?<\/strong><br \/>\nF\u00fcr Meermoos-Gelprodukte empfehlen wir Ausgie\u00dfbeutel oder wiederverschlie\u00dfbare <span style=\"color: #0000ff;\"><strong><a style=\"color: #0000ff;\" href=\"https:\/\/polysmarts.com\/de\/standbeutel-individuelle-standbeutelverpackung\/\">Standbeutel<\/a><\/strong><\/span> die ein Auslaufen w\u00e4hrend des Transports verhindern und gleichzeitig eine bequeme Abgabe und Lagerung erm\u00f6glichen.<\/li>\n<li><strong>Wie kann die Verpackung dazu beitragen, dass mein Seemoosprodukt auff\u00e4llt?<\/strong><br \/>\nUnsere individuellen Druckoptionen, darunter Digital-, Tiefdruck- und Flexodruckverfahren mit verschiedenen Oberfl\u00e4chen (Matt, Glanz, Soft-Touch, metallische Effekte), tragen dazu bei, dass Ihr Produkt auf dem hart umk\u00e4mpften Markt f\u00fcr Nahrungserg\u00e4nzungsmittel die Aufmerksamkeit der Verbraucher auf sich zieht.<\/li>\n<li><strong>Kann die Verpackung dazu beitragen, den N\u00e4hrwert von Meermoos zu erhalten?<\/strong><br \/>\nJa, unsere Barriereverpackung sch\u00fctzt Seemoos vor n\u00e4hrstoffzerst\u00f6renden Umwelteinfl\u00fcssen und tr\u00e4gt dazu bei, seinen wertvollen Gehalt an Jod, B-Vitaminen, Kalzium, Zink und anderen wichtigen Mineralien zu erhalten.<\/li>\n<\/ol>","protected":false},"excerpt":{"rendered":"<table style=\"height: 280px; width: 99.8505%; border-collapse: collapse;\" border=\"2\">\n<tbody>\n<tr style=\"height: 28px; background-color: #dbdbdb;\">\n<td style=\"width: 22.6796%; background-color: #ebebeb; height: 28px;\"><span style=\"font-family: arial, helvetica, sans-serif; font-size: 12pt;\"><strong>Artikel<\/strong><\/span><\/td>\n<td style=\"width: 77.3204%; background-color: #ebebeb; height: 28px;\"><span style=\"font-family: arial, helvetica, sans-serif; font-size: 12pt;\">Ma\u00dfgeschneiderte Premium-Verpackungsl\u00f6sungen aus Seemoos<\/span><\/td>\n<\/tr>\n<tr style=\"height: 40px;\">\n<td style=\"width: 22.6796%; height: 30px; background-color: #99ccff;\"><span style=\"font-family: arial, helvetica, sans-serif; font-size: 12pt;\"><strong>Dimension &amp; Stil<\/strong><\/span><\/td>\n<td style=\"width: 77.3204%; height: 30px; background-color: #99ccff;\"><span style=\"font-family: arial, helvetica, sans-serif; font-size: 12pt;\">Benutzerdefinierte Formen und Gr\u00f6\u00dfen<\/span><\/td>\n<\/tr>\n<tr style=\"height: 40px;\">\n<td style=\"width: 22.6796%; height: 34px; background-color: #ebebeb;\"><span style=\"font-size: 12pt;\"><strong><span style=\"font-family: arial, helvetica, sans-serif;\">Mindestbestellmenge<\/span><\/strong><\/span><\/td>\n<td style=\"width: 77.3204%; height: 34px; background-color: #ebebeb;\"><span style=\"font-family: arial, helvetica, sans-serif; font-size: 12pt;\">100 St\u00fcck ohne Personalisierung, 5000 St\u00fcck zur Personalisierung \u2013 Digitaldruck: 1000 St\u00fcck<\/span><\/td>\n<\/tr>\n<tr style=\"height: 40px; background-color: #99ccff;\">\n<td style=\"width: 22.6796%; height: 24px;\"><span style=\"font-size: 12pt;\"><strong><span style=\"font-family: arial, helvetica, sans-serif;\">Verpackungsart<\/span><\/strong><\/span><\/td>\n<td style=\"width: 77.3204%; height: 24px;\"><span style=\"font-family: arial, helvetica, sans-serif; font-size: 12pt;\">Standbodenbeutel mit Sichtfenster<\/span><\/td>\n<\/tr>\n<tr style=\"height: 40px; background-color: #ebebeb;\">\n<td style=\"width: 22.6796%; height: 24px;\"><span style=\"font-size: 12pt;\"><strong><span style=\"font-family: arial, helvetica, sans-serif;\">Drucken<\/span><\/strong><\/span><\/td>\n<td style=\"width: 77.3204%; height: 24px;\"><span style=\"font-family: arial, helvetica, sans-serif; font-size: 12pt;\">CMYK (1 \u2013 10 Farben), Kein Druck (Normal), Digitaldruck<\/span><\/td>\n<\/tr>\n<tr style=\"height: 40px; background-color: #99ccff;\">\n<td style=\"width: 22.6796%; height: 24px;\"><span style=\"font-size: 12pt;\"><strong><span style=\"font-family: arial, helvetica, sans-serif;\">Material<\/span><\/strong><\/span><\/td>\n<td style=\"width: 77.3204%; height: 24px;\"><span style=\"font-family: arial, helvetica, sans-serif; font-size: 12pt;\">Laminiertes Material, MOPP+VMPET+PE<\/span><\/td>\n<\/tr>\n<tr style=\"height: 40px; background-color: #ebebeb;\">\n<td style=\"width: 22.6796%; height: 24px;\"><span style=\"font-size: 12pt;\"><strong><span style=\"font-family: arial, helvetica, sans-serif;\">Enthaltene Optionen<\/span><\/strong><\/span><\/td>\n<td style=\"width: 77.3204%; height: 24px;\"><span style=\"font-family: arial, helvetica, sans-serif; font-size: 12pt;\">Stanzen, Hei\u00dfsiegeln<\/span><\/td>\n<\/tr>\n<tr style=\"height: 40px; background-color: #99ccff;\">\n<td style=\"width: 22.6796%; height: 24px;\"><span style=\"font-size: 12pt;\"><strong><span style=\"font-family: arial, helvetica, sans-serif;\">Besonderheit<\/span><\/strong><\/span><\/td>\n<td style=\"width: 77.3204%; height: 24px;\"><span style=\"font-family: arial, helvetica, sans-serif; font-size: 12pt;\">Feuchtigkeitsbest\u00e4ndig\/Lebensmittelqualit\u00e4t\/Wasserdicht<\/span><\/td>\n<\/tr>\n<tr style=\"height: 40px; background-color: #ebebeb;\">\n<td style=\"width: 22.6796%; height: 24px;\"><span style=\"font-size: 12pt;\"><strong><span style=\"font-family: arial, helvetica, sans-serif;\">Seitenwechsel<\/span><\/strong><\/span><\/td>\n<td style=\"width: 77.3204%; height: 24px;\"><span style=\"font-family: arial, helvetica, sans-serif; font-size: 12pt;\">7 \u2013 15 Werktage, Eilzustellung<\/span><\/td>\n<\/tr>\n<tr style=\"height: 40px; background-color: #99ccff;\">\n<td style=\"width: 22.6796%; height: 24px;\"><span style=\"font-size: 12pt;\"><strong><span style=\"font-family: arial, helvetica, sans-serif;\">Versand<\/span><\/strong><\/span><\/td>\n<td style=\"width: 77.3204%; height: 24px;\"><span style=\"font-family: arial, helvetica, sans-serif; font-size: 12pt;\">Luft, See, Express<\/span><\/td>\n<\/tr>\n<\/tbody>\n<\/table>\n<p>&nbsp;<\/p>","protected":false},"featured_media":4431,"comment_status":"open","ping_status":"closed","template":"","meta":[],"product_brand":[],"product_cat":[26,35,18],"product_tag":[],"class_list":{"0":"post-4438","1":"product","2":"type-product","3":"status-publish","4":"has-post-thumbnail","6":"product_cat-food-packaging","7":"product_cat-mylar-bags","8":"product_cat-zipper-bags","10":"first","11":"instock","12":"shipping-taxable","13":"purchasable","14":"product-type-variable"},"_links":{"self":[{"href":"https:\/\/polysmarts.com\/de\/wp-json\/wp\/v2\/product\/4438","targetHints":{"allow":["GET"]}}],"collection":[{"href":"https:\/\/polysmarts.com\/de\/wp-json\/wp\/v2\/product"}],"about":[{"href":"https:\/\/polysmarts.com\/de\/wp-json\/wp\/v2\/types\/product"}],"replies":[{"embeddable":true,"href":"https:\/\/polysmarts.com\/de\/wp-json\/wp\/v2\/comments?post=4438"}],"version-history":[{"count":6,"href":"https:\/\/polysmarts.com\/de\/wp-json\/wp\/v2\/product\/4438\/revisions"}],"predecessor-version":[{"id":4453,"href":"https:\/\/polysmarts.com\/de\/wp-json\/wp\/v2\/product\/4438\/revisions\/4453"}],"wp:featuredmedia":[{"embeddable":true,"href":"https:\/\/polysmarts.com\/de\/wp-json\/wp\/v2\/media\/4431"}],"wp:attachment":[{"href":"https:\/\/polysmarts.com\/de\/wp-json\/wp\/v2\/media?parent=4438"}],"wp:term":[{"taxonomy":"product_brand","embeddable":true,"href":"https:\/\/polysmarts.com\/de\/wp-json\/wp\/v2\/product_brand?post=4438"},{"taxonomy":"product_cat","embeddable":true,"href":"https:\/\/polysmarts.com\/de\/wp-json\/wp\/v2\/product_cat?post=4438"},{"taxonomy":"product_tag","embeddable":true,"href":"https:\/\/polysmarts.com\/de\/wp-json\/wp\/v2\/product_tag?post=4438"}],"curies":[{"name":"wp","href":"https:\/\/api.w.org\/{rel}","templated":true}]}}