{"id":4422,"date":"2025-05-22T14:27:46","date_gmt":"2025-05-22T06:27:46","guid":{"rendered":"https:\/\/polysmarts.com\/?post_type=product&#038;p=4422"},"modified":"2025-05-22T15:42:16","modified_gmt":"2025-05-22T07:42:16","slug":"individuelle-gesichtsmaskenverpackung-premium-verpackungslosungen-fur-gesichtsmasken","status":"publish","type":"product","link":"https:\/\/polysmarts.com\/de\/product\/custom-face-mask-packaging-premium-packaging-solutions-for-facial-masks\/","title":{"rendered":"Individuelle Verpackungen f\u00fcr Gesichtsmasken | Premium-Verpackungsl\u00f6sungen f\u00fcr Gesichtsmasken"},"content":{"rendered":"<p><img fetchpriority=\"high\" decoding=\"async\" class=\"wp-image-4413 size-full alignleft\" src=\"https:\/\/polysmarts.com\/wp-content\/uploads\/2025\/05\/Facial-Mask-packaging-6.png\" alt=\"Verpackung f\u00fcr Gesichtsmasken\" width=\"800\" height=\"800\" srcset=\"\/\/polysmarts.com\/wp-content\/uploads\/2025\/05\/Facial-Mask-packaging-6.png 800w, \/\/polysmarts.com\/wp-content\/uploads\/2025\/05\/Facial-Mask-packaging-6-600x600.png 600w, \/\/polysmarts.com\/wp-content\/uploads\/2025\/05\/Facial-Mask-packaging-6-768x768.png 768w, \/\/polysmarts.com\/wp-content\/uploads\/2025\/05\/Facial-Mask-packaging-6-12x12.png 12w, \/\/polysmarts.com\/wp-content\/uploads\/2025\/05\/Facial-Mask-packaging-6-300x300.png 300w, \/\/polysmarts.com\/wp-content\/uploads\/2025\/05\/Facial-Mask-packaging-6-100x100.png 100w\" sizes=\"(max-width: 800px) 100vw, 800px\" \/><\/p>\n<p>Wir pr\u00e4sentieren Ihnen die individuelle Gesichtsmaskenverpackung \u2013 Ihre L\u00f6sung f\u00fcr hochwertige Gesichtsmaskenverpackungen. Hergestellt aus Polysmarts Mylar-Barrierematerialien bietet diese Verpackungsoption hervorragenden Feuchtigkeitsschutz, der herk\u00f6mmliche Kunststoff- oder Papieralternativen \u00fcbertrifft. Die mit EVOH und PVDC beschichteten, transparenten Materialien sorgen f\u00fcr eine ansprechende Pr\u00e4sentation Ihrer Produkte und sch\u00fctzen sie gleichzeitig vor \u00e4u\u00dferen Einfl\u00fcssen.<\/p>\n<p>Profitieren Sie von kosteng\u00fcnstigen Preisen mit der 5%-Preisgarantie. So k\u00f6nnen Sie Ihr Branding einfacher denn je verbessern, ohne Ihr Budget zu sprengen. Dank kurzer Lieferzeiten von nur 7\u201315 Tagen f\u00fcr Digital- und Plattendruck sind Ihre individuell gestalteten Taschen genau dann fertig, wenn Sie sie brauchen.<\/p>\n<p>W\u00e4hlen Sie aus einer Vielzahl individueller Gr\u00f6\u00dfenoptionen und profitieren Sie von niedrigen Mindestbestellmengen ab nur 5.000 Beuteln. Unsere wiederverschlie\u00dfbaren Rei\u00dfverschlussoptionen bieten Ihren Kunden Komfort, w\u00e4hrend die flachen Beuteldesigns die Sichtbarkeit im Regal erh\u00f6hen und die Aufmerksamkeit auf Ihre kosmetischen Gesichtsmaskenprodukte lenken.<\/p>\n<p>Erleben Sie au\u00dfergew\u00f6hnlichen Kundenservice in den USA und werten Sie Ihre Gesichtsmaskenverpackung noch heute mit unserem flachen Verpackungsbeutel f\u00fcr kosmetische Gesichtsmasken mit 3-seitiger Versiegelung auf!<\/p>","protected":false},"excerpt":{"rendered":"<table style=\"height: 360px; width: 99.8505%; border-collapse: collapse;\" border=\"2\">\n<tbody>\n<tr style=\"height: 40px;\">\n<td style=\"width: 22.6796%; height: 30px; background-color: #99ccff;\"><span style=\"font-family: arial, helvetica, sans-serif; font-size: 12pt;\"><strong>Dimension &amp; Stil<\/strong><\/span><\/td>\n<td style=\"width: 77.3204%; height: 30px; background-color: #99ccff;\"><span style=\"font-family: arial, helvetica, sans-serif; font-size: 12pt;\">Benutzerdefinierte Formen und Gr\u00f6\u00dfen<\/span><\/td>\n<\/tr>\n<tr style=\"height: 40px;\">\n<td style=\"width: 22.6796%; height: 34px; background-color: #ebebeb;\"><span style=\"font-size: 12pt;\"><strong><span style=\"font-family: arial, helvetica, sans-serif;\">Mindestbestellmenge<\/span><\/strong><\/span><\/td>\n<td style=\"width: 77.3204%; height: 34px; background-color: #ebebeb;\"><span style=\"font-family: arial, helvetica, sans-serif; font-size: 12pt;\">1000 St\u00fcck ohne Anpassung, 10000 St\u00fcck zur Anpassung<\/span><\/td>\n<\/tr>\n<tr style=\"height: 40px; background-color: #99ccff;\">\n<td style=\"width: 22.6796%; height: 24px;\"><span style=\"font-size: 12pt;\"><strong><span style=\"font-family: arial, helvetica, sans-serif;\">Verpackungsart<\/span><\/strong><\/span><\/td>\n<td style=\"width: 77.3204%; height: 24px;\"><span style=\"font-family: arial, helvetica, sans-serif; font-size: 12pt;\">Flachbeutel mit 3-seitiger Versiegelung<\/span><\/td>\n<\/tr>\n<tr style=\"height: 40px; background-color: #ebebeb;\">\n<td style=\"width: 22.6796%; height: 24px;\"><span style=\"font-size: 12pt;\"><strong><span style=\"font-family: arial, helvetica, sans-serif;\">Drucken<\/span><\/strong><\/span><\/td>\n<td style=\"width: 77.3204%; height: 24px;\"><span style=\"font-family: arial, helvetica, sans-serif; font-size: 12pt;\">CMYK (1 \u2013 10 Farben nach Ihren W\u00fcnschen), kein Druck (Normal)<\/span><\/td>\n<\/tr>\n<tr style=\"height: 40px; background-color: #99ccff;\">\n<td style=\"width: 22.6796%; height: 24px;\"><span style=\"font-size: 12pt;\"><strong><span style=\"font-family: arial, helvetica, sans-serif;\">Fertigstellung<\/span><\/strong><\/span><\/td>\n<td style=\"width: 77.3204%; height: 24px;\"><span style=\"font-family: arial, helvetica, sans-serif; font-size: 12pt;\">Glanzkaschierung, Offsetdruck<\/span><\/td>\n<\/tr>\n<tr style=\"height: 40px; background-color: #ebebeb;\">\n<td style=\"width: 22.6796%; height: 24px;\"><span style=\"font-size: 12pt;\"><strong><span style=\"font-family: arial, helvetica, sans-serif;\">Material<\/span><\/strong><\/span><\/td>\n<td style=\"width: 77.3204%; height: 24px;\"><span style=\"font-family: arial, helvetica, sans-serif; font-size: 12pt;\">OPP\/PET\/CPP<\/span><\/td>\n<\/tr>\n<tr style=\"height: 40px; background-color: #99ccff;\">\n<td style=\"width: 22.6796%; height: 24px;\"><span style=\"font-size: 12pt;\"><strong><span style=\"font-family: arial, helvetica, sans-serif;\">Besonderheit<\/span><\/strong><\/span><\/td>\n<td style=\"width: 77.3204%; height: 24px;\"><span style=\"font-family: arial, helvetica, sans-serif; font-size: 12pt;\">Wasserdicht, geruchsdicht<\/span><\/td>\n<\/tr>\n<tr style=\"height: 40px; background-color: #ebebeb;\">\n<td style=\"width: 22.6796%; height: 24px;\"><span style=\"font-size: 12pt;\"><strong><span style=\"font-family: arial, helvetica, sans-serif;\">Seitenwechsel<\/span><\/strong><\/span><\/td>\n<td style=\"width: 77.3204%; height: 24px;\"><span style=\"font-family: arial, helvetica, sans-serif; font-size: 12pt;\">7 \u2013 15 Werktage, Eilzustellung<\/span><\/td>\n<\/tr>\n<tr style=\"height: 40px; background-color: #99ccff;\">\n<td style=\"width: 22.6796%; height: 24px;\"><span style=\"font-size: 12pt;\"><strong><span style=\"font-family: arial, helvetica, sans-serif;\">Versand<\/span><\/strong><\/span><\/td>\n<td style=\"width: 77.3204%; height: 24px;\"><span style=\"font-family: arial, helvetica, sans-serif; font-size: 12pt;\">Luft, See, Express<\/span><\/td>\n<\/tr>\n<\/tbody>\n<\/table>\n<p>&nbsp;<\/p>","protected":false},"featured_media":4419,"comment_status":"open","ping_status":"closed","template":"","meta":[],"product_brand":[],"product_cat":[30,19,35],"product_tag":[],"class_list":{"0":"post-4422","1":"product","2":"type-product","3":"status-publish","4":"has-post-thumbnail","6":"product_cat-cosmetics-packaging","7":"product_cat-heat-sealing-bag","8":"product_cat-mylar-bags","10":"first","11":"instock","12":"shipping-taxable","13":"product-type-simple"},"_links":{"self":[{"href":"https:\/\/polysmarts.com\/de\/wp-json\/wp\/v2\/product\/4422","targetHints":{"allow":["GET"]}}],"collection":[{"href":"https:\/\/polysmarts.com\/de\/wp-json\/wp\/v2\/product"}],"about":[{"href":"https:\/\/polysmarts.com\/de\/wp-json\/wp\/v2\/types\/product"}],"replies":[{"embeddable":true,"href":"https:\/\/polysmarts.com\/de\/wp-json\/wp\/v2\/comments?post=4422"}],"version-history":[{"count":5,"href":"https:\/\/polysmarts.com\/de\/wp-json\/wp\/v2\/product\/4422\/revisions"}],"predecessor-version":[{"id":4430,"href":"https:\/\/polysmarts.com\/de\/wp-json\/wp\/v2\/product\/4422\/revisions\/4430"}],"wp:featuredmedia":[{"embeddable":true,"href":"https:\/\/polysmarts.com\/de\/wp-json\/wp\/v2\/media\/4419"}],"wp:attachment":[{"href":"https:\/\/polysmarts.com\/de\/wp-json\/wp\/v2\/media?parent=4422"}],"wp:term":[{"taxonomy":"product_brand","embeddable":true,"href":"https:\/\/polysmarts.com\/de\/wp-json\/wp\/v2\/product_brand?post=4422"},{"taxonomy":"product_cat","embeddable":true,"href":"https:\/\/polysmarts.com\/de\/wp-json\/wp\/v2\/product_cat?post=4422"},{"taxonomy":"product_tag","embeddable":true,"href":"https:\/\/polysmarts.com\/de\/wp-json\/wp\/v2\/product_tag?post=4422"}],"curies":[{"name":"wp","href":"https:\/\/api.w.org\/{rel}","templated":true}]}}