{"id":4359,"date":"2025-05-05T17:38:53","date_gmt":"2025-05-05T09:38:53","guid":{"rendered":"https:\/\/polysmarts.com\/?post_type=product&#038;p=4359"},"modified":"2025-05-05T18:14:46","modified_gmt":"2025-05-05T10:14:46","slug":"individuell-bedruckte-umweltfreundliche-verpackungsbeutel-fur-badesalz","status":"publish","type":"product","link":"https:\/\/polysmarts.com\/de\/product\/custom-printed-eco-friendly-bath-salt-packaging-bags\/","title":{"rendered":"Individuell bedruckte, umweltfreundliche Verpackungsbeutel f\u00fcr Badesalz"},"content":{"rendered":"<p><strong>Hochwertige, individuelle Badesalzverpackungen f\u00fcr gl\u00e4nzende Marken<\/strong><\/p>\n<p>Werten Sie Ihre Badesalzmarke mit individuell anpassbaren, umweltfreundlichen Badesalzverpackungen auf, die Eindruck machen. Wir bei Polysmarts sind spezialisiert auf die Entwicklung von Verpackungen, die Ihr Produkt sch\u00fctzen und gleichzeitig das Engagement Ihrer Marke f\u00fcr Qualit\u00e4t und Nachhaltigkeit widerspiegeln. Ob Boutique-Spa, Wellness-H\u00e4ndler oder Kunsthandwerksmarke \u2013 unsere L\u00f6sungen sind auf Ihre individuellen Bed\u00fcrfnisse zugeschnitten.<\/p>\n<p>Hauptmerkmale:<\/p>\n<p>\u2705 Langlebig und auslaufsicher: Halten Sie Badesalz frisch mit wiederverschlie\u00dfbarem <strong><a href=\"https:\/\/polysmarts.com\/de\/standbeutel-individuelle-standbeutelverpackung\/\">Standbodenbeutel<\/a><\/strong>S, <strong><a href=\"https:\/\/polysmarts.com\/de\/produktkategorie\/nach-typ-3\/reisverschlusstaschen\/\">Druckverschlussbeutel<\/a><\/strong>, oder <strong><a href=\"https:\/\/polysmarts.com\/de\/produktkategorie\/nach-typ-3\/kraftpapiertute\/\">Kraftpapiert\u00fcten.<\/a><\/strong><\/p>\n<p>\u2705 100% Anpassbar: W\u00e4hlen Sie Gr\u00f6\u00dfen (1 oz bis 5 lbs), Materialien (recycelbares Kraftpapier, biologisch abbaubarer Kunststoff) und Oberfl\u00e4chen (matt, gl\u00e4nzend, metallisch).<\/p>\n<p>\u2705 Umweltbewusste Optionen: Nachhaltiges Kraftpapier, kompostierbare Folien und Soja-basierte Tinten f\u00fcr umweltfreundliche Marken.<\/p>\n<p>\u2705 Schnelle Bearbeitung: Niedrige Mindestbestellmengen (\u00fcber 1.000 Einheiten) und 7\u201315-t\u00e4gige Produktion f\u00fcr dringenden Bedarf.<\/p>\n<p>\u2705 Mengenrabatte: Sparen Sie bis zu 30% bei Gro\u00dfbestellungen.<\/p>\n<h2><span style=\"font-size: 12pt;\">Warum Polysmarts w\u00e4hlen f\u00fcr <strong>Badesalzverpackung<\/strong>?<\/span><\/h2>\n<p>\u2728 FDA-konforme Materialien: Sicher f\u00fcr den direkten Kontakt mit Badesalzen und \u00e4therischen \u00d6len.<\/p>\n<p>\u2728 Kostenloser Design-Support: Unser Team hilft Ihnen bei der Erstellung auff\u00e4lliger Etiketten und Marken.<\/p>\n<p>\u2728 Weltweiter Versand: Zuverl\u00e4ssige Lieferung in die USA, nach Kanada und Europa.<\/p>","protected":false},"excerpt":{"rendered":"<table style=\"height: 280px; width: 99.8505%; border-collapse: collapse;\" border=\"2\">\n<tbody>\n<tr style=\"height: 28px; background-color: #dbdbdb;\">\n<td style=\"width: 22.6796%; background-color: #ebebeb; height: 28px;\"><span style=\"font-family: arial, helvetica, sans-serif; font-size: 12pt;\"><strong>Artikel<\/strong><\/span><\/td>\n<td style=\"width: 77.3204%; background-color: #ebebeb; height: 28px;\"><span style=\"font-family: arial, helvetica, sans-serif; font-size: 12pt;\">Individuell bedruckte, umweltfreundliche Verpackungsbeutel f\u00fcr Badesalz<\/span><\/td>\n<\/tr>\n<tr style=\"height: 40px;\">\n<td style=\"width: 22.6796%; height: 30px; background-color: #99ccff;\"><span style=\"font-family: arial, helvetica, sans-serif; font-size: 12pt;\"><strong>Dimension &amp; Stil<\/strong><\/span><\/td>\n<td style=\"width: 77.3204%; height: 30px; background-color: #99ccff;\"><span style=\"font-family: arial, helvetica, sans-serif; font-size: 12pt;\">Benutzerdefinierte Formen und Gr\u00f6\u00dfen<\/span><\/td>\n<\/tr>\n<tr style=\"height: 40px;\">\n<td style=\"width: 22.6796%; height: 34px; background-color: #ebebeb;\"><span style=\"font-size: 12pt;\"><strong><span style=\"font-family: arial, helvetica, sans-serif;\">Mindestbestellmenge<\/span><\/strong><\/span><\/td>\n<td style=\"width: 77.3204%; height: 34px; background-color: #ebebeb;\"><span style=\"font-family: arial, helvetica, sans-serif; font-size: 12pt;\">100 St\u00fcck ohne Anpassung, 5000 St\u00fcck zur Anpassung<\/span><\/td>\n<\/tr>\n<tr style=\"height: 40px; background-color: #99ccff;\">\n<td style=\"width: 22.6796%; height: 24px;\"><span style=\"font-size: 12pt;\"><strong><span style=\"font-family: arial, helvetica, sans-serif;\">Verpackungsart<\/span><\/strong><\/span><\/td>\n<td style=\"width: 77.3204%; height: 24px;\"><span style=\"font-family: arial, helvetica, sans-serif; font-size: 12pt;\">Standbodenbeutel mit Rei\u00dfverschluss<\/span><\/td>\n<\/tr>\n<tr style=\"height: 40px; background-color: #ebebeb;\">\n<td style=\"width: 22.6796%; height: 24px;\"><span style=\"font-size: 12pt;\"><strong><span style=\"font-family: arial, helvetica, sans-serif;\">Drucken<\/span><\/strong><\/span><\/td>\n<td style=\"width: 77.3204%; height: 24px;\"><span style=\"font-family: arial, helvetica, sans-serif; font-size: 12pt;\">CMYK (1 \u2013 10 Farben), Kein Druck (Normal), Digitaldruck<\/span><\/td>\n<\/tr>\n<tr style=\"height: 40px; background-color: #99ccff;\">\n<td style=\"width: 22.6796%; height: 24px;\"><span style=\"font-size: 12pt;\"><strong><span style=\"font-family: arial, helvetica, sans-serif;\">Material<\/span><\/strong><\/span><\/td>\n<td style=\"width: 77.3204%; height: 24px;\"><span style=\"font-family: arial, helvetica, sans-serif; font-size: 12pt;\">Laminiertes Material, MOPP+VMPET+PE<\/span><\/td>\n<\/tr>\n<tr style=\"height: 40px; background-color: #ebebeb;\">\n<td style=\"width: 22.6796%; height: 24px;\"><span style=\"font-size: 12pt;\"><strong><span style=\"font-family: arial, helvetica, sans-serif;\">Enthaltene Optionen<\/span><\/strong><\/span><\/td>\n<td style=\"width: 77.3204%; height: 24px;\"><span style=\"font-family: arial, helvetica, sans-serif; font-size: 12pt;\">Stanzen, Hei\u00dfsiegeln<\/span><\/td>\n<\/tr>\n<tr style=\"height: 40px; background-color: #99ccff;\">\n<td style=\"width: 22.6796%; height: 24px;\"><span style=\"font-size: 12pt;\"><strong><span style=\"font-family: arial, helvetica, sans-serif;\">Besonderheit<\/span><\/strong><\/span><\/td>\n<td style=\"width: 77.3204%; height: 24px;\"><span style=\"font-family: arial, helvetica, sans-serif; font-size: 12pt;\">Feuchtigkeitsbest\u00e4ndig\/Sauerstoffisolierung\/Beschattung\/guter Stand\/Rei\u00dfverschluss oben<\/span><\/td>\n<\/tr>\n<tr style=\"height: 40px; background-color: #ebebeb;\">\n<td style=\"width: 22.6796%; height: 24px;\"><span style=\"font-size: 12pt;\"><strong><span style=\"font-family: arial, helvetica, sans-serif;\">Seitenwechsel<\/span><\/strong><\/span><\/td>\n<td style=\"width: 77.3204%; height: 24px;\"><span style=\"font-family: arial, helvetica, sans-serif; font-size: 12pt;\">7 \u2013 15 Werktage, Eilzustellung<\/span><\/td>\n<\/tr>\n<tr style=\"height: 40px; background-color: #99ccff;\">\n<td style=\"width: 22.6796%; height: 24px;\"><span style=\"font-size: 12pt;\"><strong><span style=\"font-family: arial, helvetica, sans-serif;\">Versand<\/span><\/strong><\/span><\/td>\n<td style=\"width: 77.3204%; height: 24px;\"><span style=\"font-family: arial, helvetica, sans-serif; font-size: 12pt;\">Luft, See, Express<\/span><\/td>\n<\/tr>\n<\/tbody>\n<\/table>\n<p>&nbsp;<\/p>","protected":false},"featured_media":4357,"comment_status":"open","ping_status":"closed","template":"","meta":[],"product_brand":[],"product_cat":[26,35,18],"product_tag":[],"class_list":{"0":"post-4359","1":"product","2":"type-product","3":"status-publish","4":"has-post-thumbnail","6":"product_cat-food-packaging","7":"product_cat-mylar-bags","8":"product_cat-zipper-bags","10":"first","11":"instock","12":"shipping-taxable","13":"purchasable","14":"product-type-variable"},"_links":{"self":[{"href":"https:\/\/polysmarts.com\/de\/wp-json\/wp\/v2\/product\/4359","targetHints":{"allow":["GET"]}}],"collection":[{"href":"https:\/\/polysmarts.com\/de\/wp-json\/wp\/v2\/product"}],"about":[{"href":"https:\/\/polysmarts.com\/de\/wp-json\/wp\/v2\/types\/product"}],"replies":[{"embeddable":true,"href":"https:\/\/polysmarts.com\/de\/wp-json\/wp\/v2\/comments?post=4359"}],"version-history":[{"count":1,"href":"https:\/\/polysmarts.com\/de\/wp-json\/wp\/v2\/product\/4359\/revisions"}],"predecessor-version":[{"id":4363,"href":"https:\/\/polysmarts.com\/de\/wp-json\/wp\/v2\/product\/4359\/revisions\/4363"}],"wp:featuredmedia":[{"embeddable":true,"href":"https:\/\/polysmarts.com\/de\/wp-json\/wp\/v2\/media\/4357"}],"wp:attachment":[{"href":"https:\/\/polysmarts.com\/de\/wp-json\/wp\/v2\/media?parent=4359"}],"wp:term":[{"taxonomy":"product_brand","embeddable":true,"href":"https:\/\/polysmarts.com\/de\/wp-json\/wp\/v2\/product_brand?post=4359"},{"taxonomy":"product_cat","embeddable":true,"href":"https:\/\/polysmarts.com\/de\/wp-json\/wp\/v2\/product_cat?post=4359"},{"taxonomy":"product_tag","embeddable":true,"href":"https:\/\/polysmarts.com\/de\/wp-json\/wp\/v2\/product_tag?post=4359"}],"curies":[{"name":"wp","href":"https:\/\/api.w.org\/{rel}","templated":true}]}}