{"id":4253,"date":"2025-03-12T00:02:47","date_gmt":"2025-03-11T16:02:47","guid":{"rendered":"https:\/\/polysmarts.com\/?post_type=product&#038;p=4253"},"modified":"2025-03-13T12:02:30","modified_gmt":"2025-03-13T04:02:30","slug":"kaffeebeutel-mit-ventil-zur-individuellen-verpackung","status":"publish","type":"product","link":"https:\/\/polysmarts.com\/de\/product\/custom-packaging-coffee-bags-with-valve\/","title":{"rendered":"Kundenspezifische Verpackung von Kaffeebeuteln mit Ventil"},"content":{"rendered":"<h3><span style=\"font-family: arial, helvetica, sans-serif; font-size: 12pt;\"><strong>Die beliebtesten 3 Arten von <a href=\"https:\/\/polysmarts.com\/de\/kundenspezifische-kaffeebeutel-fuhrender-hersteller\/\">Kaffeebeutelverpackung<\/a><\/strong><\/span><\/h3>\n<p><strong>1. <a href=\"https:\/\/polysmarts.com\/de\/standbeutel-individuelle-standbeutelverpackung\/\">Standbodenbeutel<\/a> Kaffeeverpackung<\/strong><\/p>\n<p>Standbeutel sind der am h\u00e4ufigsten gew\u00e4hlte und beliebteste Beutelstil der Welt. Sie k\u00f6nnen sich nie f\u00fcr ihn entscheiden. Er kann in vielen Ausf\u00fchrungen und Formen hergestellt werden, damit er zu Ihnen passt.<\/p>\n<p><strong>2. Kaffeebeutel mit flachem Boden und Ventil<\/strong><\/p>\n<p>Wenn Sie eine feine Kaffeemarke aufbauen m\u00f6chten, ist ein Beutel mit flachem Boden die beste Wahl. Der aufrechte Stand zeugt immer von Qualit\u00e4t, Geschmack und Eleganz.<\/p>\n<p><strong>3. Zwickelbeutel-Kaffeebeutelverpackung mit Ventil<\/strong><\/p>\n<p>Seitenfaltenbeutel sind eine der beliebtesten Beutelarten f\u00fcr Kaffee, insbesondere in Caf\u00e9s. Man sieht sie \u00fcberall, ob in Bistros oder Kaffeeketten.<\/p>\n<p><strong>Was ist der Vorteil eines Ventils?<\/strong><\/p>\n<table style=\"border-style: solid; border-color: #000000;\" border=\"1\">\n<thead>\n<tr>\n<th>Besonderheit<\/th>\n<th>Mit Ventil<\/th>\n<th>Ohne Ventil<\/th>\n<\/tr>\n<\/thead>\n<tbody>\n<tr>\n<td>Frischeperiode<\/td>\n<td>4-6 Wochen<\/td>\n<td>7-10 Tage<\/td>\n<\/tr>\n<tr>\n<td>Aromaerhaltung<\/td>\n<td>92% nach 4 Wochen<\/td>\n<td>58% nach 1 Woche<\/td>\n<\/tr>\n<tr>\n<td>Paketintegrit\u00e4t<\/td>\n<td>Keine Schwellungen\/Leckagen<\/td>\n<td>Gefahr von geplatzten N\u00e4hten<\/td>\n<\/tr>\n<\/tbody>\n<\/table>\n<p>&nbsp;<\/p>\n<p><img fetchpriority=\"high\" decoding=\"async\" class=\"alignleft wp-image-4251 size-thumbnail\" src=\"https:\/\/polysmarts.com\/wp-content\/uploads\/2025\/03\/Main-07-600x600.jpg\" alt=\"Kaffeebeutel Typ\" width=\"600\" height=\"600\" srcset=\"\/\/polysmarts.com\/wp-content\/uploads\/2025\/03\/Main-07-600x600.jpg 600w, \/\/polysmarts.com\/wp-content\/uploads\/2025\/03\/Main-07-768x768.jpg 768w, \/\/polysmarts.com\/wp-content\/uploads\/2025\/03\/Main-07-12x12.jpg 12w, \/\/polysmarts.com\/wp-content\/uploads\/2025\/03\/Main-07-300x300.jpg 300w, \/\/polysmarts.com\/wp-content\/uploads\/2025\/03\/Main-07-100x100.jpg 100w, \/\/polysmarts.com\/wp-content\/uploads\/2025\/03\/Main-07.jpg 800w\" sizes=\"(max-width: 600px) 100vw, 600px\" \/><\/p>\n<p>&nbsp;<\/p>\n<p>&nbsp;<\/p>\n<p>&nbsp;<\/p>\n<p>&nbsp;<\/p>\n<p>&nbsp;<\/p>\n<p><img decoding=\"async\" class=\"alignleft size-thumbnail wp-image-4249\" src=\"https:\/\/polysmarts.com\/wp-content\/uploads\/2025\/03\/Main-05-600x600.jpg\" alt=\"Kaffeebeutel Typ\" width=\"600\" height=\"600\" srcset=\"\/\/polysmarts.com\/wp-content\/uploads\/2025\/03\/Main-05-600x600.jpg 600w, \/\/polysmarts.com\/wp-content\/uploads\/2025\/03\/Main-05-768x768.jpg 768w, \/\/polysmarts.com\/wp-content\/uploads\/2025\/03\/Main-05-12x12.jpg 12w, \/\/polysmarts.com\/wp-content\/uploads\/2025\/03\/Main-05-300x300.jpg 300w, \/\/polysmarts.com\/wp-content\/uploads\/2025\/03\/Main-05-100x100.jpg 100w, \/\/polysmarts.com\/wp-content\/uploads\/2025\/03\/Main-05.jpg 800w\" sizes=\"(max-width: 600px) 100vw, 600px\" \/><img decoding=\"async\" class=\"alignleft size-thumbnail wp-image-4250\" src=\"https:\/\/polysmarts.com\/wp-content\/uploads\/2025\/03\/Main-06-600x600.jpg\" alt=\"Kaffeebeutel Typ\" width=\"600\" height=\"600\" srcset=\"\/\/polysmarts.com\/wp-content\/uploads\/2025\/03\/Main-06-600x600.jpg 600w, \/\/polysmarts.com\/wp-content\/uploads\/2025\/03\/Main-06-768x768.jpg 768w, \/\/polysmarts.com\/wp-content\/uploads\/2025\/03\/Main-06-12x12.jpg 12w, \/\/polysmarts.com\/wp-content\/uploads\/2025\/03\/Main-06-300x300.jpg 300w, \/\/polysmarts.com\/wp-content\/uploads\/2025\/03\/Main-06-100x100.jpg 100w, \/\/polysmarts.com\/wp-content\/uploads\/2025\/03\/Main-06.jpg 800w\" sizes=\"(max-width: 600px) 100vw, 600px\" \/><\/p>\n<p>&nbsp;<\/p>\n<p>&nbsp;<\/p>\n<p>&nbsp;<\/p>\n<p>&nbsp;<\/p>\n<p>&nbsp;<\/p>","protected":false},"excerpt":{"rendered":"<table style=\"height: 360px; width: 99.8505%; border-collapse: collapse;\" border=\"2\">\n<tbody>\n<tr style=\"height: 40px;\">\n<td style=\"width: 22.6796%; height: 30px; background-color: #99ccff;\"><span style=\"font-family: arial, helvetica, sans-serif; font-size: 12pt;\"><strong>Dimension &amp; Stil<\/strong><\/span><\/td>\n<td style=\"width: 77.3204%; height: 30px; background-color: #99ccff;\"><span style=\"font-family: arial, helvetica, sans-serif; font-size: 12pt;\">Benutzerdefinierte Formen und Gr\u00f6\u00dfen<\/span><\/td>\n<\/tr>\n<tr style=\"height: 40px;\">\n<td style=\"width: 22.6796%; height: 34px; background-color: #ebebeb;\"><span style=\"font-size: 12pt;\"><strong><span style=\"font-family: arial, helvetica, sans-serif;\">Mindestbestellmenge<\/span><\/strong><\/span><\/td>\n<td style=\"width: 77.3204%; height: 34px; background-color: #ebebeb;\"><span style=\"font-family: arial, helvetica, sans-serif; font-size: 12pt;\">100 St\u00fcck ohne Anpassung, 10000 St\u00fcck zur Anpassung<\/span><\/td>\n<\/tr>\n<tr style=\"height: 40px; background-color: #99ccff;\">\n<td style=\"width: 22.6796%; height: 24px;\"><span style=\"font-size: 12pt;\"><strong><span style=\"font-family: arial, helvetica, sans-serif;\">Verpackungsart<\/span><\/strong><\/span><\/td>\n<td style=\"width: 77.3204%; height: 24px;\"><span style=\"font-family: arial, helvetica, sans-serif; font-size: 12pt;\">Kaffeebeutel mit Ventil\/Quad-Seal-Beutel<\/span><\/td>\n<\/tr>\n<tr style=\"height: 40px; background-color: #ebebeb;\">\n<td style=\"width: 22.6796%; height: 24px;\"><span style=\"font-size: 12pt;\"><strong><span style=\"font-family: arial, helvetica, sans-serif;\">Drucken<\/span><\/strong><\/span><\/td>\n<td style=\"width: 77.3204%; height: 24px;\"><span style=\"font-family: arial, helvetica, sans-serif; font-size: 12pt;\">CMYK (1 \u2013 10 Farben), Kein Druck (Normal), Digitaldruck<\/span><\/td>\n<\/tr>\n<tr style=\"height: 40px; background-color: #99ccff;\">\n<td style=\"width: 22.6796%; height: 24px;\"><span style=\"font-size: 12pt;\"><strong><span style=\"font-family: arial, helvetica, sans-serif;\">Fertigstellung<\/span><\/strong><\/span><\/td>\n<td style=\"width: 77.3204%; height: 24px;\"><span style=\"font-family: arial, helvetica, sans-serif; font-size: 12pt;\">Glanz-\/Matt-Laminierung, Offsetdruck<\/span><\/td>\n<\/tr>\n<tr style=\"height: 40px; background-color: #ebebeb;\">\n<td style=\"width: 22.6796%; height: 24px;\"><span style=\"font-size: 12pt;\"><strong><span style=\"font-family: arial, helvetica, sans-serif;\">Enthaltene Optionen<\/span><\/strong><\/span><\/td>\n<td style=\"width: 77.3204%; height: 24px;\"><span style=\"font-family: arial, helvetica, sans-serif; font-size: 12pt;\">Stanzen, Hei\u00dfsiegeln<\/span><\/td>\n<\/tr>\n<tr style=\"height: 40px; background-color: #99ccff;\">\n<td style=\"width: 22.6796%; height: 24px;\"><span style=\"font-size: 12pt;\"><strong><span style=\"font-family: arial, helvetica, sans-serif;\">Nachweisen<\/span><\/strong><\/span><\/td>\n<td style=\"width: 77.3204%; height: 24px;\"><span style=\"font-family: arial, helvetica, sans-serif; font-size: 12pt;\">Geruchsdicht, feuchtigkeitsbest\u00e4ndig<\/span><\/td>\n<\/tr>\n<tr style=\"height: 40px; background-color: #ebebeb;\">\n<td style=\"width: 22.6796%; height: 24px;\"><span style=\"font-size: 12pt;\"><strong><span style=\"font-family: arial, helvetica, sans-serif;\">Seitenwechsel<\/span><\/strong><\/span><\/td>\n<td style=\"width: 77.3204%; height: 24px;\"><span style=\"font-family: arial, helvetica, sans-serif; font-size: 12pt;\">7 \u2013 15 Werktage, Eilzustellung<\/span><\/td>\n<\/tr>\n<tr style=\"height: 40px; background-color: #99ccff;\">\n<td style=\"width: 22.6796%; height: 24px;\"><span style=\"font-size: 12pt;\"><strong><span style=\"font-family: arial, helvetica, sans-serif;\">Versand<\/span><\/strong><\/span><\/td>\n<td style=\"width: 77.3204%; height: 24px;\"><span style=\"font-family: arial, helvetica, sans-serif; font-size: 12pt;\">Luft, See, Express<\/span><\/td>\n<\/tr>\n<\/tbody>\n<\/table>\n<p>&nbsp;<\/p>","protected":false},"featured_media":4242,"comment_status":"open","ping_status":"closed","template":"","meta":[],"product_brand":[],"product_cat":[26,27,18],"product_tag":[],"class_list":{"0":"post-4253","1":"product","2":"type-product","3":"status-publish","4":"has-post-thumbnail","6":"product_cat-food-packaging","7":"product_cat-coffee-and-tea-packaging","8":"product_cat-zipper-bags","10":"first","11":"instock","12":"shipping-taxable","13":"product-type-simple"},"_links":{"self":[{"href":"https:\/\/polysmarts.com\/de\/wp-json\/wp\/v2\/product\/4253","targetHints":{"allow":["GET"]}}],"collection":[{"href":"https:\/\/polysmarts.com\/de\/wp-json\/wp\/v2\/product"}],"about":[{"href":"https:\/\/polysmarts.com\/de\/wp-json\/wp\/v2\/types\/product"}],"replies":[{"embeddable":true,"href":"https:\/\/polysmarts.com\/de\/wp-json\/wp\/v2\/comments?post=4253"}],"version-history":[{"count":7,"href":"https:\/\/polysmarts.com\/de\/wp-json\/wp\/v2\/product\/4253\/revisions"}],"predecessor-version":[{"id":4270,"href":"https:\/\/polysmarts.com\/de\/wp-json\/wp\/v2\/product\/4253\/revisions\/4270"}],"wp:featuredmedia":[{"embeddable":true,"href":"https:\/\/polysmarts.com\/de\/wp-json\/wp\/v2\/media\/4242"}],"wp:attachment":[{"href":"https:\/\/polysmarts.com\/de\/wp-json\/wp\/v2\/media?parent=4253"}],"wp:term":[{"taxonomy":"product_brand","embeddable":true,"href":"https:\/\/polysmarts.com\/de\/wp-json\/wp\/v2\/product_brand?post=4253"},{"taxonomy":"product_cat","embeddable":true,"href":"https:\/\/polysmarts.com\/de\/wp-json\/wp\/v2\/product_cat?post=4253"},{"taxonomy":"product_tag","embeddable":true,"href":"https:\/\/polysmarts.com\/de\/wp-json\/wp\/v2\/product_tag?post=4253"}],"curies":[{"name":"wp","href":"https:\/\/api.w.org\/{rel}","templated":true}]}}