{"id":409,"date":"2023-10-31T10:13:33","date_gmt":"2023-10-31T10:13:33","guid":{"rendered":"https:\/\/polysmarts.com\/?post_type=product&#038;p=409"},"modified":"2023-10-31T10:13:34","modified_gmt":"2023-10-31T10:13:34","slug":"mylar-verpackungsbeutel-mit-reisverschluss-fur-kaffee","status":"publish","type":"product","link":"https:\/\/polysmarts.com\/de\/product\/coffee-stand-up-zipper-mylar-packaging-bags\/","title":{"rendered":"Mylar-Verpackungsbeutel mit Standfu\u00df und Rei\u00dfverschluss f\u00fcr Kaffee"},"content":{"rendered":"<ul class=\"a-unordered-list a-vertical a-spacing-mini\">\n<li class=\"a-spacing-mini\"><span class=\"a-list-item\">VOLUMEN: Die Dose fasst 250 g Trockenfr\u00fcchte und bis zu 350 g Pulver. Je nach Gr\u00f6\u00dfe Ihres Produkts kann die Beutelkapazit\u00e4t variieren. Sie ist 5 Zoll (13 cm) breit und 7 Zoll (18 cm) lang. Sie hat eine Dicke von 115 Mikrometern.<\/span><\/li>\n<li class=\"a-spacing-mini\"><span class=\"a-list-item\">VERPACKUNG UND LAGERUNG IN DER K\u00dcCHE (FEST UND FL\u00dcSSIG) \u2013 Ziplock-Beutel werden zum Verpacken von Gew\u00fcrzen, Pickles, H\u00fclsenfr\u00fcchten, Dosa-Teig, frischem Gem\u00fcse, Getreide, N\u00fcssen, Masala-Pulver, Trockenfr\u00fcchten, Schokolade, S\u00fc\u00dfigkeiten, Tee, Kaffee, Muscheln, Kr\u00e4utern, Schmuck, Proteinpulvern und zur Lagerung im K\u00fchlschrank verwendet. Kann auch So\u00dfen und Fl\u00fcssigkeiten aufbewahren.<\/span><\/li>\n<li class=\"a-spacing-mini\"><span class=\"a-list-item\">PREMIUMQUALIT\u00c4T \u2013 Diese Premium-Standbeutel mit Rei\u00dfverschluss sind aus hochwertigem Material gefertigt, was ihre Festigkeit und Transparenz erh\u00f6ht. Beide Seiten dieses Beutels sind transparent und mit einem Rei\u00dfverschluss versehen, sodass er wiederverwendet werden kann<\/span><\/li>\n<li class=\"a-spacing-mini\"><span class=\"a-list-item\">LANGLEBIGER LUFTDICHTER BEUTEL \u2013 Hergestellt aus hochwertigem Material und daher sehr robust. Dies gew\u00e4hrleistet eine sichere Verpackung und h\u00e4lt den Artikel lange in seinem urspr\u00fcnglichen Zustand, was ihn in der Lebensmittel- und Chemieindustrie sehr gefragt macht.<\/span><\/li>\n<li class=\"a-spacing-mini\"><span class=\"a-list-item\">FARBE \u2013 Klare Vorder- und R\u00fcckseite, transparente Farbe, damit Sie sehen k\u00f6nnen, was in der Packung verpackt ist. Sie k\u00f6nnen Ihr individuelles Etikett ganz einfach oben auf die Packung kleben, wenn Sie Ihre Markenprodukte verkaufen m\u00f6chten<\/span><\/li>\n<\/ul>\n<p><img fetchpriority=\"high\" decoding=\"async\" class=\"alignnone wp-image-415 size-full\" src=\"https:\/\/polysmarts.com\/wp-content\/uploads\/2023\/10\/Detail-05.jpg\" alt=\"\" width=\"750\" height=\"211\" srcset=\"\/\/polysmarts.com\/wp-content\/uploads\/2023\/10\/Detail-05.jpg 750w, \/\/polysmarts.com\/wp-content\/uploads\/2023\/10\/Detail-05-600x169.jpg 600w, \/\/polysmarts.com\/wp-content\/uploads\/2023\/10\/Detail-05-300x84.jpg 300w\" sizes=\"(max-width: 750px) 100vw, 750px\" \/><\/p>\n<p><img decoding=\"async\" class=\"alignnone wp-image-416 size-full\" src=\"https:\/\/polysmarts.com\/wp-content\/uploads\/2023\/10\/Detail-06.jpg\" alt=\"\" width=\"750\" height=\"224\" srcset=\"\/\/polysmarts.com\/wp-content\/uploads\/2023\/10\/Detail-06.jpg 750w, \/\/polysmarts.com\/wp-content\/uploads\/2023\/10\/Detail-06-600x179.jpg 600w, \/\/polysmarts.com\/wp-content\/uploads\/2023\/10\/Detail-06-300x90.jpg 300w\" sizes=\"(max-width: 750px) 100vw, 750px\" \/><\/p>\n<p><img decoding=\"async\" class=\"alignnone wp-image-417 size-full\" src=\"https:\/\/polysmarts.com\/wp-content\/uploads\/2023\/10\/Detail-07.jpg\" alt=\"\" width=\"750\" height=\"219\" srcset=\"\/\/polysmarts.com\/wp-content\/uploads\/2023\/10\/Detail-07.jpg 750w, \/\/polysmarts.com\/wp-content\/uploads\/2023\/10\/Detail-07-600x175.jpg 600w, \/\/polysmarts.com\/wp-content\/uploads\/2023\/10\/Detail-07-300x88.jpg 300w\" sizes=\"(max-width: 750px) 100vw, 750px\" \/><\/p>\n<p><img loading=\"lazy\" decoding=\"async\" class=\"alignnone wp-image-418 size-full\" src=\"https:\/\/polysmarts.com\/wp-content\/uploads\/2023\/10\/Detail-08.jpg\" alt=\"\" width=\"750\" height=\"225\" srcset=\"\/\/polysmarts.com\/wp-content\/uploads\/2023\/10\/Detail-08.jpg 750w, \/\/polysmarts.com\/wp-content\/uploads\/2023\/10\/Detail-08-600x180.jpg 600w, \/\/polysmarts.com\/wp-content\/uploads\/2023\/10\/Detail-08-300x90.jpg 300w\" sizes=\"(max-width: 750px) 100vw, 750px\" \/><\/p>\n<p><img loading=\"lazy\" decoding=\"async\" class=\"alignnone wp-image-419 size-full\" src=\"https:\/\/polysmarts.com\/wp-content\/uploads\/2023\/10\/Detail-09.jpg\" alt=\"\" width=\"750\" height=\"320\" srcset=\"\/\/polysmarts.com\/wp-content\/uploads\/2023\/10\/Detail-09.jpg 750w, \/\/polysmarts.com\/wp-content\/uploads\/2023\/10\/Detail-09-600x256.jpg 600w, \/\/polysmarts.com\/wp-content\/uploads\/2023\/10\/Detail-09-300x128.jpg 300w\" sizes=\"(max-width: 750px) 100vw, 750px\" \/><\/p>\n<p style=\"text-align: left;\"><span style=\"font-family: arial, helvetica, sans-serif; font-size: 18pt;\">Produktverwendung<\/span><br \/>\nF\u00fcr S\u00fc\u00dfigkeiten F\u00fcr Blumentee<br \/>\nF\u00fcr Essen \/<br \/>\nF\u00fcr elektronische Produkte<br \/>\nF\u00fcr N\u00fcsse<br \/>\nF\u00fcr Reis<\/p>\n<p><img loading=\"lazy\" decoding=\"async\" class=\"alignnone size-full wp-image-423\" src=\"https:\/\/polysmarts.com\/wp-content\/uploads\/2023\/10\/Detail-13.jpg\" alt=\"Stand Up Zipper Taschen\" width=\"750\" height=\"858\" srcset=\"\/\/polysmarts.com\/wp-content\/uploads\/2023\/10\/Detail-13.jpg 750w, \/\/polysmarts.com\/wp-content\/uploads\/2023\/10\/Detail-13-600x686.jpg 600w, \/\/polysmarts.com\/wp-content\/uploads\/2023\/10\/Detail-13-262x300.jpg 262w\" sizes=\"(max-width: 750px) 100vw, 750px\" \/><\/p>","protected":false},"excerpt":{"rendered":"<table style=\"height: 360px; width: 99.8505%; border-collapse: collapse;\" border=\"2\">\n<tbody>\n<tr style=\"height: 40px;\">\n<td style=\"width: 22.6796%; height: 30px; background-color: #99ccff;\"><span style=\"font-family: arial, helvetica, sans-serif; font-size: 12pt;\"><strong>Dimension &amp; Stil<\/strong><\/span><\/td>\n<td style=\"width: 77.3204%; height: 30px; background-color: #99ccff;\"><span style=\"font-family: arial, helvetica, sans-serif; font-size: 12pt;\">Benutzerdefinierte Formen und Gr\u00f6\u00dfen<\/span><\/td>\n<\/tr>\n<tr style=\"height: 40px;\">\n<td style=\"width: 22.6796%; height: 34px; background-color: #ebebeb;\"><span style=\"font-size: 12pt;\"><strong><span style=\"font-family: arial, helvetica, sans-serif;\">Mindestbestellmenge<\/span><\/strong><\/span><\/td>\n<td style=\"width: 77.3204%; height: 34px; background-color: #ebebeb;\"><span style=\"font-family: arial, helvetica, sans-serif; font-size: 12pt;\">1000 St\u00fcck ohne Anpassung, 10000 St\u00fcck zur Anpassung<\/span><\/td>\n<\/tr>\n<tr style=\"height: 40px; background-color: #99ccff;\">\n<td style=\"width: 22.6796%; height: 24px;\"><span style=\"font-size: 12pt;\"><strong><span style=\"font-family: arial, helvetica, sans-serif;\">Verpackungsart<\/span><\/strong><\/span><\/td>\n<td style=\"width: 77.3204%; height: 24px;\"><span style=\"font-family: arial, helvetica, sans-serif; font-size: 12pt;\">Standbeutel aus Kraftpapier<\/span><\/td>\n<\/tr>\n<tr style=\"height: 40px; background-color: #ebebeb;\">\n<td style=\"width: 22.6796%; height: 24px;\"><span style=\"font-size: 12pt;\"><strong><span style=\"font-family: arial, helvetica, sans-serif;\">Drucken<\/span><\/strong><\/span><\/td>\n<td style=\"width: 77.3204%; height: 24px;\"><span style=\"font-family: arial, helvetica, sans-serif; font-size: 12pt;\">CMYK (1 \u2013 4 Farben), PMS, CMYK+PMS, Kein Druck (Normal)<\/span><\/td>\n<\/tr>\n<tr style=\"height: 40px; background-color: #99ccff;\">\n<td style=\"width: 22.6796%; height: 24px;\"><span style=\"font-size: 12pt;\"><strong><span style=\"font-family: arial, helvetica, sans-serif;\">Fertigstellung<\/span><\/strong><\/span><\/td>\n<td style=\"width: 77.3204%; height: 24px;\"><span style=\"font-family: arial, helvetica, sans-serif; font-size: 12pt;\">Glanz-\/Matt-Laminierung, Wasserlackierung, Spotlackierung, UV-Lackierung, Pr\u00e4gung, Tiefpr\u00e4gung, Foliendruck<\/span><\/td>\n<\/tr>\n<tr style=\"height: 40px; background-color: #ebebeb;\">\n<td style=\"width: 22.6796%; height: 24px;\"><span style=\"font-size: 12pt;\"><strong><span style=\"font-family: arial, helvetica, sans-serif;\">Enthaltene Optionen<\/span><\/strong><\/span><\/td>\n<td style=\"width: 77.3204%; height: 24px;\"><span style=\"font-family: arial, helvetica, sans-serif; font-size: 12pt;\">Stanzen, Perforieren, Rillen, Kleben<\/span><\/td>\n<\/tr>\n<tr style=\"height: 40px; background-color: #99ccff;\">\n<td style=\"width: 22.6796%; height: 24px;\"><span style=\"font-size: 12pt;\"><strong><span style=\"font-family: arial, helvetica, sans-serif;\">Nachweisen<\/span><\/strong><\/span><\/td>\n<td style=\"width: 77.3204%; height: 24px;\"><span style=\"font-family: arial, helvetica, sans-serif; font-size: 12pt;\">Elektronische Proofs (Flat View\/3D-Modell), Digital gedruckte Proofs (ohne gr\u00f6\u00dfere Nachbearbeitungseffekte), Physische Muster (auf Anfrage)<\/span><\/td>\n<\/tr>\n<tr style=\"height: 40px; background-color: #ebebeb;\">\n<td style=\"width: 22.6796%; height: 24px;\"><span style=\"font-size: 12pt;\"><strong><span style=\"font-family: arial, helvetica, sans-serif;\">Seitenwechsel<\/span><\/strong><\/span><\/td>\n<td style=\"width: 77.3204%; height: 24px;\"><span style=\"font-family: arial, helvetica, sans-serif; font-size: 12pt;\">6 \u2013 8 Werktage, Eilzustellung<\/span><\/td>\n<\/tr>\n<tr style=\"height: 40px; background-color: #99ccff;\">\n<td style=\"width: 22.6796%; height: 24px;\"><span style=\"font-size: 12pt;\"><strong><span style=\"font-family: arial, helvetica, sans-serif;\">Versand<\/span><\/strong><\/span><\/td>\n<td style=\"width: 77.3204%; height: 24px;\"><span style=\"font-family: arial, helvetica, sans-serif; font-size: 12pt;\">Luft, See, Express<\/span><\/td>\n<\/tr>\n<\/tbody>\n<\/table>\n<p>&nbsp;<\/p>","protected":false},"featured_media":437,"comment_status":"open","ping_status":"closed","template":"","meta":[],"product_brand":[],"product_cat":[18],"product_tag":[],"class_list":{"0":"post-409","1":"product","2":"type-product","3":"status-publish","4":"has-post-thumbnail","6":"product_cat-zipper-bags","8":"first","9":"instock","10":"shipping-taxable","11":"product-type-simple"},"_links":{"self":[{"href":"https:\/\/polysmarts.com\/de\/wp-json\/wp\/v2\/product\/409","targetHints":{"allow":["GET"]}}],"collection":[{"href":"https:\/\/polysmarts.com\/de\/wp-json\/wp\/v2\/product"}],"about":[{"href":"https:\/\/polysmarts.com\/de\/wp-json\/wp\/v2\/types\/product"}],"replies":[{"embeddable":true,"href":"https:\/\/polysmarts.com\/de\/wp-json\/wp\/v2\/comments?post=409"}],"version-history":[{"count":2,"href":"https:\/\/polysmarts.com\/de\/wp-json\/wp\/v2\/product\/409\/revisions"}],"predecessor-version":[{"id":440,"href":"https:\/\/polysmarts.com\/de\/wp-json\/wp\/v2\/product\/409\/revisions\/440"}],"wp:featuredmedia":[{"embeddable":true,"href":"https:\/\/polysmarts.com\/de\/wp-json\/wp\/v2\/media\/437"}],"wp:attachment":[{"href":"https:\/\/polysmarts.com\/de\/wp-json\/wp\/v2\/media?parent=409"}],"wp:term":[{"taxonomy":"product_brand","embeddable":true,"href":"https:\/\/polysmarts.com\/de\/wp-json\/wp\/v2\/product_brand?post=409"},{"taxonomy":"product_cat","embeddable":true,"href":"https:\/\/polysmarts.com\/de\/wp-json\/wp\/v2\/product_cat?post=409"},{"taxonomy":"product_tag","embeddable":true,"href":"https:\/\/polysmarts.com\/de\/wp-json\/wp\/v2\/product_tag?post=409"}],"curies":[{"name":"wp","href":"https:\/\/api.w.org\/{rel}","templated":true}]}}