{"id":373,"date":"2024-02-26T10:25:28","date_gmt":"2024-02-26T10:25:28","guid":{"rendered":"https:\/\/polysmarts.com\/?post_type=product&#038;p=373"},"modified":"2024-02-26T10:30:26","modified_gmt":"2024-02-26T10:30:26","slug":"mylar-beutel-mit-holografischem-druckverschluss","status":"publish","type":"product","link":"https:\/\/polysmarts.com\/de\/product\/holographic-ziplock-packaging-mylar-bags\/","title":{"rendered":"Holografische Mylar-Verpackungsbeutel mit Ziplock-Verschluss"},"content":{"rendered":"<p>Wir stellen unsere Mylar-Verpackungsbeutel mit holografischem Ziplock vor, die f\u00fcr die diskrete und geruchsdichte Aufbewahrung Ihrer aromatischsten Produkte konzipiert sind. Mit einem dichten, wiederverschlie\u00dfbaren Ziplock binden diese Beutel Ger\u00fcche und verhindern, dass starke Ger\u00fcche durchdringen, egal ob es sich um Kaffeebohnen, Kr\u00e4uter, Gew\u00fcrze oder Beef Jerky handelt.<\/p>\n<p>Erleben Sie die Sicherheit unseres dichten Verschlusses, der sicherstellt, dass Ihre Esswaren, Konzentrate und rohen Bl\u00fcten sicher versiegelt bleiben. Diese Beutel sind ideal f\u00fcr Reisen und Outdoor-Aktivit\u00e4ten und verf\u00fcgen \u00fcber zwei feste Verschl\u00fcsse, um versehentliches Versch\u00fctten zu verhindern.<\/p>\n<p>Unsere Mylar-Beutel sind flexibel und robust zugleich und k\u00f6nnen Lebensmittel aller Formen und Konsistenzen aufnehmen, wobei sie eine hohe Zugfestigkeit aufweisen. Sie k\u00f6nnen sicher sein, dass diese Beutel nicht rei\u00dfen oder zerrei\u00dfen, egal wie schwer ihr Inhalt ist.<\/p>\n<p>Verabschieden Sie sich von abgestandenen Lebensmitteln mit unseren Mylar-Beuteln, die den Inhalt frisch halten, indem sie ihn vor \u00e4u\u00dferen Einfl\u00fcssen wie Wasser und Feuchtigkeit isolieren. Bewahren Sie die Frische f\u00fcr l\u00e4ngere Zeit auf und stellen Sie sicher, dass jeder Bissen so k\u00f6stlich ist wie der erste.<\/p>\n<p>W\u00e4hlen Sie unsere holografischen Mylar-Verpackungsbeutel mit Ziplock-Verpackung f\u00fcr unvergleichliche Frische und Geruchskontrolle, wohin auch immer Ihre Abenteuer Sie f\u00fchren.<\/p>","protected":false},"excerpt":{"rendered":"<table style=\"height: 360px; width: 99.8505%; border-collapse: collapse;\" border=\"2\">\n<tbody>\n<tr style=\"height: 40px;\">\n<td style=\"width: 22.6796%; height: 30px; background-color: #99ccff;\"><span style=\"font-family: arial, helvetica, sans-serif; font-size: 12pt;\"><strong>Dimension &amp; Stil<\/strong><\/span><\/td>\n<td style=\"width: 77.3204%; height: 30px; background-color: #99ccff;\"><span style=\"font-family: arial, helvetica, sans-serif; font-size: 12pt;\">Benutzerdefinierte Formen und Gr\u00f6\u00dfen<\/span><\/td>\n<\/tr>\n<tr style=\"height: 40px;\">\n<td style=\"width: 22.6796%; height: 34px; background-color: #ebebeb;\"><span style=\"font-size: 12pt;\"><strong><span style=\"font-family: arial, helvetica, sans-serif;\">Mindestbestellmenge<\/span><\/strong><\/span><\/td>\n<td style=\"width: 77.3204%; height: 34px; background-color: #ebebeb;\"><span style=\"font-family: arial, helvetica, sans-serif; font-size: 12pt;\">1000 St\u00fcck ohne Anpassung, 10000 St\u00fcck zur Anpassung<\/span><\/td>\n<\/tr>\n<tr style=\"height: 40px; background-color: #99ccff;\">\n<td style=\"width: 22.6796%; height: 24px;\"><span style=\"font-size: 12pt;\"><strong><span style=\"font-family: arial, helvetica, sans-serif;\">Verpackungsart<\/span><\/strong><\/span><\/td>\n<td style=\"width: 77.3204%; height: 24px;\"><span style=\"font-family: arial, helvetica, sans-serif; font-size: 12pt;\">Holografische Ziplock-Verpackungsbeutel<\/span><\/td>\n<\/tr>\n<tr style=\"height: 40px; background-color: #ebebeb;\">\n<td style=\"width: 22.6796%; height: 24px;\"><span style=\"font-size: 12pt;\"><strong><span style=\"font-family: arial, helvetica, sans-serif;\">Drucken<\/span><\/strong><\/span><\/td>\n<td style=\"width: 77.3204%; height: 24px;\"><span style=\"font-family: arial, helvetica, sans-serif; font-size: 12pt;\">Tiefdruck<\/span><\/td>\n<\/tr>\n<tr style=\"height: 40px; background-color: #99ccff;\">\n<td style=\"width: 22.6796%; height: 24px;\"><span style=\"font-size: 12pt;\"><strong><span style=\"font-family: arial, helvetica, sans-serif;\">Versiegelung &amp; Griff<\/span><\/strong><\/span><\/td>\n<td style=\"width: 77.3204%; height: 24px;\"><span style=\"font-family: arial, helvetica, sans-serif; font-size: 12pt;\">Hei\u00dfsiegel<\/span><\/td>\n<\/tr>\n<tr style=\"height: 40px; background-color: #ebebeb;\">\n<td style=\"width: 22.6796%; height: 24px;\"><span style=\"font-size: 12pt;\"><strong><span style=\"font-family: arial, helvetica, sans-serif;\">Material<\/span><\/strong><\/span><\/td>\n<td style=\"width: 77.3204%; height: 24px;\"><span style=\"font-family: arial, helvetica, sans-serif; font-size: 12pt;\">OPP + VMPET + LDPE<\/span><\/td>\n<\/tr>\n<tr style=\"height: 40px; background-color: #99ccff;\">\n<td style=\"width: 22.6796%; height: 24px;\"><span style=\"font-size: 12pt;\"><strong><span style=\"font-family: arial, helvetica, sans-serif;\">Nachweisen<\/span><\/strong><\/span><\/td>\n<td style=\"width: 77.3204%; height: 24px;\"><span style=\"font-family: arial, helvetica, sans-serif; font-size: 12pt;\">Geruchsbeweise\u00a0<\/span><\/td>\n<\/tr>\n<tr style=\"height: 40px; background-color: #ebebeb;\">\n<td style=\"width: 22.6796%; height: 24px;\"><span style=\"font-size: 12pt;\"><strong><span style=\"font-family: arial, helvetica, sans-serif;\">Seitenwechsel<\/span><\/strong><\/span><\/td>\n<td style=\"width: 77.3204%; height: 24px;\"><span style=\"font-family: arial, helvetica, sans-serif; font-size: 12pt;\">7 \u2013 12 Werktage, Eilzustellung<\/span><\/td>\n<\/tr>\n<tr style=\"height: 40px; background-color: #99ccff;\">\n<td style=\"width: 22.6796%; height: 24px;\"><span style=\"font-size: 12pt;\"><strong><span style=\"font-family: arial, helvetica, sans-serif;\">Versand<\/span><\/strong><\/span><\/td>\n<td style=\"width: 77.3204%; height: 24px;\"><span style=\"font-family: arial, helvetica, sans-serif; font-size: 12pt;\">Luft, See, Express<\/span><\/td>\n<\/tr>\n<\/tbody>\n<\/table>\n<p>&nbsp;<\/p>","protected":false},"featured_media":1748,"comment_status":"open","ping_status":"closed","template":"","meta":[],"product_brand":[],"product_cat":[32,30,35,18],"product_tag":[],"class_list":{"0":"post-373","1":"product","2":"type-product","3":"status-publish","4":"has-post-thumbnail","6":"product_cat-3c-packaging","7":"product_cat-cosmetics-packaging","8":"product_cat-mylar-bags","9":"product_cat-zipper-bags","11":"first","12":"instock","13":"shipping-taxable","14":"product-type-simple"},"_links":{"self":[{"href":"https:\/\/polysmarts.com\/de\/wp-json\/wp\/v2\/product\/373","targetHints":{"allow":["GET"]}}],"collection":[{"href":"https:\/\/polysmarts.com\/de\/wp-json\/wp\/v2\/product"}],"about":[{"href":"https:\/\/polysmarts.com\/de\/wp-json\/wp\/v2\/types\/product"}],"replies":[{"embeddable":true,"href":"https:\/\/polysmarts.com\/de\/wp-json\/wp\/v2\/comments?post=373"}],"version-history":[{"count":3,"href":"https:\/\/polysmarts.com\/de\/wp-json\/wp\/v2\/product\/373\/revisions"}],"predecessor-version":[{"id":1751,"href":"https:\/\/polysmarts.com\/de\/wp-json\/wp\/v2\/product\/373\/revisions\/1751"}],"wp:featuredmedia":[{"embeddable":true,"href":"https:\/\/polysmarts.com\/de\/wp-json\/wp\/v2\/media\/1748"}],"wp:attachment":[{"href":"https:\/\/polysmarts.com\/de\/wp-json\/wp\/v2\/media?parent=373"}],"wp:term":[{"taxonomy":"product_brand","embeddable":true,"href":"https:\/\/polysmarts.com\/de\/wp-json\/wp\/v2\/product_brand?post=373"},{"taxonomy":"product_cat","embeddable":true,"href":"https:\/\/polysmarts.com\/de\/wp-json\/wp\/v2\/product_cat?post=373"},{"taxonomy":"product_tag","embeddable":true,"href":"https:\/\/polysmarts.com\/de\/wp-json\/wp\/v2\/product_tag?post=373"}],"curies":[{"name":"wp","href":"https:\/\/api.w.org\/{rel}","templated":true}]}}