{"id":3640,"date":"2024-07-30T14:56:52","date_gmt":"2024-07-30T06:56:52","guid":{"rendered":"https:\/\/polysmarts.com\/?post_type=product&#038;p=3640"},"modified":"2024-10-04T02:39:48","modified_gmt":"2024-10-03T18:39:48","slug":"goldmetallische-mylar-standbeutel","status":"publish","type":"product","link":"https:\/\/polysmarts.com\/de\/product\/gold-metallic-mylar-stand-up-pouches\/","title":{"rendered":"Goldmetallic-Standbeutel aus Mylar"},"content":{"rendered":"<p>Entdecken Sie die perfekte L\u00f6sung f\u00fcr Ihre Gold Metallic Mylar Stand Up Pouches und hochwertigen Ziplock-Beutel. Diese Beutel sind f\u00fcr verschiedene Zwecke konzipiert und bieten bei sicherem Verschluss geruchsdichten Schutz, was sie ideal f\u00fcr eine Vielzahl von Anwendungen macht.<\/p>\n<p>Vielf\u00e4ltige Einsatzm\u00f6glichkeiten: Unsere Zip-Lock-Beutel eignen sich nicht nur zum Verpacken von Tee \u2013 sie sind perfekt f\u00fcr S\u00fc\u00dfigkeiten, Schmuck, Kekse, geruchsdichte Beh\u00e4lter, Sandwich-Aufbewahrung, Apothekenartikel, Snacks, frische Produkte, Probenaufbewahrung und mehr. Mit ihrem vielseitigen Design bieten diese Beutel zuverl\u00e4ssigen Schutz f\u00fcr alle Ihre Waren.<\/p>\n<p>Geruchsdichte Beutel in Premiumqualit\u00e4t: Unsere Beutel werden aus hochwertiger Aluminiumfolie hergestellt und sind au\u00dfergew\u00f6hnlich robust und belastbar. Sie behalten ihre Form auch nach wiederholtem Gebrauch. Sie weisen eine hervorragende Rei\u00dffestigkeit, Durchsto\u00dffestigkeit, Wasserbest\u00e4ndigkeit und allgemeine Stabilit\u00e4t auf und garantieren so die langfristige Lagerung Ihres Tees und anderer Produkte.<\/p>\n<p>Benutzerfreundlich und recycelbar: Unsere geruchsdichten Beutel sind nicht nur benutzerfreundlich, sondern auch recycelbar, sodass sie wiederholt verwendet werden k\u00f6nnen und gleichzeitig die Umweltbelastung minimiert wird. Der dichte Verschluss sorgt f\u00fcr Haltbarkeit und verhindert Auslaufen, w\u00e4hrend das matte Sichtfenster in der Mitte es Ihnen erm\u00f6glicht, den Inhalt zu identifizieren, ohne den Verschluss zu beeintr\u00e4chtigen. \u00d6ffnen und verschlie\u00dfen Sie den Rei\u00dfverschluss ganz einfach, um Frische zu gew\u00e4hrleisten und Auslaufen zu verhindern.<\/p>\n<p>Wiederverschlie\u00dfbare Zip-Lock-Beutel: Ausgestattet mit einem Verschlussstreifen erm\u00f6glichen unsere wiederverschlie\u00dfbaren Beutel ein problemloses \u00d6ffnen und Schlie\u00dfen und bieten zus\u00e4tzlichen Komfort f\u00fcr den t\u00e4glichen Gebrauch. Diese Beutel sind perfekt geeignet, um h\u00e4ufig verwendete Gegenst\u00e4nde vor Insekten, Ger\u00fcchen, Feuchtigkeit und mehr zu sch\u00fctzen und eignen sich ideal zur Aufbewahrung von Gew\u00fcrzen, N\u00fcssen, Keksen, M\u00fcsli, Kaffeebohnen, Leckereien f\u00fcr Haustiere und mehr.<\/p>\n<p>Zusammenfassend l\u00e4sst sich sagen, dass unsere kundenspezifischen, umweltfreundlichen Teeverpackungen die perfekte Mischung aus Vielseitigkeit, Haltbarkeit und Nachhaltigkeit bieten. Heben Sie Ihre Marke hervor und bieten Sie Ihrem Tee und anderen Waren mit diesen hochwertigen Druckverschlussbeuteln zuverl\u00e4ssigen Schutz, sodass bei jedem Gebrauch Frische und Komfort gew\u00e4hrleistet sind.<\/p>","protected":false},"excerpt":{"rendered":"<table style=\"height: 360px; width: 99.8505%; border-collapse: collapse;\" border=\"2\">\n<tbody>\n<tr style=\"height: 40px;\">\n<td style=\"width: 22.6796%; height: 30px; background-color: #99ccff;\"><span style=\"font-family: arial, helvetica, sans-serif; font-size: 12pt;\"><strong>Dimension &amp; Stil<\/strong><\/span><\/td>\n<td style=\"width: 77.3204%; height: 30px; background-color: #99ccff;\"><span style=\"font-family: arial, helvetica, sans-serif; font-size: 12pt;\">Benutzerdefinierte Formen und Gr\u00f6\u00dfen<\/span><\/td>\n<\/tr>\n<tr style=\"height: 40px;\">\n<td style=\"width: 22.6796%; height: 34px; background-color: #ebebeb;\"><span style=\"font-size: 12pt;\"><strong><span style=\"font-family: arial, helvetica, sans-serif;\">Mindestbestellmenge<\/span><\/strong><\/span><\/td>\n<td style=\"width: 77.3204%; height: 34px; background-color: #ebebeb;\"><span style=\"font-family: arial, helvetica, sans-serif; font-size: 12pt;\">1000 St\u00fcck ohne Anpassung, 10000 St\u00fcck zur Anpassung<\/span><\/td>\n<\/tr>\n<tr style=\"height: 40px; background-color: #99ccff;\">\n<td style=\"width: 22.6796%; height: 24px;\"><span style=\"font-size: 12pt;\"><strong><span style=\"font-family: arial, helvetica, sans-serif;\">Verpackungsart<\/span><\/strong><\/span><\/td>\n<td style=\"width: 77.3204%; height: 24px;\"><span style=\"font-family: arial, helvetica, sans-serif; font-size: 12pt;\">Standbodenbeutel<\/span><\/td>\n<\/tr>\n<tr style=\"height: 40px; background-color: #ebebeb;\">\n<td style=\"width: 22.6796%; height: 24px;\"><span style=\"font-size: 12pt;\"><strong><span style=\"font-family: arial, helvetica, sans-serif;\">Drucken<\/span><\/strong><\/span><\/td>\n<td style=\"width: 77.3204%; height: 24px;\"><span style=\"font-family: arial, helvetica, sans-serif; font-size: 12pt;\">CMYK (1 \u2013 10 Farben), kein Druck (Normal)<\/span><\/td>\n<\/tr>\n<tr style=\"height: 40px; background-color: #99ccff;\">\n<td style=\"width: 22.6796%; height: 24px;\"><span style=\"font-size: 12pt;\"><strong><span style=\"font-family: arial, helvetica, sans-serif;\">Fertigstellung<\/span><\/strong><\/span><\/td>\n<td style=\"width: 77.3204%; height: 24px;\"><span style=\"font-family: arial, helvetica, sans-serif; font-size: 12pt;\">Glanz-\/Matt-Laminierung, Offsetdruck<\/span><\/td>\n<\/tr>\n<tr style=\"height: 40px; background-color: #ebebeb;\">\n<td style=\"width: 22.6796%; height: 24px;\"><span style=\"font-size: 12pt;\"><strong><span style=\"font-family: arial, helvetica, sans-serif;\">Enthaltene Optionen<\/span><\/strong><\/span><\/td>\n<td style=\"width: 77.3204%; height: 24px;\"><span style=\"font-family: arial, helvetica, sans-serif; font-size: 12pt;\">Stanzen, Hei\u00dfsiegeln<\/span><\/td>\n<\/tr>\n<tr style=\"height: 40px; background-color: #99ccff;\">\n<td style=\"width: 22.6796%; height: 24px;\"><span style=\"font-size: 12pt;\"><strong><span style=\"font-family: arial, helvetica, sans-serif;\">Nachweisen<\/span><\/strong><\/span><\/td>\n<td style=\"width: 77.3204%; height: 24px;\"><span style=\"font-family: arial, helvetica, sans-serif; font-size: 12pt;\">Geruchsbeweise\u00a0<\/span><\/td>\n<\/tr>\n<tr style=\"height: 40px; background-color: #ebebeb;\">\n<td style=\"width: 22.6796%; height: 24px;\"><span style=\"font-size: 12pt;\"><strong><span style=\"font-family: arial, helvetica, sans-serif;\">Seitenwechsel<\/span><\/strong><\/span><\/td>\n<td style=\"width: 77.3204%; height: 24px;\"><span style=\"font-family: arial, helvetica, sans-serif; font-size: 12pt;\">7 \u2013 15 Werktage, Eilzustellung<\/span><\/td>\n<\/tr>\n<tr style=\"height: 40px; background-color: #99ccff;\">\n<td style=\"width: 22.6796%; height: 24px;\"><span style=\"font-size: 12pt;\"><strong><span style=\"font-family: arial, helvetica, sans-serif;\">Versand<\/span><\/strong><\/span><\/td>\n<td style=\"width: 77.3204%; height: 24px;\"><span style=\"font-family: arial, helvetica, sans-serif; font-size: 12pt;\">Luft, See, Express<\/span><\/td>\n<\/tr>\n<\/tbody>\n<\/table>\n<p>&nbsp;<\/p>","protected":false},"featured_media":3641,"comment_status":"open","ping_status":"closed","template":"","meta":[],"product_brand":[],"product_cat":[26,35,18],"product_tag":[],"class_list":{"0":"post-3640","1":"product","2":"type-product","3":"status-publish","4":"has-post-thumbnail","6":"product_cat-food-packaging","7":"product_cat-mylar-bags","8":"product_cat-zipper-bags","10":"first","11":"instock","12":"shipping-taxable","13":"product-type-simple"},"_links":{"self":[{"href":"https:\/\/polysmarts.com\/de\/wp-json\/wp\/v2\/product\/3640","targetHints":{"allow":["GET"]}}],"collection":[{"href":"https:\/\/polysmarts.com\/de\/wp-json\/wp\/v2\/product"}],"about":[{"href":"https:\/\/polysmarts.com\/de\/wp-json\/wp\/v2\/types\/product"}],"replies":[{"embeddable":true,"href":"https:\/\/polysmarts.com\/de\/wp-json\/wp\/v2\/comments?post=3640"}],"version-history":[{"count":2,"href":"https:\/\/polysmarts.com\/de\/wp-json\/wp\/v2\/product\/3640\/revisions"}],"predecessor-version":[{"id":3646,"href":"https:\/\/polysmarts.com\/de\/wp-json\/wp\/v2\/product\/3640\/revisions\/3646"}],"wp:featuredmedia":[{"embeddable":true,"href":"https:\/\/polysmarts.com\/de\/wp-json\/wp\/v2\/media\/3641"}],"wp:attachment":[{"href":"https:\/\/polysmarts.com\/de\/wp-json\/wp\/v2\/media?parent=3640"}],"wp:term":[{"taxonomy":"product_brand","embeddable":true,"href":"https:\/\/polysmarts.com\/de\/wp-json\/wp\/v2\/product_brand?post=3640"},{"taxonomy":"product_cat","embeddable":true,"href":"https:\/\/polysmarts.com\/de\/wp-json\/wp\/v2\/product_cat?post=3640"},{"taxonomy":"product_tag","embeddable":true,"href":"https:\/\/polysmarts.com\/de\/wp-json\/wp\/v2\/product_tag?post=3640"}],"curies":[{"name":"wp","href":"https:\/\/api.w.org\/{rel}","templated":true}]}}