{"id":3527,"date":"2024-07-15T11:40:28","date_gmt":"2024-07-15T03:40:28","guid":{"rendered":"https:\/\/polysmarts.com\/?post_type=product&#038;p=3527"},"modified":"2024-10-04T02:39:48","modified_gmt":"2024-10-03T18:39:48","slug":"klare-weise-zip-lock-beutel-fur-mobiltelefone-mit-loch-zum-aufhangen-9","status":"publish","type":"product","link":"https:\/\/polysmarts.com\/de\/product\/3c-phone-case-bags-usb-cable-packaging\/","title":{"rendered":"3c Handyh\u00fcllen Taschen USB-Kabel Verpackung"},"content":{"rendered":"<h3><strong>Anpassbare 3c-Telefonh\u00fcllen-Taschen USB-Kabelverpackung<\/strong><\/h3>\n<p class=\"whitespace-pre-wrap break-words\"><strong>Sch\u00fctzen und organisieren Sie Ihr elektronisches 3C-Zubeh\u00f6r mit unseren vielseitigen, hochwertigen Verpackungstaschen:<\/strong><\/p>\n<ol class=\"-mt-1 list-decimal space-y-2 pl-8\">\n<li class=\"whitespace-normal break-words\">Doppelte Versiegelungsoptionen:\n<ul class=\"-mt-1 list-disc space-y-2 pl-8\">\n<li class=\"whitespace-normal break-words\">Manueller Rei\u00dfverschluss f\u00fcr schnellen Zugriff<\/li>\n<li class=\"whitespace-normal break-words\">Hei\u00dfsiegelbarer oberer Abschnitt f\u00fcr erh\u00f6hte Sicherheit<\/li>\n<\/ul>\n<\/li>\n<li class=\"whitespace-normal break-words\">Benutzerfreundliches Design:\n<ul class=\"-mt-1 list-disc space-y-2 pl-8\">\n<li class=\"whitespace-normal break-words\">Einfacher \u00d6ffnungs- und Schlie\u00dfmechanismus<\/li>\n<li class=\"whitespace-normal break-words\">Transparentes Fenster f\u00fcr die schnelle Sichtbarkeit des Inhalts<\/li>\n<li class=\"whitespace-normal break-words\">Robuster Rei\u00dfverschluss verhindert Auslaufen und bewahrt den Inhalt<\/li>\n<\/ul>\n<\/li>\n<li class=\"whitespace-normal break-words\">Hochwertige Materialien:\n<ul class=\"-mt-1 list-disc space-y-2 pl-8\">\n<li class=\"whitespace-normal break-words\">Robuste Konstruktion aus lebensmittelechtem Polyethylen<\/li>\n<li class=\"whitespace-normal break-words\">Ungiftig und sicher zur Aufbewahrung verschiedener Gegenst\u00e4nde<\/li>\n<\/ul>\n<\/li>\n<li class=\"whitespace-normal break-words\">Anpassung verf\u00fcgbar:\n<ul class=\"-mt-1 list-disc space-y-2 pl-8\">\n<li class=\"whitespace-normal break-words\">Flexible Gr\u00f6\u00dfenoptionen passend zu Ihren Anforderungen<\/li>\n<li class=\"whitespace-normal break-words\">Logodruck zur Markendarstellung<\/li>\n<\/ul>\n<\/li>\n<li class=\"whitespace-normal break-words\">Ideal f\u00fcr 3C-Elektronik:\n<ul class=\"-mt-1 list-disc space-y-2 pl-8\">\n<li class=\"whitespace-normal break-words\">Perfekt f\u00fcr Kopfh\u00f6rer, Datenkabel, USB-Sticks und mehr<\/li>\n<\/ul>\n<\/li>\n<\/ol>\n<p class=\"whitespace-pre-wrap break-words\">Kontaktieren Sie uns noch heute, um Ihre individuellen Gr\u00f6\u00dfenanforderungen und Branding-Optionen zu besprechen. Werten Sie die Verpackung Ihres elektronischen Zubeh\u00f6rs mit unseren zuverl\u00e4ssigen, wiederverwendbaren Taschen auf.\u201c<\/p>\n<p class=\"whitespace-pre-wrap break-words\">Die Ziele dieser \u00fcberarbeiteten Version sind:<\/p>\n<ul class=\"-mt-1 list-disc space-y-2 pl-8\">\n<li class=\"whitespace-normal break-words\">Heben Sie die Hauptmerkmale des Produkts deutlicher hervor<\/li>\n<li class=\"whitespace-normal break-words\">Verwenden Sie eine professionellere und ansprechendere Sprache<\/li>\n<li class=\"whitespace-normal break-words\">Organisieren Sie Informationen in einem besser lesbaren Format<\/li>\n<li class=\"whitespace-normal break-words\">Fokus auf den Kundennutzen<\/li>\n<\/ul>","protected":false},"excerpt":{"rendered":"<table style=\"height: 360px; width: 99.8505%; border-collapse: collapse;\" border=\"2\">\n<tbody>\n<tr style=\"height: 40px;\">\n<td style=\"width: 22.6796%; height: 30px; background-color: #99ccff;\"><span style=\"font-family: arial, helvetica, sans-serif; font-size: 12pt;\"><strong>Dimension &amp; Stil<\/strong><\/span><\/td>\n<td style=\"width: 77.3204%; height: 30px; background-color: #99ccff;\"><span style=\"font-family: arial, helvetica, sans-serif; font-size: 12pt;\">Benutzerdefinierte Formen und Gr\u00f6\u00dfen<\/span><\/td>\n<\/tr>\n<tr style=\"height: 40px;\">\n<td style=\"width: 22.6796%; height: 34px; background-color: #ebebeb;\"><span style=\"font-size: 12pt;\"><strong><span style=\"font-family: arial, helvetica, sans-serif;\">Mindestbestellmenge<\/span><\/strong><\/span><\/td>\n<td style=\"width: 77.3204%; height: 34px; background-color: #ebebeb;\"><span style=\"font-family: arial, helvetica, sans-serif; font-size: 12pt;\">1000 St\u00fcck ohne Anpassung, 10000 St\u00fcck zur Anpassung<\/span><\/td>\n<\/tr>\n<tr style=\"height: 40px; background-color: #99ccff;\">\n<td style=\"width: 22.6796%; height: 24px;\"><span style=\"font-size: 12pt;\"><strong><span style=\"font-family: arial, helvetica, sans-serif;\">Verpackungsart<\/span><\/strong><\/span><\/td>\n<td style=\"width: 77.3204%; height: 24px;\"><span style=\"font-family: arial, helvetica, sans-serif; font-size: 12pt;\">3C Packaging Bags<\/span><\/td>\n<\/tr>\n<tr style=\"height: 40px; background-color: #ebebeb;\">\n<td style=\"width: 22.6796%; height: 24px;\"><span style=\"font-size: 12pt;\"><strong><span style=\"font-family: arial, helvetica, sans-serif;\">Drucken<\/span><\/strong><\/span><\/td>\n<td style=\"width: 77.3204%; height: 24px;\"><span style=\"font-family: arial, helvetica, sans-serif; font-size: 12pt;\">CMYK (1 \u2013 10 Farben nach Ihren W\u00fcnschen), kein Druck (Normal)<\/span><\/td>\n<\/tr>\n<tr style=\"height: 40px; background-color: #99ccff;\">\n<td style=\"width: 22.6796%; height: 24px;\"><span style=\"font-size: 12pt;\"><strong><span style=\"font-family: arial, helvetica, sans-serif;\">Fertigstellung<\/span><\/strong><\/span><\/td>\n<td style=\"width: 77.3204%; height: 24px;\"><span style=\"font-family: arial, helvetica, sans-serif; font-size: 12pt;\">Glanzkaschierung, Offsetdruck<\/span><\/td>\n<\/tr>\n<tr style=\"height: 40px; background-color: #ebebeb;\">\n<td style=\"width: 22.6796%; height: 24px;\"><span style=\"font-size: 12pt;\"><strong><span style=\"font-family: arial, helvetica, sans-serif;\">Material<\/span><\/strong><\/span><\/td>\n<td style=\"width: 77.3204%; height: 24px;\"><span style=\"font-family: arial, helvetica, sans-serif; font-size: 12pt;\">OPP\/VMPET\/CPP<\/span><\/td>\n<\/tr>\n<tr style=\"height: 40px; background-color: #99ccff;\">\n<td style=\"width: 22.6796%; height: 24px;\"><span style=\"font-size: 12pt;\"><strong><span style=\"font-family: arial, helvetica, sans-serif;\">Besonderheit<\/span><\/strong><\/span><\/td>\n<td style=\"width: 77.3204%; height: 24px;\"><span style=\"font-family: arial, helvetica, sans-serif; font-size: 12pt;\">Wasserdicht und wiederverschlie\u00dfbar<\/span><\/td>\n<\/tr>\n<tr style=\"height: 40px; background-color: #ebebeb;\">\n<td style=\"width: 22.6796%; height: 24px;\"><span style=\"font-size: 12pt;\"><strong><span style=\"font-family: arial, helvetica, sans-serif;\">Seitenwechsel<\/span><\/strong><\/span><\/td>\n<td style=\"width: 77.3204%; height: 24px;\"><span style=\"font-family: arial, helvetica, sans-serif; font-size: 12pt;\">7 \u2013 15 Werktage, Eilzustellung<\/span><\/td>\n<\/tr>\n<tr style=\"height: 40px; background-color: #99ccff;\">\n<td style=\"width: 22.6796%; height: 24px;\"><span style=\"font-size: 12pt;\"><strong><span style=\"font-family: arial, helvetica, sans-serif;\">Versand<\/span><\/strong><\/span><\/td>\n<td style=\"width: 77.3204%; height: 24px;\"><span style=\"font-family: arial, helvetica, sans-serif; font-size: 12pt;\">Luft, See, Express<\/span><\/td>\n<\/tr>\n<\/tbody>\n<\/table>\n<p>&nbsp;<\/p>","protected":false},"featured_media":3531,"comment_status":"open","ping_status":"closed","template":"","meta":[],"product_brand":[],"product_cat":[32,18],"product_tag":[],"class_list":{"0":"post-3527","1":"product","2":"type-product","3":"status-publish","4":"has-post-thumbnail","6":"product_cat-3c-packaging","7":"product_cat-zipper-bags","9":"first","10":"instock","11":"shipping-taxable","12":"product-type-simple"},"_links":{"self":[{"href":"https:\/\/polysmarts.com\/de\/wp-json\/wp\/v2\/product\/3527","targetHints":{"allow":["GET"]}}],"collection":[{"href":"https:\/\/polysmarts.com\/de\/wp-json\/wp\/v2\/product"}],"about":[{"href":"https:\/\/polysmarts.com\/de\/wp-json\/wp\/v2\/types\/product"}],"replies":[{"embeddable":true,"href":"https:\/\/polysmarts.com\/de\/wp-json\/wp\/v2\/comments?post=3527"}],"version-history":[{"count":2,"href":"https:\/\/polysmarts.com\/de\/wp-json\/wp\/v2\/product\/3527\/revisions"}],"predecessor-version":[{"id":3535,"href":"https:\/\/polysmarts.com\/de\/wp-json\/wp\/v2\/product\/3527\/revisions\/3535"}],"wp:featuredmedia":[{"embeddable":true,"href":"https:\/\/polysmarts.com\/de\/wp-json\/wp\/v2\/media\/3531"}],"wp:attachment":[{"href":"https:\/\/polysmarts.com\/de\/wp-json\/wp\/v2\/media?parent=3527"}],"wp:term":[{"taxonomy":"product_brand","embeddable":true,"href":"https:\/\/polysmarts.com\/de\/wp-json\/wp\/v2\/product_brand?post=3527"},{"taxonomy":"product_cat","embeddable":true,"href":"https:\/\/polysmarts.com\/de\/wp-json\/wp\/v2\/product_cat?post=3527"},{"taxonomy":"product_tag","embeddable":true,"href":"https:\/\/polysmarts.com\/de\/wp-json\/wp\/v2\/product_tag?post=3527"}],"curies":[{"name":"wp","href":"https:\/\/api.w.org\/{rel}","templated":true}]}}