{"id":3173,"date":"2024-05-11T08:20:25","date_gmt":"2024-05-11T08:20:25","guid":{"rendered":"https:\/\/polysmarts.com\/?post_type=product&#038;p=3173"},"modified":"2025-10-14T09:34:38","modified_gmt":"2025-10-14T01:34:38","slug":"durchsichtige-einseitige-frost-reisverschlusstasche-fur-kleidung","status":"publish","type":"product","link":"https:\/\/polysmarts.com\/de\/product\/clear-one-side-frost-zipper-bag-for-clothing\/","title":{"rendered":"Klare einseitige Frost-Rei\u00dfverschlusstasche f\u00fcr Kleidung"},"content":{"rendered":"<p class=\"whitespace-pre-wrap break-words\">Erweitern Sie Ihre Aufbewahrungs- und Organisationsl\u00f6sungen mit unserer transparenten, einseitig frostigen Rei\u00dfverschlusstasche f\u00fcr Kleidung. Diese Taschen wurden aus hochwertigen Materialien und mit innovativen Funktionen entworfen und bieten eine bequeme und praktische M\u00f6glichkeit, Ihre Sachen zu sch\u00fctzen und gleichzeitig ordentlich zu verstauen.<\/p>\n<p class=\"whitespace-pre-wrap break-words\">Hauptmerkmale:<\/p>\n<ol class=\"list-decimal pl-8 space-y-2 -mt-1\">\n<li class=\"whitespace-normal break-words\">Hochwertiges Material: Diese Black Frost-Rei\u00dfverschlusstaschen f\u00fcr Kleidung sind aus hervorragendem CPE-Material gefertigt und sind weich, flexibel, umweltfreundlich, leicht und langlebig f\u00fcr den dauerhaften Gebrauch. Das Material sorgt daf\u00fcr, dass Ihre Gegenst\u00e4nde sauber und staubfrei bleiben und bietet hervorragenden Schutz.<\/li>\n<li class=\"whitespace-normal break-words\">Wiederverschlie\u00dfbares Rei\u00dfverschlussdesign: Alle Ziplock-Beutel f\u00fcr Kleidung verf\u00fcgen \u00fcber stabile, wiederverschlie\u00dfbare Rei\u00dfverschl\u00fcsse, die einen einfachen Zugriff und einen sicheren Verschluss erm\u00f6glichen. Schieben Sie einfach den Rei\u00dfverschluss, um den Beutel zu \u00f6ffnen oder zu verschlie\u00dfen, und stellen Sie sicher, dass Ihre Sachen sicher aufbewahrt bleiben. Jeder Ziplock-Aufbewahrungsbeutel verf\u00fcgt au\u00dferdem \u00fcber ein Bel\u00fcftungslochdesign, das die Atmungsaktivit\u00e4t f\u00f6rdert und Ihre Sachen frisch h\u00e4lt.<\/li>\n<li class=\"whitespace-normal break-words\">Mattiertes Design: Durch die undurchsichtige Oberfl\u00e4che auf einer Seite der Tasche k\u00f6nnen Sie den Inhalt leicht sehen, sodass Sie jedes Outfit m\u00fchelos in einer separaten Tasche verstauen k\u00f6nnen. Dieses Design spart nicht nur Platz in Ihrem Gep\u00e4ck, sondern erleichtert auch das Tragen und Aufbewahren Ihrer Gegenst\u00e4nde.<\/li>\n<li class=\"whitespace-normal break-words\">Vielf\u00e4ltige Anwendungsm\u00f6glichkeiten: Unsere mattierten Ziplock-Kleiderbeutel sind vielseitig einsetzbar und eignen sich zur Aufbewahrung einer Vielzahl von Reiseartikeln, darunter Unterw\u00e4sche, Handt\u00fccher, Schuhe, Kleidung, Kosmetika, Toilettenartikel und mehr. Egal, ob Sie auf Reisen sind oder zu Hause Ordnung schaffen, diese Rei\u00dfverschlusstaschen f\u00fcr Kleidung sind eine ideale L\u00f6sung, um Ihre Sachen ordentlich aufzubewahren und zu sch\u00fctzen.<\/li>\n<li class=\"whitespace-normal break-words\">Praktisches Paket: Sie erhalten insgesamt 100 Reiseaufbewahrungsbeutel mit Rei\u00dfverschl\u00fcssen, erh\u00e4ltlich in zwei Gr\u00f6\u00dfenoptionen: 25 x 35 cm (9,8 x 13,4 Zoll) und 30 x 40 cm (11,8 x 15,7 Zoll). Diese Gr\u00f6\u00dfenvielfalt stellt sicher, dass Sie die perfekte Tasche f\u00fcr alle Ihre Aufbewahrungsbed\u00fcrfnisse haben.<\/li>\n<\/ol>\n<p class=\"whitespace-pre-wrap break-words\">Erleben Sie den Komfort und die Effizienz unserer transparenten, einseitig frostsicheren Rei\u00dfverschlusstasche f\u00fcr Kleidung. Sch\u00fctzen Sie Ihre Sachen, sorgen Sie f\u00fcr Ordnung und genie\u00dfen Sie eine aufger\u00e4umte Umgebung mit diesen erstklassigen Aufbewahrungsl\u00f6sungen.<\/p>","protected":false},"excerpt":{"rendered":"<table style=\"height: 360px; width: 99.8505%; border-collapse: collapse;\" border=\"2\">\n<tbody>\n<tr style=\"height: 40px;\">\n<td style=\"width: 38.0988%; height: 30px; background-color: #99ccff;\"><span style=\"font-family: arial, helvetica, sans-serif; font-size: 12pt;\"><strong>Dimension &amp; Stil<\/strong><\/span><\/td>\n<td style=\"width: 61.9012%; height: 30px; background-color: #99ccff;\"><span style=\"font-family: arial, helvetica, sans-serif; font-size: 12pt;\">25*35\/ 30*40cm<\/span><\/td>\n<\/tr>\n<tr style=\"height: 40px;\">\n<td style=\"width: 38.0988%; height: 34px; background-color: #ebebeb;\"><span style=\"font-size: 12pt;\"><strong><span style=\"font-family: arial, helvetica, sans-serif;\">Gewicht von 1 Packung = 100 St\u00fcck<\/span><\/strong><\/span><\/td>\n<td style=\"width: 61.9012%; height: 34px; background-color: #ebebeb;\"><span style=\"font-family: arial, helvetica, sans-serif; font-size: 12pt;\">Etwa 1,26\/1,73 kg<\/span><\/td>\n<\/tr>\n<tr style=\"height: 40px; background-color: #99ccff;\">\n<td style=\"width: 38.0988%; height: 24px;\"><span style=\"font-size: 12pt;\"><strong><span style=\"font-family: arial, helvetica, sans-serif;\">Verpackungsart<\/span><\/strong><\/span><\/td>\n<td style=\"width: 61.9012%; height: 24px;\"><span style=\"font-family: arial, helvetica, sans-serif; font-size: 12pt;\">Rei\u00dfverschlusstasche f\u00fcr Kleidung<\/span><\/td>\n<\/tr>\n<tr style=\"height: 40px; background-color: #ebebeb;\">\n<td style=\"width: 38.0988%; height: 24px;\"><span style=\"font-size: 12pt;\"><strong><span style=\"font-family: arial, helvetica, sans-serif;\">Dicke<\/span><\/strong><\/span><\/td>\n<td style=\"width: 61.9012%; height: 24px;\"><span style=\"font-family: arial, helvetica, sans-serif; font-size: 12pt;\">60 Mikrometer<\/span><\/td>\n<\/tr>\n<tr style=\"height: 40px; background-color: #99ccff;\">\n<td style=\"width: 38.0988%; height: 24px;\"><span style=\"font-size: 12pt;\"><strong><span style=\"font-family: arial, helvetica, sans-serif;\">Fertigstellung<\/span><\/strong><\/span><\/td>\n<td style=\"width: 61.9012%; height: 24px;\"><span style=\"font-family: arial, helvetica, sans-serif; font-size: 12pt;\">Klar<\/span><\/td>\n<\/tr>\n<tr style=\"height: 40px; background-color: #ebebeb;\">\n<td style=\"width: 38.0988%; height: 24px;\"><span style=\"font-size: 12pt;\"><strong><span style=\"font-family: arial, helvetica, sans-serif;\">Material<\/span><\/strong><\/span><\/td>\n<td style=\"width: 61.9012%; height: 24px;\"><span style=\"font-family: arial, helvetica, sans-serif; font-size: 12pt;\">CPE<\/span><\/td>\n<\/tr>\n<tr style=\"height: 40px; background-color: #99ccff;\">\n<td style=\"width: 38.0988%; height: 24px;\"><span style=\"font-size: 12pt;\"><strong><span style=\"font-family: arial, helvetica, sans-serif;\">Nachweisen<\/span><\/strong><\/span><\/td>\n<td style=\"width: 61.9012%; height: 24px;\"><span style=\"font-family: arial, helvetica, sans-serif; font-size: 12pt;\">Feuchtigkeitsbest\u00e4ndig<\/span><\/td>\n<\/tr>\n<tr style=\"height: 40px; background-color: #ebebeb;\">\n<td style=\"width: 38.0988%; height: 24px;\"><span style=\"font-size: 12pt;\"><strong><span style=\"font-family: arial, helvetica, sans-serif;\">Lieferdauer<\/span><\/strong><\/span><\/td>\n<td style=\"width: 61.9012%; height: 24px;\"><span style=\"font-family: arial, helvetica, sans-serif; font-size: 12pt;\">7 \u2013 15 Werktage, Eilzustellung<\/span><\/td>\n<\/tr>\n<tr style=\"height: 40px; background-color: #99ccff;\">\n<td style=\"width: 38.0988%; height: 24px;\"><span style=\"font-size: 12pt;\"><strong><span style=\"font-family: arial, helvetica, sans-serif;\">Versandart<\/span><\/strong><\/span><\/td>\n<td style=\"width: 61.9012%; height: 24px;\"><span style=\"font-family: arial, helvetica, sans-serif; font-size: 12pt;\">\u00c4u\u00dfern<\/span><\/td>\n<\/tr>\n<\/tbody>\n<\/table>\n<p>&nbsp;<\/p>","protected":false},"featured_media":3174,"comment_status":"open","ping_status":"closed","template":"","meta":[],"product_brand":[],"product_cat":[64],"product_tag":[],"class_list":{"0":"post-3173","1":"product","2":"type-product","3":"status-publish","4":"has-post-thumbnail","6":"product_cat-stock-pouches","8":"first","9":"instock","10":"shipping-taxable","11":"purchasable","12":"product-type-variable"},"_links":{"self":[{"href":"https:\/\/polysmarts.com\/de\/wp-json\/wp\/v2\/product\/3173","targetHints":{"allow":["GET"]}}],"collection":[{"href":"https:\/\/polysmarts.com\/de\/wp-json\/wp\/v2\/product"}],"about":[{"href":"https:\/\/polysmarts.com\/de\/wp-json\/wp\/v2\/types\/product"}],"replies":[{"embeddable":true,"href":"https:\/\/polysmarts.com\/de\/wp-json\/wp\/v2\/comments?post=3173"}],"version-history":[{"count":1,"href":"https:\/\/polysmarts.com\/de\/wp-json\/wp\/v2\/product\/3173\/revisions"}],"predecessor-version":[{"id":3183,"href":"https:\/\/polysmarts.com\/de\/wp-json\/wp\/v2\/product\/3173\/revisions\/3183"}],"wp:featuredmedia":[{"embeddable":true,"href":"https:\/\/polysmarts.com\/de\/wp-json\/wp\/v2\/media\/3174"}],"wp:attachment":[{"href":"https:\/\/polysmarts.com\/de\/wp-json\/wp\/v2\/media?parent=3173"}],"wp:term":[{"taxonomy":"product_brand","embeddable":true,"href":"https:\/\/polysmarts.com\/de\/wp-json\/wp\/v2\/product_brand?post=3173"},{"taxonomy":"product_cat","embeddable":true,"href":"https:\/\/polysmarts.com\/de\/wp-json\/wp\/v2\/product_cat?post=3173"},{"taxonomy":"product_tag","embeddable":true,"href":"https:\/\/polysmarts.com\/de\/wp-json\/wp\/v2\/product_tag?post=3173"}],"curies":[{"name":"wp","href":"https:\/\/api.w.org\/{rel}","templated":true}]}}