{"id":3164,"date":"2024-05-10T08:39:48","date_gmt":"2024-05-10T08:39:48","guid":{"rendered":"https:\/\/polysmarts.com\/?post_type=product&#038;p=3164"},"modified":"2024-05-10T08:49:26","modified_gmt":"2024-05-10T08:49:26","slug":"benutzerdefinierte-einkaufstasche-geschenk-lackierung-papiertute","status":"publish","type":"product","link":"https:\/\/polysmarts.com\/de\/product\/custom-shopping-tote-gift-varnishing-paper-bag\/","title":{"rendered":"Benutzerdefinierte Einkaufstasche Geschenk Lackierung Papiert\u00fcte"},"content":{"rendered":"<p class=\"whitespace-pre-wrap break-words\">Werten Sie Ihr Branding und Ihr Geschenkerlebnis auf mit unserer individuell gestalteten Einkaufstasche mit Lackierpapier. Diese hochwertigen Papiert\u00fcten vereinen Stil, Funktionalit\u00e4t und Umweltfreundlichkeit und sind somit die perfekte Wahl f\u00fcr Ihre gesch\u00e4ftlichen oder pers\u00f6nlichen Geschenkbed\u00fcrfnisse.<\/p>\n<p class=\"whitespace-pre-wrap break-words\">Hauptmerkmale:<\/p>\n<ol class=\"list-decimal pl-8 space-y-2 -mt-1\">\n<li class=\"whitespace-normal break-words\">Hochwertige und umweltfreundliche Materialien: Unsere Geschenkt\u00fcten werden aus hochwertigem, 260 g\/m\u00b2 starkem Naturpapier hergestellt, was Haltbarkeit und Langlebigkeit gew\u00e4hrleistet. Dar\u00fcber hinaus ist das Papier recycelbar und umweltfreundlich, was Ihrem Engagement f\u00fcr Nachhaltigkeit entspricht.<\/li>\n<li class=\"whitespace-normal break-words\">Robust und wiederverwendbar: Diese Taschen werden aus hochwertigen Materialien hergestellt, sind robust und langlebig und k\u00f6nnen vielseitig verwendet werden. Ob als Geschenk oder zum Einkaufen, diese Taschen halten den Anforderungen von Transport und Handhabung stand und sorgen daf\u00fcr, dass Ihre Artikel in makellosem Zustand ankommen.<\/li>\n<li class=\"whitespace-normal break-words\">Griffband und Seidenpapier: Jede Tasche verf\u00fcgt \u00fcber einen verbreiterten Griffband, mit dem Sie schwere Gegenst\u00e4nde bequem tragen k\u00f6nnen. Dar\u00fcber hinaus enth\u00e4lt jede Tasche zwei St\u00fccke Seidenpapier \u2013 ein wei\u00dfes und ein schwarzes gestreiftes \u2013, das f\u00fcr zus\u00e4tzliche Eleganz sorgt und daf\u00fcr sorgt, dass Ihre Geschenke optimal aussehen.<\/li>\n<li class=\"whitespace-normal break-words\">Anpassungsoptionen: Personalisieren Sie Ihre Taschen mit Ihrem eigenen Logo, Design oder Ihrer eigenen Nachricht mithilfe unserer individuellen Druckdienste. Mit dieser Funktion k\u00f6nnen Sie wirklich einzigartige und markenbezogene Verpackungen erstellen, die zu Ihrer Markenidentit\u00e4t oder Ihrem Veranstaltungsthema passen und bei Ihren Kunden oder Empf\u00e4ngern einen bleibenden Eindruck hinterlassen.<\/li>\n<li class=\"whitespace-normal break-words\">Vielseitige Anwendungen: Diese Papiert\u00fcten k\u00f6nnen f\u00fcr eine Vielzahl von Zwecken und zu verschiedenen Anl\u00e4ssen verwendet werden, z. B. zum Verpacken von Brot, Lebensmitteln, B\u00fcchern oder als Geschenkt\u00fcten f\u00fcr Kleidung, Spielzeug, Blumen und mehr. Sie eignen sich perfekt f\u00fcr Hochzeiten, Geburtstagsfeiern, Babypartys, Themenpartys, kleine Unternehmen, Superm\u00e4rkte, Lebensmittelgesch\u00e4fte und viele andere Veranstaltungen und Einrichtungen.<\/li>\n<\/ol>","protected":false},"excerpt":{"rendered":"<table style=\"height: 360px; width: 99.8505%; border-collapse: collapse;\" border=\"2\">\n<tbody>\n<tr style=\"height: 40px;\">\n<td style=\"width: 22.6796%; height: 30px; background-color: #99ccff;\"><span style=\"font-family: arial, helvetica, sans-serif; font-size: 12pt;\"><strong>Dimension &amp; Stil<\/strong><\/span><\/td>\n<td style=\"width: 77.3204%; height: 30px; background-color: #99ccff;\"><span style=\"font-family: arial, helvetica, sans-serif; font-size: 12pt;\">Benutzerdefinierte Formen und Gr\u00f6\u00dfen<\/span><\/td>\n<\/tr>\n<tr style=\"height: 40px;\">\n<td style=\"width: 22.6796%; height: 34px; background-color: #ebebeb;\"><span style=\"font-size: 12pt;\"><strong><span style=\"font-family: arial, helvetica, sans-serif;\">Mindestbestellmenge<\/span><\/strong><\/span><\/td>\n<td style=\"width: 77.3204%; height: 34px; background-color: #ebebeb;\"><span style=\"font-family: arial, helvetica, sans-serif; font-size: 12pt;\">1000 St\u00fcck ohne Anpassung, 5000 St\u00fcck zur Anpassung<\/span><\/td>\n<\/tr>\n<tr style=\"height: 40px; background-color: #99ccff;\">\n<td style=\"width: 22.6796%; height: 24px;\"><span style=\"font-size: 12pt;\"><strong><span style=\"font-family: arial, helvetica, sans-serif;\">Verpackungsart<\/span><\/strong><\/span><\/td>\n<td style=\"width: 77.3204%; height: 24px;\"><span style=\"font-family: arial, helvetica, sans-serif; font-size: 12pt;\">Lackierpapiert\u00fcte<\/span><\/td>\n<\/tr>\n<tr style=\"height: 40px; background-color: #ebebeb;\">\n<td style=\"width: 22.6796%; height: 24px;\"><span style=\"font-size: 12pt;\"><strong><span style=\"font-family: arial, helvetica, sans-serif;\">Material<\/span><\/strong><\/span><\/td>\n<td style=\"width: 77.3204%; height: 24px;\"><span style=\"font-family: arial, helvetica, sans-serif; font-size: 12pt;\">Kunstdruckpapier, Kraftpapier<\/span><\/td>\n<\/tr>\n<tr style=\"height: 40px; background-color: #99ccff;\">\n<td style=\"width: 22.6796%; height: 24px;\"><span style=\"font-size: 12pt;\"><strong><span style=\"font-family: arial, helvetica, sans-serif;\">Oberfl\u00e4chenbehandlung<\/span><\/strong><\/span><\/td>\n<td style=\"width: 77.3204%; height: 24px;\"><span style=\"font-family: arial, helvetica, sans-serif; font-size: 12pt;\">Flexo-\/Tiefdruck\/Offsetdruck, Hei\u00dfpr\u00e4gen, Pr\u00e4gen, Lackieren, UV usw.<\/span><\/td>\n<\/tr>\n<tr style=\"height: 40px; background-color: #ebebeb;\">\n<td style=\"width: 22.6796%; height: 24px;\"><span style=\"font-size: 12pt;\"><strong><span style=\"font-family: arial, helvetica, sans-serif;\">Besonderheit<\/span><\/strong><\/span><\/td>\n<td style=\"width: 77.3204%; height: 24px;\"><span style=\"font-family: arial, helvetica, sans-serif; font-size: 12pt;\">Recycelt<\/span><\/td>\n<\/tr>\n<tr style=\"height: 40px; background-color: #99ccff;\">\n<td style=\"width: 22.6796%; height: 24px;\"><span style=\"font-size: 12pt;\"><strong><span style=\"font-family: arial, helvetica, sans-serif;\">Papiert\u00fctentyp<\/span><\/strong><\/span><\/td>\n<td style=\"width: 77.3204%; height: 24px;\"><span style=\"font-family: arial, helvetica, sans-serif; font-size: 12pt;\">Geschenkpapiert\u00fcte, Einkaufst\u00fcten<\/span><\/td>\n<\/tr>\n<tr style=\"height: 40px; background-color: #ebebeb;\">\n<td style=\"width: 22.6796%; height: 24px;\"><span style=\"font-size: 12pt;\"><strong><span style=\"font-family: arial, helvetica, sans-serif;\">Seitenwechsel<\/span><\/strong><\/span><\/td>\n<td style=\"width: 77.3204%; height: 24px;\"><span style=\"font-family: arial, helvetica, sans-serif; font-size: 12pt;\">7 \u2013 15 Werktage, Eilzustellung<\/span><\/td>\n<\/tr>\n<tr style=\"height: 40px; background-color: #99ccff;\">\n<td style=\"width: 22.6796%; height: 24px;\"><span style=\"font-size: 12pt;\"><strong><span style=\"font-family: arial, helvetica, sans-serif;\">Versand<\/span><\/strong><\/span><\/td>\n<td style=\"width: 77.3204%; height: 24px;\"><span style=\"font-family: arial, helvetica, sans-serif; font-size: 12pt;\">Luft, See, Express<\/span><\/td>\n<\/tr>\n<\/tbody>\n<\/table>\n<p>&nbsp;<\/p>","protected":false},"featured_media":3166,"comment_status":"open","ping_status":"closed","template":"","meta":[],"product_brand":[],"product_cat":[20,34],"product_tag":[],"class_list":{"0":"post-3164","1":"product","2":"type-product","3":"status-publish","4":"has-post-thumbnail","6":"product_cat-kraft-paper-bag","7":"product_cat-paper-packing","9":"first","10":"instock","11":"shipping-taxable","12":"product-type-simple"},"_links":{"self":[{"href":"https:\/\/polysmarts.com\/de\/wp-json\/wp\/v2\/product\/3164","targetHints":{"allow":["GET"]}}],"collection":[{"href":"https:\/\/polysmarts.com\/de\/wp-json\/wp\/v2\/product"}],"about":[{"href":"https:\/\/polysmarts.com\/de\/wp-json\/wp\/v2\/types\/product"}],"replies":[{"embeddable":true,"href":"https:\/\/polysmarts.com\/de\/wp-json\/wp\/v2\/comments?post=3164"}],"version-history":[{"count":2,"href":"https:\/\/polysmarts.com\/de\/wp-json\/wp\/v2\/product\/3164\/revisions"}],"predecessor-version":[{"id":3172,"href":"https:\/\/polysmarts.com\/de\/wp-json\/wp\/v2\/product\/3164\/revisions\/3172"}],"wp:featuredmedia":[{"embeddable":true,"href":"https:\/\/polysmarts.com\/de\/wp-json\/wp\/v2\/media\/3166"}],"wp:attachment":[{"href":"https:\/\/polysmarts.com\/de\/wp-json\/wp\/v2\/media?parent=3164"}],"wp:term":[{"taxonomy":"product_brand","embeddable":true,"href":"https:\/\/polysmarts.com\/de\/wp-json\/wp\/v2\/product_brand?post=3164"},{"taxonomy":"product_cat","embeddable":true,"href":"https:\/\/polysmarts.com\/de\/wp-json\/wp\/v2\/product_cat?post=3164"},{"taxonomy":"product_tag","embeddable":true,"href":"https:\/\/polysmarts.com\/de\/wp-json\/wp\/v2\/product_tag?post=3164"}],"curies":[{"name":"wp","href":"https:\/\/api.w.org\/{rel}","templated":true}]}}