{"id":3154,"date":"2024-05-10T08:04:06","date_gmt":"2024-05-10T08:04:06","guid":{"rendered":"https:\/\/polysmarts.com\/?post_type=product&#038;p=3154"},"modified":"2024-05-10T08:17:43","modified_gmt":"2024-05-10T08:17:43","slug":"grose-papiertute-mit-henkeln-und-schleife-zum-mitnehmen","status":"publish","type":"product","link":"https:\/\/polysmarts.com\/de\/product\/take-away-ribbon-big-paper-bag-with-handles\/","title":{"rendered":"Gro\u00dfe Papiert\u00fcte zum Mitnehmen mit Schleife und Griffen"},"content":{"rendered":"<p class=\"whitespace-pre-wrap break-words\">Werten Sie Ihr Verpackungs- und Geschenkerlebnis auf mit unserer individuell gestalteten, hochwertigen, recycelten Take-Away-Papiert\u00fcte mit Schleife und Griffen. Diese stilvollen und umweltfreundlichen Taschen sind so gestaltet, dass sie Eindruck machen, denn sie vereinen Eleganz und Funktionalit\u00e4t f\u00fcr ein wirklich bemerkenswertes Erlebnis.<\/p>\n<p class=\"whitespace-pre-wrap break-words\">Hauptmerkmale:<\/p>\n<ol class=\"list-decimal pl-8 space-y-2 -mt-1\">\n<li class=\"whitespace-normal break-words\">Hochwertige recycelte Materialien: Diese aus erstklassigen recycelten Materialien gefertigten Taschen strahlen nicht nur Luxus aus, sondern tragen auch zu einer nachhaltigeren Zukunft bei. Wir legen Wert auf Umweltverantwortung, ohne Kompromisse bei Qualit\u00e4t oder Stil einzugehen.<\/li>\n<li class=\"whitespace-normal break-words\">Elegante Schleifenakzente: Jede Tasche ist mit einer eleganten Schleife verziert, die ihr einen Hauch von Raffinesse verleiht und sie zu einem Vergn\u00fcgen macht, sie zu verschenken. Diese durchdachten Details werten die Gesamtpr\u00e4sentation auf und sorgen f\u00fcr ein wirklich unvergessliches Erlebnis f\u00fcr Ihre Empf\u00e4nger.<\/li>\n<li class=\"whitespace-normal break-words\">Ger\u00e4umig und vielseitig: Dank ihrer gro\u00dfz\u00fcgigen Gr\u00f6\u00dfe und robusten Konstruktion k\u00f6nnen diese gro\u00dfen Papiert\u00fcten mit Griffen eine Vielzahl von Artikeln aufnehmen und eignen sich daher f\u00fcr verschiedene Geschenkanl\u00e4sse, darunter Hochzeiten, Geburtstage, Firmenveranstaltungen und mehr.<\/li>\n<li class=\"whitespace-normal break-words\">Benutzerdefinierte Druckoptionen: Personalisieren Sie Ihre Taschen mit Ihrem eigenen Logo, Design oder Ihrer eigenen Nachricht mithilfe unserer benutzerdefinierten Druckdienste. Mit dieser Funktion k\u00f6nnen Sie wirklich einzigartige und markenbezogene Verpackungen erstellen, die zu Ihrer Markenidentit\u00e4t oder Ihrem Veranstaltungsthema passen.<\/li>\n<li class=\"whitespace-normal break-words\">Langlebig und wiederverwendbar: Diese Taschen sind aus hochwertigen Materialien gefertigt und halten den Belastungen von Transport und Handhabung stand. So kommen Ihre Geschenke in einwandfreiem Zustand an. Dar\u00fcber hinaus f\u00f6rdert ihre Wiederverwendbarkeit die Nachhaltigkeit und reduziert den Abfall.<\/li>\n<\/ol>","protected":false},"excerpt":{"rendered":"<table style=\"height: 360px; width: 99.8505%; border-collapse: collapse;\" border=\"2\">\n<tbody>\n<tr style=\"height: 40px;\">\n<td style=\"width: 22.6796%; height: 30px; background-color: #99ccff;\"><span style=\"font-family: arial, helvetica, sans-serif; font-size: 12pt;\"><strong>Dimension &amp; Stil<\/strong><\/span><\/td>\n<td style=\"width: 77.3204%; height: 30px; background-color: #99ccff;\"><span style=\"font-family: arial, helvetica, sans-serif; font-size: 12pt;\">Benutzerdefinierte Formen und Gr\u00f6\u00dfen<\/span><\/td>\n<\/tr>\n<tr style=\"height: 40px;\">\n<td style=\"width: 22.6796%; height: 34px; background-color: #ebebeb;\"><span style=\"font-size: 12pt;\"><strong><span style=\"font-family: arial, helvetica, sans-serif;\">Mindestbestellmenge<\/span><\/strong><\/span><\/td>\n<td style=\"width: 77.3204%; height: 34px; background-color: #ebebeb;\"><span style=\"font-family: arial, helvetica, sans-serif; font-size: 12pt;\">1000 St\u00fcck ohne Anpassung, 5000 St\u00fcck zur Anpassung<\/span><\/td>\n<\/tr>\n<tr style=\"height: 40px; background-color: #99ccff;\">\n<td style=\"width: 22.6796%; height: 24px;\"><span style=\"font-size: 12pt;\"><strong><span style=\"font-family: arial, helvetica, sans-serif;\">Verpackungsart<\/span><\/strong><\/span><\/td>\n<td style=\"width: 77.3204%; height: 24px;\"><span style=\"font-family: arial, helvetica, sans-serif; font-size: 12pt;\">Papiert\u00fcte mit Griffen\u00a0<\/span><\/td>\n<\/tr>\n<tr style=\"height: 40px; background-color: #ebebeb;\">\n<td style=\"width: 22.6796%; height: 24px;\"><span style=\"font-size: 12pt;\"><strong><span style=\"font-family: arial, helvetica, sans-serif;\">Material<\/span><\/strong><\/span><\/td>\n<td style=\"width: 77.3204%; height: 24px;\"><span style=\"font-family: arial, helvetica, sans-serif; font-size: 12pt;\">Kartonpapier<\/span><\/td>\n<\/tr>\n<tr style=\"height: 40px; background-color: #99ccff;\">\n<td style=\"width: 22.6796%; height: 24px;\"><span style=\"font-size: 12pt;\"><strong><span style=\"font-family: arial, helvetica, sans-serif;\">Fertigstellung<\/span><\/strong><\/span><\/td>\n<td style=\"width: 77.3204%; height: 24px;\"><span style=\"font-family: arial, helvetica, sans-serif; font-size: 12pt;\">Siebdruck<\/span><\/td>\n<\/tr>\n<tr style=\"height: 40px; background-color: #ebebeb;\">\n<td style=\"width: 22.6796%; height: 24px;\"><span style=\"font-size: 12pt;\"><strong><span style=\"font-family: arial, helvetica, sans-serif;\">Besonderheit<\/span><\/strong><\/span><\/td>\n<td style=\"width: 77.3204%; height: 24px;\"><span style=\"font-family: arial, helvetica, sans-serif; font-size: 12pt;\">Recycelt<\/span><\/td>\n<\/tr>\n<tr style=\"height: 40px; background-color: #99ccff;\">\n<td style=\"width: 22.6796%; height: 24px;\"><span style=\"font-size: 12pt;\"><strong><span style=\"font-family: arial, helvetica, sans-serif;\">Papiert\u00fctentyp<\/span><\/strong><\/span><\/td>\n<td style=\"width: 77.3204%; height: 24px;\"><span style=\"font-family: arial, helvetica, sans-serif; font-size: 12pt;\">Geschenkpapiert\u00fcte, Einkaufst\u00fcten<\/span><\/td>\n<\/tr>\n<tr style=\"height: 40px; background-color: #ebebeb;\">\n<td style=\"width: 22.6796%; height: 24px;\"><span style=\"font-size: 12pt;\"><strong><span style=\"font-family: arial, helvetica, sans-serif;\">Seitenwechsel<\/span><\/strong><\/span><\/td>\n<td style=\"width: 77.3204%; height: 24px;\"><span style=\"font-family: arial, helvetica, sans-serif; font-size: 12pt;\">7 \u2013 15 Werktage, Eilzustellung<\/span><\/td>\n<\/tr>\n<tr style=\"height: 40px; background-color: #99ccff;\">\n<td style=\"width: 22.6796%; height: 24px;\"><span style=\"font-size: 12pt;\"><strong><span style=\"font-family: arial, helvetica, sans-serif;\">Versand<\/span><\/strong><\/span><\/td>\n<td style=\"width: 77.3204%; height: 24px;\"><span style=\"font-family: arial, helvetica, sans-serif; font-size: 12pt;\">Luft, See, Express<\/span><\/td>\n<\/tr>\n<\/tbody>\n<\/table>\n<p>&nbsp;<\/p>","protected":false},"featured_media":3157,"comment_status":"open","ping_status":"closed","template":"","meta":[],"product_brand":[],"product_cat":[20,34],"product_tag":[],"class_list":{"0":"post-3154","1":"product","2":"type-product","3":"status-publish","4":"has-post-thumbnail","6":"product_cat-kraft-paper-bag","7":"product_cat-paper-packing","9":"first","10":"instock","11":"shipping-taxable","12":"product-type-simple"},"_links":{"self":[{"href":"https:\/\/polysmarts.com\/de\/wp-json\/wp\/v2\/product\/3154","targetHints":{"allow":["GET"]}}],"collection":[{"href":"https:\/\/polysmarts.com\/de\/wp-json\/wp\/v2\/product"}],"about":[{"href":"https:\/\/polysmarts.com\/de\/wp-json\/wp\/v2\/types\/product"}],"replies":[{"embeddable":true,"href":"https:\/\/polysmarts.com\/de\/wp-json\/wp\/v2\/comments?post=3154"}],"version-history":[{"count":2,"href":"https:\/\/polysmarts.com\/de\/wp-json\/wp\/v2\/product\/3154\/revisions"}],"predecessor-version":[{"id":3163,"href":"https:\/\/polysmarts.com\/de\/wp-json\/wp\/v2\/product\/3154\/revisions\/3163"}],"wp:featuredmedia":[{"embeddable":true,"href":"https:\/\/polysmarts.com\/de\/wp-json\/wp\/v2\/media\/3157"}],"wp:attachment":[{"href":"https:\/\/polysmarts.com\/de\/wp-json\/wp\/v2\/media?parent=3154"}],"wp:term":[{"taxonomy":"product_brand","embeddable":true,"href":"https:\/\/polysmarts.com\/de\/wp-json\/wp\/v2\/product_brand?post=3154"},{"taxonomy":"product_cat","embeddable":true,"href":"https:\/\/polysmarts.com\/de\/wp-json\/wp\/v2\/product_cat?post=3154"},{"taxonomy":"product_tag","embeddable":true,"href":"https:\/\/polysmarts.com\/de\/wp-json\/wp\/v2\/product_tag?post=3154"}],"curies":[{"name":"wp","href":"https:\/\/api.w.org\/{rel}","templated":true}]}}