{"id":3144,"date":"2024-05-09T09:04:39","date_gmt":"2024-05-09T09:04:39","guid":{"rendered":"https:\/\/polysmarts.com\/?post_type=product&#038;p=3144"},"modified":"2024-05-09T09:25:27","modified_gmt":"2024-05-09T09:25:27","slug":"umweltfreundliche-papiertuten-aus-pappe-mit-griff","status":"publish","type":"product","link":"https:\/\/polysmarts.com\/de\/product\/eco-friendly-cardboard-paper-bags-with-handle\/","title":{"rendered":"Umweltfreundliche Kartonpapiert\u00fcten mit Griff"},"content":{"rendered":"<p class=\"whitespace-pre-wrap break-words\">Erh\u00f6hen Sie Ihre Verpackungsleistung mit unseren luxuri\u00f6sen, modischen, individuell bedruckten, umweltfreundlichen Einkaufsverpackungst\u00fcten aus Karton und Papier mit Griff. Diese exquisiten T\u00fcten sind so gestaltet, dass sie Eindruck machen, denn sie vereinen Eleganz und Funktionalit\u00e4t f\u00fcr ein wirklich bemerkenswertes Geschenkerlebnis.<\/p>\n<p class=\"whitespace-pre-wrap break-words\">Hauptmerkmale:<\/p>\n<p class=\"whitespace-pre-wrap break-words\">Hochwertiges mattes Finish: Diese sch\u00f6nen Geschenkt\u00fcten wurden mit viel Liebe zum Detail gefertigt und verf\u00fcgen \u00fcber ein luxuri\u00f6ses und glattes mattes Finish, das Raffinesse und Eleganz ausstrahlt. Die matte Oberfl\u00e4che verleiht einen Hauch von dezentem Glamour und macht sie perfekt f\u00fcr jeden gehobenen Anlass.<\/p>\n<p class=\"whitespace-pre-wrap break-words\">Elegante Kordel und Anh\u00e4nger: Jede Tasche ist mit einer eleganten, farblich abgestimmten gedrehten Kordel und einem passenden Anh\u00e4nger verziert, was ihr einen Hauch von Raffinesse verleiht und sie zu einem Vergn\u00fcgen macht, sie zu verschenken. Diese durchdachten Details werten die Gesamtpr\u00e4sentation auf und sorgen f\u00fcr ein wirklich unvergessliches Erlebnis.<\/p>\n<p class=\"whitespace-pre-wrap break-words\">Gro\u00dfe Auswahl an Farben und Mustern: Mit einer gro\u00dfen Auswahl an Farben und Mustern, darunter Hellblau, sattes Burgunderrot, Pastellrosa und mehr, finden Sie den perfekten Farbton f\u00fcr jeden Anlass. Ob lebhafte Feier oder eher zur\u00fcckhaltende Angelegenheit, unsere Auswahl bietet f\u00fcr jeden Anlass das Passende.<\/p>\n<p class=\"whitespace-pre-wrap break-words\">Vielseitige Anwendungsm\u00f6glichkeiten: Diese luxuri\u00f6sen Papiert\u00fcten mit Griffen eignen sich perfekt f\u00fcr eine Vielzahl von Anl\u00e4ssen, darunter Abschlussfeiern, Babypartys, Brautpartys, Geburtstagsfeiern, Winterferien wie Weihnachten und Chanukka, Firmenveranstaltungen, Hochzeiten, Familientreffen und vieles mehr. Ihre Vielseitigkeit macht sie zu einer wertvollen Erg\u00e4nzung f\u00fcr jedes Geschenk- oder Verpackungsvorhaben.<\/p>\n<p class=\"whitespace-pre-wrap break-words\">Umweltfreundlich und nachhaltig: Wir bei Jillson &amp; Roberts haben uns verpflichtet, hochwertige, modische Geschenkverpackungen, Geschenktaschen, Weinbeutel und Geschenkverpackungszubeh\u00f6r anzubieten und gleichzeitig umweltbewusst und umweltfreundlich zu sein. Unser Engagement f\u00fcr Qualit\u00e4t und Nachhaltigkeit spiegelt sich in jedem unserer Produkte wider und stellt sicher, dass Sie sich Luxus g\u00f6nnen und gleichzeitig Ihre Umweltbelastung minimieren k\u00f6nnen.<\/p>\n<p class=\"whitespace-pre-wrap break-words\">Werten Sie Ihr Geschenk- und Verpackungserlebnis auf mit unseren luxuri\u00f6sen, modischen, individuell gestalteten, umweltfreundlichen Einkaufsverpackungen aus Karton und Papier mit Griff. Genie\u00dfen Sie die perfekte Mischung aus Stil, Eleganz und Nachhaltigkeit und hinterlassen Sie mit jedem durchdachten Geschenk einen bleibenden Eindruck bei Ihren Empf\u00e4ngern.<\/p>","protected":false},"excerpt":{"rendered":"<table style=\"height: 360px; width: 99.8505%; border-collapse: collapse;\" border=\"2\">\n<tbody>\n<tr style=\"height: 40px;\">\n<td style=\"width: 22.6796%; height: 30px; background-color: #99ccff;\"><span style=\"font-family: arial, helvetica, sans-serif; font-size: 12pt;\"><strong>Dimension &amp; Stil<\/strong><\/span><\/td>\n<td style=\"width: 77.3204%; height: 30px; background-color: #99ccff;\"><span style=\"font-family: arial, helvetica, sans-serif; font-size: 12pt;\">Benutzerdefinierte Formen und Gr\u00f6\u00dfen<\/span><\/td>\n<\/tr>\n<tr style=\"height: 40px;\">\n<td style=\"width: 22.6796%; height: 34px; background-color: #ebebeb;\"><span style=\"font-size: 12pt;\"><strong><span style=\"font-family: arial, helvetica, sans-serif;\">Mindestbestellmenge<\/span><\/strong><\/span><\/td>\n<td style=\"width: 77.3204%; height: 34px; background-color: #ebebeb;\"><span style=\"font-family: arial, helvetica, sans-serif; font-size: 12pt;\">1000 St\u00fcck ohne Anpassung, 5000 St\u00fcck zur Anpassung<\/span><\/td>\n<\/tr>\n<tr style=\"height: 40px; background-color: #99ccff;\">\n<td style=\"width: 22.6796%; height: 24px;\"><span style=\"font-size: 12pt;\"><strong><span style=\"font-family: arial, helvetica, sans-serif;\">Verpackungsart<\/span><\/strong><\/span><\/td>\n<td style=\"width: 77.3204%; height: 24px;\"><span style=\"font-family: arial, helvetica, sans-serif; font-size: 12pt;\">Papiert\u00fcten mit Griffen\u00a0<\/span><\/td>\n<\/tr>\n<tr style=\"height: 40px; background-color: #ebebeb;\">\n<td style=\"width: 22.6796%; height: 24px;\"><span style=\"font-size: 12pt;\"><strong><span style=\"font-family: arial, helvetica, sans-serif;\">Material<\/span><\/strong><\/span><\/td>\n<td style=\"width: 77.3204%; height: 24px;\"><span style=\"font-family: arial, helvetica, sans-serif; font-size: 12pt;\">Kartonpapier<\/span><\/td>\n<\/tr>\n<tr style=\"height: 40px; background-color: #99ccff;\">\n<td style=\"width: 22.6796%; height: 24px;\"><span style=\"font-size: 12pt;\"><strong><span style=\"font-family: arial, helvetica, sans-serif;\">Fertigstellung<\/span><\/strong><\/span><\/td>\n<td style=\"width: 77.3204%; height: 24px;\"><span style=\"font-family: arial, helvetica, sans-serif; font-size: 12pt;\">Siebdruck<\/span><\/td>\n<\/tr>\n<tr style=\"height: 40px; background-color: #ebebeb;\">\n<td style=\"width: 22.6796%; height: 24px;\"><span style=\"font-size: 12pt;\"><strong><span style=\"font-family: arial, helvetica, sans-serif;\">Besonderheit<\/span><\/strong><\/span><\/td>\n<td style=\"width: 77.3204%; height: 24px;\"><span style=\"font-family: arial, helvetica, sans-serif; font-size: 12pt;\">Recycelt<\/span><\/td>\n<\/tr>\n<tr style=\"height: 40px; background-color: #99ccff;\">\n<td style=\"width: 22.6796%; height: 24px;\"><span style=\"font-size: 12pt;\"><strong><span style=\"font-family: arial, helvetica, sans-serif;\">Papiert\u00fctentyp<\/span><\/strong><\/span><\/td>\n<td style=\"width: 77.3204%; height: 24px;\"><span style=\"font-family: arial, helvetica, sans-serif; font-size: 12pt;\">Geschenkpapiert\u00fcte, Einkaufst\u00fcten<\/span><\/td>\n<\/tr>\n<tr style=\"height: 40px; background-color: #ebebeb;\">\n<td style=\"width: 22.6796%; height: 24px;\"><span style=\"font-size: 12pt;\"><strong><span style=\"font-family: arial, helvetica, sans-serif;\">Seitenwechsel<\/span><\/strong><\/span><\/td>\n<td style=\"width: 77.3204%; height: 24px;\"><span style=\"font-family: arial, helvetica, sans-serif; font-size: 12pt;\">7 \u2013 15 Werktage, Eilzustellung<\/span><\/td>\n<\/tr>\n<tr style=\"height: 40px; background-color: #99ccff;\">\n<td style=\"width: 22.6796%; height: 24px;\"><span style=\"font-size: 12pt;\"><strong><span style=\"font-family: arial, helvetica, sans-serif;\">Versand<\/span><\/strong><\/span><\/td>\n<td style=\"width: 77.3204%; height: 24px;\"><span style=\"font-family: arial, helvetica, sans-serif; font-size: 12pt;\">Luft, See, Express<\/span><\/td>\n<\/tr>\n<\/tbody>\n<\/table>\n<p>&nbsp;<\/p>","protected":false},"featured_media":3146,"comment_status":"open","ping_status":"closed","template":"","meta":[],"product_brand":[],"product_cat":[20,34],"product_tag":[],"class_list":{"0":"post-3144","1":"product","2":"type-product","3":"status-publish","4":"has-post-thumbnail","6":"product_cat-kraft-paper-bag","7":"product_cat-paper-packing","9":"first","10":"instock","11":"shipping-taxable","12":"product-type-simple"},"_links":{"self":[{"href":"https:\/\/polysmarts.com\/de\/wp-json\/wp\/v2\/product\/3144","targetHints":{"allow":["GET"]}}],"collection":[{"href":"https:\/\/polysmarts.com\/de\/wp-json\/wp\/v2\/product"}],"about":[{"href":"https:\/\/polysmarts.com\/de\/wp-json\/wp\/v2\/types\/product"}],"replies":[{"embeddable":true,"href":"https:\/\/polysmarts.com\/de\/wp-json\/wp\/v2\/comments?post=3144"}],"version-history":[{"count":2,"href":"https:\/\/polysmarts.com\/de\/wp-json\/wp\/v2\/product\/3144\/revisions"}],"predecessor-version":[{"id":3152,"href":"https:\/\/polysmarts.com\/de\/wp-json\/wp\/v2\/product\/3144\/revisions\/3152"}],"wp:featuredmedia":[{"embeddable":true,"href":"https:\/\/polysmarts.com\/de\/wp-json\/wp\/v2\/media\/3146"}],"wp:attachment":[{"href":"https:\/\/polysmarts.com\/de\/wp-json\/wp\/v2\/media?parent=3144"}],"wp:term":[{"taxonomy":"product_brand","embeddable":true,"href":"https:\/\/polysmarts.com\/de\/wp-json\/wp\/v2\/product_brand?post=3144"},{"taxonomy":"product_cat","embeddable":true,"href":"https:\/\/polysmarts.com\/de\/wp-json\/wp\/v2\/product_cat?post=3144"},{"taxonomy":"product_tag","embeddable":true,"href":"https:\/\/polysmarts.com\/de\/wp-json\/wp\/v2\/product_tag?post=3144"}],"curies":[{"name":"wp","href":"https:\/\/api.w.org\/{rel}","templated":true}]}}