{"id":3116,"date":"2024-05-09T06:51:36","date_gmt":"2024-05-09T06:51:36","guid":{"rendered":"https:\/\/polysmarts.com\/?post_type=product&#038;p=3116"},"modified":"2024-05-09T08:21:25","modified_gmt":"2024-05-09T08:21:25","slug":"individuelle-luxusverpackung-mit-glitzerpapiertuten","status":"publish","type":"product","link":"https:\/\/polysmarts.com\/de\/product\/custom-luxury-glitter-paper-bag-packaging\/","title":{"rendered":"Individuelle Verpackung von Luxus-Glitzerpapiert\u00fcten"},"content":{"rendered":"<p>Werten Sie Ihr Geschenkerlebnis mit unserer individuell gestalteten Luxus-Papiert\u00fcte mit Glitzer auf. Diese exquisiten Geschenkt\u00fcten aus Kraftpapier erf\u00fcllen nicht nur Ihre t\u00e4glichen Verpackungsbed\u00fcrfnisse, sondern verleihen auch beim Teilen mit Freunden und Liebsten einen Hauch von Eleganz und Raffinesse.<\/p>\n<p>Besonderheit<\/p>\n<ol class=\"list-decimal pl-8 space-y-2 -mt-1\">\n<li class=\"whitespace-normal break-words\">Langlebiges und zuverl\u00e4ssiges Material: Unsere aus hochwertigem Papier gefertigten Glitzer-Geschenkt\u00fcten sind praktisch, leicht, wiederverwendbar und faltbar, sodass sie bequem getragen oder aufbewahrt werden k\u00f6nnen, wenn sie nicht verwendet werden.<\/li>\n<li class=\"whitespace-normal break-words\">Elegantes Glitzerfinish: Mit einem schimmernden Glitzerfinish versehen, strahlen diese Taschen ein Gef\u00fchl von Luxus und Glamour aus. Der Glitzer ist lebendig und gl\u00e4nzend, verblasst nicht und verleiht Ihren Geschenken einen zus\u00e4tzlichen Hauch von Glanz.<\/li>\n<li class=\"whitespace-normal break-words\">Leere Leinwand f\u00fcr Kreativit\u00e4t: Unsere metallischen Einkaufstaschen sind mit leeren Oberfl\u00e4chen gestaltet und bieten Ihnen eine leere Leinwand, auf der Sie Ihrer Kreativit\u00e4t freien Lauf lassen k\u00f6nnen. Personalisieren Sie sie durch Bemalen, Sticken, Spr\u00fchen oder F\u00e4rben und versch\u00f6nern Sie sie mit sch\u00f6nen Mustern, B\u00e4ndern, Etiketten und mehr (nicht im Lieferumfang enthalten), damit Sie der Freude am Selberbasteln nachgehen k\u00f6nnen.<\/li>\n<li class=\"whitespace-normal break-words\">Vielseitig und vielseitig einsetzbar: Unsere Glitzer-Geschenkt\u00fcten sind vielseitig und f\u00fcr verschiedene Anl\u00e4sse geeignet. Verwenden Sie sie als Sporttaschen, Lunchtaschen, Strandtaschen, Einkaufstaschen, Brautjungfern-Geschenktaschen, Partygeschenktaschen, Picknicktaschen, Wickeltaschen und mehr. Egal, ob Sie eine Hochzeitsfeier, eine Brautparty, eine Babyparty, eine Geburtstagsfeier oder ein anderes besonderes Ereignis veranstalten, diese Taschen bieten Komfort und verleihen einen Hauch von Luxus.<\/li>\n<\/ol>","protected":false},"excerpt":{"rendered":"<table style=\"height: 360px; width: 99.8505%; border-collapse: collapse;\" border=\"2\">\n<tbody>\n<tr style=\"height: 40px;\">\n<td style=\"width: 22.6796%; height: 30px; background-color: #99ccff;\"><span style=\"font-family: arial, helvetica, sans-serif; font-size: 12pt;\"><strong>Dimension &amp; Stil<\/strong><\/span><\/td>\n<td style=\"width: 77.3204%; height: 30px; background-color: #99ccff;\"><span style=\"font-family: arial, helvetica, sans-serif; font-size: 12pt;\">Benutzerdefinierte Formen und Gr\u00f6\u00dfen<\/span><\/td>\n<\/tr>\n<tr style=\"height: 40px;\">\n<td style=\"width: 22.6796%; height: 34px; background-color: #ebebeb;\"><span style=\"font-size: 12pt;\"><strong><span style=\"font-family: arial, helvetica, sans-serif;\">Mindestbestellmenge<\/span><\/strong><\/span><\/td>\n<td style=\"width: 77.3204%; height: 34px; background-color: #ebebeb;\"><span style=\"font-family: arial, helvetica, sans-serif; font-size: 12pt;\">1000 St\u00fcck ohne Anpassung, 5000 St\u00fcck zur Anpassung<\/span><\/td>\n<\/tr>\n<tr style=\"height: 40px; background-color: #99ccff;\">\n<td style=\"width: 22.6796%; height: 24px;\"><span style=\"font-size: 12pt;\"><strong><span style=\"font-family: arial, helvetica, sans-serif;\">Verpackungsart<\/span><\/strong><\/span><\/td>\n<td style=\"width: 77.3204%; height: 24px;\"><span style=\"font-family: arial, helvetica, sans-serif; font-size: 12pt;\">Einkaufst\u00fcten aus Kraftpapier\u00a0<\/span><\/td>\n<\/tr>\n<tr style=\"height: 40px; background-color: #ebebeb;\">\n<td style=\"width: 22.6796%; height: 24px;\"><span style=\"font-size: 12pt;\"><strong><span style=\"font-family: arial, helvetica, sans-serif;\">Material<\/span><\/strong><\/span><\/td>\n<td style=\"width: 77.3204%; height: 24px;\"><span style=\"font-family: arial, helvetica, sans-serif; font-size: 12pt;\">Kraftpapier<\/span><\/td>\n<\/tr>\n<tr style=\"height: 40px; background-color: #99ccff;\">\n<td style=\"width: 22.6796%; height: 24px;\"><span style=\"font-size: 12pt;\"><strong><span style=\"font-family: arial, helvetica, sans-serif;\">Fertigstellung<\/span><\/strong><\/span><\/td>\n<td style=\"width: 77.3204%; height: 24px;\"><span style=\"font-family: arial, helvetica, sans-serif; font-size: 12pt;\">Siebdruck<\/span><\/td>\n<\/tr>\n<tr style=\"height: 40px; background-color: #ebebeb;\">\n<td style=\"width: 22.6796%; height: 24px;\"><span style=\"font-size: 12pt;\"><strong><span style=\"font-family: arial, helvetica, sans-serif;\">Besonderheit<\/span><\/strong><\/span><\/td>\n<td style=\"width: 77.3204%; height: 24px;\"><span style=\"font-family: arial, helvetica, sans-serif; font-size: 12pt;\">Recycelt<\/span><\/td>\n<\/tr>\n<tr style=\"height: 40px; background-color: #99ccff;\">\n<td style=\"width: 22.6796%; height: 24px;\"><span style=\"font-size: 12pt;\"><strong><span style=\"font-family: arial, helvetica, sans-serif;\">Papiert\u00fctentyp<\/span><\/strong><\/span><\/td>\n<td style=\"width: 77.3204%; height: 24px;\"><span style=\"font-family: arial, helvetica, sans-serif; font-size: 12pt;\">Geschenkpapiert\u00fcte, Einkaufst\u00fcten<\/span><\/td>\n<\/tr>\n<tr style=\"height: 40px; background-color: #ebebeb;\">\n<td style=\"width: 22.6796%; height: 24px;\"><span style=\"font-size: 12pt;\"><strong><span style=\"font-family: arial, helvetica, sans-serif;\">Seitenwechsel<\/span><\/strong><\/span><\/td>\n<td style=\"width: 77.3204%; height: 24px;\"><span style=\"font-family: arial, helvetica, sans-serif; font-size: 12pt;\">7 \u2013 15 Werktage, Eilzustellung<\/span><\/td>\n<\/tr>\n<tr style=\"height: 40px; background-color: #99ccff;\">\n<td style=\"width: 22.6796%; height: 24px;\"><span style=\"font-size: 12pt;\"><strong><span style=\"font-family: arial, helvetica, sans-serif;\">Versand<\/span><\/strong><\/span><\/td>\n<td style=\"width: 77.3204%; height: 24px;\"><span style=\"font-family: arial, helvetica, sans-serif; font-size: 12pt;\">Luft, See, Express<\/span><\/td>\n<\/tr>\n<\/tbody>\n<\/table>\n<p>&nbsp;<\/p>","protected":false},"featured_media":3117,"comment_status":"open","ping_status":"closed","template":"","meta":[],"product_brand":[],"product_cat":[20,34],"product_tag":[],"class_list":{"0":"post-3116","1":"product","2":"type-product","3":"status-publish","4":"has-post-thumbnail","6":"product_cat-kraft-paper-bag","7":"product_cat-paper-packing","9":"first","10":"instock","11":"shipping-taxable","12":"product-type-simple"},"_links":{"self":[{"href":"https:\/\/polysmarts.com\/de\/wp-json\/wp\/v2\/product\/3116","targetHints":{"allow":["GET"]}}],"collection":[{"href":"https:\/\/polysmarts.com\/de\/wp-json\/wp\/v2\/product"}],"about":[{"href":"https:\/\/polysmarts.com\/de\/wp-json\/wp\/v2\/types\/product"}],"replies":[{"embeddable":true,"href":"https:\/\/polysmarts.com\/de\/wp-json\/wp\/v2\/comments?post=3116"}],"version-history":[{"count":2,"href":"https:\/\/polysmarts.com\/de\/wp-json\/wp\/v2\/product\/3116\/revisions"}],"predecessor-version":[{"id":3124,"href":"https:\/\/polysmarts.com\/de\/wp-json\/wp\/v2\/product\/3116\/revisions\/3124"}],"wp:featuredmedia":[{"embeddable":true,"href":"https:\/\/polysmarts.com\/de\/wp-json\/wp\/v2\/media\/3117"}],"wp:attachment":[{"href":"https:\/\/polysmarts.com\/de\/wp-json\/wp\/v2\/media?parent=3116"}],"wp:term":[{"taxonomy":"product_brand","embeddable":true,"href":"https:\/\/polysmarts.com\/de\/wp-json\/wp\/v2\/product_brand?post=3116"},{"taxonomy":"product_cat","embeddable":true,"href":"https:\/\/polysmarts.com\/de\/wp-json\/wp\/v2\/product_cat?post=3116"},{"taxonomy":"product_tag","embeddable":true,"href":"https:\/\/polysmarts.com\/de\/wp-json\/wp\/v2\/product_tag?post=3116"}],"curies":[{"name":"wp","href":"https:\/\/api.w.org\/{rel}","templated":true}]}}