{"id":3072,"date":"2024-05-07T10:10:08","date_gmt":"2024-05-07T10:10:08","guid":{"rendered":"https:\/\/polysmarts.com\/?post_type=product&#038;p=3072"},"modified":"2024-05-07T10:28:46","modified_gmt":"2024-05-07T10:28:46","slug":"kundenspezifische-verpackung-von-kunststofffolienrollen-fur-schrumpffolie","status":"publish","type":"product","link":"https:\/\/polysmarts.com\/de\/product\/custom-plastic-film-roll-packaging-for-heat-shrink\/","title":{"rendered":"Kundenspezifische Verpackung aus Kunststofffolienrollen f\u00fcr Schrumpffolie"},"content":{"rendered":"<p>Die Schrumpffolienrollenverpackungen bestehen aus PVC, sind kristallklar und geschmacksneutral, der Schrumpfeffekt l\u00e4sst sich leicht erzielen. Doppelte Schichtdicke und rei\u00dffest, hervorragende Qualit\u00e4t f\u00fcr Spitzenleistung.<\/p>\n<p><strong>Material:<\/strong> PVC\/PE\/OPS\/PETG\/PP<br \/>\n<strong>Farbe:<\/strong> Wir bieten Druckoptionen mit 0\u201310 Farben, darunter hochaufl\u00f6sendes Drucken f\u00fcr eine lebendige Farbdarstellung.<br \/>\n<strong>Abmessungen:<\/strong> Individuell angepasst an Ihre spezifischen Anforderungen.<br \/>\n<strong>Dicke:<\/strong> Erh\u00e4ltlich in 30\u201380 Mikrometern, individuelle Anpassungen entsprechend Ihren Anforderungen sind m\u00f6glich.<br \/>\n<strong>Schrumpfrate:<\/strong> PVC 50% OBEN, OPS 70% OBEN, PET 75% OBEN<br \/>\n<strong>Druckoption:<\/strong> W\u00e4hlen Sie f\u00fcr optimale Ergebnisse zwischen Tiefdruck und Digitaldruck.<br \/>\n<strong>Verwendung:<\/strong> Ideal zum Verpacken von Plastikflaschen, Glasflaschen, Gl\u00e4sern, Dosen, Trinkwasserbeh\u00e4ltern, Kartons und mehr.<br \/>\n<strong>Etikettenformat:<\/strong> F\u00fcr Ihre Bequemlichkeit in Rollen oder St\u00fccken erh\u00e4ltlich.<\/p>\n<p>Werten Sie Ihre Verpackungsl\u00f6sungen mit unserer PVC-Schrumpffolienrolle auf. Sie ist aus hochwertigen Materialien gefertigt und bietet vielseitige Druckoptionen. Egal, ob Sie Plastikflaschen, Glasbeh\u00e4lter oder Kartons verpacken, unsere anpassbare Folie sorgt f\u00fcr eine perfekte Passform f\u00fcr Ihre Produkte. W\u00e4hlen Sie aus einer Reihe von Farben und Drucktechniken, um auff\u00e4llige Verpackungen zu erstellen, die im Regal auffallen. Mit Optionen f\u00fcr Tiefdruck und Digitaldruck bieten wir Ihnen die Flexibilit\u00e4t, die Ihren Vorlieben entspricht. Erleben Sie den Komfort von Rollen oder Einzelst\u00fccken, die auf Ihre Verpackungsanforderungen zugeschnitten sind. Vertrauen Sie auf unsere Expertise, um bei jeder Anwendung au\u00dfergew\u00f6hnliche Qualit\u00e4t und Leistung zu liefern.<\/p>","protected":false},"excerpt":{"rendered":"<table style=\"height: 360px; width: 99.8505%; border-collapse: collapse;\" border=\"2\">\n<tbody>\n<tr style=\"height: 40px;\">\n<td style=\"width: 22.6796%; height: 30px; background-color: #99ccff;\"><span style=\"font-family: arial, helvetica, sans-serif; font-size: 12pt;\"><strong>Dimension &amp; Stil<\/strong><\/span><\/td>\n<td style=\"width: 77.3204%; height: 30px; background-color: #99ccff;\"><span style=\"font-family: arial, helvetica, sans-serif; font-size: 12pt;\">Benutzerdefinierte Formen und Gr\u00f6\u00dfen<\/span><\/td>\n<\/tr>\n<tr style=\"height: 40px;\">\n<td style=\"width: 22.6796%; height: 34px; background-color: #ebebeb;\"><span style=\"font-size: 12pt;\"><strong><span style=\"font-family: arial, helvetica, sans-serif;\">Mindestbestellmenge<\/span><\/strong><\/span><\/td>\n<td style=\"width: 77.3204%; height: 34px; background-color: #ebebeb;\"><span style=\"font-family: arial, helvetica, sans-serif; font-size: 12pt;\">200 Kilogramm<\/span><\/td>\n<\/tr>\n<tr style=\"height: 40px; background-color: #99ccff;\">\n<td style=\"width: 22.6796%; height: 24px;\"><span style=\"font-size: 12pt;\"><strong><span style=\"font-family: arial, helvetica, sans-serif;\">Verpackungsart<\/span><\/strong><\/span><\/td>\n<td style=\"width: 77.3204%; height: 24px;\"><span style=\"font-family: arial, helvetica, sans-serif; font-size: 12pt;\">Kunststofffolienrolle<\/span><\/td>\n<\/tr>\n<tr style=\"height: 40px; background-color: #ebebeb;\">\n<td style=\"width: 22.6796%; height: 24px;\"><span style=\"font-size: 12pt;\"><strong><span style=\"font-family: arial, helvetica, sans-serif;\">Drucken<\/span><\/strong><\/span><\/td>\n<td style=\"width: 77.3204%; height: 24px;\"><span style=\"font-family: arial, helvetica, sans-serif; font-size: 12pt;\">Tiefdruck, nach Vorlage, bis zu 10 Farben<\/span><\/td>\n<\/tr>\n<tr style=\"height: 40px; background-color: #99ccff;\">\n<td style=\"width: 22.6796%; height: 24px;\"><span style=\"font-size: 12pt;\"><strong><span style=\"font-family: arial, helvetica, sans-serif;\">Gr\u00f6\u00dfe und Dicke<\/span><\/strong><\/span><\/td>\n<td style=\"width: 77.3204%; height: 24px;\"><span style=\"font-family: arial, helvetica, sans-serif; font-size: 12pt;\">Verschiedene Gr\u00f6\u00dfen und St\u00e4rken erh\u00e4ltlich<\/span><\/td>\n<\/tr>\n<tr style=\"height: 40px; background-color: #ebebeb;\">\n<td style=\"width: 22.6796%; height: 24px;\"><span style=\"font-size: 12pt;\"><strong><span style=\"font-family: arial, helvetica, sans-serif;\">Material<\/span><\/strong><\/span><\/td>\n<td style=\"width: 77.3204%; height: 24px;\"><span style=\"font-family: arial, helvetica, sans-serif; font-size: 12pt;\">PET\/VMPET\/PE, PET\/AL\/PE, OPP\/VMPET\/PE, OPP\/AL\/PE usw.<\/span><\/td>\n<\/tr>\n<tr style=\"height: 40px; background-color: #99ccff;\">\n<td style=\"width: 22.6796%; height: 24px;\"><span style=\"font-size: 12pt;\"><strong><span style=\"font-family: arial, helvetica, sans-serif;\">Anwendung<\/span><\/strong><\/span><\/td>\n<td style=\"width: 77.3204%; height: 24px;\"><span style=\"font-family: arial, helvetica, sans-serif; font-size: 12pt;\">Chips\/Tee\/Kaffeebohnen\/Kaffeepulver\/gemahlener Kaffee\/Chips usw.<\/span><\/td>\n<\/tr>\n<tr style=\"height: 40px; background-color: #ebebeb;\">\n<td style=\"width: 22.6796%; height: 24px;\"><span style=\"font-size: 12pt;\"><strong><span style=\"font-family: arial, helvetica, sans-serif;\">Seitenwechsel<\/span><\/strong><\/span><\/td>\n<td style=\"width: 77.3204%; height: 24px;\"><span style=\"font-family: arial, helvetica, sans-serif; font-size: 12pt;\">7 \u2013 15 Werktage, Eilzustellung<\/span><\/td>\n<\/tr>\n<tr style=\"height: 40px; background-color: #99ccff;\">\n<td style=\"width: 22.6796%; height: 24px;\"><span style=\"font-size: 12pt;\"><strong><span style=\"font-family: arial, helvetica, sans-serif;\">Versand<\/span><\/strong><\/span><\/td>\n<td style=\"width: 77.3204%; height: 24px;\"><span style=\"font-family: arial, helvetica, sans-serif; font-size: 12pt;\">Luft, See, Express<\/span><\/td>\n<\/tr>\n<\/tbody>\n<\/table>\n<p>&nbsp;<\/p>","protected":false},"featured_media":3068,"comment_status":"open","ping_status":"closed","template":"","meta":[],"product_brand":[],"product_cat":[23],"product_tag":[],"class_list":{"0":"post-3072","1":"product","2":"type-product","3":"status-publish","4":"has-post-thumbnail","6":"product_cat-film-rolls","8":"first","9":"instock","10":"shipping-taxable","11":"product-type-simple"},"_links":{"self":[{"href":"https:\/\/polysmarts.com\/de\/wp-json\/wp\/v2\/product\/3072","targetHints":{"allow":["GET"]}}],"collection":[{"href":"https:\/\/polysmarts.com\/de\/wp-json\/wp\/v2\/product"}],"about":[{"href":"https:\/\/polysmarts.com\/de\/wp-json\/wp\/v2\/types\/product"}],"replies":[{"embeddable":true,"href":"https:\/\/polysmarts.com\/de\/wp-json\/wp\/v2\/comments?post=3072"}],"version-history":[{"count":2,"href":"https:\/\/polysmarts.com\/de\/wp-json\/wp\/v2\/product\/3072\/revisions"}],"predecessor-version":[{"id":3074,"href":"https:\/\/polysmarts.com\/de\/wp-json\/wp\/v2\/product\/3072\/revisions\/3074"}],"wp:featuredmedia":[{"embeddable":true,"href":"https:\/\/polysmarts.com\/de\/wp-json\/wp\/v2\/media\/3068"}],"wp:attachment":[{"href":"https:\/\/polysmarts.com\/de\/wp-json\/wp\/v2\/media?parent=3072"}],"wp:term":[{"taxonomy":"product_brand","embeddable":true,"href":"https:\/\/polysmarts.com\/de\/wp-json\/wp\/v2\/product_brand?post=3072"},{"taxonomy":"product_cat","embeddable":true,"href":"https:\/\/polysmarts.com\/de\/wp-json\/wp\/v2\/product_cat?post=3072"},{"taxonomy":"product_tag","embeddable":true,"href":"https:\/\/polysmarts.com\/de\/wp-json\/wp\/v2\/product_tag?post=3072"}],"curies":[{"name":"wp","href":"https:\/\/api.w.org\/{rel}","templated":true}]}}