{"id":3000,"date":"2024-05-06T08:45:18","date_gmt":"2024-05-06T08:45:18","guid":{"rendered":"https:\/\/polysmarts.com\/?post_type=product&#038;p=3000"},"modified":"2024-05-06T09:05:25","modified_gmt":"2024-05-06T09:05:25","slug":"individuell-bedruckte-rollenfolienverpackung","status":"publish","type":"product","link":"https:\/\/polysmarts.com\/de\/product\/custom-printed-roll-stock-film-packaging\/","title":{"rendered":"Individuell bedruckte Rollenfolienverpackung"},"content":{"rendered":"<p>Ma\u00dfgeschneiderte Kunststofffolienverpackungen auf Rollen, speziell f\u00fcr OPP, CPP, ideal zum Verschlie\u00dfen der beliebten Bubble Tea-Becher und anderer Getr\u00e4nke. Unsere Lebensmittelfolie wird sorgf\u00e4ltig aus PET\/EVA-Material hergestellt, f\u00fchlt sich angenehm an, ist kristallklar transparent und umweltfreundlich.<\/p>\n<p>Was uns auszeichnet? Die Verschmelzung von Vielseitigkeit und \u00c4sthetik! Mit einer Palette von bis zu 12 Farben zur individuellen Gestaltung k\u00f6nnen Sie die Folie an die einzigartige Identit\u00e4t Ihrer Marke anpassen. Unsere Tiefdrucktechnik gew\u00e4hrleistet erstklassige Qualit\u00e4t und garantiert, dass Ihr Produkt im Verkaufsregal im Mittelpunkt steht.<\/p>\n<p>Unsere weiche und dennoch robuste Becherverschlussfolie wird in einem speziellen Blasformverfahren hergestellt und gew\u00e4hrleistet eine zuverl\u00e4ssige Verpackung Ihrer Getr\u00e4nke. Bei Polysmarts sind wir stolz darauf, eine umweltfreundliche Option anzubieten, die keine Kompromisse bei der Leistung eingeht.<\/p>\n<p>Aber warten Sie, es gibt noch mehr! Wir bieten Ihnen Muster an, damit Sie unsere Qualit\u00e4t aus erster Hand erleben k\u00f6nnen. Dar\u00fcber hinaus nehmen wir gerne Sonderanfertigungen entgegen und stellen sicher, dass Ihre Verpackungsanforderungen mit Pr\u00e4zision und Sorgfalt erf\u00fcllt werden.<\/p>\n<p>Warum sich mit weniger zufrieden geben? W\u00e4hlen Sie Polysmarts f\u00fcr Rollenfolienverpackungen, die Ihr Produkt nicht nur sch\u00fctzen, sondern auch optisch ansprechender machen. Werten Sie Ihre Marke mit einer Verpackungsl\u00f6sung auf, die sowohl zuverl\u00e4ssig als auch umweltbewusst ist. Entdecken Sie die perfekte Kombination aus Funktionalit\u00e4t und Stil mit den ma\u00dfgeschneiderten Rollenfolienverpackungen von Polysmarts.<\/p>","protected":false},"excerpt":{"rendered":"<table style=\"height: 360px; width: 99.8505%; border-collapse: collapse;\" border=\"2\">\n<tbody>\n<tr style=\"height: 40px;\">\n<td style=\"width: 22.6796%; height: 30px; background-color: #99ccff;\"><span style=\"font-family: arial, helvetica, sans-serif; font-size: 12pt;\"><strong>Dimension &amp; Stil<\/strong><\/span><\/td>\n<td style=\"width: 77.3204%; height: 30px; background-color: #99ccff;\"><span style=\"font-family: arial, helvetica, sans-serif; font-size: 12pt;\">Benutzerdefinierte Formen und Gr\u00f6\u00dfen<\/span><\/td>\n<\/tr>\n<tr style=\"height: 40px;\">\n<td style=\"width: 22.6796%; height: 34px; background-color: #ebebeb;\"><span style=\"font-size: 12pt;\"><strong><span style=\"font-family: arial, helvetica, sans-serif;\">Mindestbestellmenge<\/span><\/strong><\/span><\/td>\n<td style=\"width: 77.3204%; height: 34px; background-color: #ebebeb;\"><span style=\"font-family: arial, helvetica, sans-serif; font-size: 12pt;\">200 Kilogramm<\/span><\/td>\n<\/tr>\n<tr style=\"height: 40px; background-color: #99ccff;\">\n<td style=\"width: 22.6796%; height: 24px;\"><span style=\"font-size: 12pt;\"><strong><span style=\"font-family: arial, helvetica, sans-serif;\">Verpackungsart<\/span><\/strong><\/span><\/td>\n<td style=\"width: 77.3204%; height: 24px;\"><span style=\"font-family: arial, helvetica, sans-serif; font-size: 12pt;\">Rollenware-Folienverpackung<\/span><\/td>\n<\/tr>\n<tr style=\"height: 40px; background-color: #ebebeb;\">\n<td style=\"width: 22.6796%; height: 24px;\"><span style=\"font-size: 12pt;\"><strong><span style=\"font-family: arial, helvetica, sans-serif;\">Drucken<\/span><\/strong><\/span><\/td>\n<td style=\"width: 77.3204%; height: 24px;\"><span style=\"font-family: arial, helvetica, sans-serif; font-size: 12pt;\">Tiefdruck, nach Vorlage, bis zu 10 Farben<\/span><\/td>\n<\/tr>\n<tr style=\"height: 40px; background-color: #99ccff;\">\n<td style=\"width: 22.6796%; height: 24px;\"><span style=\"font-size: 12pt;\"><strong><span style=\"font-family: arial, helvetica, sans-serif;\">Gr\u00f6\u00dfe und Dicke<\/span><\/strong><\/span><\/td>\n<td style=\"width: 77.3204%; height: 24px;\"><span style=\"font-family: arial, helvetica, sans-serif; font-size: 12pt;\">Verschiedene Gr\u00f6\u00dfen und St\u00e4rken erh\u00e4ltlich<\/span><\/td>\n<\/tr>\n<tr style=\"height: 40px; background-color: #ebebeb;\">\n<td style=\"width: 22.6796%; height: 24px;\"><span style=\"font-size: 12pt;\"><strong><span style=\"font-family: arial, helvetica, sans-serif;\">Material<\/span><\/strong><\/span><\/td>\n<td style=\"width: 77.3204%; height: 24px;\"><span style=\"font-family: arial, helvetica, sans-serif; font-size: 12pt;\">PET\/VMPET\/PE, PET\/AL\/PE, OPP\/VMPET\/PE, OPP\/AL\/PE usw.<\/span><\/td>\n<\/tr>\n<tr style=\"height: 40px; background-color: #99ccff;\">\n<td style=\"width: 22.6796%; height: 24px;\"><span style=\"font-size: 12pt;\"><strong><span style=\"font-family: arial, helvetica, sans-serif;\">Anwendung<\/span><\/strong><\/span><\/td>\n<td style=\"width: 77.3204%; height: 24px;\"><span style=\"font-family: arial, helvetica, sans-serif; font-size: 12pt;\">Chips\/Tee\/Kaffeebohnen\/Kaffeepulver\/gemahlener Kaffee\/Chips usw.<\/span><\/td>\n<\/tr>\n<tr style=\"height: 40px; background-color: #ebebeb;\">\n<td style=\"width: 22.6796%; height: 24px;\"><span style=\"font-size: 12pt;\"><strong><span style=\"font-family: arial, helvetica, sans-serif;\">Seitenwechsel<\/span><\/strong><\/span><\/td>\n<td style=\"width: 77.3204%; height: 24px;\"><span style=\"font-family: arial, helvetica, sans-serif; font-size: 12pt;\">7 \u2013 15 Werktage, Eilzustellung<\/span><\/td>\n<\/tr>\n<tr style=\"height: 40px; background-color: #99ccff;\">\n<td style=\"width: 22.6796%; height: 24px;\"><span style=\"font-size: 12pt;\"><strong><span style=\"font-family: arial, helvetica, sans-serif;\">Versand<\/span><\/strong><\/span><\/td>\n<td style=\"width: 77.3204%; height: 24px;\"><span style=\"font-family: arial, helvetica, sans-serif; font-size: 12pt;\">Luft, See, Express<\/span><\/td>\n<\/tr>\n<\/tbody>\n<\/table>\n<p>&nbsp;<\/p>","protected":false},"featured_media":3002,"comment_status":"open","ping_status":"closed","template":"","meta":[],"product_brand":[],"product_cat":[23],"product_tag":[],"class_list":{"0":"post-3000","1":"product","2":"type-product","3":"status-publish","4":"has-post-thumbnail","6":"product_cat-film-rolls","8":"first","9":"instock","10":"shipping-taxable","11":"product-type-simple"},"_links":{"self":[{"href":"https:\/\/polysmarts.com\/de\/wp-json\/wp\/v2\/product\/3000","targetHints":{"allow":["GET"]}}],"collection":[{"href":"https:\/\/polysmarts.com\/de\/wp-json\/wp\/v2\/product"}],"about":[{"href":"https:\/\/polysmarts.com\/de\/wp-json\/wp\/v2\/types\/product"}],"replies":[{"embeddable":true,"href":"https:\/\/polysmarts.com\/de\/wp-json\/wp\/v2\/comments?post=3000"}],"version-history":[{"count":2,"href":"https:\/\/polysmarts.com\/de\/wp-json\/wp\/v2\/product\/3000\/revisions"}],"predecessor-version":[{"id":3008,"href":"https:\/\/polysmarts.com\/de\/wp-json\/wp\/v2\/product\/3000\/revisions\/3008"}],"wp:featuredmedia":[{"embeddable":true,"href":"https:\/\/polysmarts.com\/de\/wp-json\/wp\/v2\/media\/3002"}],"wp:attachment":[{"href":"https:\/\/polysmarts.com\/de\/wp-json\/wp\/v2\/media?parent=3000"}],"wp:term":[{"taxonomy":"product_brand","embeddable":true,"href":"https:\/\/polysmarts.com\/de\/wp-json\/wp\/v2\/product_brand?post=3000"},{"taxonomy":"product_cat","embeddable":true,"href":"https:\/\/polysmarts.com\/de\/wp-json\/wp\/v2\/product_cat?post=3000"},{"taxonomy":"product_tag","embeddable":true,"href":"https:\/\/polysmarts.com\/de\/wp-json\/wp\/v2\/product_tag?post=3000"}],"curies":[{"name":"wp","href":"https:\/\/api.w.org\/{rel}","templated":true}]}}