{"id":2965,"date":"2024-04-29T07:41:57","date_gmt":"2024-04-29T07:41:57","guid":{"rendered":"https:\/\/polysmarts.com\/?post_type=product&#038;p=2965"},"modified":"2024-04-29T08:05:02","modified_gmt":"2024-04-29T08:05:02","slug":"visitenkartenpragung-mit-goldfolie-drucken","status":"publish","type":"product","link":"https:\/\/polysmarts.com\/de\/product\/embossed-business-card-printing-with-gold-foil\/","title":{"rendered":"Gepr\u00e4gter Visitenkartendruck mit Goldfolie"},"content":{"rendered":"<p>Verbessern Sie Ihr professionelles Image mit unseren gepr\u00e4gten Visitenkarten in Premiumqualit\u00e4t, die mit luxuri\u00f6sen Akzenten aus Goldfolie verziert sind. Unsere individuellen Visitenkarten werden mit viel Liebe zum Detail hergestellt und beidseitig auf hochwertigem, beschichtetem 300 g\/m\u00b2-Papier bedruckt. Das dicke Papier mit seiner beidseitig matten Oberfl\u00e4che strahlt Eleganz aus und gew\u00e4hrleistet gleichzeitig Haltbarkeit und Wasserfestigkeit.<\/p>\n<p>W\u00e4hrend die Standardgr\u00f6\u00dfe unserer Visitenkarten 90 x 54 mm (3,5 x 2 Zoll) betr\u00e4gt, bieten wir volle Unterst\u00fctzung f\u00fcr individuelle Gr\u00f6\u00dfen, die perfekt zu Ihren individuellen Vorlieben und Anforderungen passen.<\/p>\n<p>Diese exquisiten Visitenkarten sind vielseitig einsetzbar und ideal f\u00fcr verschiedene professionelle Zwecke, darunter personalisierte H\u00e4ndler, Tierdienste und mehr. Dar\u00fcber hinaus dienen sie als perfekte Geschenkkarten, Dankeskarten oder Kundentreuekarten und sind daher unverzichtbar f\u00fcr Online-H\u00e4ndler, Floristen, Boutiquen, Friseure, gemeinn\u00fctzige Organisationen und jedes Unternehmen, das sowohl seine Markenpr\u00e4senz als auch seine zwischenmenschlichen Beziehungen verbessern m\u00f6chte.<\/p>\n<p>Hinterlassen Sie in jedem professionellen Umfeld einen bleibenden Eindruck mit unserem gepr\u00e4gten Visitenkartendruck mit eleganter Goldfolie. Erleben Sie die perfekte Mischung aus Qualit\u00e4t, Eleganz und Anpassung an Ihre Gesch\u00e4ftsanforderungen.<\/p>","protected":false},"excerpt":{"rendered":"<table style=\"height: 360px; width: 99.8505%; border-collapse: collapse;\" border=\"2\">\n<tbody>\n<tr style=\"height: 40px;\">\n<td style=\"width: 22.6796%; height: 30px; background-color: #99ccff;\"><span style=\"font-family: arial, helvetica, sans-serif; font-size: 12pt;\"><strong>Dicke<\/strong><\/span><\/td>\n<td style=\"width: 77.3204%; height: 30px; background-color: #99ccff;\"><span style=\"font-family: arial, helvetica, sans-serif; font-size: 12pt;\">350 g\/m\u00b2, 900 g\/m\u00b2 oder individuell<\/span><\/td>\n<\/tr>\n<tr style=\"height: 40px;\">\n<td style=\"width: 22.6796%; height: 34px; background-color: #ebebeb;\"><strong><span style=\"font-family: arial, helvetica, sans-serif;\">Gr\u00f6\u00dfe<\/span><\/strong><\/td>\n<td style=\"width: 77.3204%; height: 34px; background-color: #ebebeb;\"><span style=\"font-family: arial, helvetica, sans-serif;\"><span style=\"font-family: arial, helvetica, sans-serif; font-size: 12pt;\">Benutzerdefiniertes Format<\/span><\/span><\/td>\n<\/tr>\n<tr style=\"height: 40px; background-color: #99ccff;\">\n<td style=\"width: 22.6796%; height: 24px;\"><span style=\"font-size: 12pt;\"><strong><span style=\"font-family: arial, helvetica, sans-serif;\">Mindestbestellmenge<\/span><\/strong><\/span><\/td>\n<td style=\"width: 77.3204%; height: 24px;\"><span style=\"font-family: arial, helvetica, sans-serif; font-size: 12pt;\">100 St\u00fcck<\/span><\/td>\n<\/tr>\n<tr style=\"height: 40px; background-color: #ebebeb;\">\n<td style=\"width: 22.6796%; height: 24px;\"><span style=\"font-size: 12pt;\"><strong><span style=\"font-family: arial, helvetica, sans-serif;\">Drucken<\/span><\/strong><\/span><\/td>\n<td style=\"width: 77.3204%; height: 24px;\"><span style=\"font-family: arial, helvetica, sans-serif; font-size: 12pt;\">Folienpr\u00e4gung<\/span><\/td>\n<\/tr>\n<tr style=\"height: 40px; background-color: #99ccff;\">\n<td style=\"width: 22.6796%; height: 24px;\"><span style=\"font-size: 12pt;\"><strong><span style=\"font-family: arial, helvetica, sans-serif;\">Material<\/span><\/strong><\/span><\/td>\n<td style=\"width: 77.3204%; height: 24px;\"><span style=\"font-family: arial, helvetica, sans-serif; font-size: 12pt;\">Beschichtetes Papier<\/span><\/td>\n<\/tr>\n<tr style=\"height: 40px; background-color: #ebebeb;\">\n<td style=\"width: 22.6796%; height: 24px;\"><span style=\"font-size: 12pt;\"><strong><span style=\"font-family: arial, helvetica, sans-serif;\">Industrielle Nutzung<\/span><\/strong><\/span><\/td>\n<td style=\"width: 77.3204%; height: 24px;\"><span style=\"font-family: arial, helvetica, sans-serif; font-size: 12pt;\">Gesch\u00e4ft<\/span><\/td>\n<\/tr>\n<tr style=\"height: 40px; background-color: #99ccff;\">\n<td style=\"width: 22.6796%; height: 24px;\"><span style=\"font-size: 12pt;\"><strong><span style=\"font-family: arial, helvetica, sans-serif;\">Besonderheit<\/span><\/strong><\/span><\/td>\n<td style=\"width: 77.3204%; height: 24px;\"><span style=\"font-family: arial, helvetica, sans-serif; font-size: 12pt;\">Umweltfreundlich<\/span><\/td>\n<\/tr>\n<tr style=\"height: 40px; background-color: #ebebeb;\">\n<td style=\"width: 22.6796%; height: 24px;\"><span style=\"font-size: 12pt;\"><strong><span style=\"font-family: arial, helvetica, sans-serif;\">Seitenwechsel<\/span><\/strong><\/span><\/td>\n<td style=\"width: 77.3204%; height: 24px;\"><span style=\"font-family: arial, helvetica, sans-serif; font-size: 12pt;\">3 \u2013 7 Werktage, Eilzustellung<\/span><\/td>\n<\/tr>\n<tr style=\"height: 40px; background-color: #99ccff;\">\n<td style=\"width: 22.6796%; height: 24px;\"><span style=\"font-size: 12pt;\"><strong><span style=\"font-family: arial, helvetica, sans-serif;\">Versand<\/span><\/strong><\/span><\/td>\n<td style=\"width: 77.3204%; height: 24px;\"><span style=\"font-family: arial, helvetica, sans-serif; font-size: 12pt;\">Luft, See, Express<\/span><\/td>\n<\/tr>\n<\/tbody>\n<\/table>\n<p>&nbsp;<\/p>","protected":false},"featured_media":2968,"comment_status":"open","ping_status":"closed","template":"","meta":[],"product_brand":[],"product_cat":[25],"product_tag":[],"class_list":{"0":"post-2965","1":"product","2":"type-product","3":"status-publish","4":"has-post-thumbnail","6":"product_cat-packaging-auxiliary-material","8":"first","9":"instock","10":"shipping-taxable","11":"product-type-simple"},"_links":{"self":[{"href":"https:\/\/polysmarts.com\/de\/wp-json\/wp\/v2\/product\/2965","targetHints":{"allow":["GET"]}}],"collection":[{"href":"https:\/\/polysmarts.com\/de\/wp-json\/wp\/v2\/product"}],"about":[{"href":"https:\/\/polysmarts.com\/de\/wp-json\/wp\/v2\/types\/product"}],"replies":[{"embeddable":true,"href":"https:\/\/polysmarts.com\/de\/wp-json\/wp\/v2\/comments?post=2965"}],"version-history":[{"count":2,"href":"https:\/\/polysmarts.com\/de\/wp-json\/wp\/v2\/product\/2965\/revisions"}],"predecessor-version":[{"id":2978,"href":"https:\/\/polysmarts.com\/de\/wp-json\/wp\/v2\/product\/2965\/revisions\/2978"}],"wp:featuredmedia":[{"embeddable":true,"href":"https:\/\/polysmarts.com\/de\/wp-json\/wp\/v2\/media\/2968"}],"wp:attachment":[{"href":"https:\/\/polysmarts.com\/de\/wp-json\/wp\/v2\/media?parent=2965"}],"wp:term":[{"taxonomy":"product_brand","embeddable":true,"href":"https:\/\/polysmarts.com\/de\/wp-json\/wp\/v2\/product_brand?post=2965"},{"taxonomy":"product_cat","embeddable":true,"href":"https:\/\/polysmarts.com\/de\/wp-json\/wp\/v2\/product_cat?post=2965"},{"taxonomy":"product_tag","embeddable":true,"href":"https:\/\/polysmarts.com\/de\/wp-json\/wp\/v2\/product_tag?post=2965"}],"curies":[{"name":"wp","href":"https:\/\/api.w.org\/{rel}","templated":true}]}}