{"id":2955,"date":"2024-04-29T07:18:29","date_gmt":"2024-04-29T07:18:29","guid":{"rendered":"https:\/\/polysmarts.com\/?post_type=product&#038;p=2955"},"modified":"2024-04-29T07:34:55","modified_gmt":"2024-04-29T07:34:55","slug":"wiederverschliesbare-getrankebeutel-mit-reisverschluss","status":"publish","type":"product","link":"https:\/\/polysmarts.com\/de\/product\/reclosable-zipper-drink-pouches-bags\/","title":{"rendered":"Wiederverschlie\u00dfbare Getr\u00e4nkebeutel mit Rei\u00dfverschluss"},"content":{"rendered":"<p>Erleben Sie unvergleichlichen Komfort und Zuverl\u00e4ssigkeit mit unseren durchsichtigen, wiederverschlie\u00dfbaren Getr\u00e4nkebeuteln. Diese Beutel sind aus hochwertigem Kunststoff gefertigt, leicht und dennoch stabil und bieten au\u00dfergew\u00f6hnliche Haltbarkeit, die sowohl kaltem Eis als auch hei\u00dfen Getr\u00e4nken problemlos standh\u00e4lt. Sie k\u00f6nnen sicher sein, dass diese Beutel sicher in der Anwendung sind und mit der Zeit nicht brechen oder verblassen. Sie bieten Ihnen eine zuverl\u00e4ssige L\u00f6sung f\u00fcr Ihren Getr\u00e4nkebedarf.<\/p>\n<p>Unsere wiederverwendbaren Saftbeutel sind mit einer Kombination aus klaren und matten Texturen versehen und mit rosa bzw. blauen Texten gestaltet, erg\u00e4nzt durch farblich passende Strohhalme. Durch das klare Design k\u00f6nnen Sie den Inhalt des Beutels leicht erkennen, was Ihr allgemeines Benutzererlebnis verbessert.<\/p>\n<p>Diese Trinkbeutel mit Strohhalm sind vielseitig und praktisch und eignen sich perfekt f\u00fcr eine Vielzahl von Anl\u00e4ssen. Egal, ob Sie Kaffee, Tee, Energydrinks, gesunde Smoothies oder Proteinshakes genie\u00dfen, unsere Trinkbeutel mit Rei\u00dfverschluss sind genau das Richtige f\u00fcr Sie. Dar\u00fcber hinaus k\u00f6nnen sie zur Aufbewahrung von Lebensmitteln wie Bohnen, Snacks, S\u00fc\u00dfigkeiten, Keksen, Trockenblumen, N\u00fcssen und mehr verwendet werden.<\/p>\n<p>Mit Abmessungen von ca. 7,8 x 5 Zoll und einem Fassungsverm\u00f6gen von ca. 350 ml\/11,8 oz bietet jeder Gender-Reveal-Rei\u00dfverschlussbeutel ausreichend Platz f\u00fcr Ihre Lieblingsgetr\u00e4nke. Diese Beutel sind leicht zu halten und zu bef\u00fcllen, eignen sich f\u00fcr verschiedene Handgr\u00f6\u00dfen und bieten Ihnen ein angenehmes Trinkerlebnis.<\/p>\n<p>F\u00fcr diejenigen, die nach Anpassungsoptionen suchen, begr\u00fc\u00dft Polysmarts die Anpassung von Gr\u00f6\u00dfe und Fassungsverm\u00f6gen herzlich und stellt sicher, dass unsere Beutel Ihren spezifischen Anforderungen und Vorlieben entsprechen. Verbessern Sie Ihr Getr\u00e4nkeerlebnis mit den wiederverschlie\u00dfbaren Getr\u00e4nkebeuteln mit Rei\u00dfverschluss von Polysmarts, der perfekten Mischung aus Qualit\u00e4t, Komfort und Anpassung.<\/p>","protected":false},"excerpt":{"rendered":"<table style=\"height: 360px; width: 99.8505%; border-collapse: collapse;\" border=\"2\">\n<tbody>\n<tr style=\"height: 40px;\">\n<td style=\"width: 22.6796%; height: 30px; background-color: #99ccff;\"><span style=\"font-family: arial, helvetica, sans-serif; font-size: 12pt;\"><strong>Dimension &amp; Stil<\/strong><\/span><\/td>\n<td style=\"width: 77.3204%; height: 30px; background-color: #99ccff;\"><span style=\"font-family: arial, helvetica, sans-serif; font-size: 12pt;\">Benutzerdefinierte Formen und Gr\u00f6\u00dfen<\/span><\/td>\n<\/tr>\n<tr style=\"height: 40px;\">\n<td style=\"width: 22.6796%; height: 34px; background-color: #ebebeb;\"><span style=\"font-size: 12pt;\"><strong><span style=\"font-family: arial, helvetica, sans-serif;\">Mindestbestellmenge<\/span><\/strong><\/span><\/td>\n<td style=\"width: 77.3204%; height: 34px; background-color: #ebebeb;\"><span style=\"font-family: arial, helvetica, sans-serif; font-size: 12pt;\">1000 St\u00fcck ohne Anpassung, 10000 St\u00fcck zur Anpassung<\/span><\/td>\n<\/tr>\n<tr style=\"height: 40px; background-color: #99ccff;\">\n<td style=\"width: 22.6796%; height: 24px;\"><span style=\"font-size: 12pt;\"><strong><span style=\"font-family: arial, helvetica, sans-serif;\">Verpackungsart<\/span><\/strong><\/span><\/td>\n<td style=\"width: 77.3204%; height: 24px;\"><span style=\"font-family: arial, helvetica, sans-serif; font-size: 12pt;\">Getr\u00e4nkebeutel mit Rei\u00dfverschluss<\/span><\/td>\n<\/tr>\n<tr style=\"height: 40px; background-color: #ebebeb;\">\n<td style=\"width: 22.6796%; height: 24px;\"><span style=\"font-size: 12pt;\"><strong><span style=\"font-family: arial, helvetica, sans-serif;\">Drucken<\/span><\/strong><\/span><\/td>\n<td style=\"width: 77.3204%; height: 24px;\"><span style=\"font-family: arial, helvetica, sans-serif; font-size: 12pt;\">CMYK (1 \u2013 10 Farben), kein Druck (Normal)<\/span><\/td>\n<\/tr>\n<tr style=\"height: 40px; background-color: #99ccff;\">\n<td style=\"width: 22.6796%; height: 24px;\"><span style=\"font-size: 12pt;\"><strong><span style=\"font-family: arial, helvetica, sans-serif;\">Fertigstellung<\/span><\/strong><\/span><\/td>\n<td style=\"width: 77.3204%; height: 24px;\"><span style=\"font-family: arial, helvetica, sans-serif; font-size: 12pt;\">Glanz-\/Matt-Laminierung, Offsetdruck<\/span><\/td>\n<\/tr>\n<tr style=\"height: 40px; background-color: #ebebeb;\">\n<td style=\"width: 22.6796%; height: 24px;\"><span style=\"font-size: 12pt;\"><strong><span style=\"font-family: arial, helvetica, sans-serif;\">Enthaltene Optionen<\/span><\/strong><\/span><\/td>\n<td style=\"width: 77.3204%; height: 24px;\"><span style=\"font-family: arial, helvetica, sans-serif; font-size: 12pt;\">Stanzen, Hei\u00dfsiegeln<\/span><\/td>\n<\/tr>\n<tr style=\"height: 40px; background-color: #99ccff;\">\n<td style=\"width: 22.6796%; height: 24px;\"><span style=\"font-size: 12pt;\"><strong><span style=\"font-family: arial, helvetica, sans-serif;\">Nachweisen<\/span><\/strong><\/span><\/td>\n<td style=\"width: 77.3204%; height: 24px;\"><span style=\"font-family: arial, helvetica, sans-serif; font-size: 12pt;\">Geruchsbeweise\u00a0<\/span><\/td>\n<\/tr>\n<tr style=\"height: 40px; background-color: #ebebeb;\">\n<td style=\"width: 22.6796%; height: 24px;\"><span style=\"font-size: 12pt;\"><strong><span style=\"font-family: arial, helvetica, sans-serif;\">Seitenwechsel<\/span><\/strong><\/span><\/td>\n<td style=\"width: 77.3204%; height: 24px;\"><span style=\"font-family: arial, helvetica, sans-serif; font-size: 12pt;\">7 \u2013 15 Werktage, Eilzustellung<\/span><\/td>\n<\/tr>\n<tr style=\"height: 40px; background-color: #99ccff;\">\n<td style=\"width: 22.6796%; height: 24px;\"><span style=\"font-size: 12pt;\"><strong><span style=\"font-family: arial, helvetica, sans-serif;\">Versand<\/span><\/strong><\/span><\/td>\n<td style=\"width: 77.3204%; height: 24px;\"><span style=\"font-family: arial, helvetica, sans-serif; font-size: 12pt;\">Luft, See, Express<\/span><\/td>\n<\/tr>\n<\/tbody>\n<\/table>\n<p>&nbsp;<\/p>","protected":false},"featured_media":2959,"comment_status":"open","ping_status":"closed","template":"","meta":[],"product_brand":[],"product_cat":[26,18],"product_tag":[],"class_list":{"0":"post-2955","1":"product","2":"type-product","3":"status-publish","4":"has-post-thumbnail","6":"product_cat-food-packaging","7":"product_cat-zipper-bags","9":"first","10":"instock","11":"shipping-taxable","12":"product-type-simple"},"_links":{"self":[{"href":"https:\/\/polysmarts.com\/de\/wp-json\/wp\/v2\/product\/2955","targetHints":{"allow":["GET"]}}],"collection":[{"href":"https:\/\/polysmarts.com\/de\/wp-json\/wp\/v2\/product"}],"about":[{"href":"https:\/\/polysmarts.com\/de\/wp-json\/wp\/v2\/types\/product"}],"replies":[{"embeddable":true,"href":"https:\/\/polysmarts.com\/de\/wp-json\/wp\/v2\/comments?post=2955"}],"version-history":[{"count":2,"href":"https:\/\/polysmarts.com\/de\/wp-json\/wp\/v2\/product\/2955\/revisions"}],"predecessor-version":[{"id":2964,"href":"https:\/\/polysmarts.com\/de\/wp-json\/wp\/v2\/product\/2955\/revisions\/2964"}],"wp:featuredmedia":[{"embeddable":true,"href":"https:\/\/polysmarts.com\/de\/wp-json\/wp\/v2\/media\/2959"}],"wp:attachment":[{"href":"https:\/\/polysmarts.com\/de\/wp-json\/wp\/v2\/media?parent=2955"}],"wp:term":[{"taxonomy":"product_brand","embeddable":true,"href":"https:\/\/polysmarts.com\/de\/wp-json\/wp\/v2\/product_brand?post=2955"},{"taxonomy":"product_cat","embeddable":true,"href":"https:\/\/polysmarts.com\/de\/wp-json\/wp\/v2\/product_cat?post=2955"},{"taxonomy":"product_tag","embeddable":true,"href":"https:\/\/polysmarts.com\/de\/wp-json\/wp\/v2\/product_tag?post=2955"}],"curies":[{"name":"wp","href":"https:\/\/api.w.org\/{rel}","templated":true}]}}