{"id":2833,"date":"2024-04-21T02:43:53","date_gmt":"2024-04-21T02:43:53","guid":{"rendered":"https:\/\/polysmarts.com\/?post_type=product&#038;p=2833"},"modified":"2024-04-21T03:56:09","modified_gmt":"2024-04-21T03:56:09","slug":"geruchsdichte-standbeutel-aus-mylar","status":"publish","type":"product","link":"https:\/\/polysmarts.com\/de\/product\/smell-proof-stand-up-pouches-mylar-bags\/","title":{"rendered":"Geruchsdichte Standbeutel Mylar-Beutel"},"content":{"rendered":"<p>Erleben Sie den H\u00f6hepunkt der Verpackungsinnovation mit unseren geruchsdichten Standbeuteln, die von Branchenf\u00fchrern sorgf\u00e4ltig hergestellt werden, um beispiellose Vielseitigkeit und Haltbarkeit zu bieten. Mit einer Dicke von 80 <span style=\"font-family: arial, helvetica, sans-serif; font-size: 12pt;\">Mikrometer<\/span>Diese verschlie\u00dfbaren Beutel bieten die perfekte Balance zwischen Festigkeit und Flexibilit\u00e4t und stellen sicher, dass sie unter Druck nicht rei\u00dfen oder zerrei\u00dfen. Au\u00dferdem k\u00f6nnen Sie unsere gl\u00e4nzenden schwarzen\/transparenten Mylar-Beutel individuell gestalten, wenn Sie mehr als 1000 St\u00fcck bestellen.<\/p>\n<p>Jede Gro\u00dfverpackungsoption umfasst 100 geruchsdichte Standbeutel aus Mylar und ist somit eine au\u00dfergew\u00f6hnliche Wahl f\u00fcr all Ihre Verpackungsbed\u00fcrfnisse.<\/p>\n<p>Unsere wiederverschlie\u00dfbaren Beutel sind perfekt konstruiert und so konzipiert, dass sie Ger\u00fcche im Inneren einschlie\u00dfen und gleichzeitig Schmutz, Wasser und Staub fernhalten. Mit einem luftdichten Ziplock-Verschluss schlie\u00dfen diese Beutel die Frische ein und bieten eine m\u00fchelose und effektive L\u00f6sung f\u00fcr die langfristige Aufbewahrung. Obwohl unsere langlebigen Mylar-Ziplock-Beutel im verschlossenen Zustand luftdicht sind, lassen sie sich bei Bedarf leicht \u00f6ffnen und wieder verschlie\u00dfen.<\/p>\n<p>Verabschieden Sie sich von herk\u00f6mmlichen Fl\u00e4schchenbeh\u00e4ltern mit Aufrei\u00dfdeckel und profitieren Sie von der Vielseitigkeit unserer langlebigen Mylar-Beutel, die f\u00fcr den Einsatz in verschiedenen Branchen geeignet sind. Diese hochwertigen Beutel sind mit den meisten Hei\u00dfsiegelmaschinen kompatibel und k\u00f6nnen \u00fcber den Aufrei\u00dfkerben hei\u00dfversiegelt werden, wodurch die Haltbarkeit Ihrer Produkte verl\u00e4ngert wird und sie eine zus\u00e4tzliche Schutzschicht gegen \u00e4u\u00dfere Einfl\u00fcsse bieten.<\/p>\n<p>Jeder Loud Lock Mylar-Beutel kann je nach Verf\u00fcgbarkeit mit wiederverwendbaren Plastikt\u00fcten mit einem Loch zum Aufh\u00e4ngen (\u00fcber dem Ziplock-Verschluss) oder ohne Loch geliefert werden. Mit einem Zwickelboden zum einfachen Erweitern gew\u00e4hrleisten unsere mattschwarzen\/transparenten Mylar-Beutel maximale Produktlagerkapazit\u00e4t bei gleichzeitiger Minimierung des Risikos einer Produktbesch\u00e4digung. Dar\u00fcber hinaus erm\u00f6glicht der Zwickelboden, dass die Beutel aufrecht stehen und bequem ausgestellt werden k\u00f6nnen.<\/p>\n<p>Erweitern Sie Ihre Verpackungsleistung mit geruchsdichten Standbeuteln, der ultimativen L\u00f6sung zur Bewahrung der Frische und zum Schutz Ihrer Produkte.<\/p>","protected":false},"excerpt":{"rendered":"<table style=\"height: 360px; width: 99.8505%; border-collapse: collapse;\" border=\"2\">\n<tbody>\n<tr style=\"height: 40px;\">\n<td style=\"width: 38.0988%; height: 30px; background-color: #99ccff;\"><span style=\"font-family: arial, helvetica, sans-serif; font-size: 12pt;\"><strong>Dimension &amp; Stil<\/strong><\/span><\/td>\n<td style=\"width: 61.9012%; height: 30px; background-color: #99ccff;\"><span style=\"font-family: arial, helvetica, sans-serif; font-size: 12pt;\">12,5*20+4\/ 7,6*12,7+3 cm<\/span><\/td>\n<\/tr>\n<tr style=\"height: 40px;\">\n<td style=\"width: 38.0988%; height: 34px; background-color: #ebebeb;\"><span style=\"font-size: 12pt;\"><strong><span style=\"font-family: arial, helvetica, sans-serif;\">Gewicht von 1 Packung = 100 St\u00fcck<\/span><\/strong><\/span><\/td>\n<td style=\"width: 61.9012%; height: 34px; background-color: #ebebeb;\"><span style=\"font-family: arial, helvetica, sans-serif; font-size: 12pt;\">Etwa 0,7 \/ 0,3 kg<\/span><\/td>\n<\/tr>\n<tr style=\"height: 40px; background-color: #99ccff;\">\n<td style=\"width: 38.0988%; height: 24px;\"><span style=\"font-size: 12pt;\"><strong><span style=\"font-family: arial, helvetica, sans-serif;\">Verpackungsart<\/span><\/strong><\/span><\/td>\n<td style=\"width: 61.9012%; height: 24px;\"><span style=\"font-family: arial, helvetica, sans-serif; font-size: 12pt;\">Geruchsdichte Standbeutel<\/span><\/td>\n<\/tr>\n<tr style=\"height: 40px; background-color: #ebebeb;\">\n<td style=\"width: 38.0988%; height: 24px;\"><span style=\"font-size: 12pt;\"><strong><span style=\"font-family: arial, helvetica, sans-serif;\">Dicke<\/span><\/strong><\/span><\/td>\n<td style=\"width: 61.9012%; height: 24px;\"><span style=\"font-family: arial, helvetica, sans-serif; font-size: 12pt;\">80 Mikrometer<\/span><\/td>\n<\/tr>\n<tr style=\"height: 40px; background-color: #99ccff;\">\n<td style=\"width: 38.0988%; height: 24px;\"><span style=\"font-size: 12pt;\"><strong><span style=\"font-family: arial, helvetica, sans-serif;\">Fertigstellung<\/span><\/strong><\/span><\/td>\n<td style=\"width: 61.9012%; height: 24px;\"><span style=\"font-family: arial, helvetica, sans-serif; font-size: 12pt;\">Klar<\/span><\/td>\n<\/tr>\n<tr style=\"height: 40px; background-color: #ebebeb;\">\n<td style=\"width: 38.0988%; height: 24px;\"><span style=\"font-size: 12pt;\"><strong><span style=\"font-family: arial, helvetica, sans-serif;\">Material<\/span><\/strong><\/span><\/td>\n<td style=\"width: 61.9012%; height: 24px;\"><span style=\"font-family: arial, helvetica, sans-serif; font-size: 12pt;\">OPP\/VMPET\/PE<\/span><\/td>\n<\/tr>\n<tr style=\"height: 40px; background-color: #99ccff;\">\n<td style=\"width: 38.0988%; height: 24px;\"><span style=\"font-size: 12pt;\"><strong><span style=\"font-family: arial, helvetica, sans-serif;\">Nachweisen<\/span><\/strong><\/span><\/td>\n<td style=\"width: 61.9012%; height: 24px;\"><span style=\"font-family: arial, helvetica, sans-serif; font-size: 12pt;\">Geruchsdicht<\/span><\/td>\n<\/tr>\n<tr style=\"height: 40px; background-color: #ebebeb;\">\n<td style=\"width: 38.0988%; height: 24px;\"><span style=\"font-size: 12pt;\"><strong><span style=\"font-family: arial, helvetica, sans-serif;\">Lieferdauer<\/span><\/strong><\/span><\/td>\n<td style=\"width: 61.9012%; height: 24px;\"><span style=\"font-family: arial, helvetica, sans-serif; font-size: 12pt;\">7 \u2013 15 Werktage, Eilzustellung<\/span><\/td>\n<\/tr>\n<tr style=\"height: 40px; background-color: #99ccff;\">\n<td style=\"width: 38.0988%; height: 24px;\"><span style=\"font-size: 12pt;\"><strong><span style=\"font-family: arial, helvetica, sans-serif;\">Versandart<\/span><\/strong><\/span><\/td>\n<td style=\"width: 61.9012%; height: 24px;\"><span style=\"font-family: arial, helvetica, sans-serif; font-size: 12pt;\">\u00c4u\u00dfern<\/span><\/td>\n<\/tr>\n<\/tbody>\n<\/table>\n<p>&nbsp;<\/p>","protected":false},"featured_media":2837,"comment_status":"open","ping_status":"closed","template":"","meta":[],"product_brand":[],"product_cat":[64],"product_tag":[],"class_list":{"0":"post-2833","1":"product","2":"type-product","3":"status-publish","4":"has-post-thumbnail","6":"product_cat-stock-pouches","8":"first","9":"instock","10":"shipping-taxable","11":"purchasable","12":"product-type-variable"},"_links":{"self":[{"href":"https:\/\/polysmarts.com\/de\/wp-json\/wp\/v2\/product\/2833","targetHints":{"allow":["GET"]}}],"collection":[{"href":"https:\/\/polysmarts.com\/de\/wp-json\/wp\/v2\/product"}],"about":[{"href":"https:\/\/polysmarts.com\/de\/wp-json\/wp\/v2\/types\/product"}],"replies":[{"embeddable":true,"href":"https:\/\/polysmarts.com\/de\/wp-json\/wp\/v2\/comments?post=2833"}],"version-history":[{"count":3,"href":"https:\/\/polysmarts.com\/de\/wp-json\/wp\/v2\/product\/2833\/revisions"}],"predecessor-version":[{"id":2844,"href":"https:\/\/polysmarts.com\/de\/wp-json\/wp\/v2\/product\/2833\/revisions\/2844"}],"wp:featuredmedia":[{"embeddable":true,"href":"https:\/\/polysmarts.com\/de\/wp-json\/wp\/v2\/media\/2837"}],"wp:attachment":[{"href":"https:\/\/polysmarts.com\/de\/wp-json\/wp\/v2\/media?parent=2833"}],"wp:term":[{"taxonomy":"product_brand","embeddable":true,"href":"https:\/\/polysmarts.com\/de\/wp-json\/wp\/v2\/product_brand?post=2833"},{"taxonomy":"product_cat","embeddable":true,"href":"https:\/\/polysmarts.com\/de\/wp-json\/wp\/v2\/product_cat?post=2833"},{"taxonomy":"product_tag","embeddable":true,"href":"https:\/\/polysmarts.com\/de\/wp-json\/wp\/v2\/product_tag?post=2833"}],"curies":[{"name":"wp","href":"https:\/\/api.w.org\/{rel}","templated":true}]}}