{"id":2788,"date":"2024-04-19T06:33:02","date_gmt":"2024-04-19T06:33:02","guid":{"rendered":"https:\/\/polysmarts.com\/?post_type=product&#038;p=2788"},"modified":"2024-04-19T06:53:24","modified_gmt":"2024-04-19T06:53:24","slug":"benutzerdefinierte-gestanzte-griff-taschen-tragen-einkaufstaschen","status":"publish","type":"product","link":"https:\/\/polysmarts.com\/de\/product\/custom-die-cut-handle-bags-carry-shopping-bags\/","title":{"rendered":"Kundenspezifische Taschen mit gestanzten Griffen Tragetaschen f\u00fcr Einkaufst\u00fcten"},"content":{"rendered":"<p><strong>Paket- und Gr\u00f6\u00dfeninformationen:<\/strong> Verbessern Sie Ihr Einkaufserlebnis mit unseren individuell gestanzten Tragetaschen. Jede Packung enth\u00e4lt 12 x 15 Zoll gro\u00dfe Plastik-Einkaufstaschen mit Tragegriffen. Alternativ k\u00f6nnen Sie die Gr\u00f6\u00dfe an Ihre spezifischen Anforderungen anpassen, um mehr Komfort und Funktionalit\u00e4t zu erhalten.<\/p>\n<p><strong>Dick und robust:<\/strong> Unsere Rain Tick Die Cut Handle Bags Einkaufstaschen f\u00fcr Boutiquen haben eine Dicke von 2,36 mil (einseitig) und sorgen so f\u00fcr beispiellose St\u00e4rke und Haltbarkeit. Sie k\u00f6nnen sicher sein, dass diese Taschen dem t\u00e4glichen Gebrauch standhalten, ohne zu rei\u00dfen oder zu brechen. Wir bieten auch individuelle Dickenoptionen nach Ihren W\u00fcnschen an.<\/p>\n<p><strong>Ideal f\u00fcr kleine Unternehmen:<\/strong> Hinterlassen Sie einen bleibenden Eindruck mit unserem auff\u00e4lligen goldenen \u201eThank You\u201c-Logo, das auf jede Tasche gedruckt ist. Dieses professionelle und elegante Design verbessert Ihr Markenimage und steigert das Einkaufserlebnis Ihrer Kunden. Zeigen Sie Ihre Wertsch\u00e4tzung mit diesen sch\u00f6nen Plastikt\u00fcten, die speziell f\u00fcr kleine Unternehmen entworfen wurden.<\/p>\n<p><strong>Praktische Griffe:<\/strong> Unsere kleinen Businesstaschen sind mit robusten, gestanzten Griffen ausgestattet und daher leicht zu tragen. Genie\u00dfen Sie einen festen und bequemen Griff, ohne sich Sorgen \u00fcber \u00dcberdehnung oder Bruch machen zu m\u00fcssen. Diese rei\u00dffesten Taschen k\u00f6nnen mehrfach verwendet werden und bieten lang anhaltenden Komfort und Funktionalit\u00e4t.<\/p>\n<p><strong>Weit verbreitete Einkaufstaschen:<\/strong> Unsere Merchandise-Taschen mit Griffen sind vielseitig einsetzbar und perfekt f\u00fcr verschiedene Anl\u00e4sse, darunter Messen, Kunsthandwerk, Kleidung, Pop-up-Shops, Geburtstage, Hochzeiten, Weihnachten und Valentinstagsgeschenke. Verwenden Sie sie als Einkaufstaschen, Partygeschenktaschen oder Boutique-Taschen f\u00fcr zus\u00e4tzliche Vielseitigkeit. Bitte beachten Sie: Einige Taschen k\u00f6nnen Granulate auf der Oberfl\u00e4che aufweisen, aber seien Sie versichert, dies beeintr\u00e4chtigt ihre Funktionalit\u00e4t nicht.<\/p>","protected":false},"excerpt":{"rendered":"<table style=\"height: 360px; width: 100.741%; border-collapse: collapse; background-color: #ebebeb;\" border=\"2\">\n<tbody>\n<tr style=\"height: 40px;\">\n<td style=\"width: 22.6796%; height: 30px; background-color: #99ccff;\"><span style=\"font-family: arial, helvetica, sans-serif; font-size: 12pt;\"><strong>Dimension &amp; Stil<\/strong><\/span><\/td>\n<td style=\"width: 78.2121%; height: 30px; background-color: #99ccff;\"><span style=\"font-family: arial, helvetica, sans-serif; font-size: 12pt;\">Benutzerdefinierte Formen und Gr\u00f6\u00dfen<\/span><\/td>\n<\/tr>\n<tr style=\"height: 40px;\">\n<td style=\"width: 22.6796%; height: 34px; background-color: #ebebeb;\"><span style=\"font-size: 12pt;\"><strong><span style=\"font-family: arial, helvetica, sans-serif;\">Mindestbestellmenge<\/span><\/strong><\/span><\/td>\n<td style=\"width: 78.2121%; height: 34px; background-color: #ebebeb;\"><span style=\"font-family: arial, helvetica, sans-serif; font-size: 12pt;\">1000 St\u00fcck ohne Anpassung, 10000 St\u00fcck zur Anpassung\u00a0<\/span><\/td>\n<\/tr>\n<tr style=\"height: 40px; background-color: #99ccff;\">\n<td style=\"width: 22.6796%; height: 24px;\"><span style=\"font-size: 12pt;\"><strong><span style=\"font-family: arial, helvetica, sans-serif;\">Verpackungsart<\/span><\/strong><\/span><\/td>\n<td style=\"width: 78.2121%; height: 24px;\"><span style=\"font-family: arial, helvetica, sans-serif; font-size: 12pt;\">Taschen mit gestanzten Griffen<\/span><\/td>\n<\/tr>\n<tr style=\"height: 40px; background-color: #ebebeb;\">\n<td style=\"width: 22.6796%; height: 24px;\"><span style=\"font-size: 12pt;\"><strong><span style=\"font-family: arial, helvetica, sans-serif;\">Drucken<\/span><\/strong><\/span><\/td>\n<td style=\"width: 78.2121%; height: 24px;\"><span style=\"font-family: arial, helvetica, sans-serif; font-size: 12pt;\">CMYK (1 \u2013 10 Farben), kein Druck (Normal)<\/span><\/td>\n<\/tr>\n<tr style=\"height: 40px; background-color: #99ccff;\">\n<td style=\"width: 22.6796%; height: 24px;\"><span style=\"font-size: 12pt;\"><strong><span style=\"font-family: arial, helvetica, sans-serif;\">Oberfl\u00e4chenbehandlung<\/span><\/strong><\/span><\/td>\n<td style=\"width: 78.2121%; height: 24px;\"><span style=\"font-family: arial, helvetica, sans-serif; font-size: 12pt;\">Offsetdruck<\/span><\/td>\n<\/tr>\n<tr style=\"height: 40px; background-color: #ebebeb;\">\n<td style=\"width: 22.6796%; height: 24px;\"><span style=\"font-size: 12pt;\"><strong><span style=\"font-family: arial, helvetica, sans-serif;\">Material<\/span><\/strong><\/span><\/td>\n<td style=\"width: 78.2121%; height: 24px;\"><span style=\"font-family: arial, helvetica, sans-serif; font-size: 12pt;\">SPORT<\/span><\/td>\n<\/tr>\n<tr style=\"height: 40px; background-color: #99ccff;\">\n<td style=\"width: 22.6796%; height: 24px;\"><span style=\"font-size: 12pt;\"><strong><span style=\"font-family: arial, helvetica, sans-serif;\">Gr\u00f6\u00dfe<\/span><\/strong><\/span><\/td>\n<td style=\"width: 78.2121%; height: 24px;\"><span style=\"font-family: arial, helvetica, sans-serif; font-size: 12pt;\">Individuell<\/span><\/td>\n<\/tr>\n<tr style=\"height: 40px; background-color: #ebebeb;\">\n<td style=\"width: 22.6796%; height: 24px;\"><span style=\"font-size: 12pt;\"><strong><span style=\"font-family: arial, helvetica, sans-serif;\">Dicke<\/span><\/strong><\/span><\/td>\n<td style=\"width: 78.2121%; height: 24px;\"><span style=\"font-family: arial, helvetica, sans-serif; font-size: 12pt;\">120 Mikrometer f\u00fcr Doppelseiten, Accpet-Sonderdicke<\/span><\/td>\n<\/tr>\n<tr style=\"height: 40px; background-color: #99ccff;\">\n<td style=\"width: 22.6796%; height: 24px;\"><span style=\"font-size: 12pt;\"><strong><span style=\"font-family: arial, helvetica, sans-serif;\">Versand<\/span><\/strong><\/span><\/td>\n<td style=\"width: 78.2121%; height: 24px;\"><span style=\"font-family: arial, helvetica, sans-serif; font-size: 12pt;\">Luft, See, Express<\/span><\/td>\n<\/tr>\n<tr style=\"height: 40px; background-color: #ebebeb;\">\n<td style=\"width: 22.6796%; height: 24px;\"><span style=\"font-size: 12pt;\"><strong><span style=\"font-family: arial, helvetica, sans-serif;\">Seitenwechsel<\/span><\/strong><\/span><\/td>\n<td style=\"width: 78.2121%; height: 24px;\"><span style=\"font-family: arial, helvetica, sans-serif; font-size: 12pt;\">7 \u2013 15 Werktage, Eilzustellung<\/span><\/td>\n<\/tr>\n<\/tbody>\n<\/table>\n<p>&nbsp;<\/p>","protected":false},"featured_media":2789,"comment_status":"open","ping_status":"closed","template":"","meta":[],"product_brand":[],"product_cat":[31,21],"product_tag":[],"class_list":{"0":"post-2788","1":"product","2":"type-product","3":"status-publish","4":"has-post-thumbnail","6":"product_cat-clothing-packaging","7":"product_cat-opp-cpp-pe-cpe-single-material-bag","9":"first","10":"instock","11":"shipping-taxable","12":"product-type-simple"},"_links":{"self":[{"href":"https:\/\/polysmarts.com\/de\/wp-json\/wp\/v2\/product\/2788","targetHints":{"allow":["GET"]}}],"collection":[{"href":"https:\/\/polysmarts.com\/de\/wp-json\/wp\/v2\/product"}],"about":[{"href":"https:\/\/polysmarts.com\/de\/wp-json\/wp\/v2\/types\/product"}],"replies":[{"embeddable":true,"href":"https:\/\/polysmarts.com\/de\/wp-json\/wp\/v2\/comments?post=2788"}],"version-history":[{"count":2,"href":"https:\/\/polysmarts.com\/de\/wp-json\/wp\/v2\/product\/2788\/revisions"}],"predecessor-version":[{"id":2795,"href":"https:\/\/polysmarts.com\/de\/wp-json\/wp\/v2\/product\/2788\/revisions\/2795"}],"wp:featuredmedia":[{"embeddable":true,"href":"https:\/\/polysmarts.com\/de\/wp-json\/wp\/v2\/media\/2789"}],"wp:attachment":[{"href":"https:\/\/polysmarts.com\/de\/wp-json\/wp\/v2\/media?parent=2788"}],"wp:term":[{"taxonomy":"product_brand","embeddable":true,"href":"https:\/\/polysmarts.com\/de\/wp-json\/wp\/v2\/product_brand?post=2788"},{"taxonomy":"product_cat","embeddable":true,"href":"https:\/\/polysmarts.com\/de\/wp-json\/wp\/v2\/product_cat?post=2788"},{"taxonomy":"product_tag","embeddable":true,"href":"https:\/\/polysmarts.com\/de\/wp-json\/wp\/v2\/product_tag?post=2788"}],"curies":[{"name":"wp","href":"https:\/\/api.w.org\/{rel}","templated":true}]}}