{"id":2779,"date":"2024-04-18T07:33:39","date_gmt":"2024-04-18T07:33:39","guid":{"rendered":"https:\/\/polysmarts.com\/?post_type=product&#038;p=2779"},"modified":"2024-04-18T07:50:14","modified_gmt":"2024-04-18T07:50:14","slug":"selbstklebender-pe-beutel-mit-aufhangehaken","status":"publish","type":"product","link":"https:\/\/polysmarts.com\/de\/product\/pe-self-sealing-bag-with-hanging-hook\/","title":{"rendered":"Selbstklebender PE-Beutel mit Aufh\u00e4ngehaken"},"content":{"rendered":"<p>Entdecken Sie den Komfort unserer selbstklebenden PE-Beutel mit integriertem Aufh\u00e4ngehaken, die Ihre Verpackungs- und Lagerungsanforderungen m\u00fchelos vereinfachen.<\/p>\n<p>Wiederverschlie\u00dfbarer Rei\u00dfverschluss f\u00fcr zus\u00e4tzlichen Komfort: Verschlie\u00dfen Sie Ihre Sachen m\u00fchelos und wiederverschlie\u00dfen Sie sie mit unserem hochwertigen Rei\u00dfverschluss mit integriertem Haken. Verabschieden Sie sich von umst\u00e4ndlichen Verschlie\u00dfern und Klebeband, denn unsere Beutel beschleunigen das Verpacken, Versenden und Versenden und sch\u00fctzen gleichzeitig Ihre Kleidung und Wertsachen vor Staub, Ger\u00fcchen und Feuchtigkeit.<\/p>\n<p>Verst\u00e4rkt f\u00fcr zuverl\u00e4ssigen Schutz: Sie k\u00f6nnen beruhigt sein, denn unsere mattierten Polybeutel mit Rei\u00dfverschluss sind an den Seiten verst\u00e4rkt und bieten au\u00dfergew\u00f6hnliche Haltbarkeit und Robustheit. Dank der verst\u00e4rkten Seiten sind unsere Beutel rei\u00df- und spaltfester und sorgen daf\u00fcr, dass Ihre Waren w\u00e4hrend der Lagerung, des Versands und des Postversands gesch\u00fctzt bleiben.<\/p>\n<p>Achtung: Bel\u00fcftung f\u00fcr optimale Luftzirkulation: Achten Sie auf die Bel\u00fcftungsfunktion unserer Taschen, die mit Bel\u00fcftungsl\u00f6chern ausgestattet sind, um die Luftzirkulation zu optimieren. Diese atmungsaktiven Taschen sch\u00fctzen Ihre Sachen und verhindern Erstickungsgefahr, wodurch sie sich ideal f\u00fcr eine Vielzahl von Anwendungen eignen. Wenn Sie eine vollst\u00e4ndig versiegelte Option ben\u00f6tigen, \u00fcberlegen Sie sich Ihre Anforderungen vor dem Kauf sorgf\u00e4ltig.<\/p>\n<p>Vielseitige Einsatzm\u00f6glichkeiten f\u00fcr ein organisiertes Leben: Unsere Taschen mit mattierter Oberfl\u00e4che strahlen Eleganz und Professionalit\u00e4t aus und sind damit ein Muss f\u00fcr die Organisation des Haushalts, Reiseverpackungen, Gesch\u00e4ftssendungen und mehr. Von Kleidung und Accessoires bis hin zu Kunstwerken und Elektronikartikeln sind unsere Taschen f\u00fcr eine Vielzahl von Gegenst\u00e4nden geeignet und sorgen daf\u00fcr, dass alles ordentlich verstaut und leicht zug\u00e4nglich ist.<\/p>","protected":false},"excerpt":{"rendered":"<table style=\"height: 360px; width: 99.8505%; border-collapse: collapse;\" border=\"2\">\n<tbody>\n<tr style=\"height: 40px;\">\n<td style=\"width: 38.0988%; height: 30px; background-color: #99ccff;\"><span style=\"font-family: arial, helvetica, sans-serif; font-size: 12pt;\"><strong>Dimension &amp; Stil<\/strong><\/span><\/td>\n<td style=\"width: 61.9012%; height: 30px; background-color: #99ccff;\"><span style=\"font-family: arial, helvetica, sans-serif; font-size: 12pt;\">22 x 11,5 cm<\/span><\/td>\n<\/tr>\n<tr style=\"height: 40px;\">\n<td style=\"width: 38.0988%; height: 34px; background-color: #ebebeb;\"><span style=\"font-size: 12pt;\"><strong><span style=\"font-family: arial, helvetica, sans-serif;\">Gewicht von 1 Packung = 100 St\u00fcck<\/span><\/strong><\/span><\/td>\n<td style=\"width: 61.9012%; height: 34px; background-color: #ebebeb;\"><span style=\"font-family: arial, helvetica, sans-serif; font-size: 12pt;\">Etwa 0,7 kg<\/span><\/td>\n<\/tr>\n<tr style=\"height: 40px; background-color: #99ccff;\">\n<td style=\"width: 38.0988%; height: 24px;\"><span style=\"font-size: 12pt;\"><strong><span style=\"font-family: arial, helvetica, sans-serif;\">Verpackungsart<\/span><\/strong><\/span><\/td>\n<td style=\"width: 61.9012%; height: 24px;\"><span style=\"font-family: arial, helvetica, sans-serif; font-size: 12pt;\">Selbstverschlie\u00dfender Beutel<\/span><\/td>\n<\/tr>\n<tr style=\"height: 40px; background-color: #ebebeb;\">\n<td style=\"width: 38.0988%; height: 24px;\"><span style=\"font-size: 12pt;\"><strong><span style=\"font-family: arial, helvetica, sans-serif;\">Dicke<\/span><\/strong><\/span><\/td>\n<td style=\"width: 61.9012%; height: 24px;\"><span style=\"font-family: arial, helvetica, sans-serif; font-size: 12pt;\">100 Mikrometer<\/span><\/td>\n<\/tr>\n<tr style=\"height: 40px; background-color: #99ccff;\">\n<td style=\"width: 38.0988%; height: 24px;\"><span style=\"font-size: 12pt;\"><strong><span style=\"font-family: arial, helvetica, sans-serif;\">Fertigstellung<\/span><\/strong><\/span><\/td>\n<td style=\"width: 61.9012%; height: 24px;\"><span style=\"font-family: arial, helvetica, sans-serif; font-size: 12pt;\">Klar<\/span><\/td>\n<\/tr>\n<tr style=\"height: 40px; background-color: #ebebeb;\">\n<td style=\"width: 38.0988%; height: 24px;\"><span style=\"font-size: 12pt;\"><strong><span style=\"font-family: arial, helvetica, sans-serif;\">Material<\/span><\/strong><\/span><\/td>\n<td style=\"width: 61.9012%; height: 24px;\"><span style=\"font-family: arial, helvetica, sans-serif; font-size: 12pt;\">SPORT<\/span><\/td>\n<\/tr>\n<tr style=\"height: 40px; background-color: #99ccff;\">\n<td style=\"width: 38.0988%; height: 24px;\"><span style=\"font-size: 12pt;\"><strong><span style=\"font-family: arial, helvetica, sans-serif;\">Nachweisen<\/span><\/strong><\/span><\/td>\n<td style=\"width: 61.9012%; height: 24px;\"><span style=\"font-family: arial, helvetica, sans-serif; font-size: 12pt;\">Feuchtigkeitsbest\u00e4ndig<\/span><\/td>\n<\/tr>\n<tr style=\"height: 40px; background-color: #ebebeb;\">\n<td style=\"width: 38.0988%; height: 24px;\"><span style=\"font-size: 12pt;\"><strong><span style=\"font-family: arial, helvetica, sans-serif;\">Lieferdauer<\/span><\/strong><\/span><\/td>\n<td style=\"width: 61.9012%; height: 24px;\"><span style=\"font-family: arial, helvetica, sans-serif; font-size: 12pt;\">7 \u2013 15 Werktage, Eilzustellung<\/span><\/td>\n<\/tr>\n<tr style=\"height: 40px; background-color: #99ccff;\">\n<td style=\"width: 38.0988%; height: 24px;\"><span style=\"font-size: 12pt;\"><strong><span style=\"font-family: arial, helvetica, sans-serif;\">Versandart<\/span><\/strong><\/span><\/td>\n<td style=\"width: 61.9012%; height: 24px;\"><span style=\"font-family: arial, helvetica, sans-serif; font-size: 12pt;\">\u00c4u\u00dfern<\/span><\/td>\n<\/tr>\n<\/tbody>\n<\/table>\n<p>&nbsp;<\/p>","protected":false},"featured_media":2780,"comment_status":"open","ping_status":"closed","template":"","meta":[],"product_brand":[],"product_cat":[64],"product_tag":[],"class_list":{"0":"post-2779","1":"product","2":"type-product","3":"status-publish","4":"has-post-thumbnail","6":"product_cat-stock-pouches","8":"first","9":"instock","10":"shipping-taxable","11":"purchasable","12":"product-type-simple"},"_links":{"self":[{"href":"https:\/\/polysmarts.com\/de\/wp-json\/wp\/v2\/product\/2779","targetHints":{"allow":["GET"]}}],"collection":[{"href":"https:\/\/polysmarts.com\/de\/wp-json\/wp\/v2\/product"}],"about":[{"href":"https:\/\/polysmarts.com\/de\/wp-json\/wp\/v2\/types\/product"}],"replies":[{"embeddable":true,"href":"https:\/\/polysmarts.com\/de\/wp-json\/wp\/v2\/comments?post=2779"}],"version-history":[{"count":1,"href":"https:\/\/polysmarts.com\/de\/wp-json\/wp\/v2\/product\/2779\/revisions"}],"predecessor-version":[{"id":2787,"href":"https:\/\/polysmarts.com\/de\/wp-json\/wp\/v2\/product\/2779\/revisions\/2787"}],"wp:featuredmedia":[{"embeddable":true,"href":"https:\/\/polysmarts.com\/de\/wp-json\/wp\/v2\/media\/2780"}],"wp:attachment":[{"href":"https:\/\/polysmarts.com\/de\/wp-json\/wp\/v2\/media?parent=2779"}],"wp:term":[{"taxonomy":"product_brand","embeddable":true,"href":"https:\/\/polysmarts.com\/de\/wp-json\/wp\/v2\/product_brand?post=2779"},{"taxonomy":"product_cat","embeddable":true,"href":"https:\/\/polysmarts.com\/de\/wp-json\/wp\/v2\/product_cat?post=2779"},{"taxonomy":"product_tag","embeddable":true,"href":"https:\/\/polysmarts.com\/de\/wp-json\/wp\/v2\/product_tag?post=2779"}],"curies":[{"name":"wp","href":"https:\/\/api.w.org\/{rel}","templated":true}]}}