{"id":2769,"date":"2024-04-18T06:36:20","date_gmt":"2024-04-18T06:36:20","guid":{"rendered":"https:\/\/polysmarts.com\/?post_type=product&#038;p=2769"},"modified":"2024-04-18T07:28:32","modified_gmt":"2024-04-18T07:28:32","slug":"laser-mylar-verpackungsbeutel-mit-druckverschluss","status":"publish","type":"product","link":"https:\/\/polysmarts.com\/de\/product\/laser-mylar-packaging-ziplock-pouch-bags\/","title":{"rendered":"Laser-Mylar-Verpackungsbeutel mit Ziplock-Verschluss"},"content":{"rendered":"<p>Wir pr\u00e4sentieren die ultimativen holografischen Mylar-Verpackungsbeutel mit Ziplock-Verschluss:<\/p>\n<p>Perfekt gefertigt: G\u00f6nnen Sie sich Luxus mit unserer sorgf\u00e4ltig gestalteten holografischen Tasche. Mit einer Dicke von 100 Mikrometern auf beiden Seiten bietet unsere Tasche beispiellose Haltbarkeit und Widerstandsf\u00e4higkeit gegen Durchstiche und Auslaufen, sodass Ihre Sachen jederzeit sicher und gesch\u00fctzt sind. Die hochwertige Metallfolie verleiht ein unwiderstehliches Funkeln und erzeugt einen faszinierenden Regenbogenglanz, der Ihre Produkte ins Rampenlicht r\u00fcckt.<\/p>\n<p>Benutzerfreundliche Exzellenz: Ihr Komfort und Ihre Sicherheit stehen f\u00fcr uns an erster Stelle. Um Sie und Ihre Sachen vor m\u00f6glichen Sch\u00e4den zu sch\u00fctzen, haben wir alle Ecken fachm\u00e4nnisch abgerundet, um das Risiko von Kratzern auszuschlie\u00dfen \u2013 egal, ob es sich um Ihr Handydisplay oder Ihre wertvollen Gegenst\u00e4nde darin handelt. Mit einer erweiterten \u00d6ffnungsl\u00e4nge erm\u00f6glicht unsere Tasche eine nahtlose Hei\u00dfversiegelung f\u00fcr verbesserte Wirksamkeit und gew\u00e4hrleistet m\u00fchelose Benutzerfreundlichkeit bei jedem Versiegeln.<\/p>\n<p>Verst\u00e4rkt f\u00fcr Zuverl\u00e4ssigkeit: Verabschieden Sie sich von Sorgen \u00fcber eindringendes Wasser oder unangenehme Ger\u00fcche. Unser verst\u00e4rkter Rei\u00dfverschluss, gepaart mit der perfekten Taschengr\u00f6\u00dfe f\u00fcr Ihre Gegenst\u00e4nde, bildet eine undurchdringliche Barriere und garantiert ultimativen Schutz. Nutzen Sie bei l\u00e4ngerer Lagerung die Hei\u00dfsiegelfunktion f\u00fcr eine zus\u00e4tzliche Sicherheitsebene und stellen Sie sicher, dass Ihre Wertsachen l\u00e4nger makellos bleiben.<\/p>\n<p>Eine Symphonie der Ausstrahlung: Bereiten Sie sich darauf vor, mit unserem holografischen Regenbogenglanz zu blenden. Unsere aus Metallfolie gefertigten Ziplock-Beutel fangen die Essenz eines Regenbogens ein und verwandeln nat\u00fcrliches Licht in ein faszinierendes Farbspektrum, das \u00fcber Ihre Gegenst\u00e4nde tanzt. Das transparente Fensterdesign verleiht einen Hauch von Raffinesse und l\u00e4sst Ihre Sch\u00e4tze mit beispielloser Klarheit und Brillanz durchscheinen.<\/p>\n<p>Unendliche M\u00f6glichkeiten: Erleben Sie Vielseitigkeit mit unseren Ziplock-Beuteln in verschiedenen Gr\u00f6\u00dfen, die auf die unterschiedlichen Anforderungen jeder Umgebung zugeschnitten sind \u2013 sei es im B\u00fcro, in der Schule oder zu Hause. Werten Sie Ihr Leben mit einem Hauch von Organisation und Lebendigkeit auf, denn unsere Tasche bietet m\u00fchelos Platz f\u00fcr eine Vielzahl von Gegenst\u00e4nden. Ob Bleistifte, Make-up-Utensilien oder k\u00f6stliche Leckereien \u2013 unsere Tasche ist der perfekte Begleiter f\u00fcr jeden Anlass und sorgt daf\u00fcr, dass Ihre wichtigen Dinge sicher und stilvoll aufbewahrt werden.<\/p>","protected":false},"excerpt":{"rendered":"<table style=\"height: 360px; width: 99.8505%; border-collapse: collapse;\" border=\"2\">\n<tbody>\n<tr style=\"height: 40px;\">\n<td style=\"width: 38.0988%; height: 30px; background-color: #99ccff;\"><span style=\"font-family: arial, helvetica, sans-serif; font-size: 12pt;\"><strong>Dimension &amp; Stil<\/strong><\/span><\/td>\n<td style=\"width: 61.9012%; height: 30px; background-color: #99ccff;\"><span style=\"font-family: arial, helvetica, sans-serif; font-size: 12pt;\">7,5 x 26 cm<\/span><\/td>\n<\/tr>\n<tr style=\"height: 40px;\">\n<td style=\"width: 38.0988%; height: 34px; background-color: #ebebeb;\"><span style=\"font-size: 12pt;\"><strong><span style=\"font-family: arial, helvetica, sans-serif;\">Gewicht von 1 Packung = 100 St\u00fcck<\/span><\/strong><\/span><\/td>\n<td style=\"width: 61.9012%; height: 34px; background-color: #ebebeb;\"><span style=\"font-family: arial, helvetica, sans-serif; font-size: 12pt;\">Etwa 0,55 kg<\/span><\/td>\n<\/tr>\n<tr style=\"height: 40px; background-color: #99ccff;\">\n<td style=\"width: 38.0988%; height: 24px;\"><span style=\"font-size: 12pt;\"><strong><span style=\"font-family: arial, helvetica, sans-serif;\">Verpackungsart<\/span><\/strong><\/span><\/td>\n<td style=\"width: 61.9012%; height: 24px;\"><span style=\"font-family: arial, helvetica, sans-serif; font-size: 12pt;\">Beutel mit Druckverschluss<\/span><\/td>\n<\/tr>\n<tr style=\"height: 40px; background-color: #ebebeb;\">\n<td style=\"width: 38.0988%; height: 24px;\"><span style=\"font-size: 12pt;\"><strong><span style=\"font-family: arial, helvetica, sans-serif;\">Dicke<\/span><\/strong><\/span><\/td>\n<td style=\"width: 61.9012%; height: 24px;\"><span style=\"font-family: arial, helvetica, sans-serif; font-size: 12pt;\">100 Mikrometer<\/span><\/td>\n<\/tr>\n<tr style=\"height: 40px; background-color: #99ccff;\">\n<td style=\"width: 38.0988%; height: 24px;\"><span style=\"font-size: 12pt;\"><strong><span style=\"font-family: arial, helvetica, sans-serif;\">Fertigstellung<\/span><\/strong><\/span><\/td>\n<td style=\"width: 61.9012%; height: 24px;\"><span style=\"font-family: arial, helvetica, sans-serif; font-size: 12pt;\">Klar<\/span><\/td>\n<\/tr>\n<tr style=\"height: 40px; background-color: #ebebeb;\">\n<td style=\"width: 38.0988%; height: 24px;\"><span style=\"font-size: 12pt;\"><strong><span style=\"font-family: arial, helvetica, sans-serif;\">Material<\/span><\/strong><\/span><\/td>\n<td style=\"width: 61.9012%; height: 24px;\"><span style=\"font-family: arial, helvetica, sans-serif; font-size: 12pt;\">OPP\/VMPET\/CPP<\/span><\/td>\n<\/tr>\n<tr style=\"height: 40px; background-color: #99ccff;\">\n<td style=\"width: 38.0988%; height: 24px;\"><span style=\"font-size: 12pt;\"><strong><span style=\"font-family: arial, helvetica, sans-serif;\">Nachweisen<\/span><\/strong><\/span><\/td>\n<td style=\"width: 61.9012%; height: 24px;\"><span style=\"font-family: arial, helvetica, sans-serif; font-size: 12pt;\">Feuchtigkeitsbest\u00e4ndig<\/span><\/td>\n<\/tr>\n<tr style=\"height: 40px; background-color: #ebebeb;\">\n<td style=\"width: 38.0988%; height: 24px;\"><span style=\"font-size: 12pt;\"><strong><span style=\"font-family: arial, helvetica, sans-serif;\">Lieferdauer<\/span><\/strong><\/span><\/td>\n<td style=\"width: 61.9012%; height: 24px;\"><span style=\"font-family: arial, helvetica, sans-serif; font-size: 12pt;\">7 \u2013 15 Werktage, Eilzustellung<\/span><\/td>\n<\/tr>\n<tr style=\"height: 40px; background-color: #99ccff;\">\n<td style=\"width: 38.0988%; height: 24px;\"><span style=\"font-size: 12pt;\"><strong><span style=\"font-family: arial, helvetica, sans-serif;\">Versandart<\/span><\/strong><\/span><\/td>\n<td style=\"width: 61.9012%; height: 24px;\"><span style=\"font-family: arial, helvetica, sans-serif; font-size: 12pt;\">\u00c4u\u00dfern<\/span><\/td>\n<\/tr>\n<\/tbody>\n<\/table>\n<p>&nbsp;<\/p>","protected":false},"featured_media":2772,"comment_status":"open","ping_status":"closed","template":"","meta":[],"product_brand":[],"product_cat":[64],"product_tag":[],"class_list":{"0":"post-2769","1":"product","2":"type-product","3":"status-publish","4":"has-post-thumbnail","6":"product_cat-stock-pouches","8":"first","9":"instock","10":"shipping-taxable","11":"purchasable","12":"product-type-simple"},"_links":{"self":[{"href":"https:\/\/polysmarts.com\/de\/wp-json\/wp\/v2\/product\/2769","targetHints":{"allow":["GET"]}}],"collection":[{"href":"https:\/\/polysmarts.com\/de\/wp-json\/wp\/v2\/product"}],"about":[{"href":"https:\/\/polysmarts.com\/de\/wp-json\/wp\/v2\/types\/product"}],"replies":[{"embeddable":true,"href":"https:\/\/polysmarts.com\/de\/wp-json\/wp\/v2\/comments?post=2769"}],"version-history":[{"count":1,"href":"https:\/\/polysmarts.com\/de\/wp-json\/wp\/v2\/product\/2769\/revisions"}],"predecessor-version":[{"id":2778,"href":"https:\/\/polysmarts.com\/de\/wp-json\/wp\/v2\/product\/2769\/revisions\/2778"}],"wp:featuredmedia":[{"embeddable":true,"href":"https:\/\/polysmarts.com\/de\/wp-json\/wp\/v2\/media\/2772"}],"wp:attachment":[{"href":"https:\/\/polysmarts.com\/de\/wp-json\/wp\/v2\/media?parent=2769"}],"wp:term":[{"taxonomy":"product_brand","embeddable":true,"href":"https:\/\/polysmarts.com\/de\/wp-json\/wp\/v2\/product_brand?post=2769"},{"taxonomy":"product_cat","embeddable":true,"href":"https:\/\/polysmarts.com\/de\/wp-json\/wp\/v2\/product_cat?post=2769"},{"taxonomy":"product_tag","embeddable":true,"href":"https:\/\/polysmarts.com\/de\/wp-json\/wp\/v2\/product_tag?post=2769"}],"curies":[{"name":"wp","href":"https:\/\/api.w.org\/{rel}","templated":true}]}}