{"id":2746,"date":"2024-04-15T16:26:03","date_gmt":"2024-04-15T16:26:03","guid":{"rendered":"https:\/\/polysmarts.com\/?post_type=product&#038;p=2746"},"modified":"2025-10-14T16:19:41","modified_gmt":"2025-10-14T08:19:41","slug":"durchsichtiger-snack-verpackungsbeutel-mit-reisverschluss","status":"publish","type":"product","link":"https:\/\/polysmarts.com\/de\/product\/clear-snack-food-packing-bag-with-zipper\/","title":{"rendered":"Durchsichtige Verpackungstasche f\u00fcr Snacks mit Rei\u00dfverschluss"},"content":{"rendered":"<p><strong>Vielseitig einsetzbar:<\/strong> Unsere durchsichtigen Plastikbeutel mit Rei\u00dfverschluss f\u00fcr Snacks eignen sich perfekt f\u00fcr eine Vielzahl von Anwendungen, darunter die Aufbewahrung von S\u00fc\u00dfigkeiten, Pillen, Perlen, Pflanzensamen, M\u00fcnzen und mehr. Erleben Sie Komfort und Vielseitigkeit mit unseren Mehrzweckbeuteln.<\/p>\n<p><strong>Gro\u00dfartige Qualit\u00e4t:<\/strong> Verbessern Sie Ihre Aufbewahrungsm\u00f6glichkeiten mit unseren wiederverschlie\u00dfbaren, transparenten Kunststoffbeuteln mit Rei\u00dfverschluss in hoher Qualit\u00e4t. Diese Beutel wurden mit Blick auf Qualit\u00e4t gefertigt und bieten Haltbarkeit und Zuverl\u00e4ssigkeit f\u00fcr alle Ihre Aufbewahrungsbed\u00fcrfnisse. Ob f\u00fcr Lebensmittel, Medikamente oder kleine Gegenst\u00e4nde, unsere Beutel sind der Aufgabe gewachsen.<\/p>\n<p><strong>Sicher und organisiert:<\/strong> Seien Sie versichert, dass unser Kunststoffmaterial Poly f\u00fcr die Lagerung von Lebensmitteln und Medikamenten zugelassen ist und somit Sicherheit und Konformit\u00e4t gew\u00e4hrleistet. Mit der Option, die Beutel zu beschriften, k\u00f6nnen Sie Verwechslungen leicht vermeiden und Ihre Artikel f\u00fcr einen einfachen Zugriff organisiert aufbewahren.<\/p>\n<p><strong>Mega-Wert:<\/strong> Profitieren Sie von unseren Variationspaketen, die in Mengen von 100, 200, 500 oder 1000 St\u00fcck erh\u00e4ltlich sind. Egal, ob Sie eine kleine Menge f\u00fcr den pers\u00f6nlichen Gebrauch oder eine gr\u00f6\u00dfere Menge f\u00fcr gesch\u00e4ftliche Zwecke ben\u00f6tigen, wir haben das Richtige f\u00fcr Sie. Erleben Sie Komfort und Erschwinglichkeit mit unseren Mega-Value-Paketen<\/p>","protected":false},"excerpt":{"rendered":"<table style=\"height: 360px; width: 99.8505%; border-collapse: collapse;\" border=\"2\">\n<tbody>\n<tr style=\"height: 40px;\">\n<td style=\"width: 38.0988%; height: 30px; background-color: #99ccff;\"><span style=\"font-family: arial, helvetica, sans-serif; font-size: 12pt;\"><strong>Dimension &amp; Stil<\/strong><\/span><\/td>\n<td style=\"width: 61.9012%; height: 30px; background-color: #99ccff;\"><span style=\"font-family: arial, helvetica, sans-serif; font-size: 12pt;\">8,5 x 10,2\/11 x 17 cm<\/span><\/td>\n<\/tr>\n<tr style=\"height: 40px;\">\n<td style=\"width: 38.0988%; height: 34px; background-color: #ebebeb;\"><span style=\"font-size: 12pt;\"><strong><span style=\"font-family: arial, helvetica, sans-serif;\">Gewicht von 1 Packung = 100 St\u00fcck<\/span><\/strong><\/span><\/td>\n<td style=\"width: 61.9012%; height: 34px; background-color: #ebebeb;\"><span style=\"font-family: arial, helvetica, sans-serif; font-size: 12pt;\">Etwa 2,2\/0,37 kg<\/span><\/td>\n<\/tr>\n<tr style=\"height: 40px; background-color: #99ccff;\">\n<td style=\"width: 38.0988%; height: 24px;\"><span style=\"font-size: 12pt;\"><strong><span style=\"font-family: arial, helvetica, sans-serif;\">Verpackungsart<\/span><\/strong><\/span><\/td>\n<td style=\"width: 61.9012%; height: 24px;\"><span style=\"font-family: arial, helvetica, sans-serif; font-size: 12pt;\">Lebensmittelverpackungsbeutel mit Rei\u00dfverschluss<\/span><\/td>\n<\/tr>\n<tr style=\"height: 40px; background-color: #ebebeb;\">\n<td style=\"width: 38.0988%; height: 24px;\"><span style=\"font-size: 12pt;\"><strong><span style=\"font-family: arial, helvetica, sans-serif;\">Dicke<\/span><\/strong><\/span><\/td>\n<td style=\"width: 61.9012%; height: 24px;\"><span style=\"font-family: arial, helvetica, sans-serif; font-size: 12pt;\">100 Mikrometer \/ 80 Mikrometer<\/span><\/td>\n<\/tr>\n<tr style=\"height: 40px; background-color: #99ccff;\">\n<td style=\"width: 38.0988%; height: 24px;\"><span style=\"font-size: 12pt;\"><strong><span style=\"font-family: arial, helvetica, sans-serif;\">Fertigstellung<\/span><\/strong><\/span><\/td>\n<td style=\"width: 61.9012%; height: 24px;\"><span style=\"font-family: arial, helvetica, sans-serif; font-size: 12pt;\">Klar<\/span><\/td>\n<\/tr>\n<tr style=\"height: 40px; background-color: #ebebeb;\">\n<td style=\"width: 38.0988%; height: 24px;\"><span style=\"font-size: 12pt;\"><strong><span style=\"font-family: arial, helvetica, sans-serif;\">Material<\/span><\/strong><\/span><\/td>\n<td style=\"width: 61.9012%; height: 24px;\"><span style=\"font-family: arial, helvetica, sans-serif; font-size: 12pt;\">PET\/PE<\/span><\/td>\n<\/tr>\n<tr style=\"height: 40px; background-color: #99ccff;\">\n<td style=\"width: 38.0988%; height: 24px;\"><span style=\"font-size: 12pt;\"><strong><span style=\"font-family: arial, helvetica, sans-serif;\">Nachweisen<\/span><\/strong><\/span><\/td>\n<td style=\"width: 61.9012%; height: 24px;\"><span style=\"font-family: arial, helvetica, sans-serif; font-size: 12pt;\">Feuchtigkeitsbest\u00e4ndig<\/span><\/td>\n<\/tr>\n<tr style=\"height: 40px; background-color: #ebebeb;\">\n<td style=\"width: 38.0988%; height: 24px;\"><span style=\"font-size: 12pt;\"><strong><span style=\"font-family: arial, helvetica, sans-serif;\">Lieferdauer<\/span><\/strong><\/span><\/td>\n<td style=\"width: 61.9012%; height: 24px;\"><span style=\"font-family: arial, helvetica, sans-serif; font-size: 12pt;\">7 \u2013 15 Werktage, Eilzustellung<\/span><\/td>\n<\/tr>\n<tr style=\"height: 40px; background-color: #99ccff;\">\n<td style=\"width: 38.0988%; height: 24px;\"><span style=\"font-size: 12pt;\"><strong><span style=\"font-family: arial, helvetica, sans-serif;\">Versandart<\/span><\/strong><\/span><\/td>\n<td style=\"width: 61.9012%; height: 24px;\"><span style=\"font-family: arial, helvetica, sans-serif; font-size: 12pt;\">\u00c4u\u00dfern<\/span><\/td>\n<\/tr>\n<\/tbody>\n<\/table>\n<p>&nbsp;<\/p>","protected":false},"featured_media":2747,"comment_status":"open","ping_status":"closed","template":"","meta":[],"product_brand":[],"product_cat":[64],"product_tag":[],"class_list":{"0":"post-2746","1":"product","2":"type-product","3":"status-publish","4":"has-post-thumbnail","6":"product_cat-stock-pouches","8":"first","9":"instock","10":"shipping-taxable","11":"purchasable","12":"product-type-variable"},"_links":{"self":[{"href":"https:\/\/polysmarts.com\/de\/wp-json\/wp\/v2\/product\/2746","targetHints":{"allow":["GET"]}}],"collection":[{"href":"https:\/\/polysmarts.com\/de\/wp-json\/wp\/v2\/product"}],"about":[{"href":"https:\/\/polysmarts.com\/de\/wp-json\/wp\/v2\/types\/product"}],"replies":[{"embeddable":true,"href":"https:\/\/polysmarts.com\/de\/wp-json\/wp\/v2\/comments?post=2746"}],"version-history":[{"count":2,"href":"https:\/\/polysmarts.com\/de\/wp-json\/wp\/v2\/product\/2746\/revisions"}],"predecessor-version":[{"id":2757,"href":"https:\/\/polysmarts.com\/de\/wp-json\/wp\/v2\/product\/2746\/revisions\/2757"}],"wp:featuredmedia":[{"embeddable":true,"href":"https:\/\/polysmarts.com\/de\/wp-json\/wp\/v2\/media\/2747"}],"wp:attachment":[{"href":"https:\/\/polysmarts.com\/de\/wp-json\/wp\/v2\/media?parent=2746"}],"wp:term":[{"taxonomy":"product_brand","embeddable":true,"href":"https:\/\/polysmarts.com\/de\/wp-json\/wp\/v2\/product_brand?post=2746"},{"taxonomy":"product_cat","embeddable":true,"href":"https:\/\/polysmarts.com\/de\/wp-json\/wp\/v2\/product_cat?post=2746"},{"taxonomy":"product_tag","embeddable":true,"href":"https:\/\/polysmarts.com\/de\/wp-json\/wp\/v2\/product_tag?post=2746"}],"curies":[{"name":"wp","href":"https:\/\/api.w.org\/{rel}","templated":true}]}}