{"id":2730,"date":"2024-04-15T15:20:18","date_gmt":"2024-04-15T15:20:18","guid":{"rendered":"https:\/\/polysmarts.com\/?post_type=product&#038;p=2730"},"modified":"2025-10-14T13:00:55","modified_gmt":"2025-10-14T05:00:55","slug":"schwarze-matte-mylar-plastiktute-mit-transparenter-vorderseite","status":"publish","type":"product","link":"https:\/\/polysmarts.com\/de\/product\/black-matte-clear-front-plastic-mylar-bag\/","title":{"rendered":"Schwarze, matte Mylar-Plastikt\u00fcte mit transparenter Vorderseite"},"content":{"rendered":"<p><strong>Klares Frontfenster-Design:<\/strong> Erleben Sie den Komfort unserer transparenten Mylar-Plastikt\u00fcte mit transparentem Frontfenster. Identifizieren Sie den Inhalt ganz einfach, ohne die T\u00fcte \u00f6ffnen zu m\u00fcssen, was sie ideal f\u00fcr den Einsatz im Haushalt oder im B\u00fcro macht. Unsere geruchsdichten Mylar-T\u00fcten sind praktisch und funktionell.<\/p>\n<p><strong>Wiederverschlie\u00dfbare Beutel f\u00fcr Lebensmittel:<\/strong> Jeder unserer wiederverschlie\u00dfbaren Mylarbeutel ist mit einem robusten, luftdichten Ziplock-Verschluss ausgestattet, der eine lange Haltbarkeit bei mehrmaligem Gebrauch gew\u00e4hrleistet. Die lebensmittelechten Beutel verf\u00fcgen \u00fcber Einrei\u00dfkerben f\u00fcr einen bequemen Zugriff auf die Produkte, wenn sie hei\u00dfversiegelt sind. Sie k\u00f6nnen sicher sein, dass Ihre Produkte frisch und gesch\u00fctzt bleiben.<\/p>\n<p><strong>Mehrzweck:<\/strong> Bei unseren Beuteln trifft Vielseitigkeit auf Qualit\u00e4t. Unsere wiederverschlie\u00dfbaren Beutel sind perfekt f\u00fcr verschiedene Zwecke und erf\u00fcllen Ihre Anforderungen, egal ob Sie Kaffee, Bohnen, S\u00fc\u00dfigkeiten, Zucker, Reis, Backzutaten, Kekse, Tee, N\u00fcsse, Trockenfr\u00fcchte, Pulver, Snacks und mehr aufbewahren m\u00f6chten. Genie\u00dfen Sie die Flexibilit\u00e4t, die diese Beutel bieten.<\/p>\n<p><strong>Paket beinhaltet:<\/strong> Jede Packung enth\u00e4lt 100 wiederverschlie\u00dfbare Lebensmittelaufbewahrungsbeutel, also ausreichend f\u00fcr Ihren eigenen Gebrauch oder zum Teilen mit anderen. Die geruchsdichten Mylar-Beutel mit wiederverschlie\u00dfbarem Ziplock-Verschluss halten Wasser, Feuchtigkeit, Staub und Ger\u00fcche fern und sorgen daf\u00fcr, dass Ihre Lebensmittel ordentlich und sauber bleiben.<\/p>\n<p>Werten Sie Ihre Aufbewahrungsl\u00f6sungen mit unseren hochwertigen, mattschwarzen Mylar-Kunststoffbeuteln mit transparenter Vorderseite auf. Erleben Sie den Komfort, die Haltbarkeit und die Vielseitigkeit, die sie f\u00fcr all Ihre Aufbewahrungsbed\u00fcrfnisse bieten.<\/p>","protected":false},"excerpt":{"rendered":"<table style=\"height: 360px; width: 99.8505%; border-collapse: collapse;\" border=\"2\">\n<tbody>\n<tr style=\"height: 40px;\">\n<td style=\"width: 38.0988%; height: 30px; background-color: #99ccff;\"><span style=\"font-family: arial, helvetica, sans-serif; font-size: 12pt;\"><strong>Dimension &amp; Stil<\/strong><\/span><\/td>\n<td style=\"width: 61.9012%; height: 30px; background-color: #99ccff;\"><span style=\"font-family: arial, helvetica, sans-serif; font-size: 12pt;\">14*19cm\u00a0<\/span><\/td>\n<\/tr>\n<tr style=\"height: 40px;\">\n<td style=\"width: 38.0988%; height: 34px; background-color: #ebebeb;\"><span style=\"font-size: 12pt;\"><strong><span style=\"font-family: arial, helvetica, sans-serif;\">Gewicht von 1 Packung = 100 St\u00fcck<\/span><\/strong><\/span><\/td>\n<td style=\"width: 61.9012%; height: 34px; background-color: #ebebeb;\"><span style=\"font-family: arial, helvetica, sans-serif; font-size: 12pt;\">Etwa 0,65 kg<\/span><\/td>\n<\/tr>\n<tr style=\"height: 40px; background-color: #99ccff;\">\n<td style=\"width: 38.0988%; height: 24px;\"><span style=\"font-size: 12pt;\"><strong><span style=\"font-family: arial, helvetica, sans-serif;\">Verpackungsart<\/span><\/strong><\/span><\/td>\n<td style=\"width: 61.9012%; height: 24px;\"><span style=\"font-family: arial, helvetica, sans-serif; font-size: 12pt;\">Mylar-Tasche mit Rei\u00dfverschluss<\/span><\/td>\n<\/tr>\n<tr style=\"height: 40px; background-color: #ebebeb;\">\n<td style=\"width: 38.0988%; height: 24px;\"><span style=\"font-size: 12pt;\"><strong><span style=\"font-family: arial, helvetica, sans-serif;\">Dicke<\/span><\/strong><\/span><\/td>\n<td style=\"width: 61.9012%; height: 24px;\"><span style=\"font-family: arial, helvetica, sans-serif; font-size: 12pt;\">90 Mikrometer<\/span><\/td>\n<\/tr>\n<tr style=\"height: 40px; background-color: #99ccff;\">\n<td style=\"width: 38.0988%; height: 24px;\"><span style=\"font-size: 12pt;\"><strong><span style=\"font-family: arial, helvetica, sans-serif;\">Fertigstellung<\/span><\/strong><\/span><\/td>\n<td style=\"width: 61.9012%; height: 24px;\"><span style=\"font-family: arial, helvetica, sans-serif; font-size: 12pt;\">Klar<\/span><\/td>\n<\/tr>\n<tr style=\"height: 40px; background-color: #ebebeb;\">\n<td style=\"width: 38.0988%; height: 24px;\"><span style=\"font-size: 12pt;\"><strong><span style=\"font-family: arial, helvetica, sans-serif;\">Material<\/span><\/strong><\/span><\/td>\n<td style=\"width: 61.9012%; height: 24px;\"><span style=\"font-family: arial, helvetica, sans-serif; font-size: 12pt;\">OPP\/PET\/PE<\/span><\/td>\n<\/tr>\n<tr style=\"height: 40px; background-color: #99ccff;\">\n<td style=\"width: 38.0988%; height: 24px;\"><span style=\"font-size: 12pt;\"><strong><span style=\"font-family: arial, helvetica, sans-serif;\">Nachweisen<\/span><\/strong><\/span><\/td>\n<td style=\"width: 61.9012%; height: 24px;\"><span style=\"font-family: arial, helvetica, sans-serif; font-size: 12pt;\">Feuchtigkeitsbest\u00e4ndig<\/span><\/td>\n<\/tr>\n<tr style=\"height: 40px; background-color: #ebebeb;\">\n<td style=\"width: 38.0988%; height: 24px;\"><span style=\"font-size: 12pt;\"><strong><span style=\"font-family: arial, helvetica, sans-serif;\">Lieferdauer<\/span><\/strong><\/span><\/td>\n<td style=\"width: 61.9012%; height: 24px;\"><span style=\"font-family: arial, helvetica, sans-serif; font-size: 12pt;\">7 \u2013 15 Werktage, Eilzustellung<\/span><\/td>\n<\/tr>\n<tr style=\"height: 40px; background-color: #99ccff;\">\n<td style=\"width: 38.0988%; height: 24px;\"><span style=\"font-size: 12pt;\"><strong><span style=\"font-family: arial, helvetica, sans-serif;\">Versandart<\/span><\/strong><\/span><\/td>\n<td style=\"width: 61.9012%; height: 24px;\"><span style=\"font-family: arial, helvetica, sans-serif; font-size: 12pt;\">\u00c4u\u00dfern<\/span><\/td>\n<\/tr>\n<\/tbody>\n<\/table>\n<p>&nbsp;<\/p>","protected":false},"featured_media":2731,"comment_status":"open","ping_status":"closed","template":"","meta":[],"product_brand":[],"product_cat":[64],"product_tag":[],"class_list":{"0":"post-2730","1":"product","2":"type-product","3":"status-publish","4":"has-post-thumbnail","6":"product_cat-stock-pouches","8":"first","9":"instock","10":"shipping-taxable","11":"purchasable","12":"product-type-simple"},"_links":{"self":[{"href":"https:\/\/polysmarts.com\/de\/wp-json\/wp\/v2\/product\/2730","targetHints":{"allow":["GET"]}}],"collection":[{"href":"https:\/\/polysmarts.com\/de\/wp-json\/wp\/v2\/product"}],"about":[{"href":"https:\/\/polysmarts.com\/de\/wp-json\/wp\/v2\/types\/product"}],"replies":[{"embeddable":true,"href":"https:\/\/polysmarts.com\/de\/wp-json\/wp\/v2\/comments?post=2730"}],"version-history":[{"count":2,"href":"https:\/\/polysmarts.com\/de\/wp-json\/wp\/v2\/product\/2730\/revisions"}],"predecessor-version":[{"id":2738,"href":"https:\/\/polysmarts.com\/de\/wp-json\/wp\/v2\/product\/2730\/revisions\/2738"}],"wp:featuredmedia":[{"embeddable":true,"href":"https:\/\/polysmarts.com\/de\/wp-json\/wp\/v2\/media\/2731"}],"wp:attachment":[{"href":"https:\/\/polysmarts.com\/de\/wp-json\/wp\/v2\/media?parent=2730"}],"wp:term":[{"taxonomy":"product_brand","embeddable":true,"href":"https:\/\/polysmarts.com\/de\/wp-json\/wp\/v2\/product_brand?post=2730"},{"taxonomy":"product_cat","embeddable":true,"href":"https:\/\/polysmarts.com\/de\/wp-json\/wp\/v2\/product_cat?post=2730"},{"taxonomy":"product_tag","embeddable":true,"href":"https:\/\/polysmarts.com\/de\/wp-json\/wp\/v2\/product_tag?post=2730"}],"curies":[{"name":"wp","href":"https:\/\/api.w.org\/{rel}","templated":true}]}}