{"id":2711,"date":"2024-04-12T15:27:51","date_gmt":"2024-04-12T15:27:51","guid":{"rendered":"https:\/\/polysmarts.com\/?post_type=product&#038;p=2711"},"modified":"2025-10-14T09:48:20","modified_gmt":"2025-10-14T01:48:20","slug":"verpackungsbeutel-fur-usb-kabel-aus-perlenfolie","status":"publish","type":"product","link":"https:\/\/polysmarts.com\/de\/product\/pearl-film-usb-cable-packaging-bags\/","title":{"rendered":"Pearl Film USB-Kabel-Verpackungsbeutel"},"content":{"rendered":"<p>Die Pearl Film USB-Kabel-Verpackungsbeutel mit Sichtfenster bieten dank ihrer Pearl Film-Beschichtung und dem OPP\/PET\/CPP-Material \u00fcberragende Haltbarkeit und Durchsto\u00dffestigkeit. Diese aus BPA-freien, lebensmittelechten Materialien gefertigten USB-Kabel-Verpackungsbeutel bieten maximalen Schutz f\u00fcr Ihre Produkte und sind dank ihres robusten, luftdichten Druckverschlusses gleichzeitig wiederverwendbar.<\/p>\n<p><strong>Hauptmerkmale:<\/strong><\/p>\n<ol>\n<li><strong>Abmessungen:<\/strong> 11 cm x 15 cm mit rundem Aufh\u00e4ngeloch zur bequemen Pr\u00e4sentation.<\/li>\n<li><strong>Material:<\/strong> Hochwertiges transparentes PP (Propenpolymer) mit klarer Vorderseite und wei\u00dfer R\u00fcckseite.<\/li>\n<li><strong>Schlie\u00dfung:<\/strong> Wasserdichter, wiederverschlie\u00dfbarer Druckverschluss zur sicheren Aufbewahrung.<\/li>\n<li><strong>Anpassung:<\/strong> Die Verpackungen von Polysmarts k\u00f6nnen gerne individuell an spezielle Anforderungen angepasst werden.<\/li>\n<\/ol>\n<p><strong>Vielseitig und praktisch:<\/strong><\/p>\n<ul>\n<li><strong>Wasserdicht und wiederverschlie\u00dfbar:<\/strong> Gew\u00e4hrleistet Schutz und einfachen Zugriff auf den Inhalt.<\/li>\n<li><strong>Langlebiges Material:<\/strong> Hochwertiges transparentes PP sorgt f\u00fcr Haltbarkeit und klare Sicht auf den Inhalt.<\/li>\n<li><strong>Recycelbarer Ziplock:<\/strong> F\u00f6rdert Nachhaltigkeit durch Wiederverwendung.<\/li>\n<\/ul>\n<p>Diese Verpackungsbeutel f\u00fcr USB-Kabel bieten hervorragenden Schutz vor UV-Licht, Sauerstoff und Ger\u00fcchen und verl\u00e4ngern so die Haltbarkeit Ihrer Produkte. Individuelle Druckoptionen erh\u00f6hen die Attraktivit\u00e4t der Produkte im Regal und machen sie f\u00fcr verschiedene Artikel geeignet, darunter auch USB-Kabel. W\u00e4hlen Sie Soonseal f\u00fcr Qualit\u00e4t und individuelle Verpackung.<\/p>","protected":false},"excerpt":{"rendered":"<table style=\"height: 360px; width: 99.8505%; border-collapse: collapse;\" border=\"2\">\n<tbody>\n<tr style=\"height: 40px;\">\n<td style=\"width: 38.0988%; height: 30px; background-color: #99ccff;\"><span style=\"font-family: arial, helvetica, sans-serif; font-size: 12pt;\"><strong>Dimension &amp; Stil<\/strong><\/span><\/td>\n<td style=\"width: 61.9012%; height: 30px; background-color: #99ccff;\"><span style=\"font-family: arial, helvetica, sans-serif; font-size: 12pt;\">11*15 cm<\/span><\/td>\n<\/tr>\n<tr style=\"height: 40px;\">\n<td style=\"width: 38.0988%; height: 34px; background-color: #ebebeb;\"><span style=\"font-size: 12pt;\"><strong><span style=\"font-family: arial, helvetica, sans-serif;\">Gewicht von 1 Packung = 100 St\u00fcck<\/span><\/strong><\/span><\/td>\n<td style=\"width: 61.9012%; height: 34px; background-color: #ebebeb;\"><span style=\"font-family: arial, helvetica, sans-serif; font-size: 12pt;\">Etwa 0,35 kg<\/span><\/td>\n<\/tr>\n<tr style=\"height: 40px; background-color: #99ccff;\">\n<td style=\"width: 38.0988%; height: 24px;\"><span style=\"font-size: 12pt;\"><strong><span style=\"font-family: arial, helvetica, sans-serif;\">Verpackungsart<\/span><\/strong><\/span><\/td>\n<td style=\"width: 61.9012%; height: 24px;\"><span style=\"font-family: arial, helvetica, sans-serif; font-size: 12pt;\">Rei\u00dfverschlussbeutel (1 Packung = 100 St\u00fcck)<\/span><\/td>\n<\/tr>\n<tr style=\"height: 40px; background-color: #ebebeb;\">\n<td style=\"width: 38.0988%; height: 24px;\"><span style=\"font-size: 12pt;\"><strong><span style=\"font-family: arial, helvetica, sans-serif;\">Dicke<\/span><\/strong><\/span><\/td>\n<td style=\"width: 61.9012%; height: 24px;\"><span style=\"font-family: arial, helvetica, sans-serif; font-size: 12pt;\">80 Mikrometer<\/span><\/td>\n<\/tr>\n<tr style=\"height: 40px; background-color: #99ccff;\">\n<td style=\"width: 38.0988%; height: 24px;\"><span style=\"font-size: 12pt;\"><strong><span style=\"font-family: arial, helvetica, sans-serif;\">Fertigstellung<\/span><\/strong><\/span><\/td>\n<td style=\"width: 61.9012%; height: 24px;\"><span style=\"font-family: arial, helvetica, sans-serif; font-size: 12pt;\">Klar Gl\u00e4nzend<\/span><\/td>\n<\/tr>\n<tr style=\"height: 40px; background-color: #ebebeb;\">\n<td style=\"width: 38.0988%; height: 24px;\"><span style=\"font-size: 12pt;\"><strong><span style=\"font-family: arial, helvetica, sans-serif;\">Material<\/span><\/strong><\/span><\/td>\n<td style=\"width: 61.9012%; height: 24px;\"><span style=\"font-family: arial, helvetica, sans-serif; font-size: 12pt;\">OPP\/PET\/CPP<\/span><\/td>\n<\/tr>\n<tr style=\"height: 40px; background-color: #99ccff;\">\n<td style=\"width: 38.0988%; height: 24px;\"><span style=\"font-size: 12pt;\"><strong><span style=\"font-family: arial, helvetica, sans-serif;\">Nachweisen<\/span><\/strong><\/span><\/td>\n<td style=\"width: 61.9012%; height: 24px;\"><span style=\"font-family: arial, helvetica, sans-serif; font-size: 12pt;\">Feuchtigkeitsbest\u00e4ndig<\/span><\/td>\n<\/tr>\n<tr style=\"height: 40px; background-color: #ebebeb;\">\n<td style=\"width: 38.0988%; height: 24px;\"><span style=\"font-size: 12pt;\"><strong><span style=\"font-family: arial, helvetica, sans-serif;\">Lieferdauer<\/span><\/strong><\/span><\/td>\n<td style=\"width: 61.9012%; height: 24px;\"><span style=\"font-family: arial, helvetica, sans-serif; font-size: 12pt;\">7 \u2013 15 Werktage, Eilzustellung<\/span><\/td>\n<\/tr>\n<tr style=\"height: 40px; background-color: #99ccff;\">\n<td style=\"width: 38.0988%; height: 24px;\"><span style=\"font-size: 12pt;\"><strong><span style=\"font-family: arial, helvetica, sans-serif;\">Versandart<\/span><\/strong><\/span><\/td>\n<td style=\"width: 61.9012%; height: 24px;\"><span style=\"font-family: arial, helvetica, sans-serif; font-size: 12pt;\">\u00c4u\u00dfern<\/span><\/td>\n<\/tr>\n<\/tbody>\n<\/table>\n<p>&nbsp;<\/p>","protected":false},"featured_media":2716,"comment_status":"open","ping_status":"closed","template":"","meta":[],"product_brand":[],"product_cat":[64],"product_tag":[],"class_list":{"0":"post-2711","1":"product","2":"type-product","3":"status-publish","4":"has-post-thumbnail","6":"product_cat-stock-pouches","8":"first","9":"instock","10":"shipping-taxable","11":"purchasable","12":"product-type-simple"},"_links":{"self":[{"href":"https:\/\/polysmarts.com\/de\/wp-json\/wp\/v2\/product\/2711","targetHints":{"allow":["GET"]}}],"collection":[{"href":"https:\/\/polysmarts.com\/de\/wp-json\/wp\/v2\/product"}],"about":[{"href":"https:\/\/polysmarts.com\/de\/wp-json\/wp\/v2\/types\/product"}],"replies":[{"embeddable":true,"href":"https:\/\/polysmarts.com\/de\/wp-json\/wp\/v2\/comments?post=2711"}],"version-history":[{"count":1,"href":"https:\/\/polysmarts.com\/de\/wp-json\/wp\/v2\/product\/2711\/revisions"}],"predecessor-version":[{"id":2718,"href":"https:\/\/polysmarts.com\/de\/wp-json\/wp\/v2\/product\/2711\/revisions\/2718"}],"wp:featuredmedia":[{"embeddable":true,"href":"https:\/\/polysmarts.com\/de\/wp-json\/wp\/v2\/media\/2716"}],"wp:attachment":[{"href":"https:\/\/polysmarts.com\/de\/wp-json\/wp\/v2\/media?parent=2711"}],"wp:term":[{"taxonomy":"product_brand","embeddable":true,"href":"https:\/\/polysmarts.com\/de\/wp-json\/wp\/v2\/product_brand?post=2711"},{"taxonomy":"product_cat","embeddable":true,"href":"https:\/\/polysmarts.com\/de\/wp-json\/wp\/v2\/product_cat?post=2711"},{"taxonomy":"product_tag","embeddable":true,"href":"https:\/\/polysmarts.com\/de\/wp-json\/wp\/v2\/product_tag?post=2711"}],"curies":[{"name":"wp","href":"https:\/\/api.w.org\/{rel}","templated":true}]}}