{"id":2519,"date":"2024-04-02T15:29:21","date_gmt":"2024-04-02T15:29:21","guid":{"rendered":"https:\/\/polysmarts.com\/?post_type=product&#038;p=2519"},"modified":"2024-04-02T15:38:14","modified_gmt":"2024-04-02T15:38:14","slug":"individuelle-metallisierte-kaffeebohnen-verpackungsbeutel-mit-flachem-boden","status":"publish","type":"product","link":"https:\/\/polysmarts.com\/de\/product\/custom-flat-bottom-metalized-coffee-bean-packaging-bags\/","title":{"rendered":"Kundenspezifische metallisierte Verpackungsbeutel f\u00fcr Kaffeebohnen mit flachem Boden"},"content":{"rendered":"<ul class=\"a-unordered-list a-vertical a-spacing-mini\">\n<li class=\"a-spacing-mini\"><span class=\"a-list-item\">\u3010Kaffeebohnen-Verpackungsbeutel mit Einweg-Luftventil\u3011 Das Einweg-Luftventil h\u00e4lt die Kaffeebohnen und den ger\u00f6steten Kaffee frisch. \u00dcbersch\u00fcssiges Gas str\u00f6mt von innen nach au\u00dfen, ohne dass Gas zur\u00fcckflie\u00dft, und h\u00e4lt so die Lebensmittel frisch.<\/span><\/li>\n<li class=\"a-spacing-mini\"><span class=\"a-list-item\">\u3010Verpackungsbeutel f\u00fcr Kaffeebohnen aus lebensmittelechtem Material\u3011 Hergestellt aus mattem MOPP, Aluminiumfolie und lebensmittelechtem PE, das dreischichtige Verbundmaterialdesign macht es stabiler, blockiert Licht, sch\u00fctzt den Kaffee vor Geruch oder Feuchtigkeit, gew\u00e4hrleistet den Geschmack des Kaffees oder Pulvers im Beutel und kann auch \u00fcber weite Strecken transportiert werden.<\/span><\/li>\n<li class=\"a-spacing-mini\"><span class=\"a-list-item\">\u3010Funktionen von Verpackungsbeuteln f\u00fcr Kaffeebohnen\u3011 Haushalt: Geeignet zum Verpacken verschiedener Produkte, einschlie\u00dflich K\u00fcchenzutaten, Lebensmitteln und anderen Dingen des t\u00e4glichen Bedarfs; Gewerbe: Sie k\u00f6nnen Ihr eigenes Markenetikett auf der Oberfl\u00e4che anbringen, als Einzelhandels- oder Musterdisplayverpackung.<\/span><\/li>\n<li class=\"a-spacing-mini\"><span class=\"a-list-item\">\u3010Hei\u00dfsiegel-Demo f\u00fcr Verpackungsbeutel f\u00fcr Kaffeebohnen\u30111. Legen Sie die Artikel in die Beutel. 2. Sie m\u00fcssen ein Hei\u00dfsiegelger\u00e4t (nicht im Lieferumfang enthalten) verwenden, um die Oberseite des Beutels zu versiegeln (gelegentlich nicht vollst\u00e4ndig versiegelt, Sie k\u00f6nnen den Beutel umdrehen und erneut hei\u00dfsiegeln). 3. Dr\u00fccken Sie die Luft durch das Luftventil aus den Beuteln.<\/span><\/li>\n<\/ul>","protected":false},"excerpt":{"rendered":"<table style=\"height: 360px; width: 99.8505%; border-collapse: collapse;\" border=\"2\">\n<tbody>\n<tr style=\"height: 40px;\">\n<td style=\"width: 22.6796%; height: 30px; background-color: #99ccff;\"><span style=\"font-family: arial, helvetica, sans-serif; font-size: 12pt;\"><strong>Dimension &amp; Stil<\/strong><\/span><\/td>\n<td style=\"width: 77.3204%; height: 30px; background-color: #99ccff;\"><span style=\"font-family: arial, helvetica, sans-serif; font-size: 12pt;\">Benutzerdefinierte Formen und Gr\u00f6\u00dfen<\/span><\/td>\n<\/tr>\n<tr style=\"height: 40px;\">\n<td style=\"width: 22.6796%; height: 34px; background-color: #ebebeb;\"><span style=\"font-size: 12pt;\"><strong><span style=\"font-family: arial, helvetica, sans-serif;\">Mindestbestellmenge<\/span><\/strong><\/span><\/td>\n<td style=\"width: 77.3204%; height: 34px; background-color: #ebebeb;\"><span style=\"font-family: arial, helvetica, sans-serif; font-size: 12pt;\">1000 St\u00fcck ohne Anpassung, 10000 St\u00fcck zur Anpassung<\/span><\/td>\n<\/tr>\n<tr style=\"height: 40px; background-color: #99ccff;\">\n<td style=\"width: 22.6796%; height: 24px;\"><span style=\"font-size: 12pt;\"><strong><span style=\"font-family: arial, helvetica, sans-serif;\">Verpackungsart<\/span><\/strong><\/span><\/td>\n<td style=\"width: 77.3204%; height: 24px;\"><span style=\"font-family: arial, helvetica, sans-serif; font-size: 12pt;\">Verpackungsbeutel f\u00fcr Kaffeebohnen<\/span><\/td>\n<\/tr>\n<tr style=\"height: 40px; background-color: #ebebeb;\">\n<td style=\"width: 22.6796%; height: 24px;\"><span style=\"font-size: 12pt;\"><strong><span style=\"font-family: arial, helvetica, sans-serif;\">Drucken<\/span><\/strong><\/span><\/td>\n<td style=\"width: 77.3204%; height: 24px;\"><span style=\"font-family: arial, helvetica, sans-serif; font-size: 12pt;\">CMYK (1 \u2013 10 Farben), kein Druck (Normal)<\/span><\/td>\n<\/tr>\n<tr style=\"height: 40px; background-color: #99ccff;\">\n<td style=\"width: 22.6796%; height: 24px;\"><span style=\"font-size: 12pt;\"><strong><span style=\"font-family: arial, helvetica, sans-serif;\">Fertigstellung<\/span><\/strong><\/span><\/td>\n<td style=\"width: 77.3204%; height: 24px;\"><span style=\"font-family: arial, helvetica, sans-serif; font-size: 12pt;\">Glanz-\/Matt-Laminierung, Offsetdruck<\/span><\/td>\n<\/tr>\n<tr style=\"height: 40px; background-color: #ebebeb;\">\n<td style=\"width: 22.6796%; height: 24px;\"><span style=\"font-size: 12pt;\"><strong><span style=\"font-family: arial, helvetica, sans-serif;\">Enthaltene Optionen<\/span><\/strong><\/span><\/td>\n<td style=\"width: 77.3204%; height: 24px;\"><span style=\"font-family: arial, helvetica, sans-serif; font-size: 12pt;\">Stanzen, Hei\u00dfsiegeln<\/span><\/td>\n<\/tr>\n<tr style=\"height: 40px; background-color: #99ccff;\">\n<td style=\"width: 22.6796%; height: 24px;\"><span style=\"font-size: 12pt;\"><strong><span style=\"font-family: arial, helvetica, sans-serif;\">Nachweisen<\/span><\/strong><\/span><\/td>\n<td style=\"width: 77.3204%; height: 24px;\"><span style=\"font-family: arial, helvetica, sans-serif; font-size: 12pt;\">Geruchsbeweise\u00a0<\/span><\/td>\n<\/tr>\n<tr style=\"height: 40px; background-color: #ebebeb;\">\n<td style=\"width: 22.6796%; height: 24px;\"><span style=\"font-size: 12pt;\"><strong><span style=\"font-family: arial, helvetica, sans-serif;\">Seitenwechsel<\/span><\/strong><\/span><\/td>\n<td style=\"width: 77.3204%; height: 24px;\"><span style=\"font-family: arial, helvetica, sans-serif; font-size: 12pt;\">7 \u2013 15 Werktage, Eilzustellung<\/span><\/td>\n<\/tr>\n<tr style=\"height: 40px; background-color: #99ccff;\">\n<td style=\"width: 22.6796%; height: 24px;\"><span style=\"font-size: 12pt;\"><strong><span style=\"font-family: arial, helvetica, sans-serif;\">Versand<\/span><\/strong><\/span><\/td>\n<td style=\"width: 77.3204%; height: 24px;\"><span style=\"font-family: arial, helvetica, sans-serif; font-size: 12pt;\">Luft, See, Express<\/span><\/td>\n<\/tr>\n<\/tbody>\n<\/table>\n<p>&nbsp;<\/p>","protected":false},"featured_media":2520,"comment_status":"open","ping_status":"closed","template":"","meta":[],"product_brand":[],"product_cat":[26,27,18],"product_tag":[],"class_list":{"0":"post-2519","1":"product","2":"type-product","3":"status-publish","4":"has-post-thumbnail","6":"product_cat-food-packaging","7":"product_cat-coffee-and-tea-packaging","8":"product_cat-zipper-bags","10":"first","11":"instock","12":"shipping-taxable","13":"product-type-simple"},"_links":{"self":[{"href":"https:\/\/polysmarts.com\/de\/wp-json\/wp\/v2\/product\/2519","targetHints":{"allow":["GET"]}}],"collection":[{"href":"https:\/\/polysmarts.com\/de\/wp-json\/wp\/v2\/product"}],"about":[{"href":"https:\/\/polysmarts.com\/de\/wp-json\/wp\/v2\/types\/product"}],"replies":[{"embeddable":true,"href":"https:\/\/polysmarts.com\/de\/wp-json\/wp\/v2\/comments?post=2519"}],"version-history":[{"count":2,"href":"https:\/\/polysmarts.com\/de\/wp-json\/wp\/v2\/product\/2519\/revisions"}],"predecessor-version":[{"id":2527,"href":"https:\/\/polysmarts.com\/de\/wp-json\/wp\/v2\/product\/2519\/revisions\/2527"}],"wp:featuredmedia":[{"embeddable":true,"href":"https:\/\/polysmarts.com\/de\/wp-json\/wp\/v2\/media\/2520"}],"wp:attachment":[{"href":"https:\/\/polysmarts.com\/de\/wp-json\/wp\/v2\/media?parent=2519"}],"wp:term":[{"taxonomy":"product_brand","embeddable":true,"href":"https:\/\/polysmarts.com\/de\/wp-json\/wp\/v2\/product_brand?post=2519"},{"taxonomy":"product_cat","embeddable":true,"href":"https:\/\/polysmarts.com\/de\/wp-json\/wp\/v2\/product_cat?post=2519"},{"taxonomy":"product_tag","embeddable":true,"href":"https:\/\/polysmarts.com\/de\/wp-json\/wp\/v2\/product_tag?post=2519"}],"curies":[{"name":"wp","href":"https:\/\/api.w.org\/{rel}","templated":true}]}}