{"id":2510,"date":"2024-04-02T15:03:34","date_gmt":"2024-04-02T15:03:34","guid":{"rendered":"https:\/\/polysmarts.com\/?post_type=product&#038;p=2510"},"modified":"2024-04-02T15:16:16","modified_gmt":"2024-04-02T15:16:16","slug":"benutzerdefinierte-seitenfaltenbeutel-mit-flachem-boden-fur-kaffeeverpackungen","status":"publish","type":"product","link":"https:\/\/polysmarts.com\/de\/product\/custom-side-gusset-flat-bottom-coffee-packaging-bags\/","title":{"rendered":"Kundenspezifische Kaffeeverpackungsbeutel mit Seitenfalten und flachem Boden"},"content":{"rendered":"<p><strong>Material:<\/strong> Unsere Kaffeeverpackungsbeutel bestehen aus sicherer BOPP+PET-Aluminiumfolie+lebensmittelechtem PE und verf\u00fcgen \u00fcber ein 3-stufiges Design, das die Festigkeit erh\u00f6ht und Licht abh\u00e4lt. Dieses Design stellt sicher, dass Ihr Kaffee frisch bleibt, indem es ihn vor Ger\u00fcchen und Feuchtigkeit sch\u00fctzt, selbst w\u00e4hrend des Transports \u00fcber lange Strecken. F\u00fcr eine optimale Nutzung ben\u00f6tigen diese Beutel eine Versiegelungsmaschine.<\/p>\n<p><strong>Wie benutzt man:<\/strong><\/p>\n<ol>\n<li>Legen Sie die aufzubewahrenden Gegenst\u00e4nde in die Tasche.<\/li>\n<li>Verschlie\u00dfen Sie die Oberseite des Beutels mit einem Verschlie\u00dfger\u00e4t<\/li>\n<li>Dr\u00fccken Sie die Luft durch das Entgasungsventil aus dem Beutel. Das Einweg-Luftventil h\u00e4lt die Kaffeebohnen und den ger\u00f6steten Kaffee frisch, indem es \u00fcbersch\u00fcssiges Gas entweichen l\u00e4sst, ohne dass Gas zur\u00fcckflie\u00dft, und bewahrt so die Frische des Inhalts.<\/li>\n<\/ol>\n<p><strong>Funktionen:<\/strong> Diese Kaffeeverpackungsbeutel erf\u00fcllen einen doppelten Zweck \u2013 sie sorgen nicht nur f\u00fcr die Frische Ihres Kaffees, sondern bieten auch Aufbewahrungsm\u00f6glichkeiten f\u00fcr andere Artikel wie Nusssnacks, S\u00fc\u00dfigkeiten, Blumen, Tee und Kr\u00e4uter. Mit ihrer vielseitigen Funktionalit\u00e4t sind diese Beutel unverzichtbar f\u00fcr alle, die den Geschmack und die Qualit\u00e4t ihrer Produkte bewahren m\u00f6chten.<\/p>\n<p>Erleben Sie die perfekte Kombination aus Funktionalit\u00e4t und Stil mit unseren individuell gestalteten Kaffeeverpackungsbeuteln mit Seitenfalten und flachem Boden. Verbessern Sie Ihre Kaffeeaufbewahrung und halten Sie Ihre Lieblingsgetr\u00e4nke l\u00e4nger frisch, w\u00e4hrend Sie gleichzeitig Aufbewahrungsl\u00f6sungen f\u00fcr eine Vielzahl anderer Artikel bieten.<\/p>","protected":false},"excerpt":{"rendered":"<table style=\"height: 360px; width: 99.8505%; border-collapse: collapse;\" border=\"2\">\n<tbody>\n<tr style=\"height: 40px;\">\n<td style=\"width: 22.6796%; height: 30px; background-color: #99ccff;\"><span style=\"font-family: arial, helvetica, sans-serif; font-size: 12pt;\"><strong>Dimension &amp; Stil<\/strong><\/span><\/td>\n<td style=\"width: 77.3204%; height: 30px; background-color: #99ccff;\"><span style=\"font-family: arial, helvetica, sans-serif; font-size: 12pt;\">Benutzerdefinierte Formen und Gr\u00f6\u00dfen<\/span><\/td>\n<\/tr>\n<tr style=\"height: 40px;\">\n<td style=\"width: 22.6796%; height: 34px; background-color: #ebebeb;\"><span style=\"font-size: 12pt;\"><strong><span style=\"font-family: arial, helvetica, sans-serif;\">Mindestbestellmenge<\/span><\/strong><\/span><\/td>\n<td style=\"width: 77.3204%; height: 34px; background-color: #ebebeb;\"><span style=\"font-family: arial, helvetica, sans-serif; font-size: 12pt;\">1000 St\u00fcck ohne Anpassung, 10000 St\u00fcck zur Anpassung<\/span><\/td>\n<\/tr>\n<tr style=\"height: 40px; background-color: #99ccff;\">\n<td style=\"width: 22.6796%; height: 24px;\"><span style=\"font-size: 12pt;\"><strong><span style=\"font-family: arial, helvetica, sans-serif;\">Verpackungsart<\/span><\/strong><\/span><\/td>\n<td style=\"width: 77.3204%; height: 24px;\"><span style=\"font-family: arial, helvetica, sans-serif; font-size: 12pt;\">Kaffee-Verpackungsbeutel<\/span><\/td>\n<\/tr>\n<tr style=\"height: 40px; background-color: #ebebeb;\">\n<td style=\"width: 22.6796%; height: 24px;\"><span style=\"font-size: 12pt;\"><strong><span style=\"font-family: arial, helvetica, sans-serif;\">Drucken<\/span><\/strong><\/span><\/td>\n<td style=\"width: 77.3204%; height: 24px;\"><span style=\"font-family: arial, helvetica, sans-serif; font-size: 12pt;\">CMYK (1 \u2013 10 Farben), kein Druck (Normal)<\/span><\/td>\n<\/tr>\n<tr style=\"height: 40px; background-color: #99ccff;\">\n<td style=\"width: 22.6796%; height: 24px;\"><span style=\"font-size: 12pt;\"><strong><span style=\"font-family: arial, helvetica, sans-serif;\">Fertigstellung<\/span><\/strong><\/span><\/td>\n<td style=\"width: 77.3204%; height: 24px;\"><span style=\"font-family: arial, helvetica, sans-serif; font-size: 12pt;\">Glanz-\/Matt-Laminierung, Offsetdruck<\/span><\/td>\n<\/tr>\n<tr style=\"height: 40px; background-color: #ebebeb;\">\n<td style=\"width: 22.6796%; height: 24px;\"><span style=\"font-size: 12pt;\"><strong><span style=\"font-family: arial, helvetica, sans-serif;\">Enthaltene Optionen<\/span><\/strong><\/span><\/td>\n<td style=\"width: 77.3204%; height: 24px;\"><span style=\"font-family: arial, helvetica, sans-serif; font-size: 12pt;\">Stanzen, Hei\u00dfsiegeln<\/span><\/td>\n<\/tr>\n<tr style=\"height: 40px; background-color: #99ccff;\">\n<td style=\"width: 22.6796%; height: 24px;\"><span style=\"font-size: 12pt;\"><strong><span style=\"font-family: arial, helvetica, sans-serif;\">Nachweisen<\/span><\/strong><\/span><\/td>\n<td style=\"width: 77.3204%; height: 24px;\"><span style=\"font-family: arial, helvetica, sans-serif; font-size: 12pt;\">Geruchsbeweise\u00a0<\/span><\/td>\n<\/tr>\n<tr style=\"height: 40px; background-color: #ebebeb;\">\n<td style=\"width: 22.6796%; height: 24px;\"><span style=\"font-size: 12pt;\"><strong><span style=\"font-family: arial, helvetica, sans-serif;\">Seitenwechsel<\/span><\/strong><\/span><\/td>\n<td style=\"width: 77.3204%; height: 24px;\"><span style=\"font-family: arial, helvetica, sans-serif; font-size: 12pt;\">7 \u2013 15 Werktage, Eilzustellung<\/span><\/td>\n<\/tr>\n<tr style=\"height: 40px; background-color: #99ccff;\">\n<td style=\"width: 22.6796%; height: 24px;\"><span style=\"font-size: 12pt;\"><strong><span style=\"font-family: arial, helvetica, sans-serif;\">Versand<\/span><\/strong><\/span><\/td>\n<td style=\"width: 77.3204%; height: 24px;\"><span style=\"font-family: arial, helvetica, sans-serif; font-size: 12pt;\">Luft, See, Express<\/span><\/td>\n<\/tr>\n<\/tbody>\n<\/table>\n<p>&nbsp;<\/p>","protected":false},"featured_media":2511,"comment_status":"open","ping_status":"closed","template":"","meta":[],"product_brand":[],"product_cat":[26,27,18],"product_tag":[],"class_list":{"0":"post-2510","1":"product","2":"type-product","3":"status-publish","4":"has-post-thumbnail","6":"product_cat-food-packaging","7":"product_cat-coffee-and-tea-packaging","8":"product_cat-zipper-bags","10":"first","11":"instock","12":"shipping-taxable","13":"product-type-simple"},"_links":{"self":[{"href":"https:\/\/polysmarts.com\/de\/wp-json\/wp\/v2\/product\/2510","targetHints":{"allow":["GET"]}}],"collection":[{"href":"https:\/\/polysmarts.com\/de\/wp-json\/wp\/v2\/product"}],"about":[{"href":"https:\/\/polysmarts.com\/de\/wp-json\/wp\/v2\/types\/product"}],"replies":[{"embeddable":true,"href":"https:\/\/polysmarts.com\/de\/wp-json\/wp\/v2\/comments?post=2510"}],"version-history":[{"count":2,"href":"https:\/\/polysmarts.com\/de\/wp-json\/wp\/v2\/product\/2510\/revisions"}],"predecessor-version":[{"id":2518,"href":"https:\/\/polysmarts.com\/de\/wp-json\/wp\/v2\/product\/2510\/revisions\/2518"}],"wp:featuredmedia":[{"embeddable":true,"href":"https:\/\/polysmarts.com\/de\/wp-json\/wp\/v2\/media\/2511"}],"wp:attachment":[{"href":"https:\/\/polysmarts.com\/de\/wp-json\/wp\/v2\/media?parent=2510"}],"wp:term":[{"taxonomy":"product_brand","embeddable":true,"href":"https:\/\/polysmarts.com\/de\/wp-json\/wp\/v2\/product_brand?post=2510"},{"taxonomy":"product_cat","embeddable":true,"href":"https:\/\/polysmarts.com\/de\/wp-json\/wp\/v2\/product_cat?post=2510"},{"taxonomy":"product_tag","embeddable":true,"href":"https:\/\/polysmarts.com\/de\/wp-json\/wp\/v2\/product_tag?post=2510"}],"curies":[{"name":"wp","href":"https:\/\/api.w.org\/{rel}","templated":true}]}}