{"id":2501,"date":"2024-04-02T14:42:46","date_gmt":"2024-04-02T14:42:46","guid":{"rendered":"https:\/\/polysmarts.com\/?post_type=product&#038;p=2501"},"modified":"2024-04-02T15:01:08","modified_gmt":"2024-04-02T15:01:08","slug":"benutzerdefinierte-lebensmittelverpackung-ziplock-beutel-taschen-fur-tee","status":"publish","type":"product","link":"https:\/\/polysmarts.com\/de\/product\/custom-food-package-ziplock-pouch-bags-for-tea\/","title":{"rendered":"Benutzerdefinierte Lebensmittelverpackung Ziplock Beutel Taschen f\u00fcr Tee"},"content":{"rendered":"<p><strong>Mehrzwecknutzung:<\/strong> Unsere Beutel mit Druckverschluss sind f\u00fcr die vielseitige Aufbewahrung konzipiert und f\u00fcr eine breite Palette pulverf\u00f6rmiger oder trockener Waren geeignet. Ob Kaffee, Bohnen, S\u00fc\u00dfigkeiten, Zucker, Kr\u00e4uter, Kekse, Tee, N\u00fcsse, Trockenfr\u00fcchte, Trockenblumen, Pulver, Snacks oder sogar Werkzeuge und Kosmetika \u2013 diese Beutel in Lebensmittelqualit\u00e4t bieten eine zuverl\u00e4ssige Verpackung. Sie eignen sich auch perfekt f\u00fcr die stilvolle und praktische Pr\u00e4sentation von Lebensmitteln und Schmuck.<\/p>\n<p><strong>Merkmale:<\/strong> Mit versiegelten Seiten und einem Bodenfalten bieten unsere Beutel maximale Festigkeit und sorgen daf\u00fcr, dass sie sicher stehen. Ihr luftdichtes Design verhindert den Kontakt mit Luft, Licht, Ger\u00fcchen und Feuchtigkeit und bewahrt die Frische und Qualit\u00e4t Ihrer Produkte f\u00fcr l\u00e4ngere Zeit.<\/p>\n<p><strong>Material:<\/strong> Unsere verschlie\u00dfbaren Ziplock-Beutel aus PET- und CPP-Material bieten Haltbarkeit und Schutz. Die Kombination dieser Materialien schafft eine luftdichte Umgebung und sch\u00fctzt Ihren Tee und andere Waren vor \u00e4u\u00dferen Einfl\u00fcssen.<\/p>\n<p>Erleben Sie den Komfort und die Zuverl\u00e4ssigkeit unserer individuell anpassbaren Ziplock-Beutel f\u00fcr Lebensmittelverpackungen f\u00fcr Tee. Egal, ob Sie Tee oder andere Trockenwaren verpacken, diese Beutel bieten sichere Aufbewahrung und Konservierung und sorgen daf\u00fcr, dass Ihre Produkte frisch und gesch\u00fctzt bleiben, bis sie verzehrt werden k\u00f6nnen.<\/p>","protected":false},"excerpt":{"rendered":"<table style=\"height: 360px; width: 99.8505%; border-collapse: collapse;\" border=\"2\">\n<tbody>\n<tr style=\"height: 40px;\">\n<td style=\"width: 22.6796%; height: 30px; background-color: #99ccff;\"><span style=\"font-family: arial, helvetica, sans-serif; font-size: 12pt;\"><strong>Dimension &amp; Stil<\/strong><\/span><\/td>\n<td style=\"width: 77.3204%; height: 30px; background-color: #99ccff;\"><span style=\"font-family: arial, helvetica, sans-serif; font-size: 12pt;\">Benutzerdefinierte Formen und Gr\u00f6\u00dfen<\/span><\/td>\n<\/tr>\n<tr style=\"height: 40px;\">\n<td style=\"width: 22.6796%; height: 34px; background-color: #ebebeb;\"><span style=\"font-size: 12pt;\"><strong><span style=\"font-family: arial, helvetica, sans-serif;\">Mindestbestellmenge<\/span><\/strong><\/span><\/td>\n<td style=\"width: 77.3204%; height: 34px; background-color: #ebebeb;\"><span style=\"font-family: arial, helvetica, sans-serif; font-size: 12pt;\">1000 St\u00fcck ohne Anpassung, 10000 St\u00fcck zur Anpassung<\/span><\/td>\n<\/tr>\n<tr style=\"height: 40px; background-color: #99ccff;\">\n<td style=\"width: 22.6796%; height: 24px;\"><span style=\"font-size: 12pt;\"><strong><span style=\"font-family: arial, helvetica, sans-serif;\">Verpackungsart<\/span><\/strong><\/span><\/td>\n<td style=\"width: 77.3204%; height: 24px;\"><span style=\"font-family: arial, helvetica, sans-serif; font-size: 12pt;\">Standbeutel\/Beutel mit Druckverschluss<\/span><\/td>\n<\/tr>\n<tr style=\"height: 40px; background-color: #ebebeb;\">\n<td style=\"width: 22.6796%; height: 24px;\"><span style=\"font-size: 12pt;\"><strong><span style=\"font-family: arial, helvetica, sans-serif;\">Drucken<\/span><\/strong><\/span><\/td>\n<td style=\"width: 77.3204%; height: 24px;\"><span style=\"font-family: arial, helvetica, sans-serif; font-size: 12pt;\">CMYK (1 \u2013 10 Farben), kein Druck (Normal)<\/span><\/td>\n<\/tr>\n<tr style=\"height: 40px; background-color: #99ccff;\">\n<td style=\"width: 22.6796%; height: 24px;\"><span style=\"font-size: 12pt;\"><strong><span style=\"font-family: arial, helvetica, sans-serif;\">Fertigstellung<\/span><\/strong><\/span><\/td>\n<td style=\"width: 77.3204%; height: 24px;\"><span style=\"font-family: arial, helvetica, sans-serif; font-size: 12pt;\">Glanz-\/Matt-Laminierung, Offsetdruck<\/span><\/td>\n<\/tr>\n<tr style=\"height: 40px; background-color: #ebebeb;\">\n<td style=\"width: 22.6796%; height: 24px;\"><span style=\"font-size: 12pt;\"><strong><span style=\"font-family: arial, helvetica, sans-serif;\">Enthaltene Optionen<\/span><\/strong><\/span><\/td>\n<td style=\"width: 77.3204%; height: 24px;\"><span style=\"font-family: arial, helvetica, sans-serif; font-size: 12pt;\">Stanzen, Hei\u00dfsiegeln<\/span><\/td>\n<\/tr>\n<tr style=\"height: 40px; background-color: #99ccff;\">\n<td style=\"width: 22.6796%; height: 24px;\"><span style=\"font-size: 12pt;\"><strong><span style=\"font-family: arial, helvetica, sans-serif;\">Nachweisen<\/span><\/strong><\/span><\/td>\n<td style=\"width: 77.3204%; height: 24px;\"><span style=\"font-family: arial, helvetica, sans-serif; font-size: 12pt;\">Geruchsbeweise\u00a0<\/span><\/td>\n<\/tr>\n<tr style=\"height: 40px; background-color: #ebebeb;\">\n<td style=\"width: 22.6796%; height: 24px;\"><span style=\"font-size: 12pt;\"><strong><span style=\"font-family: arial, helvetica, sans-serif;\">Seitenwechsel<\/span><\/strong><\/span><\/td>\n<td style=\"width: 77.3204%; height: 24px;\"><span style=\"font-family: arial, helvetica, sans-serif; font-size: 12pt;\">7 \u2013 15 Werktage, Eilzustellung<\/span><\/td>\n<\/tr>\n<tr style=\"height: 40px; background-color: #99ccff;\">\n<td style=\"width: 22.6796%; height: 24px;\"><span style=\"font-size: 12pt;\"><strong><span style=\"font-family: arial, helvetica, sans-serif;\">Versand<\/span><\/strong><\/span><\/td>\n<td style=\"width: 77.3204%; height: 24px;\"><span style=\"font-family: arial, helvetica, sans-serif; font-size: 12pt;\">Luft, See, Express<\/span><\/td>\n<\/tr>\n<\/tbody>\n<\/table>\n<p>&nbsp;<\/p>","protected":false},"featured_media":2502,"comment_status":"open","ping_status":"closed","template":"","meta":[],"product_brand":[],"product_cat":[27,18],"product_tag":[],"class_list":{"0":"post-2501","1":"product","2":"type-product","3":"status-publish","4":"has-post-thumbnail","6":"product_cat-coffee-and-tea-packaging","7":"product_cat-zipper-bags","9":"first","10":"instock","11":"shipping-taxable","12":"product-type-simple"},"_links":{"self":[{"href":"https:\/\/polysmarts.com\/de\/wp-json\/wp\/v2\/product\/2501","targetHints":{"allow":["GET"]}}],"collection":[{"href":"https:\/\/polysmarts.com\/de\/wp-json\/wp\/v2\/product"}],"about":[{"href":"https:\/\/polysmarts.com\/de\/wp-json\/wp\/v2\/types\/product"}],"replies":[{"embeddable":true,"href":"https:\/\/polysmarts.com\/de\/wp-json\/wp\/v2\/comments?post=2501"}],"version-history":[{"count":2,"href":"https:\/\/polysmarts.com\/de\/wp-json\/wp\/v2\/product\/2501\/revisions"}],"predecessor-version":[{"id":2509,"href":"https:\/\/polysmarts.com\/de\/wp-json\/wp\/v2\/product\/2501\/revisions\/2509"}],"wp:featuredmedia":[{"embeddable":true,"href":"https:\/\/polysmarts.com\/de\/wp-json\/wp\/v2\/media\/2502"}],"wp:attachment":[{"href":"https:\/\/polysmarts.com\/de\/wp-json\/wp\/v2\/media?parent=2501"}],"wp:term":[{"taxonomy":"product_brand","embeddable":true,"href":"https:\/\/polysmarts.com\/de\/wp-json\/wp\/v2\/product_brand?post=2501"},{"taxonomy":"product_cat","embeddable":true,"href":"https:\/\/polysmarts.com\/de\/wp-json\/wp\/v2\/product_cat?post=2501"},{"taxonomy":"product_tag","embeddable":true,"href":"https:\/\/polysmarts.com\/de\/wp-json\/wp\/v2\/product_tag?post=2501"}],"curies":[{"name":"wp","href":"https:\/\/api.w.org\/{rel}","templated":true}]}}