{"id":2483,"date":"2024-04-02T12:10:44","date_gmt":"2024-04-02T12:10:44","guid":{"rendered":"https:\/\/polysmarts.com\/?post_type=product&#038;p=2483"},"modified":"2024-04-02T12:39:18","modified_gmt":"2024-04-02T12:39:18","slug":"individuell-bedruckte-luxus-einkaufstuten-aus-kraftpapier","status":"publish","type":"product","link":"https:\/\/polysmarts.com\/de\/product\/custom-printed-luxury-shopping-kraft-gift-paper-bags\/","title":{"rendered":"Individuell bedruckte Luxus-Einkaufst\u00fcten aus Kraftpapier mit Geschenken"},"content":{"rendered":"<p><strong>Perfektes Material:<\/strong> Unsere Geschenkpapiert\u00fcten werden aus hochwertigem, dickem Kraftpapier hergestellt, was Haltbarkeit und Wiederverwendbarkeit gew\u00e4hrleistet. Der fest verklebte Boden sorgt f\u00fcr Stabilit\u00e4t, sodass die T\u00fcten auch die h\u00e4rtesten Gegenst\u00e4nde tragen k\u00f6nnen.<\/p>\n<p><strong>Mit Bandgriff:<\/strong> Erleben Sie den Komfort unserer extragro\u00dfen Geschenkpapiert\u00fcten mit luxuri\u00f6sem Henkel aus Band. Mit diesem Henkel k\u00f6nnen Sie Ihre Geschenke bequem tragen, und sein weiches und dennoch robustes Design sorgt f\u00fcr Komfort, ohne Ihre Finger einzuklemmen.<\/p>\n<p><strong>Individuell gestaltet:<\/strong> Lassen Sie Ihrer Kreativit\u00e4t freien Lauf mit unseren Geschenkpapiert\u00fcten f\u00fcr den Einzelhandel. Sie haben eine sch\u00f6ne, glatte, matte Oberfl\u00e4che, die sich perfekt zum Dekorieren eignet. Egal, ob Sie lieber zeichnen, schreiben oder malen, diese T\u00fcten bieten die perfekte Leinwand f\u00fcr eine pers\u00f6nliche Note. Alternativ k\u00f6nnen Sie einfach ein Band um den Griff binden, um eine besondere Note zu verleihen.<\/p>\n<p><strong>Breite Anwendung:<\/strong> Unsere mattblauen Geschenkpapiert\u00fcten mit Griffen sind vielseitig einsetzbar und f\u00fcr verschiedene Anl\u00e4sse geeignet. Von Partys und Hochzeiten bis hin zu Gesch\u00e4ftsveranstaltungen und Einzelhandel k\u00f6nnen diese Taschen f\u00fcr viele Zwecke verwendet werden, darunter als Partyt\u00fcten, Hochzeitst\u00fcten, Gesch\u00e4ftst\u00fcten, Einkaufst\u00fcten, Einzelhandelst\u00fcten, Geschenkt\u00fcten und Geschenkt\u00fcten.<\/p>\n<p>Werten Sie Ihr Geschenkerlebnis mit unserer individuell bedruckten Luxus-Geschenkt\u00fcte aus Kraftpapier auf. Mit ihrem perfekten Material, dem praktischen Bandgriff, den DIY-Anpassungsoptionen und den vielf\u00e4ltigen Anwendungsm\u00f6glichkeiten ist sie die ideale Wahl, um jedem Anlass einen Hauch von Luxus und Eleganz zu verleihen.<\/p>","protected":false},"excerpt":{"rendered":"<table style=\"height: 360px; width: 99.8505%; border-collapse: collapse;\" border=\"2\">\n<tbody>\n<tr style=\"height: 40px;\">\n<td style=\"width: 22.6796%; height: 30px; background-color: #99ccff;\"><span style=\"font-family: arial, helvetica, sans-serif; font-size: 12pt;\"><strong>Dimension &amp; Stil<\/strong><\/span><\/td>\n<td style=\"width: 77.3204%; height: 30px; background-color: #99ccff;\"><span style=\"font-family: arial, helvetica, sans-serif; font-size: 12pt;\">Benutzerdefinierte Formen und Gr\u00f6\u00dfen<\/span><\/td>\n<\/tr>\n<tr style=\"height: 40px;\">\n<td style=\"width: 22.6796%; height: 34px; background-color: #ebebeb;\"><span style=\"font-size: 12pt;\"><strong><span style=\"font-family: arial, helvetica, sans-serif;\">Mindestbestellmenge<\/span><\/strong><\/span><\/td>\n<td style=\"width: 77.3204%; height: 34px; background-color: #ebebeb;\"><span style=\"font-family: arial, helvetica, sans-serif; font-size: 12pt;\">1000 St\u00fcck ohne Anpassung, 5000 St\u00fcck zur Anpassung<\/span><\/td>\n<\/tr>\n<tr style=\"height: 40px; background-color: #99ccff;\">\n<td style=\"width: 22.6796%; height: 24px;\"><span style=\"font-size: 12pt;\"><strong><span style=\"font-family: arial, helvetica, sans-serif;\">Verpackungsart<\/span><\/strong><\/span><\/td>\n<td style=\"width: 77.3204%; height: 24px;\"><span style=\"font-family: arial, helvetica, sans-serif; font-size: 12pt;\">Einkaufst\u00fcten aus Kraftpapier\u00a0<\/span><\/td>\n<\/tr>\n<tr style=\"height: 40px; background-color: #ebebeb;\">\n<td style=\"width: 22.6796%; height: 24px;\"><span style=\"font-size: 12pt;\"><strong><span style=\"font-family: arial, helvetica, sans-serif;\">Material<\/span><\/strong><\/span><\/td>\n<td style=\"width: 77.3204%; height: 24px;\"><span style=\"font-family: arial, helvetica, sans-serif; font-size: 12pt;\">Kraftpapier<\/span><\/td>\n<\/tr>\n<tr style=\"height: 40px; background-color: #99ccff;\">\n<td style=\"width: 22.6796%; height: 24px;\"><span style=\"font-size: 12pt;\"><strong><span style=\"font-family: arial, helvetica, sans-serif;\">Fertigstellung<\/span><\/strong><\/span><\/td>\n<td style=\"width: 77.3204%; height: 24px;\"><span style=\"font-family: arial, helvetica, sans-serif; font-size: 12pt;\">Siebdruck<\/span><\/td>\n<\/tr>\n<tr style=\"height: 40px; background-color: #ebebeb;\">\n<td style=\"width: 22.6796%; height: 24px;\"><span style=\"font-size: 12pt;\"><strong><span style=\"font-family: arial, helvetica, sans-serif;\">Besonderheit<\/span><\/strong><\/span><\/td>\n<td style=\"width: 77.3204%; height: 24px;\"><span style=\"font-family: arial, helvetica, sans-serif; font-size: 12pt;\">Recycelt<\/span><\/td>\n<\/tr>\n<tr style=\"height: 40px; background-color: #99ccff;\">\n<td style=\"width: 22.6796%; height: 24px;\"><span style=\"font-size: 12pt;\"><strong><span style=\"font-family: arial, helvetica, sans-serif;\">Papiert\u00fctentyp<\/span><\/strong><\/span><\/td>\n<td style=\"width: 77.3204%; height: 24px;\"><span style=\"font-family: arial, helvetica, sans-serif; font-size: 12pt;\">Geschenkpapiert\u00fcte, Einkaufst\u00fcten<\/span><\/td>\n<\/tr>\n<tr style=\"height: 40px; background-color: #ebebeb;\">\n<td style=\"width: 22.6796%; height: 24px;\"><span style=\"font-size: 12pt;\"><strong><span style=\"font-family: arial, helvetica, sans-serif;\">Seitenwechsel<\/span><\/strong><\/span><\/td>\n<td style=\"width: 77.3204%; height: 24px;\"><span style=\"font-family: arial, helvetica, sans-serif; font-size: 12pt;\">7 \u2013 15 Werktage, Eilzustellung<\/span><\/td>\n<\/tr>\n<tr style=\"height: 40px; background-color: #99ccff;\">\n<td style=\"width: 22.6796%; height: 24px;\"><span style=\"font-size: 12pt;\"><strong><span style=\"font-family: arial, helvetica, sans-serif;\">Versand<\/span><\/strong><\/span><\/td>\n<td style=\"width: 77.3204%; height: 24px;\"><span style=\"font-family: arial, helvetica, sans-serif; font-size: 12pt;\">Luft, See, Express<\/span><\/td>\n<\/tr>\n<\/tbody>\n<\/table>\n<p>&nbsp;<\/p>","protected":false},"featured_media":2484,"comment_status":"open","ping_status":"closed","template":"","meta":[],"product_brand":[],"product_cat":[15,20,34],"product_tag":[],"class_list":{"0":"post-2483","1":"product","2":"type-product","3":"status-publish","4":"has-post-thumbnail","6":"product_cat-paper-box","7":"product_cat-kraft-paper-bag","8":"product_cat-paper-packing","10":"first","11":"instock","12":"shipping-taxable","13":"product-type-simple"},"_links":{"self":[{"href":"https:\/\/polysmarts.com\/de\/wp-json\/wp\/v2\/product\/2483","targetHints":{"allow":["GET"]}}],"collection":[{"href":"https:\/\/polysmarts.com\/de\/wp-json\/wp\/v2\/product"}],"about":[{"href":"https:\/\/polysmarts.com\/de\/wp-json\/wp\/v2\/types\/product"}],"replies":[{"embeddable":true,"href":"https:\/\/polysmarts.com\/de\/wp-json\/wp\/v2\/comments?post=2483"}],"version-history":[{"count":1,"href":"https:\/\/polysmarts.com\/de\/wp-json\/wp\/v2\/product\/2483\/revisions"}],"predecessor-version":[{"id":2490,"href":"https:\/\/polysmarts.com\/de\/wp-json\/wp\/v2\/product\/2483\/revisions\/2490"}],"wp:featuredmedia":[{"embeddable":true,"href":"https:\/\/polysmarts.com\/de\/wp-json\/wp\/v2\/media\/2484"}],"wp:attachment":[{"href":"https:\/\/polysmarts.com\/de\/wp-json\/wp\/v2\/media?parent=2483"}],"wp:term":[{"taxonomy":"product_brand","embeddable":true,"href":"https:\/\/polysmarts.com\/de\/wp-json\/wp\/v2\/product_brand?post=2483"},{"taxonomy":"product_cat","embeddable":true,"href":"https:\/\/polysmarts.com\/de\/wp-json\/wp\/v2\/product_cat?post=2483"},{"taxonomy":"product_tag","embeddable":true,"href":"https:\/\/polysmarts.com\/de\/wp-json\/wp\/v2\/product_tag?post=2483"}],"curies":[{"name":"wp","href":"https:\/\/api.w.org\/{rel}","templated":true}]}}