{"id":2475,"date":"2024-04-02T10:27:15","date_gmt":"2024-04-02T10:27:15","guid":{"rendered":"https:\/\/polysmarts.com\/?post_type=product&#038;p=2475"},"modified":"2024-04-02T10:38:21","modified_gmt":"2024-04-02T10:38:21","slug":"bunte-kraftpapiertuten-mit-griffen-fur-den-geschenkeinkauf","status":"publish","type":"product","link":"https:\/\/polysmarts.com\/de\/product\/colorful-kraft-paper-bags-with-handles-for-gift-shopping\/","title":{"rendered":"Bunte Kraftpapiert\u00fcten mit Griffen f\u00fcr den Geschenkeinkauf"},"content":{"rendered":"<p><strong>Gr\u00f6\u00dfe &amp; Farbe:<\/strong> Als Hersteller bieten wir individuell anpassbare bunte Kraftpapiert\u00fcten in verschiedenen Gr\u00f6\u00dfen und Farben an, die Ihren spezifischen Anforderungen entsprechen.<\/p>\n<p><strong>Lassen Sie Ihrer Kreativit\u00e4t freien Lauf:<\/strong> Unsere Geschenkpapiert\u00fcten sind eine leere Leinwand, die nur auf Ihre pers\u00f6nliche Note wartet. F\u00fcgen Sie W\u00f6rter, Muster oder Designs hinzu, um Freunden und Familie Ihre besten W\u00fcnsche auszudr\u00fccken. Lassen Sie Ihrer Fantasie beim Ausmalen, Bekleben, Markieren und vielem mehr freien Lauf und schaffen Sie personalisierte Meisterwerke, die blenden und begeistern.<\/p>\n<p><strong>Anwendungsbereich:<\/strong> Diese farbenfrohen gro\u00dfen Geschenkt\u00fcten sind vielseitig einsetzbar und perfekt f\u00fcr verschiedene Anl\u00e4sse, darunter Geschenkt\u00fcten zum Geburtstag, Leckerli-T\u00fcten, Goodie-T\u00fcten, Partyt\u00fcten und Geschenkt\u00fcten. Sie sind ideal f\u00fcr Valentinstag, Shopping, Feiertage, Einzelhandel, Waren, Hochzeiten und mehr. Egal zu welchem Anlass, unsere T\u00fcten verleihen Ihrem Geschenkerlebnis einen Hauch von Charme und Eleganz.<\/p>\n<p><strong>Zuverl\u00e4ssiges Material:<\/strong> Unsere aus sicheren Materialien gefertigten Beutel eignen sich perfekt f\u00fcr die Aufbewahrung von Geb\u00e4ck, Keksen und Desserts und sorgen daf\u00fcr, dass Ihre Leckereien in perfektem Zustand ankommen.<\/p>\n<p>Machen Sie das Schenken zu einem Erlebnis mit unseren farbenfrohen Kraftpapiert\u00fcten mit Griffen. Von Individualisierungsoptionen, die Ihre Kreativit\u00e4t anregen, bis hin zu zuverl\u00e4ssigen Materialien, die daf\u00fcr sorgen, dass Ihre Geschenke stilvoll ankommen, sind unsere T\u00fcten die perfekte Wahl f\u00fcr jeden Anlass.<\/p>","protected":false},"excerpt":{"rendered":"<table style=\"height: 360px; width: 99.8505%; border-collapse: collapse;\" border=\"2\">\n<tbody>\n<tr style=\"height: 40px;\">\n<td style=\"width: 22.6796%; height: 30px; background-color: #99ccff;\"><span style=\"font-family: arial, helvetica, sans-serif; font-size: 12pt;\"><strong>Dimension &amp; Stil<\/strong><\/span><\/td>\n<td style=\"width: 77.3204%; height: 30px; background-color: #99ccff;\"><span style=\"font-family: arial, helvetica, sans-serif; font-size: 12pt;\">Benutzerdefinierte Formen und Gr\u00f6\u00dfen<\/span><\/td>\n<\/tr>\n<tr style=\"height: 40px;\">\n<td style=\"width: 22.6796%; height: 34px; background-color: #ebebeb;\"><span style=\"font-size: 12pt;\"><strong><span style=\"font-family: arial, helvetica, sans-serif;\">Mindestbestellmenge<\/span><\/strong><\/span><\/td>\n<td style=\"width: 77.3204%; height: 34px; background-color: #ebebeb;\"><span style=\"font-family: arial, helvetica, sans-serif; font-size: 12pt;\">1000 St\u00fcck ohne Anpassung, 5000 St\u00fcck zur Anpassung<\/span><\/td>\n<\/tr>\n<tr style=\"height: 40px; background-color: #99ccff;\">\n<td style=\"width: 22.6796%; height: 24px;\"><span style=\"font-size: 12pt;\"><strong><span style=\"font-family: arial, helvetica, sans-serif;\">Verpackungsart<\/span><\/strong><\/span><\/td>\n<td style=\"width: 77.3204%; height: 24px;\"><span style=\"font-family: arial, helvetica, sans-serif; font-size: 12pt;\">Bunte Kraftpapiert\u00fcten\u00a0<\/span><\/td>\n<\/tr>\n<tr style=\"height: 40px; background-color: #ebebeb;\">\n<td style=\"width: 22.6796%; height: 24px;\"><span style=\"font-size: 12pt;\"><strong><span style=\"font-family: arial, helvetica, sans-serif;\">Material<\/span><\/strong><\/span><\/td>\n<td style=\"width: 77.3204%; height: 24px;\"><span style=\"font-family: arial, helvetica, sans-serif; font-size: 12pt;\">Kraftpapier<\/span><\/td>\n<\/tr>\n<tr style=\"height: 40px; background-color: #99ccff;\">\n<td style=\"width: 22.6796%; height: 24px;\"><span style=\"font-size: 12pt;\"><strong><span style=\"font-family: arial, helvetica, sans-serif;\">Fertigstellung<\/span><\/strong><\/span><\/td>\n<td style=\"width: 77.3204%; height: 24px;\"><span style=\"font-family: arial, helvetica, sans-serif; font-size: 12pt;\">Siebdruck<\/span><\/td>\n<\/tr>\n<tr style=\"height: 40px; background-color: #ebebeb;\">\n<td style=\"width: 22.6796%; height: 24px;\"><span style=\"font-size: 12pt;\"><strong><span style=\"font-family: arial, helvetica, sans-serif;\">Besonderheit<\/span><\/strong><\/span><\/td>\n<td style=\"width: 77.3204%; height: 24px;\"><span style=\"font-family: arial, helvetica, sans-serif; font-size: 12pt;\">Recycelt<\/span><\/td>\n<\/tr>\n<tr style=\"height: 40px; background-color: #99ccff;\">\n<td style=\"width: 22.6796%; height: 24px;\"><span style=\"font-size: 12pt;\"><strong><span style=\"font-family: arial, helvetica, sans-serif;\">Papiert\u00fctentyp<\/span><\/strong><\/span><\/td>\n<td style=\"width: 77.3204%; height: 24px;\"><span style=\"font-family: arial, helvetica, sans-serif; font-size: 12pt;\">Papiert\u00fcte, Geschenkt\u00fcte Papier<\/span><\/td>\n<\/tr>\n<tr style=\"height: 40px; background-color: #ebebeb;\">\n<td style=\"width: 22.6796%; height: 24px;\"><span style=\"font-size: 12pt;\"><strong><span style=\"font-family: arial, helvetica, sans-serif;\">Seitenwechsel<\/span><\/strong><\/span><\/td>\n<td style=\"width: 77.3204%; height: 24px;\"><span style=\"font-family: arial, helvetica, sans-serif; font-size: 12pt;\">7 \u2013 15 Werktage, Eilzustellung<\/span><\/td>\n<\/tr>\n<tr style=\"height: 40px; background-color: #99ccff;\">\n<td style=\"width: 22.6796%; height: 24px;\"><span style=\"font-size: 12pt;\"><strong><span style=\"font-family: arial, helvetica, sans-serif;\">Versand<\/span><\/strong><\/span><\/td>\n<td style=\"width: 77.3204%; height: 24px;\"><span style=\"font-family: arial, helvetica, sans-serif; font-size: 12pt;\">Luft, See, Express<\/span><\/td>\n<\/tr>\n<\/tbody>\n<\/table>\n<p>&nbsp;<\/p>","protected":false},"featured_media":2476,"comment_status":"open","ping_status":"closed","template":"","meta":[],"product_brand":[],"product_cat":[15,20,34],"product_tag":[],"class_list":{"0":"post-2475","1":"product","2":"type-product","3":"status-publish","4":"has-post-thumbnail","6":"product_cat-paper-box","7":"product_cat-kraft-paper-bag","8":"product_cat-paper-packing","10":"first","11":"instock","12":"shipping-taxable","13":"product-type-simple"},"_links":{"self":[{"href":"https:\/\/polysmarts.com\/de\/wp-json\/wp\/v2\/product\/2475","targetHints":{"allow":["GET"]}}],"collection":[{"href":"https:\/\/polysmarts.com\/de\/wp-json\/wp\/v2\/product"}],"about":[{"href":"https:\/\/polysmarts.com\/de\/wp-json\/wp\/v2\/types\/product"}],"replies":[{"embeddable":true,"href":"https:\/\/polysmarts.com\/de\/wp-json\/wp\/v2\/comments?post=2475"}],"version-history":[{"count":2,"href":"https:\/\/polysmarts.com\/de\/wp-json\/wp\/v2\/product\/2475\/revisions"}],"predecessor-version":[{"id":2482,"href":"https:\/\/polysmarts.com\/de\/wp-json\/wp\/v2\/product\/2475\/revisions\/2482"}],"wp:featuredmedia":[{"embeddable":true,"href":"https:\/\/polysmarts.com\/de\/wp-json\/wp\/v2\/media\/2476"}],"wp:attachment":[{"href":"https:\/\/polysmarts.com\/de\/wp-json\/wp\/v2\/media?parent=2475"}],"wp:term":[{"taxonomy":"product_brand","embeddable":true,"href":"https:\/\/polysmarts.com\/de\/wp-json\/wp\/v2\/product_brand?post=2475"},{"taxonomy":"product_cat","embeddable":true,"href":"https:\/\/polysmarts.com\/de\/wp-json\/wp\/v2\/product_cat?post=2475"},{"taxonomy":"product_tag","embeddable":true,"href":"https:\/\/polysmarts.com\/de\/wp-json\/wp\/v2\/product_tag?post=2475"}],"curies":[{"name":"wp","href":"https:\/\/api.w.org\/{rel}","templated":true}]}}