{"id":2469,"date":"2024-04-02T10:10:07","date_gmt":"2024-04-02T10:10:07","guid":{"rendered":"https:\/\/polysmarts.com\/?post_type=product&#038;p=2469"},"modified":"2024-04-02T10:22:36","modified_gmt":"2024-04-02T10:22:36","slug":"individuelle-braune-kraftpapiertute-mit-logodruck","status":"publish","type":"product","link":"https:\/\/polysmarts.com\/de\/product\/custom-brown-kraft-paper-bag-with-logo-printing\/","title":{"rendered":"Kundenspezifische braune Kraftpapiert\u00fcte mit Logodruck"},"content":{"rendered":"<p><strong>Premium Qualit\u00e4t:<\/strong> Unsere Einkaufst\u00fcten werden aus lebensmittelechtem braunem Kraftpapier hergestellt und eignen sich perfekt zum Verpacken, Aufbewahren und Transportieren von Lebensmitteln. Dank des quadratischen Bodens stehen sie m\u00fchelos aufrecht und sind somit einfach und praktisch zu verpacken.<\/p>\n<p><strong>Vielseitige Anwendung:<\/strong> Unsere Lunch-Papiert\u00fcten sind ideal f\u00fcr Lebensmittelgesch\u00e4fte und Privathaushalte. Sie werten die Pr\u00e4sentation von Lebensmitteln auf und lassen sie noch k\u00f6stlicher aussehen. Sie sind nicht nur erschwinglich, sondern tragen auch zur \u00f6kologischen Nachhaltigkeit bei.<\/p>\n<p><strong>Vielseitig einsetzbar:<\/strong> Diese Beutel dienen nicht nur zum Verpacken von Lebensmitteln, sondern auch als Partybeutel, Leckerlibeutel und Geschenkbeutel f\u00fcr Snacks. Aufgrund ihrer geringen Gr\u00f6\u00dfe eignen sie sich perfekt f\u00fcr Kunst- und Bastelprojekte und bieten endlose kreative M\u00f6glichkeiten.<\/p>\n<p><strong>Personalisieren Sie Ihr Erlebnis:<\/strong> Lassen Sie Ihrer Kreativit\u00e4t mit unseren Kraftpapiert\u00fcten freien Lauf, die als leere Leinwand f\u00fcr k\u00fcnstlerischen Ausdruck dienen. Ob Sie lieber zeichnen, schreiben oder dekorieren, mit diesen T\u00fcten k\u00f6nnen Sie Ihr Leben mit Sch\u00f6nheiten bemalen. F\u00fcgen Sie eine pers\u00f6nliche Note hinzu, indem Sie Ihre Lieblingsaufkleber oder Ihr individuelles Logo anbringen, was sie ideal f\u00fcr die Geschenkvorbereitung und das Branding macht.<\/p>\n<p>Erleben Sie den Unterschied mit unserer kundenspezifischen braunen Kraftpapiert\u00fcte mit Logodruck. Von ihrer hochwertigen Konstruktion bis zu ihren vielseitigen Einsatzm\u00f6glichkeiten und anpassbaren Funktionen ist sie die perfekte Verpackungsl\u00f6sung f\u00fcr alle Ihre Anforderungen.<\/p>","protected":false},"excerpt":{"rendered":"<table style=\"height: 360px; width: 99.8505%; border-collapse: collapse;\" border=\"2\">\n<tbody>\n<tr style=\"height: 40px;\">\n<td style=\"width: 22.6796%; height: 30px; background-color: #99ccff;\"><span style=\"font-family: arial, helvetica, sans-serif; font-size: 12pt;\"><strong>Dimension &amp; Stil<\/strong><\/span><\/td>\n<td style=\"width: 77.3204%; height: 30px; background-color: #99ccff;\"><span style=\"font-family: arial, helvetica, sans-serif; font-size: 12pt;\">Benutzerdefinierte Formen und Gr\u00f6\u00dfen<\/span><\/td>\n<\/tr>\n<tr style=\"height: 40px;\">\n<td style=\"width: 22.6796%; height: 34px; background-color: #ebebeb;\"><span style=\"font-size: 12pt;\"><strong><span style=\"font-family: arial, helvetica, sans-serif;\">Mindestbestellmenge<\/span><\/strong><\/span><\/td>\n<td style=\"width: 77.3204%; height: 34px; background-color: #ebebeb;\"><span style=\"font-family: arial, helvetica, sans-serif; font-size: 12pt;\">1000 St\u00fcck ohne Anpassung, 10000 St\u00fcck zur Anpassung<\/span><\/td>\n<\/tr>\n<tr style=\"height: 40px; background-color: #99ccff;\">\n<td style=\"width: 22.6796%; height: 24px;\"><span style=\"font-size: 12pt;\"><strong><span style=\"font-family: arial, helvetica, sans-serif;\">Verpackungsart<\/span><\/strong><\/span><\/td>\n<td style=\"width: 77.3204%; height: 24px;\"><span style=\"font-family: arial, helvetica, sans-serif; font-size: 12pt;\">Braune Kraftpapiert\u00fcte<\/span><\/td>\n<\/tr>\n<tr style=\"height: 40px; background-color: #ebebeb;\">\n<td style=\"width: 22.6796%; height: 24px;\"><span style=\"font-size: 12pt;\"><strong><span style=\"font-family: arial, helvetica, sans-serif;\">Drucken<\/span><\/strong><\/span><\/td>\n<td style=\"width: 77.3204%; height: 24px;\"><span style=\"font-family: arial, helvetica, sans-serif; font-size: 12pt;\">CMYK (1 \u2013 8 Farben), kein Druck (Normal)<\/span><\/td>\n<\/tr>\n<tr style=\"height: 40px; background-color: #99ccff;\">\n<td style=\"width: 22.6796%; height: 24px;\"><span style=\"font-size: 12pt;\"><strong><span style=\"font-family: arial, helvetica, sans-serif;\">Fertigstellung<\/span><\/strong><\/span><\/td>\n<td style=\"width: 77.3204%; height: 24px;\"><span style=\"font-family: arial, helvetica, sans-serif; font-size: 12pt;\">Flexodruck<\/span><\/td>\n<\/tr>\n<tr style=\"height: 40px; background-color: #ebebeb;\">\n<td style=\"width: 22.6796%; height: 24px;\"><span style=\"font-size: 12pt;\"><strong><span style=\"font-family: arial, helvetica, sans-serif;\">Stichwort<\/span><\/strong><\/span><\/td>\n<td style=\"width: 77.3204%; height: 24px;\"><span style=\"font-family: arial, helvetica, sans-serif; font-size: 12pt;\">Kraftpapiert\u00fcte f\u00fcr Lebensmittel<\/span><\/td>\n<\/tr>\n<tr style=\"height: 40px; background-color: #99ccff;\">\n<td style=\"width: 22.6796%; height: 24px;\"><span style=\"font-size: 12pt;\"><strong><span style=\"font-family: arial, helvetica, sans-serif;\">Besonderheit<\/span><\/strong><\/span><\/td>\n<td style=\"width: 77.3204%; height: 24px;\"><span style=\"font-family: arial, helvetica, sans-serif; font-size: 12pt;\">Sicheres Material und Tinte in Lebensmittelqualit\u00e4t, umweltfreundliche Verpackung.<\/span><\/td>\n<\/tr>\n<tr style=\"height: 40px; background-color: #ebebeb;\">\n<td style=\"width: 22.6796%; height: 24px;\"><span style=\"font-size: 12pt;\"><strong><span style=\"font-family: arial, helvetica, sans-serif;\">Seitenwechsel<\/span><\/strong><\/span><\/td>\n<td style=\"width: 77.3204%; height: 24px;\"><span style=\"font-family: arial, helvetica, sans-serif; font-size: 12pt;\">7 \u2013 15 Werktage, Eilzustellung<\/span><\/td>\n<\/tr>\n<tr style=\"height: 40px; background-color: #99ccff;\">\n<td style=\"width: 22.6796%; height: 24px;\"><span style=\"font-size: 12pt;\"><strong><span style=\"font-family: arial, helvetica, sans-serif;\">Versand<\/span><\/strong><\/span><\/td>\n<td style=\"width: 77.3204%; height: 24px;\"><span style=\"font-family: arial, helvetica, sans-serif; font-size: 12pt;\">Luft, See, Express<\/span><\/td>\n<\/tr>\n<\/tbody>\n<\/table>\n<p>&nbsp;<\/p>","protected":false},"featured_media":2470,"comment_status":"open","ping_status":"closed","template":"","meta":[],"product_brand":[],"product_cat":[26,20,34],"product_tag":[],"class_list":{"0":"post-2469","1":"product","2":"type-product","3":"status-publish","4":"has-post-thumbnail","6":"product_cat-food-packaging","7":"product_cat-kraft-paper-bag","8":"product_cat-paper-packing","10":"first","11":"instock","12":"shipping-taxable","13":"product-type-simple"},"_links":{"self":[{"href":"https:\/\/polysmarts.com\/de\/wp-json\/wp\/v2\/product\/2469","targetHints":{"allow":["GET"]}}],"collection":[{"href":"https:\/\/polysmarts.com\/de\/wp-json\/wp\/v2\/product"}],"about":[{"href":"https:\/\/polysmarts.com\/de\/wp-json\/wp\/v2\/types\/product"}],"replies":[{"embeddable":true,"href":"https:\/\/polysmarts.com\/de\/wp-json\/wp\/v2\/comments?post=2469"}],"version-history":[{"count":1,"href":"https:\/\/polysmarts.com\/de\/wp-json\/wp\/v2\/product\/2469\/revisions"}],"predecessor-version":[{"id":2474,"href":"https:\/\/polysmarts.com\/de\/wp-json\/wp\/v2\/product\/2469\/revisions\/2474"}],"wp:featuredmedia":[{"embeddable":true,"href":"https:\/\/polysmarts.com\/de\/wp-json\/wp\/v2\/media\/2470"}],"wp:attachment":[{"href":"https:\/\/polysmarts.com\/de\/wp-json\/wp\/v2\/media?parent=2469"}],"wp:term":[{"taxonomy":"product_brand","embeddable":true,"href":"https:\/\/polysmarts.com\/de\/wp-json\/wp\/v2\/product_brand?post=2469"},{"taxonomy":"product_cat","embeddable":true,"href":"https:\/\/polysmarts.com\/de\/wp-json\/wp\/v2\/product_cat?post=2469"},{"taxonomy":"product_tag","embeddable":true,"href":"https:\/\/polysmarts.com\/de\/wp-json\/wp\/v2\/product_tag?post=2469"}],"curies":[{"name":"wp","href":"https:\/\/api.w.org\/{rel}","templated":true}]}}