{"id":2460,"date":"2024-04-02T09:48:50","date_gmt":"2024-04-02T09:48:50","guid":{"rendered":"https:\/\/polysmarts.com\/?post_type=product&#038;p=2460"},"modified":"2024-04-02T10:07:13","modified_gmt":"2024-04-02T10:07:13","slug":"individuelle-tragetasche-aus-kraftpapier-mit-griff","status":"publish","type":"product","link":"https:\/\/polysmarts.com\/de\/product\/custom-kraft-paper-carrier-bag-with-handle\/","title":{"rendered":"Kundenspezifische Tragetasche aus Kraftpapier mit Griff"},"content":{"rendered":"<p><strong>Gr\u00f6\u00dfe &amp; Farbe:<\/strong> Als Hersteller bieten wir ma\u00dfgeschneiderte Kraftpapier-Tragetaschen in den passenden Gr\u00f6\u00dfen und Farben an, um Ihren speziellen Anforderungen gerecht zu werden. Unsere einfarbigen wei\u00dfen Kartontaschen sind mit B\u00e4ndern als Griffen und Seidenpapiereinlagen versehen, was sowohl optisch ansprechend ist als auch ein angenehmes Tragegef\u00fchl bietet.<\/p>\n<p><strong>Vielseitig und wiederverwendbar:<\/strong> Unsere Papiert\u00fcten eignen sich nicht nur perfekt als Geschenk f\u00fcr Familie, Freunde und Liebste, sondern sind auch vielseitig einsetzbar. Sie k\u00f6nnen Sie zum Supermarkt begleiten, als Aufbewahrungsl\u00f6sung dienen und vieles mehr, was sie zu einer unverzichtbaren Erg\u00e4nzung f\u00fcr jedes Zuhause oder Gesch\u00e4ft macht.<\/p>\n<p><strong>Sicher:<\/strong> Unsere Taschen werden aus hochwertigem und recycelbarem Karton 100% hergestellt und legen gr\u00f6\u00dften Wert auf Sicherheit und Nachhaltigkeit. Sie sind ungiftig und geruchslos, sodass Sie und die Umwelt beruhigt sein k\u00f6nnen.<\/p>\n<p><strong>Polysmarts:<\/strong> Bei Polysmarts hat die Kundenzufriedenheit oberste Priorit\u00e4t. Wir sind bestrebt, die innovativsten und einzigartigsten Designs zu konzipieren und dabei Materialien h\u00f6chster Qualit\u00e4t zu verwenden. Jedes Produkt ist von W\u00e4rme und Segen durchdrungen und symbolisiert unser Engagement, allen, die unsere Produkte erhalten, Liebe und F\u00fcrsorge zu vermitteln.<\/p>\n<p>Werten Sie Ihr Verpackungserlebnis mit unserer individuell gestalteten Tragetasche aus Kraftpapier mit Griff auf. Von ihrem stilvollen Design bis hin zu ihrer Vielseitigkeit und umweltfreundlichen Herstellung verk\u00f6rpert sie sowohl Zweckm\u00e4\u00dfigkeit als auch R\u00fccksichtnahme und hinterl\u00e4sst bei jedem Empf\u00e4nger einen bleibenden Eindruck.<\/p>","protected":false},"excerpt":{"rendered":"<table style=\"height: 360px; width: 99.8505%; border-collapse: collapse;\" border=\"2\">\n<tbody>\n<tr style=\"height: 40px;\">\n<td style=\"width: 22.6796%; height: 30px; background-color: #99ccff;\"><span style=\"font-family: arial, helvetica, sans-serif; font-size: 12pt;\"><strong>Dimension &amp; Stil<\/strong><\/span><\/td>\n<td style=\"width: 77.3204%; height: 30px; background-color: #99ccff;\"><span style=\"font-family: arial, helvetica, sans-serif; font-size: 12pt;\">Benutzerdefinierte Formen und Gr\u00f6\u00dfen<\/span><\/td>\n<\/tr>\n<tr style=\"height: 40px;\">\n<td style=\"width: 22.6796%; height: 34px; background-color: #ebebeb;\"><span style=\"font-size: 12pt;\"><strong><span style=\"font-family: arial, helvetica, sans-serif;\">Mindestbestellmenge<\/span><\/strong><\/span><\/td>\n<td style=\"width: 77.3204%; height: 34px; background-color: #ebebeb;\"><span style=\"font-family: arial, helvetica, sans-serif; font-size: 12pt;\">1000 St\u00fcck ohne Anpassung, 5000 St\u00fcck zur Anpassung<\/span><\/td>\n<\/tr>\n<tr style=\"height: 40px; background-color: #99ccff;\">\n<td style=\"width: 22.6796%; height: 24px;\"><span style=\"font-size: 12pt;\"><strong><span style=\"font-family: arial, helvetica, sans-serif;\">Verpackungsart<\/span><\/strong><\/span><\/td>\n<td style=\"width: 77.3204%; height: 24px;\"><span style=\"font-family: arial, helvetica, sans-serif; font-size: 12pt;\">Tragetasche aus Kraftpapier<\/span><\/td>\n<\/tr>\n<tr style=\"height: 40px; background-color: #ebebeb;\">\n<td style=\"width: 22.6796%; height: 24px;\"><span style=\"font-size: 12pt;\"><strong><span style=\"font-family: arial, helvetica, sans-serif;\">Material<\/span><\/strong><\/span><\/td>\n<td style=\"width: 77.3204%; height: 24px;\"><span style=\"font-family: arial, helvetica, sans-serif; font-size: 12pt;\">Wellpappe, E-Welle, F-Welle<\/span><\/td>\n<\/tr>\n<tr style=\"height: 40px; background-color: #99ccff;\">\n<td style=\"width: 22.6796%; height: 24px;\"><span style=\"font-size: 12pt;\"><strong><span style=\"font-family: arial, helvetica, sans-serif;\">Fertigstellung<\/span><\/strong><\/span><\/td>\n<td style=\"width: 77.3204%; height: 24px;\"><span style=\"font-family: arial, helvetica, sans-serif; font-size: 12pt;\">Spot-UV, gepr\u00e4gte, matte oder gl\u00e4nzende Laminierung und so<\/span><\/td>\n<\/tr>\n<tr style=\"height: 40px; background-color: #ebebeb;\">\n<td style=\"width: 22.6796%; height: 24px;\"><span style=\"font-size: 12pt;\"><strong><span style=\"font-family: arial, helvetica, sans-serif;\">Gewichtsbeschr\u00e4nkung<\/span><\/strong><\/span><\/td>\n<td style=\"width: 77.3204%; height: 24px;\"><span style=\"font-family: arial, helvetica, sans-serif; font-size: 12pt;\">&gt;10 kg<\/span><\/td>\n<\/tr>\n<tr style=\"height: 40px; background-color: #99ccff;\">\n<td style=\"width: 22.6796%; height: 24px;\"><span style=\"font-size: 12pt;\"><strong><span style=\"font-family: arial, helvetica, sans-serif;\">Papiert\u00fctentyp<\/span><\/strong><\/span><\/td>\n<td style=\"width: 77.3204%; height: 24px;\"><span style=\"font-family: arial, helvetica, sans-serif; font-size: 12pt;\">Papiert\u00fcte, Geschenkt\u00fcte Papier<\/span><\/td>\n<\/tr>\n<tr style=\"height: 40px; background-color: #ebebeb;\">\n<td style=\"width: 22.6796%; height: 24px;\"><span style=\"font-size: 12pt;\"><strong><span style=\"font-family: arial, helvetica, sans-serif;\">Seitenwechsel<\/span><\/strong><\/span><\/td>\n<td style=\"width: 77.3204%; height: 24px;\"><span style=\"font-family: arial, helvetica, sans-serif; font-size: 12pt;\">7 \u2013 15 Werktage, Eilzustellung<\/span><\/td>\n<\/tr>\n<tr style=\"height: 40px; background-color: #99ccff;\">\n<td style=\"width: 22.6796%; height: 24px;\"><span style=\"font-size: 12pt;\"><strong><span style=\"font-family: arial, helvetica, sans-serif;\">Versand<\/span><\/strong><\/span><\/td>\n<td style=\"width: 77.3204%; height: 24px;\"><span style=\"font-family: arial, helvetica, sans-serif; font-size: 12pt;\">Luft, See, Express<\/span><\/td>\n<\/tr>\n<\/tbody>\n<\/table>\n<p>&nbsp;<\/p>","protected":false},"featured_media":2461,"comment_status":"open","ping_status":"closed","template":"","meta":[],"product_brand":[],"product_cat":[15,34],"product_tag":[],"class_list":{"0":"post-2460","1":"product","2":"type-product","3":"status-publish","4":"has-post-thumbnail","6":"product_cat-paper-box","7":"product_cat-paper-packing","9":"first","10":"instock","11":"shipping-taxable","12":"product-type-simple"},"_links":{"self":[{"href":"https:\/\/polysmarts.com\/de\/wp-json\/wp\/v2\/product\/2460","targetHints":{"allow":["GET"]}}],"collection":[{"href":"https:\/\/polysmarts.com\/de\/wp-json\/wp\/v2\/product"}],"about":[{"href":"https:\/\/polysmarts.com\/de\/wp-json\/wp\/v2\/types\/product"}],"replies":[{"embeddable":true,"href":"https:\/\/polysmarts.com\/de\/wp-json\/wp\/v2\/comments?post=2460"}],"version-history":[{"count":2,"href":"https:\/\/polysmarts.com\/de\/wp-json\/wp\/v2\/product\/2460\/revisions"}],"predecessor-version":[{"id":2468,"href":"https:\/\/polysmarts.com\/de\/wp-json\/wp\/v2\/product\/2460\/revisions\/2468"}],"wp:featuredmedia":[{"embeddable":true,"href":"https:\/\/polysmarts.com\/de\/wp-json\/wp\/v2\/media\/2461"}],"wp:attachment":[{"href":"https:\/\/polysmarts.com\/de\/wp-json\/wp\/v2\/media?parent=2460"}],"wp:term":[{"taxonomy":"product_brand","embeddable":true,"href":"https:\/\/polysmarts.com\/de\/wp-json\/wp\/v2\/product_brand?post=2460"},{"taxonomy":"product_cat","embeddable":true,"href":"https:\/\/polysmarts.com\/de\/wp-json\/wp\/v2\/product_cat?post=2460"},{"taxonomy":"product_tag","embeddable":true,"href":"https:\/\/polysmarts.com\/de\/wp-json\/wp\/v2\/product_tag?post=2460"}],"curies":[{"name":"wp","href":"https:\/\/api.w.org\/{rel}","templated":true}]}}