{"id":2451,"date":"2024-04-02T09:34:52","date_gmt":"2024-04-02T09:34:52","guid":{"rendered":"https:\/\/polysmarts.com\/?post_type=product&#038;p=2451"},"modified":"2024-04-02T09:44:35","modified_gmt":"2024-04-02T09:44:35","slug":"recycling-brot-kraftpapiertute-fur-essen-zum-mitnehmen","status":"publish","type":"product","link":"https:\/\/polysmarts.com\/de\/product\/recycled-bread-kraft-paper-bag-for-food-take-away\/","title":{"rendered":"Recycling-Brot-Kraftpapiert\u00fcte zum Mitnehmen"},"content":{"rendered":"<p><strong>Einkaufst\u00fcten aus Papier:<\/strong> Diese Lebensmittelt\u00fcten aus Kraftpapier dienen nicht nur zum Transport von Lebensmitteln, sondern auch als Beutel zur Aufbewahrung von Kleinigkeiten und helfen Ihnen, Ihre Schubladen oder Ihren Schreibtisch ordentlich und aufger\u00e4umt zu halten.<\/p>\n<p><strong>Einkaufst\u00fcten f\u00fcr Gem\u00fcse:<\/strong> Dank ihres multifunktionalen Designs eignen sich unsere Kraftpapiert\u00fcten perfekt f\u00fcr die Aufbewahrung und Organisation von K\u00fcchenutensilien und sorgen daf\u00fcr, dass Ihr Platz aufger\u00e4umt bleibt.<\/p>\n<p><strong>Papiert\u00fcten f\u00fcr Brot:<\/strong> Diese vielseitigen Taschen eignen sich nicht nur zum Verpacken von Lunchpaketen, sondern auch ideal zum Aufbewahren von selbstgebackenem Brot und k\u00f6nnen als Einkaufst\u00fcten, Weingeschenkt\u00fcten, Snackt\u00fcten, Snackt\u00fcten f\u00fcr Kinder und mehr verwendet werden.<\/p>\n<p><strong>Beutel zur Lebensmittelaufbewahrung:<\/strong> Dank ihres waschbaren und wiederverwendbaren Designs bieten unsere Kraftpapiert\u00fcten un\u00fcbertroffene Vielseitigkeit und Zweckm\u00e4\u00dfigkeit f\u00fcr die Lebensmittelaufbewahrung und sind somit eine umweltfreundliche Wahl f\u00fcr Ihre K\u00fcche.<\/p>\n<p><strong>Leckerli-Beutel:<\/strong> Unsere aus einzigartigem, robustem Papier gefertigten Beutel sind sowohl maschinen- als auch handwaschbar, was eine einfache Pflege und Wiederverwendung gew\u00e4hrleistet. Sie trocknen schnell und sind widerstandsf\u00e4hig und eignen sich perfekt f\u00fcr alle Ihre Leckereien. \u2013 Kraftpapierbeutel f\u00fcr Lebensmittel<\/p>\n<p>Erleben Sie die umweltfreundliche Vielseitigkeit unserer Recycling-Brot-Kraftpapiert\u00fcte f\u00fcr Essen zum Mitnehmen. Von der Aufbewahrung von Lebensmitteln \u00fcber die Organisation von Kleinigkeiten bis hin zum Servieren von Leckereien sind diese Taschen Ihre nachhaltige L\u00f6sung f\u00fcr den t\u00e4glichen Bedarf.<\/p>","protected":false},"excerpt":{"rendered":"<table style=\"height: 360px; width: 99.8505%; border-collapse: collapse;\" border=\"2\">\n<tbody>\n<tr style=\"height: 40px;\">\n<td style=\"width: 22.6796%; height: 30px; background-color: #99ccff;\"><span style=\"font-family: arial, helvetica, sans-serif; font-size: 12pt;\"><strong>Dimension &amp; Stil<\/strong><\/span><\/td>\n<td style=\"width: 77.3204%; height: 30px; background-color: #99ccff;\"><span style=\"font-family: arial, helvetica, sans-serif; font-size: 12pt;\">Benutzerdefinierte Formen und Gr\u00f6\u00dfen<\/span><\/td>\n<\/tr>\n<tr style=\"height: 40px;\">\n<td style=\"width: 22.6796%; height: 34px; background-color: #ebebeb;\"><span style=\"font-size: 12pt;\"><strong><span style=\"font-family: arial, helvetica, sans-serif;\">Mindestbestellmenge<\/span><\/strong><\/span><\/td>\n<td style=\"width: 77.3204%; height: 34px; background-color: #ebebeb;\"><span style=\"font-family: arial, helvetica, sans-serif; font-size: 12pt;\">1000 St\u00fcck ohne Anpassung, 10000 St\u00fcck zur Anpassung<\/span><\/td>\n<\/tr>\n<tr style=\"height: 40px; background-color: #99ccff;\">\n<td style=\"width: 22.6796%; height: 24px;\"><span style=\"font-size: 12pt;\"><strong><span style=\"font-family: arial, helvetica, sans-serif;\">Verpackungsart<\/span><\/strong><\/span><\/td>\n<td style=\"width: 77.3204%; height: 24px;\"><span style=\"font-family: arial, helvetica, sans-serif; font-size: 12pt;\">Kraft Paper Bags<\/span><\/td>\n<\/tr>\n<tr style=\"height: 40px; background-color: #ebebeb;\">\n<td style=\"width: 22.6796%; height: 24px;\"><span style=\"font-size: 12pt;\"><strong><span style=\"font-family: arial, helvetica, sans-serif;\">Drucken<\/span><\/strong><\/span><\/td>\n<td style=\"width: 77.3204%; height: 24px;\"><span style=\"font-family: arial, helvetica, sans-serif; font-size: 12pt;\">CMYK (1 \u2013 8 Farben), kein Druck (Normal)<\/span><\/td>\n<\/tr>\n<tr style=\"height: 40px; background-color: #99ccff;\">\n<td style=\"width: 22.6796%; height: 24px;\"><span style=\"font-size: 12pt;\"><strong><span style=\"font-family: arial, helvetica, sans-serif;\">Fertigstellung<\/span><\/strong><\/span><\/td>\n<td style=\"width: 77.3204%; height: 24px;\"><span style=\"font-family: arial, helvetica, sans-serif; font-size: 12pt;\">Flexodruck<\/span><\/td>\n<\/tr>\n<tr style=\"height: 40px; background-color: #ebebeb;\">\n<td style=\"width: 22.6796%; height: 24px;\"><span style=\"font-size: 12pt;\"><strong><span style=\"font-family: arial, helvetica, sans-serif;\">Stichwort<\/span><\/strong><\/span><\/td>\n<td style=\"width: 77.3204%; height: 24px;\"><span style=\"font-family: arial, helvetica, sans-serif; font-size: 12pt;\">Kraftpapiert\u00fcte f\u00fcr Lebensmittel<\/span><\/td>\n<\/tr>\n<tr style=\"height: 40px; background-color: #99ccff;\">\n<td style=\"width: 22.6796%; height: 24px;\"><span style=\"font-size: 12pt;\"><strong><span style=\"font-family: arial, helvetica, sans-serif;\">Besonderheit<\/span><\/strong><\/span><\/td>\n<td style=\"width: 77.3204%; height: 24px;\"><span style=\"font-family: arial, helvetica, sans-serif; font-size: 12pt;\">Sicheres Material und Tinte in Lebensmittelqualit\u00e4t, umweltfreundliche Verpackung.<\/span><\/td>\n<\/tr>\n<tr style=\"height: 40px; background-color: #ebebeb;\">\n<td style=\"width: 22.6796%; height: 24px;\"><span style=\"font-size: 12pt;\"><strong><span style=\"font-family: arial, helvetica, sans-serif;\">Seitenwechsel<\/span><\/strong><\/span><\/td>\n<td style=\"width: 77.3204%; height: 24px;\"><span style=\"font-family: arial, helvetica, sans-serif; font-size: 12pt;\">7 \u2013 15 Werktage, Eilzustellung<\/span><\/td>\n<\/tr>\n<tr style=\"height: 40px; background-color: #99ccff;\">\n<td style=\"width: 22.6796%; height: 24px;\"><span style=\"font-size: 12pt;\"><strong><span style=\"font-family: arial, helvetica, sans-serif;\">Versand<\/span><\/strong><\/span><\/td>\n<td style=\"width: 77.3204%; height: 24px;\"><span style=\"font-family: arial, helvetica, sans-serif; font-size: 12pt;\">Luft, See, Express<\/span><\/td>\n<\/tr>\n<\/tbody>\n<\/table>\n<p>&nbsp;<\/p>","protected":false},"featured_media":2454,"comment_status":"open","ping_status":"closed","template":"","meta":[],"product_brand":[],"product_cat":[26,20,34],"product_tag":[],"class_list":{"0":"post-2451","1":"product","2":"type-product","3":"status-publish","4":"has-post-thumbnail","6":"product_cat-food-packaging","7":"product_cat-kraft-paper-bag","8":"product_cat-paper-packing","10":"first","11":"instock","12":"shipping-taxable","13":"product-type-simple"},"_links":{"self":[{"href":"https:\/\/polysmarts.com\/de\/wp-json\/wp\/v2\/product\/2451","targetHints":{"allow":["GET"]}}],"collection":[{"href":"https:\/\/polysmarts.com\/de\/wp-json\/wp\/v2\/product"}],"about":[{"href":"https:\/\/polysmarts.com\/de\/wp-json\/wp\/v2\/types\/product"}],"replies":[{"embeddable":true,"href":"https:\/\/polysmarts.com\/de\/wp-json\/wp\/v2\/comments?post=2451"}],"version-history":[{"count":2,"href":"https:\/\/polysmarts.com\/de\/wp-json\/wp\/v2\/product\/2451\/revisions"}],"predecessor-version":[{"id":2459,"href":"https:\/\/polysmarts.com\/de\/wp-json\/wp\/v2\/product\/2451\/revisions\/2459"}],"wp:featuredmedia":[{"embeddable":true,"href":"https:\/\/polysmarts.com\/de\/wp-json\/wp\/v2\/media\/2454"}],"wp:attachment":[{"href":"https:\/\/polysmarts.com\/de\/wp-json\/wp\/v2\/media?parent=2451"}],"wp:term":[{"taxonomy":"product_brand","embeddable":true,"href":"https:\/\/polysmarts.com\/de\/wp-json\/wp\/v2\/product_brand?post=2451"},{"taxonomy":"product_cat","embeddable":true,"href":"https:\/\/polysmarts.com\/de\/wp-json\/wp\/v2\/product_cat?post=2451"},{"taxonomy":"product_tag","embeddable":true,"href":"https:\/\/polysmarts.com\/de\/wp-json\/wp\/v2\/product_tag?post=2451"}],"curies":[{"name":"wp","href":"https:\/\/api.w.org\/{rel}","templated":true}]}}