{"id":2442,"date":"2024-04-02T03:07:53","date_gmt":"2024-04-02T03:07:53","guid":{"rendered":"https:\/\/polysmarts.com\/?post_type=product&#038;p=2442"},"modified":"2024-04-02T03:56:06","modified_gmt":"2024-04-02T03:56:06","slug":"individuelle-kleidertasche-mit-reisverschluss","status":"publish","type":"product","link":"https:\/\/polysmarts.com\/de\/product\/customized-clothes-bag-with-zip-lock\/","title":{"rendered":"Ma\u00dfgeschneiderte Kleidertasche mit Rei\u00dfverschluss"},"content":{"rendered":"<p><strong>Sicheres Material:<\/strong> Die aus mattiertem Material gefertigten, individuell gestalteten Kleiders\u00e4cke bieten wasserdichten, feuchtigkeits- und staubdichten Schutz und sorgen daf\u00fcr, dass Ihre Kleidung makellos bleibt. Mit ihren robusten Rei\u00dfverschl\u00fcssen sind diese S\u00e4cke au\u00dfergew\u00f6hnlich langlebig und rei\u00dffest und bieten eine zuverl\u00e4ssige Barriere gegen Staub und Besch\u00e4digungen. Pr\u00e4sentieren Sie Ihre Kleidungsst\u00fccke mit dem sicheren Wissen, dass sie sicher aufbewahrt sind.<\/p>\n<p><strong>Einfach zu verwenden:<\/strong> Das Verschlie\u00dfen Ihrer Kleidertasche ist m\u00fchelos \u2013 schieben Sie einfach Ihre Finger \u00fcber den Griffverschluss, um ihn sicher zu verschlie\u00dfen. Diese Minitaschen sind auf Langlebigkeit und St\u00e4rke ausgelegt, sodass Organisation und Aufbewahrung ein Kinderspiel sind. Vereinfachen Sie Ihren Alltag mit Taschen, die praktisch und zuverl\u00e4ssig sind.<\/p>\n<p><strong>Kleine Druckverschlussbeutel:<\/strong> Unsere wiederverschlie\u00dfbaren, durchsichtigen Plastikbeutel sind f\u00fcr maximale Lagereffizienz konzipiert, nehmen nur minimalen Platz ein und sind dennoch leicht zug\u00e4nglich. Diese Beutel eignen sich perfekt f\u00fcr die Aufbewahrung von Kleinteilen, die Organisation von Werkzeugen oder zur Erleichterung von Reisen, Umz\u00fcgen und Versandaufgaben und bieten vielseitige Funktionalit\u00e4t f\u00fcr verschiedene Anforderungen.<\/p>\n<p><strong>Vielseitig einsetzbar:<\/strong> Von Schmuckzubeh\u00f6r bis hin zu kleinen elektronischen Bauteilen erf\u00fcllen unsere wiederverschlie\u00dfbaren Beutel eine Vielzahl von Organisationsbed\u00fcrfnissen. Egal, ob Sie Kn\u00f6pfe, Perlen, M\u00fcnzen, B\u00fcroklammern, Ohrst\u00f6psel oder Schrauben aufbewahren m\u00f6chten, diese Beutel bieten eine sichere und organisierte L\u00f6sung f\u00fcr Ihre Sachen.<\/p>\n<p>Erleben Sie den Komfort und die Zuverl\u00e4ssigkeit unserer individuell gestalteten Kleidertasche mit Rei\u00dfverschluss. Vereinfachen Sie Ihre Aufbewahrungs- und Organisationsaufgaben und stellen Sie gleichzeitig sicher, dass Ihre Kleidungsst\u00fccke und Accessoires gesch\u00fctzt und jederzeit zug\u00e4nglich bleiben, wenn Sie sie brauchen.<\/p>","protected":false},"excerpt":{"rendered":"<table style=\"height: 360px; width: 100.741%; border-collapse: collapse; background-color: #ebebeb;\" border=\"2\">\n<tbody>\n<tr style=\"height: 40px;\">\n<td style=\"width: 22.6796%; height: 30px; background-color: #99ccff;\"><span style=\"font-family: arial, helvetica, sans-serif; font-size: 12pt;\"><strong>Dimension &amp; Stil<\/strong><\/span><\/td>\n<td style=\"width: 78.2121%; height: 30px; background-color: #99ccff;\"><span style=\"font-family: arial, helvetica, sans-serif; font-size: 12pt;\">Benutzerdefinierte Formen und Gr\u00f6\u00dfen<\/span><\/td>\n<\/tr>\n<tr style=\"height: 40px;\">\n<td style=\"width: 22.6796%; height: 34px; background-color: #ebebeb;\"><span style=\"font-size: 12pt;\"><strong><span style=\"font-family: arial, helvetica, sans-serif;\">Mindestbestellmenge<\/span><\/strong><\/span><\/td>\n<td style=\"width: 78.2121%; height: 34px; background-color: #ebebeb;\"><span style=\"font-family: arial, helvetica, sans-serif; font-size: 12pt;\">1000 St\u00fcck ohne Anpassung, 10000 St\u00fcck zur Anpassung\u00a0<\/span><\/td>\n<\/tr>\n<tr style=\"height: 40px; background-color: #99ccff;\">\n<td style=\"width: 22.6796%; height: 24px;\"><span style=\"font-size: 12pt;\"><strong><span style=\"font-family: arial, helvetica, sans-serif;\">Verpackungsart<\/span><\/strong><\/span><\/td>\n<td style=\"width: 78.2121%; height: 24px;\"><span style=\"font-family: arial, helvetica, sans-serif; font-size: 12pt;\">CPE-Kleidertasche nach Ma\u00df<\/span><\/td>\n<\/tr>\n<tr style=\"height: 40px; background-color: #ebebeb;\">\n<td style=\"width: 22.6796%; height: 24px;\"><span style=\"font-size: 12pt;\"><strong><span style=\"font-family: arial, helvetica, sans-serif;\">Drucken<\/span><\/strong><\/span><\/td>\n<td style=\"width: 78.2121%; height: 24px;\"><span style=\"font-family: arial, helvetica, sans-serif; font-size: 12pt;\">CMYK (1 \u2013 10 Farben), kein Druck (Normal)<\/span><\/td>\n<\/tr>\n<tr style=\"height: 40px; background-color: #99ccff;\">\n<td style=\"width: 22.6796%; height: 24px;\"><span style=\"font-size: 12pt;\"><strong><span style=\"font-family: arial, helvetica, sans-serif;\">Oberfl\u00e4chenbehandlung<\/span><\/strong><\/span><\/td>\n<td style=\"width: 78.2121%; height: 24px;\"><span style=\"font-family: arial, helvetica, sans-serif; font-size: 12pt;\">Offsetdruck<\/span><\/td>\n<\/tr>\n<tr style=\"height: 40px; background-color: #ebebeb;\">\n<td style=\"width: 22.6796%; height: 24px;\"><span style=\"font-size: 12pt;\"><strong><span style=\"font-family: arial, helvetica, sans-serif;\">Material<\/span><\/strong><\/span><\/td>\n<td style=\"width: 78.2121%; height: 24px;\"><span style=\"font-family: arial, helvetica, sans-serif; font-size: 12pt;\">CPE, pers\u00f6nliche Schutzausr\u00fcstung<\/span><\/td>\n<\/tr>\n<tr style=\"height: 40px; background-color: #99ccff;\">\n<td style=\"width: 22.6796%; height: 24px;\"><span style=\"font-size: 12pt;\"><strong><span style=\"font-family: arial, helvetica, sans-serif;\">Gr\u00f6\u00dfe<\/span><\/strong><\/span><\/td>\n<td style=\"width: 78.2121%; height: 24px;\"><span style=\"font-family: arial, helvetica, sans-serif; font-size: 12pt;\">Individuell<\/span><\/td>\n<\/tr>\n<tr style=\"height: 40px; background-color: #ebebeb;\">\n<td style=\"width: 22.6796%; height: 24px;\"><span style=\"font-size: 12pt;\"><strong><span style=\"font-family: arial, helvetica, sans-serif;\">Dicke<\/span><\/strong><\/span><\/td>\n<td style=\"width: 78.2121%; height: 24px;\"><span style=\"font-family: arial, helvetica, sans-serif; font-size: 12pt;\">80 Mikrometer f\u00fcr Doppelseiten, Accpet-Sonderdicke<\/span><\/td>\n<\/tr>\n<tr style=\"height: 40px; background-color: #99ccff;\">\n<td style=\"width: 22.6796%; height: 24px;\"><span style=\"font-size: 12pt;\"><strong><span style=\"font-family: arial, helvetica, sans-serif;\">Versand<\/span><\/strong><\/span><\/td>\n<td style=\"width: 78.2121%; height: 24px;\"><span style=\"font-family: arial, helvetica, sans-serif; font-size: 12pt;\">Luft, See, Express<\/span><\/td>\n<\/tr>\n<tr style=\"height: 40px; background-color: #ebebeb;\">\n<td style=\"width: 22.6796%; height: 24px;\"><span style=\"font-size: 12pt;\"><strong><span style=\"font-family: arial, helvetica, sans-serif;\">Seitenwechsel<\/span><\/strong><\/span><\/td>\n<td style=\"width: 78.2121%; height: 24px;\"><span style=\"font-family: arial, helvetica, sans-serif; font-size: 12pt;\">7 \u2013 15 Werktage, Eilzustellung<\/span><\/td>\n<\/tr>\n<\/tbody>\n<\/table>\n<p>&nbsp;<\/p>","protected":false},"featured_media":2443,"comment_status":"open","ping_status":"closed","template":"","meta":[],"product_brand":[],"product_cat":[31,21,18],"product_tag":[],"class_list":{"0":"post-2442","1":"product","2":"type-product","3":"status-publish","4":"has-post-thumbnail","6":"product_cat-clothing-packaging","7":"product_cat-opp-cpp-pe-cpe-single-material-bag","8":"product_cat-zipper-bags","10":"first","11":"instock","12":"shipping-taxable","13":"product-type-simple"},"_links":{"self":[{"href":"https:\/\/polysmarts.com\/de\/wp-json\/wp\/v2\/product\/2442","targetHints":{"allow":["GET"]}}],"collection":[{"href":"https:\/\/polysmarts.com\/de\/wp-json\/wp\/v2\/product"}],"about":[{"href":"https:\/\/polysmarts.com\/de\/wp-json\/wp\/v2\/types\/product"}],"replies":[{"embeddable":true,"href":"https:\/\/polysmarts.com\/de\/wp-json\/wp\/v2\/comments?post=2442"}],"version-history":[{"count":2,"href":"https:\/\/polysmarts.com\/de\/wp-json\/wp\/v2\/product\/2442\/revisions"}],"predecessor-version":[{"id":2450,"href":"https:\/\/polysmarts.com\/de\/wp-json\/wp\/v2\/product\/2442\/revisions\/2450"}],"wp:featuredmedia":[{"embeddable":true,"href":"https:\/\/polysmarts.com\/de\/wp-json\/wp\/v2\/media\/2443"}],"wp:attachment":[{"href":"https:\/\/polysmarts.com\/de\/wp-json\/wp\/v2\/media?parent=2442"}],"wp:term":[{"taxonomy":"product_brand","embeddable":true,"href":"https:\/\/polysmarts.com\/de\/wp-json\/wp\/v2\/product_brand?post=2442"},{"taxonomy":"product_cat","embeddable":true,"href":"https:\/\/polysmarts.com\/de\/wp-json\/wp\/v2\/product_cat?post=2442"},{"taxonomy":"product_tag","embeddable":true,"href":"https:\/\/polysmarts.com\/de\/wp-json\/wp\/v2\/product_tag?post=2442"}],"curies":[{"name":"wp","href":"https:\/\/api.w.org\/{rel}","templated":true}]}}