{"id":2422,"date":"2024-04-01T10:26:40","date_gmt":"2024-04-01T10:26:40","guid":{"rendered":"https:\/\/polysmarts.com\/?post_type=product&#038;p=2422"},"modified":"2024-04-01T10:52:14","modified_gmt":"2024-04-01T10:52:14","slug":"polybeutel-zum-verpacken-von-kleidung-mit-hakenaufhanger","status":"publish","type":"product","link":"https:\/\/polysmarts.com\/de\/product\/clothing-packing-poly-bags-with-hook-hanger\/","title":{"rendered":"Polybeutel zum Verpacken von Kleidung mit Hakenaufh\u00e4nger"},"content":{"rendered":"<p>Polybeutel mit Haken sind vielseitige Verpackungsl\u00f6sungen, die Komfort und Funktionalit\u00e4t bieten.<\/p>\n<p>Diese Taschen bestehen aus robustem Polyethylen und gew\u00e4hrleisten die sichere Aufbewahrung und Pr\u00e4sentation verschiedener Produkte.<\/p>\n<p>Der integrierte Haken erm\u00f6glicht das einfache Aufh\u00e4ngen an Verkaufsdisplays, Lochw\u00e4nden oder Kleiderstangen und maximiert so die Sichtbarkeit und Zug\u00e4nglichkeit.<\/p>\n<p>Mit Optionen wie wiederverschlie\u00dfbaren Rei\u00dfverschl\u00fcssen oder Aufh\u00e4ngel\u00f6chern bieten diese Taschen zus\u00e4tzlichen Komfort beim Ordnen und Pr\u00e4sentieren von Artikeln.<\/p>\n<p>Polybeutel mit Haken sind ideal f\u00fcr den Einzelhandel, die Lagerung oder Organisationszwecke und die perfekte Wahl, um Produkte zu pr\u00e4sentieren und sie gleichzeitig gesch\u00fctzt und leicht zug\u00e4nglich zu halten. Ob f\u00fcr Bekleidung, Textilien oder andere Konsumg\u00fcter, diese Beutel bieten eine praktische und professionelle Verpackungsl\u00f6sung.<\/p>\n<p>W\u00e4hlen Sie Polybeutel mit Haken, um Ihren Verpackungsprozess zu optimieren und die Produktpr\u00e4sentation zu verbessern.<\/p>","protected":false},"excerpt":{"rendered":"<table style=\"height: 360px; width: 100.741%; border-collapse: collapse; background-color: #ebebeb;\" border=\"2\">\n<tbody>\n<tr style=\"height: 40px;\">\n<td style=\"width: 22.6796%; height: 30px; background-color: #99ccff;\"><span style=\"font-family: arial, helvetica, sans-serif; font-size: 12pt;\"><strong>Dimension &amp; Stil<\/strong><\/span><\/td>\n<td style=\"width: 78.2121%; height: 30px; background-color: #99ccff;\"><span style=\"font-family: arial, helvetica, sans-serif; font-size: 12pt;\">Benutzerdefinierte Formen und Gr\u00f6\u00dfen<\/span><\/td>\n<\/tr>\n<tr style=\"height: 40px;\">\n<td style=\"width: 22.6796%; height: 34px; background-color: #ebebeb;\"><span style=\"font-size: 12pt;\"><strong><span style=\"font-family: arial, helvetica, sans-serif;\">Mindestbestellmenge<\/span><\/strong><\/span><\/td>\n<td style=\"width: 78.2121%; height: 34px; background-color: #ebebeb;\"><span style=\"font-family: arial, helvetica, sans-serif; font-size: 12pt;\">1000 St\u00fcck ohne Anpassung, 10000 St\u00fcck zur Anpassung\u00a0<\/span><\/td>\n<\/tr>\n<tr style=\"height: 40px; background-color: #99ccff;\">\n<td style=\"width: 22.6796%; height: 24px;\"><span style=\"font-size: 12pt;\"><strong><span style=\"font-family: arial, helvetica, sans-serif;\">Verpackungsart<\/span><\/strong><\/span><\/td>\n<td style=\"width: 78.2121%; height: 24px;\"><span style=\"font-family: arial, helvetica, sans-serif; font-size: 12pt;\">Polybeutel mit Haken<\/span><\/td>\n<\/tr>\n<tr style=\"height: 40px; background-color: #ebebeb;\">\n<td style=\"width: 22.6796%; height: 24px;\"><span style=\"font-size: 12pt;\"><strong><span style=\"font-family: arial, helvetica, sans-serif;\">Drucken<\/span><\/strong><\/span><\/td>\n<td style=\"width: 78.2121%; height: 24px;\"><span style=\"font-family: arial, helvetica, sans-serif; font-size: 12pt;\">CMYK (1 \u2013 10 Farben), kein Druck (Normal)<\/span><\/td>\n<\/tr>\n<tr style=\"height: 40px; background-color: #99ccff;\">\n<td style=\"width: 22.6796%; height: 24px;\"><span style=\"font-size: 12pt;\"><strong><span style=\"font-family: arial, helvetica, sans-serif;\">Oberfl\u00e4chenbehandlung<\/span><\/strong><\/span><\/td>\n<td style=\"width: 78.2121%; height: 24px;\"><span style=\"font-family: arial, helvetica, sans-serif; font-size: 12pt;\">Offsetdruck<\/span><\/td>\n<\/tr>\n<tr style=\"height: 40px; background-color: #ebebeb;\">\n<td style=\"width: 22.6796%; height: 24px;\"><span style=\"font-size: 12pt;\"><strong><span style=\"font-family: arial, helvetica, sans-serif;\">Material<\/span><\/strong><\/span><\/td>\n<td style=\"width: 78.2121%; height: 24px;\"><span style=\"font-family: arial, helvetica, sans-serif; font-size: 12pt;\">OPP\/PET\/PE<\/span><\/td>\n<\/tr>\n<tr style=\"height: 40px; background-color: #99ccff;\">\n<td style=\"width: 22.6796%; height: 24px;\"><span style=\"font-size: 12pt;\"><strong><span style=\"font-family: arial, helvetica, sans-serif;\">Zertifizierung<\/span><\/strong><\/span><\/td>\n<td style=\"width: 78.2121%; height: 24px;\"><span style=\"font-family: arial, helvetica, sans-serif; font-size: 12pt;\">SGS-zertifiziertes RoHS<\/span><\/td>\n<\/tr>\n<tr style=\"height: 40px; background-color: #ebebeb;\">\n<td style=\"width: 22.6796%; height: 24px;\"><span style=\"font-size: 12pt;\"><strong><span style=\"font-family: arial, helvetica, sans-serif;\">Dicke<\/span><\/strong><\/span><\/td>\n<td style=\"width: 78.2121%; height: 24px;\"><span style=\"font-family: arial, helvetica, sans-serif; font-size: 12pt;\">60 bis 200 Mikron, Accpet benutzerdefinierte Dicke<\/span><\/td>\n<\/tr>\n<tr style=\"height: 40px; background-color: #99ccff;\">\n<td style=\"width: 22.6796%; height: 24px;\"><span style=\"font-size: 12pt;\"><strong><span style=\"font-family: arial, helvetica, sans-serif;\">Versand<\/span><\/strong><\/span><\/td>\n<td style=\"width: 78.2121%; height: 24px;\"><span style=\"font-family: arial, helvetica, sans-serif; font-size: 12pt;\">Luft, See, Express<\/span><\/td>\n<\/tr>\n<tr style=\"height: 40px; background-color: #ebebeb;\">\n<td style=\"width: 22.6796%; height: 24px;\"><span style=\"font-size: 12pt;\"><strong><span style=\"font-family: arial, helvetica, sans-serif;\">Seitenwechsel<\/span><\/strong><\/span><\/td>\n<td style=\"width: 78.2121%; height: 24px;\"><span style=\"font-family: arial, helvetica, sans-serif; font-size: 12pt;\">7 \u2013 15 Werktage, Eilzustellung<\/span><\/td>\n<\/tr>\n<\/tbody>\n<\/table>\n<p>&nbsp;<\/p>","protected":false},"featured_media":2423,"comment_status":"open","ping_status":"closed","template":"","meta":[],"product_brand":[],"product_cat":[31,19,18],"product_tag":[],"class_list":{"0":"post-2422","1":"product","2":"type-product","3":"status-publish","4":"has-post-thumbnail","6":"product_cat-clothing-packaging","7":"product_cat-heat-sealing-bag","8":"product_cat-zipper-bags","10":"first","11":"instock","12":"shipping-taxable","13":"product-type-simple"},"_links":{"self":[{"href":"https:\/\/polysmarts.com\/de\/wp-json\/wp\/v2\/product\/2422","targetHints":{"allow":["GET"]}}],"collection":[{"href":"https:\/\/polysmarts.com\/de\/wp-json\/wp\/v2\/product"}],"about":[{"href":"https:\/\/polysmarts.com\/de\/wp-json\/wp\/v2\/types\/product"}],"replies":[{"embeddable":true,"href":"https:\/\/polysmarts.com\/de\/wp-json\/wp\/v2\/comments?post=2422"}],"version-history":[{"count":3,"href":"https:\/\/polysmarts.com\/de\/wp-json\/wp\/v2\/product\/2422\/revisions"}],"predecessor-version":[{"id":2432,"href":"https:\/\/polysmarts.com\/de\/wp-json\/wp\/v2\/product\/2422\/revisions\/2432"}],"wp:featuredmedia":[{"embeddable":true,"href":"https:\/\/polysmarts.com\/de\/wp-json\/wp\/v2\/media\/2423"}],"wp:attachment":[{"href":"https:\/\/polysmarts.com\/de\/wp-json\/wp\/v2\/media?parent=2422"}],"wp:term":[{"taxonomy":"product_brand","embeddable":true,"href":"https:\/\/polysmarts.com\/de\/wp-json\/wp\/v2\/product_brand?post=2422"},{"taxonomy":"product_cat","embeddable":true,"href":"https:\/\/polysmarts.com\/de\/wp-json\/wp\/v2\/product_cat?post=2422"},{"taxonomy":"product_tag","embeddable":true,"href":"https:\/\/polysmarts.com\/de\/wp-json\/wp\/v2\/product_tag?post=2422"}],"curies":[{"name":"wp","href":"https:\/\/api.w.org\/{rel}","templated":true}]}}