{"id":2413,"date":"2024-04-01T09:44:24","date_gmt":"2024-04-01T09:44:24","guid":{"rendered":"https:\/\/polysmarts.com\/?post_type=product&#038;p=2413"},"modified":"2024-04-01T10:03:08","modified_gmt":"2024-04-01T10:03:08","slug":"personalisierte-mattierte-kleiderpakettaschen","status":"publish","type":"product","link":"https:\/\/polysmarts.com\/de\/product\/personalized-frosted-clothing-package-bags\/","title":{"rendered":"Personalisierte mattierte Kleiderpakettaschen"},"content":{"rendered":"<p>Erleben Sie das H\u00f6chstma\u00df an Haltbarkeit und Stil mit unseren personalisierten, mattierten Kleiderbeuteln, die Ihren Aufbewahrungsbed\u00fcrfnissen mit Raffinesse und Funktionalit\u00e4t gerecht werden. Hier erfahren Sie, warum unsere Beutel so besonders sind:<\/p>\n<p>Langlebig und dick: Unsere Aufbewahrungsbeutel sind aus hochwertigem Kunststoff gefertigt und haben eine Einzelschichtdicke von bis zu 4 mm, was f\u00fcr au\u00dfergew\u00f6hnliche Festigkeit und Rei\u00dffestigkeit sorgt. Diese wiederverwendbaren und langlebigen Taschen sind perfekt f\u00fcr alle Ihre Reiseabenteuer und bieten zuverl\u00e4ssigen Schutz f\u00fcr Ihre Sachen.<\/p>\n<p>Schutz und Privatsph\u00e4re: Unsere mattierten, selbstverschlie\u00dfenden Aufbewahrungsbeutel bieten sowohl Schutz als auch Privatsph\u00e4re. Sie sind einfach zu verwenden und halten Ihre Kleidung und Gegenst\u00e4nde trocken und sch\u00fctzen sie gleichzeitig vor Ger\u00fcchen, Staub und Feuchtigkeit. Mit diesen Kleiderverpackungsbeuteln k\u00f6nnen Sie sicher sein, dass Ihre Sachen \u00fcberall sicher und gesch\u00fctzt sind.<\/p>\n<p>Einfaches Sortieren: Unsere Taschen eignen sich perfekt zum Ordnen und Aufbewahren einer Vielzahl von Gegenst\u00e4nden, darunter Kleidung, Schuhe, Toilettenartikel und Accessoires, und vereinfachen den Aufbewahrungsprozess. Ob zu Hause oder unterwegs, Sie k\u00f6nnen Ihre Gegenst\u00e4nde problemlos sortieren und finden, wann immer Sie sie brauchen, und sparen so Zeit und Aufwand.<\/p>\n<p>Material und Design: Unsere Taschen bestehen aus hochwertigem CPE-Material und sind mit langlebigen Rei\u00dfverschl\u00fcssen und luftdurchl\u00e4ssigen L\u00f6chern ausgestattet. Diese Eigenschaften erm\u00f6glichen eine einfache Luftableitung w\u00e4hrend der Lagerung, wodurch Sie Platz sparen und Ihre Artikel frisch halten. Das schlanke Design verleiht Ihren Aufbewahrungsl\u00f6sungen einen Hauch von Eleganz und macht sie zu einer stilvollen Erg\u00e4nzung f\u00fcr jede Garderobe.<\/p>\n<p>Zusammenfassend l\u00e4sst sich sagen, dass unsere personalisierten, mattierten Kleiderbeutel die perfekte Mischung aus Haltbarkeit, Funktionalit\u00e4t und Stil bieten. Heben Sie Ihre Marke hervor und verbessern Sie Ihr Aufbewahrungserlebnis mit diesen hochwertigen Beuteln.<\/p>","protected":false},"excerpt":{"rendered":"<table style=\"height: 360px; width: 100.741%; border-collapse: collapse; background-color: #ebebeb;\" border=\"2\">\n<tbody>\n<tr style=\"height: 40px;\">\n<td style=\"width: 22.6796%; height: 30px; background-color: #99ccff;\"><span style=\"font-family: arial, helvetica, sans-serif; font-size: 12pt;\"><strong>Dimension &amp; Stil<\/strong><\/span><\/td>\n<td style=\"width: 78.2121%; height: 30px; background-color: #99ccff;\"><span style=\"font-family: arial, helvetica, sans-serif; font-size: 12pt;\">Benutzerdefinierte Formen und Gr\u00f6\u00dfen<\/span><\/td>\n<\/tr>\n<tr style=\"height: 40px;\">\n<td style=\"width: 22.6796%; height: 34px; background-color: #ebebeb;\"><span style=\"font-size: 12pt;\"><strong><span style=\"font-family: arial, helvetica, sans-serif;\">Mindestbestellmenge<\/span><\/strong><\/span><\/td>\n<td style=\"width: 78.2121%; height: 34px; background-color: #ebebeb;\"><span style=\"font-family: arial, helvetica, sans-serif; font-size: 12pt;\">1000 St\u00fcck ohne Anpassung, 10000 St\u00fcck zur Anpassung\u00a0<\/span><\/td>\n<\/tr>\n<tr style=\"height: 40px; background-color: #99ccff;\">\n<td style=\"width: 22.6796%; height: 24px;\"><span style=\"font-size: 12pt;\"><strong><span style=\"font-family: arial, helvetica, sans-serif;\">Verpackungsart<\/span><\/strong><\/span><\/td>\n<td style=\"width: 78.2121%; height: 24px;\"><span style=\"font-family: arial, helvetica, sans-serif; font-size: 12pt;\">Kleiderpaket Taschen<\/span><\/td>\n<\/tr>\n<tr style=\"height: 40px; background-color: #ebebeb;\">\n<td style=\"width: 22.6796%; height: 24px;\"><span style=\"font-size: 12pt;\"><strong><span style=\"font-family: arial, helvetica, sans-serif;\">Drucken<\/span><\/strong><\/span><\/td>\n<td style=\"width: 78.2121%; height: 24px;\"><span style=\"font-family: arial, helvetica, sans-serif; font-size: 12pt;\">CMYK (1 \u2013 10 Farben), kein Druck (Normal)<\/span><\/td>\n<\/tr>\n<tr style=\"height: 40px; background-color: #99ccff;\">\n<td style=\"width: 22.6796%; height: 24px;\"><span style=\"font-size: 12pt;\"><strong><span style=\"font-family: arial, helvetica, sans-serif;\">Oberfl\u00e4chenbehandlung<\/span><\/strong><\/span><\/td>\n<td style=\"width: 78.2121%; height: 24px;\"><span style=\"font-family: arial, helvetica, sans-serif; font-size: 12pt;\">Offsetdruck<\/span><\/td>\n<\/tr>\n<tr style=\"height: 40px; background-color: #ebebeb;\">\n<td style=\"width: 22.6796%; height: 24px;\"><span style=\"font-size: 12pt;\"><strong><span style=\"font-family: arial, helvetica, sans-serif;\">Material<\/span><\/strong><\/span><\/td>\n<td style=\"width: 78.2121%; height: 24px;\"><span style=\"font-family: arial, helvetica, sans-serif; font-size: 12pt;\">CPE, PE<\/span><\/td>\n<\/tr>\n<tr style=\"height: 40px; background-color: #99ccff;\">\n<td style=\"width: 22.6796%; height: 24px;\"><span style=\"font-size: 12pt;\"><strong><span style=\"font-family: arial, helvetica, sans-serif;\">Gr\u00f6\u00dfe<\/span><\/strong><\/span><\/td>\n<td style=\"width: 78.2121%; height: 24px;\"><span style=\"font-family: arial, helvetica, sans-serif; font-size: 12pt;\">Individuell<\/span><\/td>\n<\/tr>\n<tr style=\"height: 40px; background-color: #ebebeb;\">\n<td style=\"width: 22.6796%; height: 24px;\"><span style=\"font-size: 12pt;\"><strong><span style=\"font-family: arial, helvetica, sans-serif;\">Dicke<\/span><\/strong><\/span><\/td>\n<td style=\"width: 78.2121%; height: 24px;\"><span style=\"font-family: arial, helvetica, sans-serif; font-size: 12pt;\">80 Mikrometer f\u00fcr Doppelseiten, Accpet-Sonderdicke<\/span><\/td>\n<\/tr>\n<tr style=\"height: 40px; background-color: #99ccff;\">\n<td style=\"width: 22.6796%; height: 24px;\"><span style=\"font-size: 12pt;\"><strong><span style=\"font-family: arial, helvetica, sans-serif;\">Versand<\/span><\/strong><\/span><\/td>\n<td style=\"width: 78.2121%; height: 24px;\"><span style=\"font-family: arial, helvetica, sans-serif; font-size: 12pt;\">Luft, See, Express<\/span><\/td>\n<\/tr>\n<tr style=\"height: 40px; background-color: #ebebeb;\">\n<td style=\"width: 22.6796%; height: 24px;\"><span style=\"font-size: 12pt;\"><strong><span style=\"font-family: arial, helvetica, sans-serif;\">Seitenwechsel<\/span><\/strong><\/span><\/td>\n<td style=\"width: 78.2121%; height: 24px;\"><span style=\"font-family: arial, helvetica, sans-serif; font-size: 12pt;\">7 \u2013 15 Werktage, Eilzustellung<\/span><\/td>\n<\/tr>\n<\/tbody>\n<\/table>\n<p>&nbsp;<\/p>","protected":false},"featured_media":2414,"comment_status":"open","ping_status":"closed","template":"","meta":[],"product_brand":[],"product_cat":[31,21,18],"product_tag":[],"class_list":{"0":"post-2413","1":"product","2":"type-product","3":"status-publish","4":"has-post-thumbnail","6":"product_cat-clothing-packaging","7":"product_cat-opp-cpp-pe-cpe-single-material-bag","8":"product_cat-zipper-bags","10":"first","11":"instock","12":"shipping-taxable","13":"product-type-simple"},"_links":{"self":[{"href":"https:\/\/polysmarts.com\/de\/wp-json\/wp\/v2\/product\/2413","targetHints":{"allow":["GET"]}}],"collection":[{"href":"https:\/\/polysmarts.com\/de\/wp-json\/wp\/v2\/product"}],"about":[{"href":"https:\/\/polysmarts.com\/de\/wp-json\/wp\/v2\/types\/product"}],"replies":[{"embeddable":true,"href":"https:\/\/polysmarts.com\/de\/wp-json\/wp\/v2\/comments?post=2413"}],"version-history":[{"count":2,"href":"https:\/\/polysmarts.com\/de\/wp-json\/wp\/v2\/product\/2413\/revisions"}],"predecessor-version":[{"id":2421,"href":"https:\/\/polysmarts.com\/de\/wp-json\/wp\/v2\/product\/2413\/revisions\/2421"}],"wp:featuredmedia":[{"embeddable":true,"href":"https:\/\/polysmarts.com\/de\/wp-json\/wp\/v2\/media\/2414"}],"wp:attachment":[{"href":"https:\/\/polysmarts.com\/de\/wp-json\/wp\/v2\/media?parent=2413"}],"wp:term":[{"taxonomy":"product_brand","embeddable":true,"href":"https:\/\/polysmarts.com\/de\/wp-json\/wp\/v2\/product_brand?post=2413"},{"taxonomy":"product_cat","embeddable":true,"href":"https:\/\/polysmarts.com\/de\/wp-json\/wp\/v2\/product_cat?post=2413"},{"taxonomy":"product_tag","embeddable":true,"href":"https:\/\/polysmarts.com\/de\/wp-json\/wp\/v2\/product_tag?post=2413"}],"curies":[{"name":"wp","href":"https:\/\/api.w.org\/{rel}","templated":true}]}}