{"id":2404,"date":"2024-04-01T09:06:05","date_gmt":"2024-04-01T09:06:05","guid":{"rendered":"https:\/\/polysmarts.com\/?post_type=product&#038;p=2404"},"modified":"2024-04-01T09:30:03","modified_gmt":"2024-04-01T09:30:03","slug":"individuelle-verpackungsbeutel-fur-kleidung-mit-reisverschluss","status":"publish","type":"product","link":"https:\/\/polysmarts.com\/de\/product\/custom-clothing-packaging-bags-with-zipper\/","title":{"rendered":"Kundenspezifische Verpackungsbeutel f\u00fcr Kleidung mit Rei\u00dfverschluss"},"content":{"rendered":"<p>Entdecken Sie die Vielseitigkeit und den Komfort unserer kundenspezifischen Verpackungsbeutel f\u00fcr Kleidung, die in verschiedenen Gr\u00f6\u00dfen und St\u00e4rken erh\u00e4ltlich sind, um Ihren spezifischen Anforderungen gerecht zu werden. Als Hersteller k\u00f6nnen wir Logos anpassen und aufdrucken, um sicherzustellen, dass Ihre Aufbewahrungsl\u00f6sungen sowohl praktisch als auch perfekt gebrandet sind.<\/p>\n<p>Langlebiges Material: Unsere wasserdichten Plastikbeutel f\u00fcr unterwegs sind aus weichem und flexiblem Kunststoff gefertigt und f\u00fcr den wiederholten Gebrauch konzipiert. Sie sind umweltfreundlich, leicht und au\u00dfergew\u00f6hnlich langlebig und bieten Ihnen lang anhaltende Zuverl\u00e4ssigkeit f\u00fcr Ihre Aufbewahrungsbed\u00fcrfnisse. Dank ihrer robusten Konstruktion bleiben diese Beutel beim Transportieren oder Schlie\u00dfen an Ort und Stelle und sorgen daf\u00fcr, dass Ihre Gegenst\u00e4nde sicher verstaut bleiben.<\/p>\n<p>Wiederverschlie\u00dfbarer, robuster Rei\u00dfverschluss: Jede Plastikt\u00fcte zur Kleideraufbewahrung verf\u00fcgt \u00fcber einen wiederverschlie\u00dfbaren, robusten Rei\u00dfverschluss mit einem praktischen Verschlussclip. Dieser Rei\u00dfverschlussmechanismus erm\u00f6glicht einfachen Zugriff und Verschluss und sorgt daf\u00fcr, dass Ihre Sachen organisiert und sicher bleiben. Das klare Design der Tasche erm\u00f6glicht eine schnelle Identifizierung des Inhalts, sodass Sie Ihre Kleidung einfach separat organisieren und saubere und schmutzige Kleidung platzsparend getrennt aufbewahren k\u00f6nnen.<\/p>\n<p>Bel\u00fcftungsl\u00f6cher f\u00fcr zus\u00e4tzlichen Komfort: Unsere Plastikt\u00fcten sind mit Bel\u00fcftungsl\u00f6chern an der Unterseite ausgestattet, die ein Aufbeulen der Gegenst\u00e4nde verhindern und gleichzeitig f\u00fcr Bel\u00fcftung sorgen. Diese Funktion ist ideal f\u00fcr die Aufbewahrung von Kleidung, da sie sauber, staubfrei und feuchtigkeitsgesch\u00fctzt bleibt und so daf\u00fcr sorgt, dass sie in makellosem Zustand bleibt.<\/p>\n<p>Platzsparende, individuell gestaltete Verpackungsbeutel f\u00fcr Kleidung. Anwendung: Unsere schwarzen, durchsichtigen Beutel mit Rei\u00dfverschluss sind vielseitig einsetzbar und f\u00fcr eine Vielzahl von Anwendungen geeignet, darunter Aufbewahrung von Kleidung, Einzelhandelsl\u00f6sungen, elektronische Waren, Kosmetika, Reiseartikel und mehr. Sie eignen sich auch perfekt als private Einkaufstaschen oder als aufmerksame Geschenke f\u00fcr Freunde, Familie und Angeh\u00f6rige.<\/p>\n<p>Zusammenfassend l\u00e4sst sich sagen, dass unsere kundenspezifischen Verpackungstaschen f\u00fcr Kleidung praktisch, haltbar und individuell auf Ihre Bed\u00fcrfnisse zugeschnitten sind. Erleben Sie den Komfort einer geordneten Aufbewahrung mit unseren zuverl\u00e4ssigen und vielseitigen Taschen.<\/p>","protected":false},"excerpt":{"rendered":"<table style=\"height: 360px; width: 100.741%; border-collapse: collapse; background-color: #ebebeb;\" border=\"2\">\n<tbody>\n<tr style=\"height: 40px;\">\n<td style=\"width: 22.6796%; height: 30px; background-color: #99ccff;\"><span style=\"font-family: arial, helvetica, sans-serif; font-size: 12pt;\"><strong>Dimension &amp; Stil<\/strong><\/span><\/td>\n<td style=\"width: 78.2121%; height: 30px; background-color: #99ccff;\"><span style=\"font-family: arial, helvetica, sans-serif; font-size: 12pt;\">Benutzerdefinierte Formen und Gr\u00f6\u00dfen<\/span><\/td>\n<\/tr>\n<tr style=\"height: 40px;\">\n<td style=\"width: 22.6796%; height: 34px; background-color: #ebebeb;\"><span style=\"font-size: 12pt;\"><strong><span style=\"font-family: arial, helvetica, sans-serif;\">Mindestbestellmenge<\/span><\/strong><\/span><\/td>\n<td style=\"width: 78.2121%; height: 34px; background-color: #ebebeb;\"><span style=\"font-family: arial, helvetica, sans-serif; font-size: 12pt;\">1000 St\u00fcck ohne Anpassung, 10000 St\u00fcck zur Anpassung\u00a0<\/span><\/td>\n<\/tr>\n<tr style=\"height: 40px; background-color: #99ccff;\">\n<td style=\"width: 22.6796%; height: 24px;\"><span style=\"font-size: 12pt;\"><strong><span style=\"font-family: arial, helvetica, sans-serif;\">Verpackungsart<\/span><\/strong><\/span><\/td>\n<td style=\"width: 78.2121%; height: 24px;\"><span style=\"font-family: arial, helvetica, sans-serif; font-size: 12pt;\">Kundenspezifische Verpackungstaschen f\u00fcr Kleidung<\/span><\/td>\n<\/tr>\n<tr style=\"height: 40px; background-color: #ebebeb;\">\n<td style=\"width: 22.6796%; height: 24px;\"><span style=\"font-size: 12pt;\"><strong><span style=\"font-family: arial, helvetica, sans-serif;\">Drucken<\/span><\/strong><\/span><\/td>\n<td style=\"width: 78.2121%; height: 24px;\"><span style=\"font-family: arial, helvetica, sans-serif; font-size: 12pt;\">CMYK (1 \u2013 10 Farben), kein Druck (Normal)<\/span><\/td>\n<\/tr>\n<tr style=\"height: 40px; background-color: #99ccff;\">\n<td style=\"width: 22.6796%; height: 24px;\"><span style=\"font-size: 12pt;\"><strong><span style=\"font-family: arial, helvetica, sans-serif;\">Oberfl\u00e4chenbehandlung<\/span><\/strong><\/span><\/td>\n<td style=\"width: 78.2121%; height: 24px;\"><span style=\"font-family: arial, helvetica, sans-serif; font-size: 12pt;\">Offsetdruck<\/span><\/td>\n<\/tr>\n<tr style=\"height: 40px; background-color: #ebebeb;\">\n<td style=\"width: 22.6796%; height: 24px;\"><span style=\"font-size: 12pt;\"><strong><span style=\"font-family: arial, helvetica, sans-serif;\">Material<\/span><\/strong><\/span><\/td>\n<td style=\"width: 78.2121%; height: 24px;\"><span style=\"font-family: arial, helvetica, sans-serif; font-size: 12pt;\">CPE, PE<\/span><\/td>\n<\/tr>\n<tr style=\"height: 40px; background-color: #99ccff;\">\n<td style=\"width: 22.6796%; height: 24px;\"><span style=\"font-size: 12pt;\"><strong><span style=\"font-family: arial, helvetica, sans-serif;\">Gr\u00f6\u00dfe<\/span><\/strong><\/span><\/td>\n<td style=\"width: 78.2121%; height: 24px;\"><span style=\"font-family: arial, helvetica, sans-serif; font-size: 12pt;\">Individuell<\/span><\/td>\n<\/tr>\n<tr style=\"height: 40px; background-color: #ebebeb;\">\n<td style=\"width: 22.6796%; height: 24px;\"><span style=\"font-size: 12pt;\"><strong><span style=\"font-family: arial, helvetica, sans-serif;\">Dicke<\/span><\/strong><\/span><\/td>\n<td style=\"width: 78.2121%; height: 24px;\"><span style=\"font-family: arial, helvetica, sans-serif; font-size: 12pt;\">100 Mikrometer f\u00fcr Doppelseiten, Accpet-Sonderdicke<\/span><\/td>\n<\/tr>\n<tr style=\"height: 40px; background-color: #99ccff;\">\n<td style=\"width: 22.6796%; height: 24px;\"><span style=\"font-size: 12pt;\"><strong><span style=\"font-family: arial, helvetica, sans-serif;\">Versand<\/span><\/strong><\/span><\/td>\n<td style=\"width: 78.2121%; height: 24px;\"><span style=\"font-family: arial, helvetica, sans-serif; font-size: 12pt;\">Luft, See, Express<\/span><\/td>\n<\/tr>\n<tr style=\"height: 40px; background-color: #ebebeb;\">\n<td style=\"width: 22.6796%; height: 24px;\"><span style=\"font-size: 12pt;\"><strong><span style=\"font-family: arial, helvetica, sans-serif;\">Seitenwechsel<\/span><\/strong><\/span><\/td>\n<td style=\"width: 78.2121%; height: 24px;\"><span style=\"font-family: arial, helvetica, sans-serif; font-size: 12pt;\">7 \u2013 15 Werktage, Eilzustellung<\/span><\/td>\n<\/tr>\n<\/tbody>\n<\/table>\n<p>&nbsp;<\/p>","protected":false},"featured_media":2406,"comment_status":"open","ping_status":"closed","template":"","meta":[],"product_brand":[],"product_cat":[31,21,18],"product_tag":[],"class_list":{"0":"post-2404","1":"product","2":"type-product","3":"status-publish","4":"has-post-thumbnail","6":"product_cat-clothing-packaging","7":"product_cat-opp-cpp-pe-cpe-single-material-bag","8":"product_cat-zipper-bags","10":"first","11":"instock","12":"shipping-taxable","13":"product-type-simple"},"_links":{"self":[{"href":"https:\/\/polysmarts.com\/de\/wp-json\/wp\/v2\/product\/2404","targetHints":{"allow":["GET"]}}],"collection":[{"href":"https:\/\/polysmarts.com\/de\/wp-json\/wp\/v2\/product"}],"about":[{"href":"https:\/\/polysmarts.com\/de\/wp-json\/wp\/v2\/types\/product"}],"replies":[{"embeddable":true,"href":"https:\/\/polysmarts.com\/de\/wp-json\/wp\/v2\/comments?post=2404"}],"version-history":[{"count":2,"href":"https:\/\/polysmarts.com\/de\/wp-json\/wp\/v2\/product\/2404\/revisions"}],"predecessor-version":[{"id":2412,"href":"https:\/\/polysmarts.com\/de\/wp-json\/wp\/v2\/product\/2404\/revisions\/2412"}],"wp:featuredmedia":[{"embeddable":true,"href":"https:\/\/polysmarts.com\/de\/wp-json\/wp\/v2\/media\/2406"}],"wp:attachment":[{"href":"https:\/\/polysmarts.com\/de\/wp-json\/wp\/v2\/media?parent=2404"}],"wp:term":[{"taxonomy":"product_brand","embeddable":true,"href":"https:\/\/polysmarts.com\/de\/wp-json\/wp\/v2\/product_brand?post=2404"},{"taxonomy":"product_cat","embeddable":true,"href":"https:\/\/polysmarts.com\/de\/wp-json\/wp\/v2\/product_cat?post=2404"},{"taxonomy":"product_tag","embeddable":true,"href":"https:\/\/polysmarts.com\/de\/wp-json\/wp\/v2\/product_tag?post=2404"}],"curies":[{"name":"wp","href":"https:\/\/api.w.org\/{rel}","templated":true}]}}