{"id":2394,"date":"2024-04-01T08:35:52","date_gmt":"2024-04-01T08:35:52","guid":{"rendered":"https:\/\/polysmarts.com\/?post_type=product&#038;p=2394"},"modified":"2024-04-01T09:01:52","modified_gmt":"2024-04-01T09:01:52","slug":"schwarze-cpe-verpackungstasche-mit-reisverschluss-und-schieber","status":"publish","type":"product","link":"https:\/\/polysmarts.com\/de\/product\/black-garment-cpe-slider-zipper-packaging-bag\/","title":{"rendered":"Schwarze CPE-Verpackungstasche mit Rei\u00dfverschluss und Schieber"},"content":{"rendered":"<p>Wir pr\u00e4sentieren unsere schwarze, mattierte Rei\u00dfverschluss-Verpackungstasche mit Schiebeverschluss, die Ihren Kleidungsst\u00fccken und Gegenst\u00e4nden robusten Schutz und Ordnung bietet. Diese Taschen sind in kundenspezifischen Gr\u00f6\u00dfen und St\u00e4rken erh\u00e4ltlich und sind vielseitig und zuverl\u00e4ssig f\u00fcr eine Vielzahl von Aufbewahrungszwecken.<\/p>\n<p>Wiederverschlie\u00dfbarer Rei\u00dfverschluss: Die Verpackungsbeutel mit Schieberei\u00dfverschluss verf\u00fcgen \u00fcber einen wiederverschlie\u00dfbaren Schieberei\u00dfverschluss, der ein einfaches und sofortiges Verschlie\u00dfen ohne zus\u00e4tzliche Versiegelung oder Klebeband erm\u00f6glicht. Dies beschleunigt Verpackungs-, Versand- und Postvorg\u00e4nge und sch\u00fctzt Ihre Kleidung und Ihr Hab und Gut gleichzeitig effektiv vor Staub, Ger\u00fcchen und Feuchtigkeit.<\/p>\n<p>Verst\u00e4rkte Seiten: Unsere mattierten Polybeutel mit Rei\u00dfverschluss sind mit verst\u00e4rkten Seiten ausgestattet und bieten eine verbesserte Haltbarkeit und Robustheit. Sie sind so konzipiert, dass sie Rissen, Spalten und Schnitten besser widerstehen und Ihre Waren w\u00e4hrend der Lagerung, des Versands und des Versands zuverl\u00e4ssig sch\u00fctzen.<\/p>\n<p>Rei\u00dfverschlussdesign: Unsere Taschen sind mit einem Kunststoffrei\u00dfverschluss mit rundem Loch ausgestattet, der ein reibungsloses und m\u00fcheloses \u00d6ffnen und Schlie\u00dfen gew\u00e4hrleistet. Dieses Designdetail verbessert den Komfort und die Benutzerfreundlichkeit und erleichtert den Zugriff auf Ihre Sachen, wann immer Sie sie brauchen.<\/p>\n<p>Verwendung: Die mattierte Folie unserer Taschen verleiht ihnen ein elegantes und professionelles Aussehen und macht sie ideal f\u00fcr die Organisation zu Hause, als Reiseverpackung und f\u00fcr den Gesch\u00e4ftsversand. Sie eignen sich perfekt zum Verpacken und Versenden von Kleidung, T-Shirts, Pullovern, Spielzeug, Schuhen, Unterw\u00e4sche, Leggings, Tanktops, Kleidungsst\u00fccken, Kunstwerken, Fotos, Drucken, Akten, Kosmetika, USB-Kabeln, Brosch\u00fcren und mehr. Mit diesen Taschen k\u00f6nnen Sie alles verstauen, um Ihr Leben organisiert zu halten.<\/p>\n<p>Zusammenfassend l\u00e4sst sich sagen, dass unsere schwarzen CPE-Verpackungsbeutel mit Rei\u00dfverschluss eine praktische und zuverl\u00e4ssige L\u00f6sung zum Ordnen und Sch\u00fctzen Ihrer Sachen sind. Vertrauen Sie auf ihre Haltbarkeit und Funktionalit\u00e4t, um Ihre Lager- und Versandprozesse zu optimieren und gleichzeitig Ihre Artikel sicher aufzubewahren.<\/p>","protected":false},"excerpt":{"rendered":"<table style=\"height: 360px; width: 100.741%; border-collapse: collapse; background-color: #ebebeb;\" border=\"2\">\n<tbody>\n<tr style=\"height: 40px;\">\n<td style=\"width: 22.6796%; height: 30px; background-color: #99ccff;\"><span style=\"font-family: arial, helvetica, sans-serif; font-size: 12pt;\"><strong>Dimension &amp; Stil<\/strong><\/span><\/td>\n<td style=\"width: 78.2121%; height: 30px; background-color: #99ccff;\"><span style=\"font-family: arial, helvetica, sans-serif; font-size: 12pt;\">Benutzerdefinierte Formen und Gr\u00f6\u00dfen<\/span><\/td>\n<\/tr>\n<tr style=\"height: 40px;\">\n<td style=\"width: 22.6796%; height: 34px; background-color: #ebebeb;\"><span style=\"font-size: 12pt;\"><strong><span style=\"font-family: arial, helvetica, sans-serif;\">Mindestbestellmenge<\/span><\/strong><\/span><\/td>\n<td style=\"width: 78.2121%; height: 34px; background-color: #ebebeb;\"><span style=\"font-family: arial, helvetica, sans-serif; font-size: 12pt;\">1000 St\u00fcck ohne Anpassung, 10000 St\u00fcck zur Anpassung\u00a0<\/span><\/td>\n<\/tr>\n<tr style=\"height: 40px; background-color: #99ccff;\">\n<td style=\"width: 22.6796%; height: 24px;\"><span style=\"font-size: 12pt;\"><strong><span style=\"font-family: arial, helvetica, sans-serif;\">Verpackungsart<\/span><\/strong><\/span><\/td>\n<td style=\"width: 78.2121%; height: 24px;\"><span style=\"font-family: arial, helvetica, sans-serif; font-size: 12pt;\">CPE-Verpackungsbeutel mit Schieberei\u00dfverschluss f\u00fcr Kleidungsst\u00fccke<\/span><\/td>\n<\/tr>\n<tr style=\"height: 40px; background-color: #ebebeb;\">\n<td style=\"width: 22.6796%; height: 24px;\"><span style=\"font-size: 12pt;\"><strong><span style=\"font-family: arial, helvetica, sans-serif;\">Drucken<\/span><\/strong><\/span><\/td>\n<td style=\"width: 78.2121%; height: 24px;\"><span style=\"font-family: arial, helvetica, sans-serif; font-size: 12pt;\">CMYK (1 \u2013 10 Farben), kein Druck (Normal)<\/span><\/td>\n<\/tr>\n<tr style=\"height: 40px; background-color: #99ccff;\">\n<td style=\"width: 22.6796%; height: 24px;\"><span style=\"font-size: 12pt;\"><strong><span style=\"font-family: arial, helvetica, sans-serif;\">Oberfl\u00e4chenbehandlung<\/span><\/strong><\/span><\/td>\n<td style=\"width: 78.2121%; height: 24px;\"><span style=\"font-family: arial, helvetica, sans-serif; font-size: 12pt;\">Offsetdruck<\/span><\/td>\n<\/tr>\n<tr style=\"height: 40px; background-color: #ebebeb;\">\n<td style=\"width: 22.6796%; height: 24px;\"><span style=\"font-size: 12pt;\"><strong><span style=\"font-family: arial, helvetica, sans-serif;\">Material<\/span><\/strong><\/span><\/td>\n<td style=\"width: 78.2121%; height: 24px;\"><span style=\"font-family: arial, helvetica, sans-serif; font-size: 12pt;\">CPE, pers\u00f6nliche Schutzausr\u00fcstung<\/span><\/td>\n<\/tr>\n<tr style=\"height: 40px; background-color: #99ccff;\">\n<td style=\"width: 22.6796%; height: 24px;\"><span style=\"font-size: 12pt;\"><strong><span style=\"font-family: arial, helvetica, sans-serif;\">Gr\u00f6\u00dfe<\/span><\/strong><\/span><\/td>\n<td style=\"width: 78.2121%; height: 24px;\"><span style=\"font-family: arial, helvetica, sans-serif; font-size: 12pt;\">Individuell<\/span><\/td>\n<\/tr>\n<tr style=\"height: 40px; background-color: #ebebeb;\">\n<td style=\"width: 22.6796%; height: 24px;\"><span style=\"font-size: 12pt;\"><strong><span style=\"font-family: arial, helvetica, sans-serif;\">Dicke<\/span><\/strong><\/span><\/td>\n<td style=\"width: 78.2121%; height: 24px;\"><span style=\"font-family: arial, helvetica, sans-serif; font-size: 12pt;\">100 Mikrometer f\u00fcr Doppelseiten, Accpet-Sonderdicke<\/span><\/td>\n<\/tr>\n<tr style=\"height: 40px; background-color: #99ccff;\">\n<td style=\"width: 22.6796%; height: 24px;\"><span style=\"font-size: 12pt;\"><strong><span style=\"font-family: arial, helvetica, sans-serif;\">Versand<\/span><\/strong><\/span><\/td>\n<td style=\"width: 78.2121%; height: 24px;\"><span style=\"font-family: arial, helvetica, sans-serif; font-size: 12pt;\">Luft, See, Express<\/span><\/td>\n<\/tr>\n<tr style=\"height: 40px; background-color: #ebebeb;\">\n<td style=\"width: 22.6796%; height: 24px;\"><span style=\"font-size: 12pt;\"><strong><span style=\"font-family: arial, helvetica, sans-serif;\">Seitenwechsel<\/span><\/strong><\/span><\/td>\n<td style=\"width: 78.2121%; height: 24px;\"><span style=\"font-family: arial, helvetica, sans-serif; font-size: 12pt;\">7 \u2013 15 Werktage, Eilzustellung<\/span><\/td>\n<\/tr>\n<\/tbody>\n<\/table>\n<p>&nbsp;<\/p>","protected":false},"featured_media":2395,"comment_status":"open","ping_status":"closed","template":"","meta":[],"product_brand":[],"product_cat":[31,21,18],"product_tag":[],"class_list":{"0":"post-2394","1":"product","2":"type-product","3":"status-publish","4":"has-post-thumbnail","6":"product_cat-clothing-packaging","7":"product_cat-opp-cpp-pe-cpe-single-material-bag","8":"product_cat-zipper-bags","10":"first","11":"instock","12":"shipping-taxable","13":"product-type-simple"},"_links":{"self":[{"href":"https:\/\/polysmarts.com\/de\/wp-json\/wp\/v2\/product\/2394","targetHints":{"allow":["GET"]}}],"collection":[{"href":"https:\/\/polysmarts.com\/de\/wp-json\/wp\/v2\/product"}],"about":[{"href":"https:\/\/polysmarts.com\/de\/wp-json\/wp\/v2\/types\/product"}],"replies":[{"embeddable":true,"href":"https:\/\/polysmarts.com\/de\/wp-json\/wp\/v2\/comments?post=2394"}],"version-history":[{"count":3,"href":"https:\/\/polysmarts.com\/de\/wp-json\/wp\/v2\/product\/2394\/revisions"}],"predecessor-version":[{"id":2403,"href":"https:\/\/polysmarts.com\/de\/wp-json\/wp\/v2\/product\/2394\/revisions\/2403"}],"wp:featuredmedia":[{"embeddable":true,"href":"https:\/\/polysmarts.com\/de\/wp-json\/wp\/v2\/media\/2395"}],"wp:attachment":[{"href":"https:\/\/polysmarts.com\/de\/wp-json\/wp\/v2\/media?parent=2394"}],"wp:term":[{"taxonomy":"product_brand","embeddable":true,"href":"https:\/\/polysmarts.com\/de\/wp-json\/wp\/v2\/product_brand?post=2394"},{"taxonomy":"product_cat","embeddable":true,"href":"https:\/\/polysmarts.com\/de\/wp-json\/wp\/v2\/product_cat?post=2394"},{"taxonomy":"product_tag","embeddable":true,"href":"https:\/\/polysmarts.com\/de\/wp-json\/wp\/v2\/product_tag?post=2394"}],"curies":[{"name":"wp","href":"https:\/\/api.w.org\/{rel}","templated":true}]}}