{"id":2360,"date":"2024-04-01T06:05:38","date_gmt":"2024-04-01T06:05:38","guid":{"rendered":"https:\/\/polysmarts.com\/?post_type=product&#038;p=2360"},"modified":"2025-10-14T08:33:54","modified_gmt":"2025-10-14T00:33:54","slug":"klare-zellophantuten-mit-seitenfalten-fur-die-brotverpackung-100-stuck","status":"publish","type":"product","link":"https:\/\/polysmarts.com\/de\/product\/gusseted-clear-cellophane-bags-for-bread-packaging100pcs\/","title":{"rendered":"Transparente Zellophant\u00fcten mit Seitenfalten f\u00fcr die Brotverpackung (100 St\u00fcck)"},"content":{"rendered":"<p>Werten Sie Ihre Toastbrotverpackung mit unseren hochwertigen, durchsichtigen Zellophant\u00fcten mit Seitenfalten auf. Diese aus hochwertigem Kunststoff gefertigten T\u00fcten bieten maximale Haltbarkeit und Zuverl\u00e4ssigkeit und sorgen daf\u00fcr, dass Ihre Produkte gut gesch\u00fctzt und sch\u00f6n pr\u00e4sentiert werden.<\/p>\n<p>Premium-Konstruktion: Unsere Plastikbeutel werden aus hochwertigen Materialien hergestellt und gew\u00e4hrleisten so eine au\u00dfergew\u00f6hnliche Haltbarkeit. Die hei\u00dfversiegelten Seitenfalten verhindern Leckagen und machen diese Beutel perfekt f\u00fcr Lebensmittelverpackungen, bei denen Frische an erster Stelle steht.<\/p>\n<p>Halten Sie Snacks frisch: Diese rei\u00df- und rei\u00dffesten S\u00fc\u00dfigkeitenverpackungsbeutel sind hei\u00dfversiegelbar, sodass Sie die Frische und den Geschmack Ihres Toastbrots den ganzen Tag \u00fcber bewahren k\u00f6nnen. Verabschieden Sie sich von abgestandenen Snacks mit unserer zuverl\u00e4ssigen Verpackungsl\u00f6sung.<\/p>\n<p>Speziell entworfen: Diese Hei\u00dfsiegelbeutel haben Seitenfalten und einen flachen Boden sowie einen Papiereinsatz, der es ihnen erm\u00f6glicht, aufrecht zu stehen. Dieses einzigartige Design verbessert nicht nur die Pr\u00e4sentation Ihrer Backwaren, sondern verleiht Ihren Partygeschenken und Takeaway-Artikeln auch einen Hauch von Eleganz.<\/p>\n<p>Ideal f\u00fcr Partys und besondere Anl\u00e4sse: Egal, ob Sie eine Party veranstalten oder einen besonderen Anlass feiern, unsere durchsichtigen Zellophant\u00fcten mit Seitenfalten sind die perfekte Wahl f\u00fcr die Herstellung raffinierter Geschenkt\u00fcten. Durch ihr elegantes Design eignen sie sich f\u00fcr eine Vielzahl von Anl\u00e4ssen und sorgen daf\u00fcr, dass Ihre Leckereien stilvoll pr\u00e4sentiert werden.<\/p>\n<p>Zusammenfassend sind unsere hochwertigen, durchsichtigen Zellophant\u00fcten mit Seitenfalten die ideale Verpackungsl\u00f6sung f\u00fcr Toastbrot und andere Backwaren. Mit ihrer langlebigen Konstruktion, ihren frischhaltenden Eigenschaften und ihrem eleganten Design werden sie Sie und Ihre Kunden mit Sicherheit beeindrucken.<\/p>","protected":false},"excerpt":{"rendered":"<table style=\"height: 360px; width: 99.8505%; border-collapse: collapse;\" border=\"2\">\n<tbody>\n<tr style=\"height: 40px;\">\n<td style=\"width: 38.0988%; height: 30px; background-color: #99ccff;\"><span style=\"font-family: arial, helvetica, sans-serif; font-size: 12pt;\"><strong>Dimension &amp; Stil<\/strong><\/span><\/td>\n<td style=\"width: 61.9012%; height: 30px; background-color: #99ccff;\"><span style=\"font-family: arial, helvetica, sans-serif; font-size: 12pt;\">7*20+4cm<\/span><\/td>\n<\/tr>\n<tr style=\"height: 40px;\">\n<td style=\"width: 38.0988%; height: 34px; background-color: #ebebeb;\"><span style=\"font-size: 12pt;\"><strong><span style=\"font-family: arial, helvetica, sans-serif;\">Gewicht von 1 Packung = 100 St\u00fcck<\/span><\/strong><\/span><\/td>\n<td style=\"width: 61.9012%; height: 34px; background-color: #ebebeb;\"><span style=\"font-family: arial, helvetica, sans-serif; font-size: 12pt;\">Etwa 0,4 kg<\/span><\/td>\n<\/tr>\n<tr style=\"height: 40px; background-color: #99ccff;\">\n<td style=\"width: 38.0988%; height: 24px;\"><span style=\"font-size: 12pt;\"><strong><span style=\"font-family: arial, helvetica, sans-serif;\">Verpackungsart<\/span><\/strong><\/span><\/td>\n<td style=\"width: 61.9012%; height: 24px;\"><span style=\"font-family: arial, helvetica, sans-serif; font-size: 12pt;\">Transparente Zellophant\u00fcten (1 Packung = 100 St\u00fcck)<\/span><\/td>\n<\/tr>\n<tr style=\"height: 40px; background-color: #ebebeb;\">\n<td style=\"width: 38.0988%; height: 24px;\"><span style=\"font-size: 12pt;\"><strong><span style=\"font-family: arial, helvetica, sans-serif;\">Dicke<\/span><\/strong><\/span><\/td>\n<td style=\"width: 61.9012%; height: 24px;\"><span style=\"font-family: arial, helvetica, sans-serif; font-size: 12pt;\">40 Mikrometer<\/span><\/td>\n<\/tr>\n<tr style=\"height: 40px; background-color: #99ccff;\">\n<td style=\"width: 38.0988%; height: 24px;\"><span style=\"font-size: 12pt;\"><strong><span style=\"font-family: arial, helvetica, sans-serif;\">Fertigstellung<\/span><\/strong><\/span><\/td>\n<td style=\"width: 61.9012%; height: 24px;\"><span style=\"font-family: arial, helvetica, sans-serif; font-size: 12pt;\">Glanz<\/span><\/td>\n<\/tr>\n<tr style=\"height: 40px; background-color: #ebebeb;\">\n<td style=\"width: 38.0988%; height: 24px;\"><span style=\"font-size: 12pt;\"><strong><span style=\"font-family: arial, helvetica, sans-serif;\">Material<\/span><\/strong><\/span><\/td>\n<td style=\"width: 61.9012%; height: 24px;\"><span style=\"font-family: arial, helvetica, sans-serif; font-size: 12pt;\">OPP<\/span><\/td>\n<\/tr>\n<tr style=\"height: 40px; background-color: #99ccff;\">\n<td style=\"width: 38.0988%; height: 24px;\"><span style=\"font-size: 12pt;\"><strong><span style=\"font-family: arial, helvetica, sans-serif;\">Nachweisen<\/span><\/strong><\/span><\/td>\n<td style=\"width: 61.9012%; height: 24px;\"><span style=\"font-family: arial, helvetica, sans-serif; font-size: 12pt;\">Geruchsschutz und Barriere<\/span><\/td>\n<\/tr>\n<tr style=\"height: 40px; background-color: #ebebeb;\">\n<td style=\"width: 38.0988%; height: 24px;\"><span style=\"font-size: 12pt;\"><strong><span style=\"font-family: arial, helvetica, sans-serif;\">Lieferdauer<\/span><\/strong><\/span><\/td>\n<td style=\"width: 61.9012%; height: 24px;\"><span style=\"font-family: arial, helvetica, sans-serif; font-size: 12pt;\">7 \u2013 15 Werktage, Eilzustellung<\/span><\/td>\n<\/tr>\n<tr style=\"height: 40px; background-color: #99ccff;\">\n<td style=\"width: 38.0988%; height: 24px;\"><span style=\"font-size: 12pt;\"><strong><span style=\"font-family: arial, helvetica, sans-serif;\">Versandart<\/span><\/strong><\/span><\/td>\n<td style=\"width: 61.9012%; height: 24px;\"><span style=\"font-family: arial, helvetica, sans-serif; font-size: 12pt;\">\u00c4u\u00dfern<\/span><\/td>\n<\/tr>\n<\/tbody>\n<\/table>\n<p>&nbsp;<\/p>","protected":false},"featured_media":2365,"comment_status":"open","ping_status":"closed","template":"","meta":[],"product_brand":[],"product_cat":[64],"product_tag":[],"class_list":{"0":"post-2360","1":"product","2":"type-product","3":"status-publish","4":"has-post-thumbnail","6":"product_cat-stock-pouches","8":"first","9":"instock","10":"shipping-taxable","11":"purchasable","12":"product-type-simple"},"_links":{"self":[{"href":"https:\/\/polysmarts.com\/de\/wp-json\/wp\/v2\/product\/2360","targetHints":{"allow":["GET"]}}],"collection":[{"href":"https:\/\/polysmarts.com\/de\/wp-json\/wp\/v2\/product"}],"about":[{"href":"https:\/\/polysmarts.com\/de\/wp-json\/wp\/v2\/types\/product"}],"replies":[{"embeddable":true,"href":"https:\/\/polysmarts.com\/de\/wp-json\/wp\/v2\/comments?post=2360"}],"version-history":[{"count":3,"href":"https:\/\/polysmarts.com\/de\/wp-json\/wp\/v2\/product\/2360\/revisions"}],"predecessor-version":[{"id":2373,"href":"https:\/\/polysmarts.com\/de\/wp-json\/wp\/v2\/product\/2360\/revisions\/2373"}],"wp:featuredmedia":[{"embeddable":true,"href":"https:\/\/polysmarts.com\/de\/wp-json\/wp\/v2\/media\/2365"}],"wp:attachment":[{"href":"https:\/\/polysmarts.com\/de\/wp-json\/wp\/v2\/media?parent=2360"}],"wp:term":[{"taxonomy":"product_brand","embeddable":true,"href":"https:\/\/polysmarts.com\/de\/wp-json\/wp\/v2\/product_brand?post=2360"},{"taxonomy":"product_cat","embeddable":true,"href":"https:\/\/polysmarts.com\/de\/wp-json\/wp\/v2\/product_cat?post=2360"},{"taxonomy":"product_tag","embeddable":true,"href":"https:\/\/polysmarts.com\/de\/wp-json\/wp\/v2\/product_tag?post=2360"}],"curies":[{"name":"wp","href":"https:\/\/api.w.org\/{rel}","templated":true}]}}