{"id":1939,"date":"2024-03-09T10:24:32","date_gmt":"2024-03-09T10:24:32","guid":{"rendered":"https:\/\/polysmarts.com\/?post_type=product&#038;p=1939"},"modified":"2024-03-09T11:29:29","modified_gmt":"2024-03-09T11:29:29","slug":"standbeutel-fur-lebensmittel-zum-neupreis","status":"publish","type":"product","link":"https:\/\/polysmarts.com\/de\/product\/factory-price-food-stand-up-pouch-bag\/","title":{"rendered":"Standbeutel f\u00fcr Lebensmittel zum Fabrikpreis"},"content":{"rendered":"<p>Willkommen bei Polysmart, Ihrem spezialisierten Hersteller von Standbeuteln f\u00fcr Lebensmittel mit \u00fcber 10 Jahren Branchenerfahrung. Wir sind stolz darauf, hochwertige Verpackungsl\u00f6sungen zu Fabrikpreisen anzubieten und so Erschwinglichkeit ohne Kompromisse bei der Qualit\u00e4t zu gew\u00e4hrleisten.<\/p>\n<p>Unsere Standbeutel, auch bekannt als kundenspezifische Snackverpackungen von noissue, werden aus recycelbaren Materialien hergestellt und sind somit eine umweltfreundliche Wahl f\u00fcr die Verpackung von Snacks wie N\u00fcssen, S\u00fc\u00dfigkeiten und Chips. Diese von der FDA zugelassenen Snackbeutel bieten eine nachhaltige M\u00f6glichkeit, Ihre Produkte zu verpacken und dabei Frische und Geschmack zu bewahren.<\/p>\n<p>Hauptmerkmale:<\/p>\n<ul>\n<li>Hochgradig anpassbar: Wir wissen, dass jedes Produkt einzigartig ist. Deshalb sind unsere Beutel hochgradig anpassbar, um Ihren spezifischen Anforderungen gerecht zu werden. Ob Sie wiederverschlie\u00dfbare Rei\u00dfverschl\u00fcsse, Hei\u00dfsiegelf\u00e4higkeit, Einrei\u00dfkerben zum einfachen \u00d6ffnen oder durchsto\u00dffestes Material ben\u00f6tigen, wir haben die Optionen, um Ihre Anforderungen zu erf\u00fcllen.<\/li>\n<li>\u00dcberlegener Barriereschutz: Unsere Beutel sind mit Hochbarriere- oder Spezialfolien ausgestattet, um die Frische zu bewahren und Ger\u00fcche zu unterdr\u00fccken. So wird sichergestellt, dass Ihre Produkte in makellosem Zustand bleiben.<\/li>\n<li>Klare Fenster: Pr\u00e4sentieren Sie Ihre Produkte klar und deutlich mit unseren klaren Fenstern. So k\u00f6nnen Kunden den Inhalt sehen und werden zum Kauf angeregt.<\/li>\n<\/ul>\n<p>Zusammenfassend l\u00e4sst sich sagen, dass unsere Standbeutel f\u00fcr Lebensmittel zum Fabrikpreis unschlagbares Preis-Leistungs-Verh\u00e4ltnis und Qualit\u00e4t bieten. W\u00e4hlen Sie Polysmart f\u00fcr anpassbare, umweltfreundliche Verpackungsl\u00f6sungen, die Ihre Marke aufwerten und Ihre Kunden begeistern.<\/p>","protected":false},"excerpt":{"rendered":"<table style=\"height: 360px; width: 99.8505%; border-collapse: collapse;\" border=\"2\">\n<tbody>\n<tr style=\"height: 40px;\">\n<td style=\"width: 22.6796%; height: 30px; background-color: #99ccff;\"><span style=\"font-family: arial, helvetica, sans-serif; font-size: 12pt;\"><strong>Dimension &amp; Stil<\/strong><\/span><\/td>\n<td style=\"width: 77.3204%; height: 30px; background-color: #99ccff;\"><span style=\"font-family: arial, helvetica, sans-serif; font-size: 12pt;\">Benutzerdefinierte Formen und Gr\u00f6\u00dfen<\/span><\/td>\n<\/tr>\n<tr style=\"height: 40px;\">\n<td style=\"width: 22.6796%; height: 34px; background-color: #ebebeb;\"><span style=\"font-size: 12pt;\"><strong><span style=\"font-family: arial, helvetica, sans-serif;\">Mindestbestellmenge<\/span><\/strong><\/span><\/td>\n<td style=\"width: 77.3204%; height: 34px; background-color: #ebebeb;\"><span style=\"font-family: arial, helvetica, sans-serif; font-size: 12pt;\">1000 St\u00fcck ohne Anpassung, 10000 St\u00fcck zur Anpassung<\/span><\/td>\n<\/tr>\n<tr style=\"height: 40px; background-color: #99ccff;\">\n<td style=\"width: 22.6796%; height: 24px;\"><span style=\"font-size: 12pt;\"><strong><span style=\"font-family: arial, helvetica, sans-serif;\">Verpackungsart<\/span><\/strong><\/span><\/td>\n<td style=\"width: 77.3204%; height: 24px;\"><span style=\"font-family: arial, helvetica, sans-serif; font-size: 12pt;\">Standbodenbeutel<\/span><\/td>\n<\/tr>\n<tr style=\"height: 40px; background-color: #ebebeb;\">\n<td style=\"width: 22.6796%; height: 24px;\"><span style=\"font-size: 12pt;\"><strong><span style=\"font-family: arial, helvetica, sans-serif;\">Drucken<\/span><\/strong><\/span><\/td>\n<td style=\"width: 77.3204%; height: 24px;\"><span style=\"font-family: arial, helvetica, sans-serif; font-size: 12pt;\">CMYK (1 \u2013 10 Farben), kein Druck (Normal)<\/span><\/td>\n<\/tr>\n<tr style=\"height: 40px; background-color: #99ccff;\">\n<td style=\"width: 22.6796%; height: 24px;\"><span style=\"font-size: 12pt;\"><strong><span style=\"font-family: arial, helvetica, sans-serif;\">Fertigstellung<\/span><\/strong><\/span><\/td>\n<td style=\"width: 77.3204%; height: 24px;\"><span style=\"font-family: arial, helvetica, sans-serif; font-size: 12pt;\">Glanz-\/Matt-Laminierung, Offsetdruck<\/span><\/td>\n<\/tr>\n<tr style=\"height: 40px; background-color: #ebebeb;\">\n<td style=\"width: 22.6796%; height: 24px;\"><span style=\"font-size: 12pt;\"><strong><span style=\"font-family: arial, helvetica, sans-serif;\">Enthaltene Optionen<\/span><\/strong><\/span><\/td>\n<td style=\"width: 77.3204%; height: 24px;\"><span style=\"font-family: arial, helvetica, sans-serif; font-size: 12pt;\">Stanzen, Hei\u00dfsiegeln<\/span><\/td>\n<\/tr>\n<tr style=\"height: 40px; background-color: #99ccff;\">\n<td style=\"width: 22.6796%; height: 24px;\"><span style=\"font-size: 12pt;\"><strong><span style=\"font-family: arial, helvetica, sans-serif;\">Nachweisen<\/span><\/strong><\/span><\/td>\n<td style=\"width: 77.3204%; height: 24px;\"><span style=\"font-family: arial, helvetica, sans-serif; font-size: 12pt;\">Geruchsbeweise\u00a0<\/span><\/td>\n<\/tr>\n<tr style=\"height: 40px; background-color: #ebebeb;\">\n<td style=\"width: 22.6796%; height: 24px;\"><span style=\"font-size: 12pt;\"><strong><span style=\"font-family: arial, helvetica, sans-serif;\">Seitenwechsel<\/span><\/strong><\/span><\/td>\n<td style=\"width: 77.3204%; height: 24px;\"><span style=\"font-family: arial, helvetica, sans-serif; font-size: 12pt;\">7 \u2013 15 Werktage, Eilzustellung<\/span><\/td>\n<\/tr>\n<tr style=\"height: 40px; background-color: #99ccff;\">\n<td style=\"width: 22.6796%; height: 24px;\"><span style=\"font-size: 12pt;\"><strong><span style=\"font-family: arial, helvetica, sans-serif;\">Versand<\/span><\/strong><\/span><\/td>\n<td style=\"width: 77.3204%; height: 24px;\"><span style=\"font-family: arial, helvetica, sans-serif; font-size: 12pt;\">Luft, See, Express<\/span><\/td>\n<\/tr>\n<\/tbody>\n<\/table>\n<p>&nbsp;<\/p>","protected":false},"featured_media":1940,"comment_status":"open","ping_status":"closed","template":"","meta":[],"product_brand":[],"product_cat":[26,18],"product_tag":[],"class_list":{"0":"post-1939","1":"product","2":"type-product","3":"status-publish","4":"has-post-thumbnail","6":"product_cat-food-packaging","7":"product_cat-zipper-bags","9":"first","10":"instock","11":"shipping-taxable","12":"product-type-simple"},"_links":{"self":[{"href":"https:\/\/polysmarts.com\/de\/wp-json\/wp\/v2\/product\/1939","targetHints":{"allow":["GET"]}}],"collection":[{"href":"https:\/\/polysmarts.com\/de\/wp-json\/wp\/v2\/product"}],"about":[{"href":"https:\/\/polysmarts.com\/de\/wp-json\/wp\/v2\/types\/product"}],"replies":[{"embeddable":true,"href":"https:\/\/polysmarts.com\/de\/wp-json\/wp\/v2\/comments?post=1939"}],"version-history":[{"count":2,"href":"https:\/\/polysmarts.com\/de\/wp-json\/wp\/v2\/product\/1939\/revisions"}],"predecessor-version":[{"id":1947,"href":"https:\/\/polysmarts.com\/de\/wp-json\/wp\/v2\/product\/1939\/revisions\/1947"}],"wp:featuredmedia":[{"embeddable":true,"href":"https:\/\/polysmarts.com\/de\/wp-json\/wp\/v2\/media\/1940"}],"wp:attachment":[{"href":"https:\/\/polysmarts.com\/de\/wp-json\/wp\/v2\/media?parent=1939"}],"wp:term":[{"taxonomy":"product_brand","embeddable":true,"href":"https:\/\/polysmarts.com\/de\/wp-json\/wp\/v2\/product_brand?post=1939"},{"taxonomy":"product_cat","embeddable":true,"href":"https:\/\/polysmarts.com\/de\/wp-json\/wp\/v2\/product_cat?post=1939"},{"taxonomy":"product_tag","embeddable":true,"href":"https:\/\/polysmarts.com\/de\/wp-json\/wp\/v2\/product_tag?post=1939"}],"curies":[{"name":"wp","href":"https:\/\/api.w.org\/{rel}","templated":true}]}}