{"id":1902,"date":"2024-03-07T13:39:35","date_gmt":"2024-03-07T13:39:35","guid":{"rendered":"https:\/\/polysmarts.com\/?post_type=product&#038;p=1902"},"modified":"2024-03-07T13:46:57","modified_gmt":"2024-03-07T13:46:57","slug":"lieferant-umweltfreundlicher-lebensmittelverpackungen","status":"publish","type":"product","link":"https:\/\/polysmarts.com\/de\/product\/eco-friendly-food-packaging-supplier\/","title":{"rendered":"Lieferant umweltfreundlicher Lebensmittelverpackungen"},"content":{"rendered":"<p>Willkommen bei Ihrer Anlaufstelle f\u00fcr umweltfreundliche Verpackungsl\u00f6sungen f\u00fcr Lebensmittel! Als f\u00fchrender Anbieter in der Branche sind wir stolz darauf, eine Reihe nachhaltiger Optionen anbieten zu k\u00f6nnen, die Ihren Verpackungsanforderungen gerecht werden.<\/p>\n<p>Wir stellen unsere umweltfreundlichen Verpackungsl\u00f6sungen f\u00fcr Lebensmittel vor! Unsere kundenspezifischen Snackverpackungen, auch als Standbeutel bekannt, werden aus recycelbaren Materialien hergestellt und sind somit eine umweltbewusste Wahl f\u00fcr die Verpackung von Snacks wie N\u00fcssen, S\u00fc\u00dfigkeiten und Chips.<\/p>\n<p>Individuell anpassbar an Ihre Produkte \u2022 Wiederverschlie\u00dfbare Rei\u00dfverschl\u00fcsse \u2022 Hei\u00dfsiegelf\u00e4hig \u2022 Einrei\u00dfkerben zum einfachen \u00d6ffnen \u2022 Durchsto\u00dffestes Material \u2022 Hochdichte oder spezielle Folien zur Erhaltung der Frische und Unterdr\u00fcckung von Ger\u00fcchen \u2022 Klare oder getr\u00fcbte Fenster zur Pr\u00e4sentation Ihrer Produkte<\/p>\n<p>Wir wissen, dass jedes Produkt einzigartig ist. Deshalb sind unsere Verpackungen individuell anpassbar. Ob Sie wiederverschlie\u00dfbare Rei\u00dfverschl\u00fcsse f\u00fcr einfachen Zugriff, hei\u00dfsiegelbare Beutel zum Frischhalten oder Aufrei\u00dfkerben zum m\u00fchelosen \u00d6ffnen ben\u00f6tigen, wir haben die Optionen, die Ihren Anforderungen entsprechen.<\/p>\n<p>Unsere Beutel bestehen aus durchsto\u00dffestem Material, sodass Ihre Snacks bei Handhabung und Transport unversehrt bleiben. Dar\u00fcber hinaus bewahren unsere Hochbarrierefolien die Frische und unterdr\u00fccken Ger\u00fcche, sodass Ihre Snacks l\u00e4nger gut schmecken.<\/p>\n<p>Zusammenfassend l\u00e4sst sich sagen, dass wir als Ihr Lieferant umweltfreundlicher Lebensmittelverpackungen uns dazu verpflichten, nachhaltige L\u00f6sungen anzubieten, die Ihren Anforderungen entsprechen und gleichzeitig den Planeten sch\u00fctzen. W\u00e4hlen Sie uns f\u00fcr Ihre Verpackungsbed\u00fcrfnisse und leisten Sie einen positiven Beitrag zum Umweltschutz.<\/p>","protected":false},"excerpt":{"rendered":"<table style=\"height: 360px; width: 99.8505%; border-collapse: collapse;\" border=\"2\">\n<tbody>\n<tr style=\"height: 40px;\">\n<td style=\"width: 22.6796%; height: 30px; background-color: #99ccff;\"><span style=\"font-family: arial, helvetica, sans-serif; font-size: 12pt;\"><strong>Dimension &amp; Stil<\/strong><\/span><\/td>\n<td style=\"width: 77.3204%; height: 30px; background-color: #99ccff;\"><span style=\"font-family: arial, helvetica, sans-serif; font-size: 12pt;\">Benutzerdefinierte Formen und Gr\u00f6\u00dfen<\/span><\/td>\n<\/tr>\n<tr style=\"height: 40px;\">\n<td style=\"width: 22.6796%; height: 34px; background-color: #ebebeb;\"><span style=\"font-size: 12pt;\"><strong><span style=\"font-family: arial, helvetica, sans-serif;\">Mindestbestellmenge<\/span><\/strong><\/span><\/td>\n<td style=\"width: 77.3204%; height: 34px; background-color: #ebebeb;\"><span style=\"font-family: arial, helvetica, sans-serif; font-size: 12pt;\">1000 St\u00fcck ohne Anpassung, 10000 St\u00fcck zur Anpassung<\/span><\/td>\n<\/tr>\n<tr style=\"height: 40px; background-color: #99ccff;\">\n<td style=\"width: 22.6796%; height: 24px;\"><span style=\"font-size: 12pt;\"><strong><span style=\"font-family: arial, helvetica, sans-serif;\">Verpackungsart<\/span><\/strong><\/span><\/td>\n<td style=\"width: 77.3204%; height: 24px;\"><span style=\"font-family: arial, helvetica, sans-serif; font-size: 12pt;\">Standbodenbeutel<\/span><\/td>\n<\/tr>\n<tr style=\"height: 40px; background-color: #ebebeb;\">\n<td style=\"width: 22.6796%; height: 24px;\"><span style=\"font-size: 12pt;\"><strong><span style=\"font-family: arial, helvetica, sans-serif;\">Drucken<\/span><\/strong><\/span><\/td>\n<td style=\"width: 77.3204%; height: 24px;\"><span style=\"font-family: arial, helvetica, sans-serif; font-size: 12pt;\">CMYK (1 \u2013 10 Farben), kein Druck (Normal)<\/span><\/td>\n<\/tr>\n<tr style=\"height: 40px; background-color: #99ccff;\">\n<td style=\"width: 22.6796%; height: 24px;\"><span style=\"font-size: 12pt;\"><strong><span style=\"font-family: arial, helvetica, sans-serif;\">Fertigstellung<\/span><\/strong><\/span><\/td>\n<td style=\"width: 77.3204%; height: 24px;\"><span style=\"font-family: arial, helvetica, sans-serif; font-size: 12pt;\">Glanz-\/Matt-Laminierung, Offsetdruck<\/span><\/td>\n<\/tr>\n<tr style=\"height: 40px; background-color: #ebebeb;\">\n<td style=\"width: 22.6796%; height: 24px;\"><span style=\"font-size: 12pt;\"><strong><span style=\"font-family: arial, helvetica, sans-serif;\">Enthaltene Optionen<\/span><\/strong><\/span><\/td>\n<td style=\"width: 77.3204%; height: 24px;\"><span style=\"font-family: arial, helvetica, sans-serif; font-size: 12pt;\">Stanzen, Hei\u00dfsiegeln<\/span><\/td>\n<\/tr>\n<tr style=\"height: 40px; background-color: #99ccff;\">\n<td style=\"width: 22.6796%; height: 24px;\"><span style=\"font-size: 12pt;\"><strong><span style=\"font-family: arial, helvetica, sans-serif;\">Nachweisen<\/span><\/strong><\/span><\/td>\n<td style=\"width: 77.3204%; height: 24px;\"><span style=\"font-family: arial, helvetica, sans-serif; font-size: 12pt;\">Geruchsbeweise\u00a0<\/span><\/td>\n<\/tr>\n<tr style=\"height: 40px; background-color: #ebebeb;\">\n<td style=\"width: 22.6796%; height: 24px;\"><span style=\"font-size: 12pt;\"><strong><span style=\"font-family: arial, helvetica, sans-serif;\">Seitenwechsel<\/span><\/strong><\/span><\/td>\n<td style=\"width: 77.3204%; height: 24px;\"><span style=\"font-family: arial, helvetica, sans-serif; font-size: 12pt;\">7 \u2013 15 Werktage, Eilzustellung<\/span><\/td>\n<\/tr>\n<tr style=\"height: 40px; background-color: #99ccff;\">\n<td style=\"width: 22.6796%; height: 24px;\"><span style=\"font-size: 12pt;\"><strong><span style=\"font-family: arial, helvetica, sans-serif;\">Versand<\/span><\/strong><\/span><\/td>\n<td style=\"width: 77.3204%; height: 24px;\"><span style=\"font-family: arial, helvetica, sans-serif; font-size: 12pt;\">Luft, See, Express<\/span><\/td>\n<\/tr>\n<\/tbody>\n<\/table>\n<p>&nbsp;<\/p>","protected":false},"featured_media":1903,"comment_status":"open","ping_status":"closed","template":"","meta":[],"product_brand":[],"product_cat":[26,18],"product_tag":[],"class_list":{"0":"post-1902","1":"product","2":"type-product","3":"status-publish","4":"has-post-thumbnail","6":"product_cat-food-packaging","7":"product_cat-zipper-bags","9":"first","10":"instock","11":"shipping-taxable","12":"product-type-simple"},"_links":{"self":[{"href":"https:\/\/polysmarts.com\/de\/wp-json\/wp\/v2\/product\/1902","targetHints":{"allow":["GET"]}}],"collection":[{"href":"https:\/\/polysmarts.com\/de\/wp-json\/wp\/v2\/product"}],"about":[{"href":"https:\/\/polysmarts.com\/de\/wp-json\/wp\/v2\/types\/product"}],"replies":[{"embeddable":true,"href":"https:\/\/polysmarts.com\/de\/wp-json\/wp\/v2\/comments?post=1902"}],"version-history":[{"count":2,"href":"https:\/\/polysmarts.com\/de\/wp-json\/wp\/v2\/product\/1902\/revisions"}],"predecessor-version":[{"id":1910,"href":"https:\/\/polysmarts.com\/de\/wp-json\/wp\/v2\/product\/1902\/revisions\/1910"}],"wp:featuredmedia":[{"embeddable":true,"href":"https:\/\/polysmarts.com\/de\/wp-json\/wp\/v2\/media\/1903"}],"wp:attachment":[{"href":"https:\/\/polysmarts.com\/de\/wp-json\/wp\/v2\/media?parent=1902"}],"wp:term":[{"taxonomy":"product_brand","embeddable":true,"href":"https:\/\/polysmarts.com\/de\/wp-json\/wp\/v2\/product_brand?post=1902"},{"taxonomy":"product_cat","embeddable":true,"href":"https:\/\/polysmarts.com\/de\/wp-json\/wp\/v2\/product_cat?post=1902"},{"taxonomy":"product_tag","embeddable":true,"href":"https:\/\/polysmarts.com\/de\/wp-json\/wp\/v2\/product_tag?post=1902"}],"curies":[{"name":"wp","href":"https:\/\/api.w.org\/{rel}","templated":true}]}}