{"id":1893,"date":"2024-03-07T13:21:17","date_gmt":"2024-03-07T13:21:17","guid":{"rendered":"https:\/\/polysmarts.com\/?post_type=product&#038;p=1893"},"modified":"2024-03-07T13:31:08","modified_gmt":"2024-03-07T13:31:08","slug":"benutzerdefinierte-snack-verpackungsbeutel-standbodenbeutel","status":"publish","type":"product","link":"https:\/\/polysmarts.com\/de\/product\/custom-snack-packaging-bags-stand-up-pouch\/","title":{"rendered":"Benutzerdefinierte Snack-Verpackungsbeutel Standbodenbeutel"},"content":{"rendered":"<p>Wir stellen unsere Standbodenbeutel f\u00fcr Snackverpackungen vor! Diese perfekt verarbeiteten Beutel bieten eine nachhaltige und stilvolle M\u00f6glichkeit, Ihre Lieblingssnacks, von N\u00fcssen bis hin zu S\u00fc\u00dfigkeiten und Chips, zu verpacken. Unsere Snackbeutel werden aus recycelbaren Materialien hergestellt und sind von der FDA zugelassen. Sie schonen sowohl die Umwelt als auch Ihre Gesundheit.<\/p>\n<p>Was diese Snackverpackungen auszeichnet, ist ihre Vielseitigkeit und Anpassungsm\u00f6glichkeiten. Sie haben die Freiheit, sie an Ihre einzigartigen Produkte anzupassen. Sie ben\u00f6tigen wiederverschlie\u00dfbare Rei\u00dfverschl\u00fcsse f\u00fcr einfachen Zugriff? Wir haben das Richtige f\u00fcr Sie. Sie suchen nach hei\u00dfversiegelbaren Beuteln, um die Frische zu bewahren? Kein Problem. Au\u00dferdem machen Einrei\u00dfkerben das \u00d6ffnen zum Kinderspiel und durchsto\u00dffestes Material sorgt daf\u00fcr, dass Ihre Snacks intakt bleiben, egal was passiert.<\/p>\n<p>Aber das ist noch nicht alles! Unsere Beutel sind auch mit Hochbarrierefolien ausgestattet, die Ihre Snacks frisch und geruchsfrei halten. Und wenn Sie Ihren Kunden einen kleinen Vorgeschmack auf den Inhalt geben m\u00f6chten, entscheiden Sie sich f\u00fcr klare oder getr\u00fcbte Fenster. Perfekt, um Ihre Geschmacksknospen zu verf\u00fchren!<\/p>\n<p>Oh, und haben wir die Aufh\u00e4ngel\u00f6cher erw\u00e4hnt? Sie machen die Pr\u00e4sentation im Einzelhandel zum Kinderspiel, denn Ihre Snacks k\u00f6nnen stolz an Regalen oder Haken h\u00e4ngen.<\/p>\n<p>Zusammenfassend l\u00e4sst sich sagen, dass unsere Standbeutel f\u00fcr Snackverpackungen die perfekte Mischung aus Nachhaltigkeit, Funktionalit\u00e4t und Stil bieten. W\u00e4hlen Sie sie, um Ihren Snacks die Verpackung zu geben, die sie verdienen, und leisten Sie gleichzeitig Ihren Beitrag zum Umweltschutz.<\/p>","protected":false},"excerpt":{"rendered":"<table style=\"height: 360px; width: 99.8505%; border-collapse: collapse;\" border=\"2\">\n<tbody>\n<tr style=\"height: 40px;\">\n<td style=\"width: 22.6796%; height: 30px; background-color: #99ccff;\"><span style=\"font-family: arial, helvetica, sans-serif; font-size: 12pt;\"><strong>Dimension &amp; Stil<\/strong><\/span><\/td>\n<td style=\"width: 77.3204%; height: 30px; background-color: #99ccff;\"><span style=\"font-family: arial, helvetica, sans-serif; font-size: 12pt;\">Benutzerdefinierte Formen und Gr\u00f6\u00dfen<\/span><\/td>\n<\/tr>\n<tr style=\"height: 40px;\">\n<td style=\"width: 22.6796%; height: 34px; background-color: #ebebeb;\"><span style=\"font-size: 12pt;\"><strong><span style=\"font-family: arial, helvetica, sans-serif;\">Mindestbestellmenge<\/span><\/strong><\/span><\/td>\n<td style=\"width: 77.3204%; height: 34px; background-color: #ebebeb;\"><span style=\"font-family: arial, helvetica, sans-serif; font-size: 12pt;\">1000 St\u00fcck ohne Anpassung, 10000 St\u00fcck zur Anpassung<\/span><\/td>\n<\/tr>\n<tr style=\"height: 40px; background-color: #99ccff;\">\n<td style=\"width: 22.6796%; height: 24px;\"><span style=\"font-size: 12pt;\"><strong><span style=\"font-family: arial, helvetica, sans-serif;\">Verpackungsart<\/span><\/strong><\/span><\/td>\n<td style=\"width: 77.3204%; height: 24px;\"><span style=\"font-family: arial, helvetica, sans-serif; font-size: 12pt;\">Standbodenbeutel<\/span><\/td>\n<\/tr>\n<tr style=\"height: 40px; background-color: #ebebeb;\">\n<td style=\"width: 22.6796%; height: 24px;\"><span style=\"font-size: 12pt;\"><strong><span style=\"font-family: arial, helvetica, sans-serif;\">Drucken<\/span><\/strong><\/span><\/td>\n<td style=\"width: 77.3204%; height: 24px;\"><span style=\"font-family: arial, helvetica, sans-serif; font-size: 12pt;\">CMYK (1 \u2013 10 Farben), kein Druck (Normal)<\/span><\/td>\n<\/tr>\n<tr style=\"height: 40px; background-color: #99ccff;\">\n<td style=\"width: 22.6796%; height: 24px;\"><span style=\"font-size: 12pt;\"><strong><span style=\"font-family: arial, helvetica, sans-serif;\">Fertigstellung<\/span><\/strong><\/span><\/td>\n<td style=\"width: 77.3204%; height: 24px;\"><span style=\"font-family: arial, helvetica, sans-serif; font-size: 12pt;\">Glanz-\/Matt-Laminierung, Offsetdruck<\/span><\/td>\n<\/tr>\n<tr style=\"height: 40px; background-color: #ebebeb;\">\n<td style=\"width: 22.6796%; height: 24px;\"><span style=\"font-size: 12pt;\"><strong><span style=\"font-family: arial, helvetica, sans-serif;\">Enthaltene Optionen<\/span><\/strong><\/span><\/td>\n<td style=\"width: 77.3204%; height: 24px;\"><span style=\"font-family: arial, helvetica, sans-serif; font-size: 12pt;\">Stanzen, Hei\u00dfsiegeln<\/span><\/td>\n<\/tr>\n<tr style=\"height: 40px; background-color: #99ccff;\">\n<td style=\"width: 22.6796%; height: 24px;\"><span style=\"font-size: 12pt;\"><strong><span style=\"font-family: arial, helvetica, sans-serif;\">Nachweisen<\/span><\/strong><\/span><\/td>\n<td style=\"width: 77.3204%; height: 24px;\"><span style=\"font-family: arial, helvetica, sans-serif; font-size: 12pt;\">Geruchsbeweise\u00a0<\/span><\/td>\n<\/tr>\n<tr style=\"height: 40px; background-color: #ebebeb;\">\n<td style=\"width: 22.6796%; height: 24px;\"><span style=\"font-size: 12pt;\"><strong><span style=\"font-family: arial, helvetica, sans-serif;\">Seitenwechsel<\/span><\/strong><\/span><\/td>\n<td style=\"width: 77.3204%; height: 24px;\"><span style=\"font-family: arial, helvetica, sans-serif; font-size: 12pt;\">7 \u2013 15 Werktage, Eilzustellung<\/span><\/td>\n<\/tr>\n<tr style=\"height: 40px; background-color: #99ccff;\">\n<td style=\"width: 22.6796%; height: 24px;\"><span style=\"font-size: 12pt;\"><strong><span style=\"font-family: arial, helvetica, sans-serif;\">Versand<\/span><\/strong><\/span><\/td>\n<td style=\"width: 77.3204%; height: 24px;\"><span style=\"font-family: arial, helvetica, sans-serif; font-size: 12pt;\">Luft, See, Express<\/span><\/td>\n<\/tr>\n<\/tbody>\n<\/table>\n<p>&nbsp;<\/p>","protected":false},"featured_media":1895,"comment_status":"open","ping_status":"closed","template":"","meta":[],"product_brand":[],"product_cat":[26,18],"product_tag":[],"class_list":{"0":"post-1893","1":"product","2":"type-product","3":"status-publish","4":"has-post-thumbnail","6":"product_cat-food-packaging","7":"product_cat-zipper-bags","9":"first","10":"instock","11":"shipping-taxable","12":"product-type-simple"},"_links":{"self":[{"href":"https:\/\/polysmarts.com\/de\/wp-json\/wp\/v2\/product\/1893","targetHints":{"allow":["GET"]}}],"collection":[{"href":"https:\/\/polysmarts.com\/de\/wp-json\/wp\/v2\/product"}],"about":[{"href":"https:\/\/polysmarts.com\/de\/wp-json\/wp\/v2\/types\/product"}],"replies":[{"embeddable":true,"href":"https:\/\/polysmarts.com\/de\/wp-json\/wp\/v2\/comments?post=1893"}],"version-history":[{"count":2,"href":"https:\/\/polysmarts.com\/de\/wp-json\/wp\/v2\/product\/1893\/revisions"}],"predecessor-version":[{"id":1901,"href":"https:\/\/polysmarts.com\/de\/wp-json\/wp\/v2\/product\/1893\/revisions\/1901"}],"wp:featuredmedia":[{"embeddable":true,"href":"https:\/\/polysmarts.com\/de\/wp-json\/wp\/v2\/media\/1895"}],"wp:attachment":[{"href":"https:\/\/polysmarts.com\/de\/wp-json\/wp\/v2\/media?parent=1893"}],"wp:term":[{"taxonomy":"product_brand","embeddable":true,"href":"https:\/\/polysmarts.com\/de\/wp-json\/wp\/v2\/product_brand?post=1893"},{"taxonomy":"product_cat","embeddable":true,"href":"https:\/\/polysmarts.com\/de\/wp-json\/wp\/v2\/product_cat?post=1893"},{"taxonomy":"product_tag","embeddable":true,"href":"https:\/\/polysmarts.com\/de\/wp-json\/wp\/v2\/product_tag?post=1893"}],"curies":[{"name":"wp","href":"https:\/\/api.w.org\/{rel}","templated":true}]}}