{"id":1880,"date":"2024-03-07T12:50:41","date_gmt":"2024-03-07T12:50:41","guid":{"rendered":"https:\/\/polysmarts.com\/?post_type=product&#038;p=1880"},"modified":"2024-03-07T13:16:54","modified_gmt":"2024-03-07T13:16:54","slug":"verpackung-von-snackbeuteln-mit-individuellem-aufdruck","status":"publish","type":"product","link":"https:\/\/polysmarts.com\/de\/product\/custom-print-snack-bags-packaging\/","title":{"rendered":"Verpackung f\u00fcr Snackbeutel mit individuellem Aufdruck"},"content":{"rendered":"<ul>\n<li>Wir stellen unsere individuell anpassbaren Snackbeutel-Verpackungen vor, auch als Standbeutel bekannt, die Ihre Snacks in Szene setzen und gleichzeitig Nachhaltigkeit und Komfort bieten. Diese Snackbeutel werden aus recycelbaren Materialien hergestellt und sind von der FDA zugelassen. Sie bieten eine nachhaltige M\u00f6glichkeit, N\u00fcsse, S\u00fc\u00dfigkeiten, Chips und mehr zu verpacken. Hochgradig anpassbare Funktionen: Unsere Snackbeutel-Verpackungen bieten eine Reihe anpassbarer Funktionen, die zu Ihren Produkten und Ihrer Markenidentit\u00e4t passen:\n<ul>\n<li>Wiederverschlie\u00dfbare Rei\u00dfverschl\u00fcsse: Erm\u00f6glicht einfaches \u00d6ffnen und Schlie\u00dfen und sorgt so bei jedem Gebrauch f\u00fcr Frische.<\/li>\n<li>Hei\u00dfversiegelbar: Bietet eine sichere Versiegelung, um Ihre Snacks zu sch\u00fctzen.<\/li>\n<li>Aufrei\u00dfkerben: Erm\u00f6glichen m\u00fcheloses \u00d6ffnen f\u00fcr den schnellen Zugriff auf Ihre Snacks.<\/li>\n<li>Durchsto\u00dffestes Material: Bietet Haltbarkeit und Schutz bei Handhabung und Transport.<\/li>\n<li>Hochbarriere- oder Spezialfolien: Bewahren die Frische und unterdr\u00fccken Ger\u00fcche, sodass Ihre Snacks l\u00e4nger haltbar sind.<\/li>\n<li>Klare oder get\u00f6nte Fenster: Pr\u00e4sentieren Sie Ihre Produkte, w\u00e4hrend Sie sie sch\u00fctzen.<\/li>\n<li>Aufh\u00e4ngel\u00f6cher: Perfekt f\u00fcr die Pr\u00e4sentation im Einzelhandel, da sie ein einfaches Aufh\u00e4ngen an Haken oder Gestellen erm\u00f6glichen.<\/li>\n<\/ul>\n<p>Anpassbares Design: Die Verpackung unserer Snackbeutel ist in hohem Ma\u00dfe anpassbar, sodass Sie ein einzigartiges Design erstellen k\u00f6nnen, das Ihre Markenidentit\u00e4t widerspiegelt. Egal, ob Sie auff\u00e4llige Grafiken, leuchtende Farben oder komplizierte Muster pr\u00e4sentieren, unsere Druckm\u00f6glichkeiten sorgen daf\u00fcr, dass Ihre Verpackung in den Regalen auff\u00e4llt und die Aufmerksamkeit der Kunden auf sich zieht.<\/p>\n<p>Nachhaltige L\u00f6sung: Unsere Snackbeutel-Verpackungen sind nicht nur individuell anpassbar, sondern auch umweltfreundlich und bestehen aus recycelbaren Materialien. Indem Sie sich f\u00fcr unsere nachhaltige Verpackungsl\u00f6sung entscheiden, k\u00f6nnen Sie Ihre Marke an umweltbewussten Werten ausrichten und Ihre Umweltbelastung reduzieren.<\/p>\n<p>Vielseitig und praktisch: Unsere Standbeutel sind perfekt f\u00fcr eine Vielzahl von Snacks und bieten Vielseitigkeit und Komfort. Egal, ob Sie N\u00fcsse, S\u00fc\u00dfigkeiten, Chips oder andere Leckereien verpacken, unsere Snackbeutel bieten eine praktische und stilvolle L\u00f6sung f\u00fcr Snacks unterwegs, als Verkaufsdisplay oder als Geschenk.<\/p>\n<p>Zusammenfassend l\u00e4sst sich sagen, dass unsere individuell bedruckten Snackbeutel eine Mischung aus Nachhaltigkeit, Vielseitigkeit und Individualisierung bieten, mit der Sie Ihre Marke aufwerten und Ihre Snacks stilvoll pr\u00e4sentieren k\u00f6nnen. Entscheiden Sie sich f\u00fcr unsere umweltfreundliche Verpackungsl\u00f6sung, um einen positiven Eindruck zu hinterlassen und Ihre Kunden mit frischen und ansprechenden Snacks zu begeistern.<\/li>\n<\/ul>","protected":false},"excerpt":{"rendered":"<table style=\"height: 360px; width: 99.8505%; border-collapse: collapse;\" border=\"2\">\n<tbody>\n<tr style=\"height: 40px;\">\n<td style=\"width: 22.6796%; height: 30px; background-color: #99ccff;\"><span style=\"font-family: arial, helvetica, sans-serif; font-size: 12pt;\"><strong>Dimension &amp; Stil<\/strong><\/span><\/td>\n<td style=\"width: 77.3204%; height: 30px; background-color: #99ccff;\"><span style=\"font-family: arial, helvetica, sans-serif; font-size: 12pt;\">Benutzerdefinierte Formen und Gr\u00f6\u00dfen<\/span><\/td>\n<\/tr>\n<tr style=\"height: 40px;\">\n<td style=\"width: 22.6796%; height: 34px; background-color: #ebebeb;\"><span style=\"font-size: 12pt;\"><strong><span style=\"font-family: arial, helvetica, sans-serif;\">Mindestbestellmenge<\/span><\/strong><\/span><\/td>\n<td style=\"width: 77.3204%; height: 34px; background-color: #ebebeb;\"><span style=\"font-family: arial, helvetica, sans-serif; font-size: 12pt;\">1000 St\u00fcck ohne Anpassung, 10000 St\u00fcck zur Anpassung<\/span><\/td>\n<\/tr>\n<tr style=\"height: 40px; background-color: #99ccff;\">\n<td style=\"width: 22.6796%; height: 24px;\"><span style=\"font-size: 12pt;\"><strong><span style=\"font-family: arial, helvetica, sans-serif;\">Verpackungsart<\/span><\/strong><\/span><\/td>\n<td style=\"width: 77.3204%; height: 24px;\"><span style=\"font-family: arial, helvetica, sans-serif; font-size: 12pt;\">Standbodenbeutel<\/span><\/td>\n<\/tr>\n<tr style=\"height: 40px; background-color: #ebebeb;\">\n<td style=\"width: 22.6796%; height: 24px;\"><span style=\"font-size: 12pt;\"><strong><span style=\"font-family: arial, helvetica, sans-serif;\">Drucken<\/span><\/strong><\/span><\/td>\n<td style=\"width: 77.3204%; height: 24px;\"><span style=\"font-family: arial, helvetica, sans-serif; font-size: 12pt;\">CMYK (1 \u2013 10 Farben), kein Druck (Normal)<\/span><\/td>\n<\/tr>\n<tr style=\"height: 40px; background-color: #99ccff;\">\n<td style=\"width: 22.6796%; height: 24px;\"><span style=\"font-size: 12pt;\"><strong><span style=\"font-family: arial, helvetica, sans-serif;\">Fertigstellung<\/span><\/strong><\/span><\/td>\n<td style=\"width: 77.3204%; height: 24px;\"><span style=\"font-family: arial, helvetica, sans-serif; font-size: 12pt;\">Glanz-\/Matt-Laminierung, Offsetdruck<\/span><\/td>\n<\/tr>\n<tr style=\"height: 40px; background-color: #ebebeb;\">\n<td style=\"width: 22.6796%; height: 24px;\"><span style=\"font-size: 12pt;\"><strong><span style=\"font-family: arial, helvetica, sans-serif;\">Enthaltene Optionen<\/span><\/strong><\/span><\/td>\n<td style=\"width: 77.3204%; height: 24px;\"><span style=\"font-family: arial, helvetica, sans-serif; font-size: 12pt;\">Stanzen, Hei\u00dfsiegeln<\/span><\/td>\n<\/tr>\n<tr style=\"height: 40px; background-color: #99ccff;\">\n<td style=\"width: 22.6796%; height: 24px;\"><span style=\"font-size: 12pt;\"><strong><span style=\"font-family: arial, helvetica, sans-serif;\">Nachweisen<\/span><\/strong><\/span><\/td>\n<td style=\"width: 77.3204%; height: 24px;\"><span style=\"font-family: arial, helvetica, sans-serif; font-size: 12pt;\">Geruchsbeweise\u00a0<\/span><\/td>\n<\/tr>\n<tr style=\"height: 40px; background-color: #ebebeb;\">\n<td style=\"width: 22.6796%; height: 24px;\"><span style=\"font-size: 12pt;\"><strong><span style=\"font-family: arial, helvetica, sans-serif;\">Seitenwechsel<\/span><\/strong><\/span><\/td>\n<td style=\"width: 77.3204%; height: 24px;\"><span style=\"font-family: arial, helvetica, sans-serif; font-size: 12pt;\">7 \u2013 15 Werktage, Eilzustellung<\/span><\/td>\n<\/tr>\n<tr style=\"height: 40px; background-color: #99ccff;\">\n<td style=\"width: 22.6796%; height: 24px;\"><span style=\"font-size: 12pt;\"><strong><span style=\"font-family: arial, helvetica, sans-serif;\">Versand<\/span><\/strong><\/span><\/td>\n<td style=\"width: 77.3204%; height: 24px;\"><span style=\"font-family: arial, helvetica, sans-serif; font-size: 12pt;\">Luft, See, Express<\/span><\/td>\n<\/tr>\n<\/tbody>\n<\/table>\n<p>&nbsp;<\/p>","protected":false},"featured_media":1882,"comment_status":"open","ping_status":"closed","template":"","meta":[],"product_brand":[],"product_cat":[26,18],"product_tag":[],"class_list":{"0":"post-1880","1":"product","2":"type-product","3":"status-publish","4":"has-post-thumbnail","6":"product_cat-food-packaging","7":"product_cat-zipper-bags","9":"first","10":"instock","11":"shipping-taxable","12":"product-type-simple"},"_links":{"self":[{"href":"https:\/\/polysmarts.com\/de\/wp-json\/wp\/v2\/product\/1880","targetHints":{"allow":["GET"]}}],"collection":[{"href":"https:\/\/polysmarts.com\/de\/wp-json\/wp\/v2\/product"}],"about":[{"href":"https:\/\/polysmarts.com\/de\/wp-json\/wp\/v2\/types\/product"}],"replies":[{"embeddable":true,"href":"https:\/\/polysmarts.com\/de\/wp-json\/wp\/v2\/comments?post=1880"}],"version-history":[{"count":3,"href":"https:\/\/polysmarts.com\/de\/wp-json\/wp\/v2\/product\/1880\/revisions"}],"predecessor-version":[{"id":1892,"href":"https:\/\/polysmarts.com\/de\/wp-json\/wp\/v2\/product\/1880\/revisions\/1892"}],"wp:featuredmedia":[{"embeddable":true,"href":"https:\/\/polysmarts.com\/de\/wp-json\/wp\/v2\/media\/1882"}],"wp:attachment":[{"href":"https:\/\/polysmarts.com\/de\/wp-json\/wp\/v2\/media?parent=1880"}],"wp:term":[{"taxonomy":"product_brand","embeddable":true,"href":"https:\/\/polysmarts.com\/de\/wp-json\/wp\/v2\/product_brand?post=1880"},{"taxonomy":"product_cat","embeddable":true,"href":"https:\/\/polysmarts.com\/de\/wp-json\/wp\/v2\/product_cat?post=1880"},{"taxonomy":"product_tag","embeddable":true,"href":"https:\/\/polysmarts.com\/de\/wp-json\/wp\/v2\/product_tag?post=1880"}],"curies":[{"name":"wp","href":"https:\/\/api.w.org\/{rel}","templated":true}]}}