{"id":1819,"date":"2024-03-01T13:35:09","date_gmt":"2024-03-01T13:35:09","guid":{"rendered":"https:\/\/polysmarts.com\/?post_type=product&#038;p=1819"},"modified":"2024-03-01T14:58:35","modified_gmt":"2024-03-01T14:58:35","slug":"benutzerdefinierte-backerei-brot-papier-verpackungsbeutel","status":"publish","type":"product","link":"https:\/\/polysmarts.com\/de\/product\/custom-bakery-bread-paper-packaging-bags\/","title":{"rendered":"Kundenspezifische B\u00e4ckerei-Brot-Papierverpackungsbeutel"},"content":{"rendered":"<p>Unsere kundenspezifischen B\u00e4ckerei-Brotverpackungsbeutel aus Papier sind so konzipiert, dass sie die Pr\u00e4sentation Ihrer Backwaren verbessern und gleichzeitig Haltbarkeit und Zuverl\u00e4ssigkeit gew\u00e4hrleisten. Mit ihrem schlanken Design, das Eleganz ausstrahlt, sind diese Beutel auf Langlebigkeit ausgelegt. Die robuste Konstruktion erleichtert das Tragen, w\u00e4hrend der quadratische Boden daf\u00fcr sorgt, dass sie von selbst aufrecht stehen und Ihre k\u00f6stlichen Leckereien elegant pr\u00e4sentieren.<\/p>\n<p>Innovatives Fensterdesign: Mit unserem innovativen Fensterdesign m\u00fcssen Sie nicht mehr r\u00e4tseln. Jede T\u00fcte ist mit einem einzigartigen Fenster ausgestattet, das einen verlockenden Blick auf Ihre Leckereien bietet, ohne dass Sie die T\u00fcte \u00f6ffnen m\u00fcssen. So k\u00f6nnen Kunden leicht erkennen, was sich darin befindet, und werden mit der Optik Ihrer Backwaren verf\u00fchrt.<\/p>\n<p>Wiederverwendbar und sicher: Unsere Beutel sind nicht nur stilvoll, sondern auch praktisch. Ausgestattet mit Metalllaschen und Blechb\u00e4ndern k\u00f6nnen sie problemlos wiederholt ge\u00f6ffnet und geschlossen werden. Dies sorgt f\u00fcr einen sicheren Verschluss, der staubdicht und feuchtigkeitsbest\u00e4ndig ist und sicherstellt, dass Ihre Lebensmittel l\u00e4nger frisch und lecker bleiben. Ob frisch gebackenes Brot, Geb\u00e4ck oder Kekse, unsere Beutel bieten Ihnen die Gewissheit, dass Ihre Leckereien gesch\u00fctzt sind.<\/p>\n<p>Vielseitig und praktisch: Unsere Brotverpackungsbeutel aus Papier mit Fenster sind perfekt f\u00fcr eine Vielzahl von Anwendungen und unglaublich vielseitig und praktisch. Egal, ob Sie Backwaren, Bestellungen zum Mitnehmen oder Geschenkt\u00fcten verpacken, diese Beutel sind der Aufgabe gewachsen. Sie sind ideal f\u00fcr Picknicks, Partys oder den t\u00e4glichen Gebrauch und bieten eine stilvolle und praktische L\u00f6sung zum Aufbewahren und Transportieren Ihrer Backwaren. Von Kaffeebohnen und M\u00fcsli bis hin zu Popcorn und Schokoriegeln sind die M\u00f6glichkeiten mit unseren individuell anpassbaren Beuteln endlos.<\/p>\n<p>Zusammenfassend l\u00e4sst sich sagen, dass unsere kundenspezifischen Verpackungsbeutel aus B\u00e4ckereibrotpapier Eleganz, Haltbarkeit und Funktionalit\u00e4t vereinen, um Ihre Marke aufzuwerten und Ihre Kunden zu begeistern. Mit ihrem innovativen Fensterdesign, ihren wiederverwendbaren Eigenschaften und ihrer Vielseitigkeit bieten diese Beutel eine erstklassige Verpackungsl\u00f6sung f\u00fcr Ihre Backwaren, die daf\u00fcr sorgt, dass sie sich von der Masse abheben und einen bleibenden Eindruck hinterlassen.<\/p>","protected":false},"excerpt":{"rendered":"<table style=\"height: 360px; width: 99.8505%; border-collapse: collapse;\" border=\"2\">\n<tbody>\n<tr style=\"height: 40px;\">\n<td style=\"width: 22.6796%; height: 30px; background-color: #99ccff;\"><span style=\"font-family: arial, helvetica, sans-serif; font-size: 12pt;\"><strong>Dimension &amp; Stil<\/strong><\/span><\/td>\n<td style=\"width: 77.3204%; height: 30px; background-color: #99ccff;\"><span style=\"font-family: arial, helvetica, sans-serif; font-size: 12pt;\">Benutzerdefinierte Formen und Gr\u00f6\u00dfen<\/span><\/td>\n<\/tr>\n<tr style=\"height: 40px;\">\n<td style=\"width: 22.6796%; height: 34px; background-color: #ebebeb;\"><span style=\"font-size: 12pt;\"><strong><span style=\"font-family: arial, helvetica, sans-serif;\">Mindestbestellmenge<\/span><\/strong><\/span><\/td>\n<td style=\"width: 77.3204%; height: 34px; background-color: #ebebeb;\"><span style=\"font-family: arial, helvetica, sans-serif; font-size: 12pt;\">1000 St\u00fcck ohne Anpassung, 10000 St\u00fcck zur Anpassung<\/span><\/td>\n<\/tr>\n<tr style=\"height: 40px; background-color: #99ccff;\">\n<td style=\"width: 22.6796%; height: 24px;\"><span style=\"font-size: 12pt;\"><strong><span style=\"font-family: arial, helvetica, sans-serif;\">Verpackungsart<\/span><\/strong><\/span><\/td>\n<td style=\"width: 77.3204%; height: 24px;\"><span style=\"font-family: arial, helvetica, sans-serif; font-size: 12pt;\">Kraft Paper Bags<\/span><\/td>\n<\/tr>\n<tr style=\"height: 40px; background-color: #ebebeb;\">\n<td style=\"width: 22.6796%; height: 24px;\"><span style=\"font-size: 12pt;\"><strong><span style=\"font-family: arial, helvetica, sans-serif;\">Drucken<\/span><\/strong><\/span><\/td>\n<td style=\"width: 77.3204%; height: 24px;\"><span style=\"font-family: arial, helvetica, sans-serif; font-size: 12pt;\">CMYK (1 \u2013 8 Farben), kein Druck (Normal)<\/span><\/td>\n<\/tr>\n<tr style=\"height: 40px; background-color: #99ccff;\">\n<td style=\"width: 22.6796%; height: 24px;\"><span style=\"font-size: 12pt;\"><strong><span style=\"font-family: arial, helvetica, sans-serif;\">Fertigstellung<\/span><\/strong><\/span><\/td>\n<td style=\"width: 77.3204%; height: 24px;\"><span style=\"font-family: arial, helvetica, sans-serif; font-size: 12pt;\">Glanz-\/Matt-Laminierung, Wasserlackierung, Spotlackierung, UV-Lackierung, Pr\u00e4gung, Tiefpr\u00e4gung, Foliendruck<\/span><\/td>\n<\/tr>\n<tr style=\"height: 40px; background-color: #ebebeb;\">\n<td style=\"width: 22.6796%; height: 24px;\"><span style=\"font-size: 12pt;\"><strong><span style=\"font-family: arial, helvetica, sans-serif;\">Stichwort<\/span><\/strong><\/span><\/td>\n<td style=\"width: 77.3204%; height: 24px;\"><span style=\"font-family: arial, helvetica, sans-serif; font-size: 12pt;\">Verpackungst\u00fcten aus Brotpapier<\/span><\/td>\n<\/tr>\n<tr style=\"height: 40px; background-color: #99ccff;\">\n<td style=\"width: 22.6796%; height: 24px;\"><span style=\"font-size: 12pt;\"><strong><span style=\"font-family: arial, helvetica, sans-serif;\">Besonderheit<\/span><\/strong><\/span><\/td>\n<td style=\"width: 77.3204%; height: 24px;\"><span style=\"font-family: arial, helvetica, sans-serif; font-size: 12pt;\">Sicheres Material und Tinte in Lebensmittelqualit\u00e4t, umweltfreundliche Verpackung.<\/span><\/td>\n<\/tr>\n<tr style=\"height: 40px; background-color: #ebebeb;\">\n<td style=\"width: 22.6796%; height: 24px;\"><span style=\"font-size: 12pt;\"><strong><span style=\"font-family: arial, helvetica, sans-serif;\">Seitenwechsel<\/span><\/strong><\/span><\/td>\n<td style=\"width: 77.3204%; height: 24px;\"><span style=\"font-family: arial, helvetica, sans-serif; font-size: 12pt;\">7 \u2013 15 Werktage, Eilzustellung<\/span><\/td>\n<\/tr>\n<tr style=\"height: 40px; background-color: #99ccff;\">\n<td style=\"width: 22.6796%; height: 24px;\"><span style=\"font-size: 12pt;\"><strong><span style=\"font-family: arial, helvetica, sans-serif;\">Versand<\/span><\/strong><\/span><\/td>\n<td style=\"width: 77.3204%; height: 24px;\"><span style=\"font-family: arial, helvetica, sans-serif; font-size: 12pt;\">Luft, See, Express<\/span><\/td>\n<\/tr>\n<\/tbody>\n<\/table>\n<p>&nbsp;<\/p>","protected":false},"featured_media":1825,"comment_status":"open","ping_status":"closed","template":"","meta":[],"product_brand":[],"product_cat":[26,20],"product_tag":[],"class_list":{"0":"post-1819","1":"product","2":"type-product","3":"status-publish","4":"has-post-thumbnail","6":"product_cat-food-packaging","7":"product_cat-kraft-paper-bag","9":"first","10":"instock","11":"shipping-taxable","12":"product-type-simple"},"_links":{"self":[{"href":"https:\/\/polysmarts.com\/de\/wp-json\/wp\/v2\/product\/1819","targetHints":{"allow":["GET"]}}],"collection":[{"href":"https:\/\/polysmarts.com\/de\/wp-json\/wp\/v2\/product"}],"about":[{"href":"https:\/\/polysmarts.com\/de\/wp-json\/wp\/v2\/types\/product"}],"replies":[{"embeddable":true,"href":"https:\/\/polysmarts.com\/de\/wp-json\/wp\/v2\/comments?post=1819"}],"version-history":[{"count":3,"href":"https:\/\/polysmarts.com\/de\/wp-json\/wp\/v2\/product\/1819\/revisions"}],"predecessor-version":[{"id":1828,"href":"https:\/\/polysmarts.com\/de\/wp-json\/wp\/v2\/product\/1819\/revisions\/1828"}],"wp:featuredmedia":[{"embeddable":true,"href":"https:\/\/polysmarts.com\/de\/wp-json\/wp\/v2\/media\/1825"}],"wp:attachment":[{"href":"https:\/\/polysmarts.com\/de\/wp-json\/wp\/v2\/media?parent=1819"}],"wp:term":[{"taxonomy":"product_brand","embeddable":true,"href":"https:\/\/polysmarts.com\/de\/wp-json\/wp\/v2\/product_brand?post=1819"},{"taxonomy":"product_cat","embeddable":true,"href":"https:\/\/polysmarts.com\/de\/wp-json\/wp\/v2\/product_cat?post=1819"},{"taxonomy":"product_tag","embeddable":true,"href":"https:\/\/polysmarts.com\/de\/wp-json\/wp\/v2\/product_tag?post=1819"}],"curies":[{"name":"wp","href":"https:\/\/api.w.org\/{rel}","templated":true}]}}