{"id":1798,"date":"2024-02-29T09:38:00","date_gmt":"2024-02-29T09:38:00","guid":{"rendered":"https:\/\/polysmarts.com\/?post_type=product&#038;p=1798"},"modified":"2024-02-29T10:39:46","modified_gmt":"2024-02-29T10:39:46","slug":"benutzerdefinierte-mylar-hologramm-gestanzte-form-taschen","status":"publish","type":"product","link":"https:\/\/polysmarts.com\/de\/product\/custom-mylar-hologram-die-cut-shape-bags\/","title":{"rendered":"Kundenspezifische, gestanzte Mylar-Beutel mit Hologramm"},"content":{"rendered":"<p>Individuell gestanzte Beutel bieten die ultimative L\u00f6sung zum Schutz einer breiten Produktpalette und heben gleichzeitig Ihr Markenimage auf ein neues Niveau. Mit der Flexibilit\u00e4t, jede Form anzunehmen, die perfekt zu Ihrem Produkt passt, bieten diese Beutel eine einzigartige und auff\u00e4llige Verpackungsl\u00f6sung.<\/p>\n<p>Die Kombination der Schutzschichten, die bei der Herstellung gestanzter, individuell geformter Mylar-Beutel verwendet werden, sorgt f\u00fcr h\u00f6chste Frische und Konservierung von Lebensmitteln. Egal, ob Sie Snacks, S\u00fc\u00dfigkeiten oder Gourmet-Leckereien verpacken, diese Beutel bieten unvergleichlichen Schutz und Frische und sorgen daf\u00fcr, dass Ihre Produkte in Spitzenqualit\u00e4t bleiben.<\/p>\n<p>Neben ihrer Funktionalit\u00e4t dienen ausgeschnittene Mylar-Taschen auch als Leinwand zur Hervorhebung Ihrer Markenelemente. Von der Einbindung Ihres Logos und Ihrer Markenfarben bis hin zur Erstellung individueller Formen, die die Essenz Ihres Produkts widerspiegeln, hinterlassen Sie mit diesen Taschen einen bleibenden Eindruck bei Ihren Kunden.<\/p>\n<p>Ideal f\u00fcr die Aufbewahrung hochwertiger Produkte, verleihen individuell gestaltete Mylar-Hologramm-Stanzbeutel Ihrer Verpackung einen Hauch von Eleganz und Exklusivit\u00e4t. Ob in der Lebensmittelindustrie, im Kosmetikbereich oder im Einzelhandel, diese Beutel sind eine vielseitige und effektive Verpackungsl\u00f6sung, die Ihre Marke von der Konkurrenz abhebt.<\/p>\n<p>Zusammenfassend l\u00e4sst sich sagen, dass kundenspezifische Mylar-Hologramm-Stanzbeutel Funktionalit\u00e4t, \u00c4sthetik und Markenaufwertung vereinen und so eine hervorragende Verpackungsl\u00f6sung f\u00fcr Ihre Produkte bieten. Verbessern Sie Ihr Markenimage und stellen Sie die Frische und Qualit\u00e4t Ihrer Produkte mit diesen innovativen und anpassbaren Beuteln sicher.<\/p>","protected":false},"excerpt":{"rendered":"<table style=\"height: 360px; width: 99.8505%; border-collapse: collapse;\" border=\"2\">\n<tbody>\n<tr style=\"height: 40px;\">\n<td style=\"width: 22.6796%; height: 30px; background-color: #99ccff;\"><span style=\"font-family: arial, helvetica, sans-serif; font-size: 12pt;\"><strong>Dimension &amp; Stil<\/strong><\/span><\/td>\n<td style=\"width: 77.3204%; height: 30px; background-color: #99ccff;\"><span style=\"font-family: arial, helvetica, sans-serif; font-size: 12pt;\">Benutzerdefinierte Formen und Gr\u00f6\u00dfen<\/span><\/td>\n<\/tr>\n<tr style=\"height: 40px;\">\n<td style=\"width: 22.6796%; height: 34px; background-color: #ebebeb;\"><span style=\"font-size: 12pt;\"><strong><span style=\"font-family: arial, helvetica, sans-serif;\">Mindestbestellmenge<\/span><\/strong><\/span><\/td>\n<td style=\"width: 77.3204%; height: 34px; background-color: #ebebeb;\"><span style=\"font-family: arial, helvetica, sans-serif; font-size: 12pt;\">1000 St\u00fcck ohne Anpassung, 10000 St\u00fcck zur Anpassung<\/span><\/td>\n<\/tr>\n<tr style=\"height: 40px; background-color: #99ccff;\">\n<td style=\"width: 22.6796%; height: 24px;\"><span style=\"font-size: 12pt;\"><strong><span style=\"font-family: arial, helvetica, sans-serif;\">Verpackungsart<\/span><\/strong><\/span><\/td>\n<td style=\"width: 77.3204%; height: 24px;\"><span style=\"font-family: arial, helvetica, sans-serif; font-size: 12pt;\">Holografische, gestanzte Mylar-Beutel<\/span><\/td>\n<\/tr>\n<tr style=\"height: 40px; background-color: #ebebeb;\">\n<td style=\"width: 22.6796%; height: 24px;\"><span style=\"font-size: 12pt;\"><strong><span style=\"font-family: arial, helvetica, sans-serif;\">Drucken<\/span><\/strong><\/span><\/td>\n<td style=\"width: 77.3204%; height: 24px;\"><span style=\"font-family: arial, helvetica, sans-serif; font-size: 12pt;\">Tiefdruck<\/span><\/td>\n<\/tr>\n<tr style=\"height: 40px; background-color: #99ccff;\">\n<td style=\"width: 22.6796%; height: 24px;\"><span style=\"font-size: 12pt;\"><strong><span style=\"font-family: arial, helvetica, sans-serif;\">Versiegelung &amp; Griff<\/span><\/strong><\/span><\/td>\n<td style=\"width: 77.3204%; height: 24px;\"><span style=\"font-family: arial, helvetica, sans-serif; font-size: 12pt;\">Hei\u00dfsiegel<\/span><\/td>\n<\/tr>\n<tr style=\"height: 40px; background-color: #ebebeb;\">\n<td style=\"width: 22.6796%; height: 24px;\"><span style=\"font-size: 12pt;\"><strong><span style=\"font-family: arial, helvetica, sans-serif;\">Material<\/span><\/strong><\/span><\/td>\n<td style=\"width: 77.3204%; height: 24px;\"><span style=\"font-family: arial, helvetica, sans-serif; font-size: 12pt;\">OPP + VMPET + LDPE<\/span><\/td>\n<\/tr>\n<tr style=\"height: 40px; background-color: #99ccff;\">\n<td style=\"width: 22.6796%; height: 24px;\"><span style=\"font-size: 12pt;\"><strong><span style=\"font-family: arial, helvetica, sans-serif;\">Nachweisen<\/span><\/strong><\/span><\/td>\n<td style=\"width: 77.3204%; height: 24px;\"><span style=\"font-family: arial, helvetica, sans-serif; font-size: 12pt;\">Geruchsbeweise\u00a0<\/span><\/td>\n<\/tr>\n<tr style=\"height: 40px; background-color: #ebebeb;\">\n<td style=\"width: 22.6796%; height: 24px;\"><span style=\"font-size: 12pt;\"><strong><span style=\"font-family: arial, helvetica, sans-serif;\">Seitenwechsel<\/span><\/strong><\/span><\/td>\n<td style=\"width: 77.3204%; height: 24px;\"><span style=\"font-family: arial, helvetica, sans-serif; font-size: 12pt;\">7 \u2013 12 Werktage, Eilzustellung<\/span><\/td>\n<\/tr>\n<tr style=\"height: 40px; background-color: #99ccff;\">\n<td style=\"width: 22.6796%; height: 24px;\"><span style=\"font-size: 12pt;\"><strong><span style=\"font-family: arial, helvetica, sans-serif;\">Versand<\/span><\/strong><\/span><\/td>\n<td style=\"width: 77.3204%; height: 24px;\"><span style=\"font-family: arial, helvetica, sans-serif; font-size: 12pt;\">Luft, See, Express<\/span><\/td>\n<\/tr>\n<\/tbody>\n<\/table>\n<p>&nbsp;<\/p>","protected":false},"featured_media":1804,"comment_status":"open","ping_status":"closed","template":"","meta":[],"product_brand":[],"product_cat":[32,30,35,18],"product_tag":[],"class_list":{"0":"post-1798","1":"product","2":"type-product","3":"status-publish","4":"has-post-thumbnail","6":"product_cat-3c-packaging","7":"product_cat-cosmetics-packaging","8":"product_cat-mylar-bags","9":"product_cat-zipper-bags","11":"first","12":"instock","13":"shipping-taxable","14":"product-type-simple"},"_links":{"self":[{"href":"https:\/\/polysmarts.com\/de\/wp-json\/wp\/v2\/product\/1798","targetHints":{"allow":["GET"]}}],"collection":[{"href":"https:\/\/polysmarts.com\/de\/wp-json\/wp\/v2\/product"}],"about":[{"href":"https:\/\/polysmarts.com\/de\/wp-json\/wp\/v2\/types\/product"}],"replies":[{"embeddable":true,"href":"https:\/\/polysmarts.com\/de\/wp-json\/wp\/v2\/comments?post=1798"}],"version-history":[{"count":2,"href":"https:\/\/polysmarts.com\/de\/wp-json\/wp\/v2\/product\/1798\/revisions"}],"predecessor-version":[{"id":1806,"href":"https:\/\/polysmarts.com\/de\/wp-json\/wp\/v2\/product\/1798\/revisions\/1806"}],"wp:featuredmedia":[{"embeddable":true,"href":"https:\/\/polysmarts.com\/de\/wp-json\/wp\/v2\/media\/1804"}],"wp:attachment":[{"href":"https:\/\/polysmarts.com\/de\/wp-json\/wp\/v2\/media?parent=1798"}],"wp:term":[{"taxonomy":"product_brand","embeddable":true,"href":"https:\/\/polysmarts.com\/de\/wp-json\/wp\/v2\/product_brand?post=1798"},{"taxonomy":"product_cat","embeddable":true,"href":"https:\/\/polysmarts.com\/de\/wp-json\/wp\/v2\/product_cat?post=1798"},{"taxonomy":"product_tag","embeddable":true,"href":"https:\/\/polysmarts.com\/de\/wp-json\/wp\/v2\/product_tag?post=1798"}],"curies":[{"name":"wp","href":"https:\/\/api.w.org\/{rel}","templated":true}]}}