{"id":1779,"date":"2024-02-29T07:06:49","date_gmt":"2024-02-29T07:06:49","guid":{"rendered":"https:\/\/polysmarts.com\/?post_type=product&#038;p=1779"},"modified":"2024-02-29T07:19:38","modified_gmt":"2024-02-29T07:19:38","slug":"weihnachts-reisverschlusstaschen-benutzerdefinierte-susigkeitenbeutel","status":"publish","type":"product","link":"https:\/\/polysmarts.com\/de\/product\/christmas-zipper-bags-custom-candy-pouch\/","title":{"rendered":"Weihnachts-Rei\u00dfverschlusstaschen, benutzerdefinierte S\u00fc\u00dfigkeitenbeutel"},"content":{"rendered":"<p>Holen Sie sich den Geist des Winters und der Weihnachtszeit mit unseren Rei\u00dfverschlussbeuteln in leuchtendem Rot, die mit wei\u00dfen aufgedruckten Ornamenten und einem gro\u00dfen rechteckigen Fenster verziert sind. Perfekt, um selbstgemachte Leckereien wie Kekse und Fudge zu pr\u00e4sentieren oder sie mit saisonalen S\u00fc\u00dfigkeiten und Spielzeugen zu f\u00fcllen. Die Vorderseite ist mit bezaubernden vorgedruckten wei\u00dfen Ornamenten versehen, w\u00e4hrend die durchgehend rote R\u00fcckseite reichlich Platz f\u00fcr Etiketten oder Markenzeichen bietet. Hergestellt aus lebensmittelsicherem 4,0-mil-Material und hei\u00dfversiegelbar f\u00fcr Frische.<\/p>\n<p>Produktbeschreibung: Genie\u00dfen Sie die Freude der Feiertage mit unseren entz\u00fcckenden Weihnachtsbeuteln mit Rei\u00dfverschluss, die Ihren Leckereien einen Hauch von festlicher Fr\u00f6hlichkeit verleihen. Diese lebensmittelechten Beutel strahlen in Stechpalmenrot und verf\u00fcgen \u00fcber ein gro\u00dfz\u00fcgiges, durchsichtiges Fenster, das den Inhalt stolz zur Schau stellt und Kunden, Freunde und Familie einl\u00e4dt, an den Festtagsfeierlichkeiten teilzunehmen.<\/p>\n<p>Der luftdichte, wiederverschlie\u00dfbare Rei\u00dfverschluss sorgt daf\u00fcr, dass Ihre Leckereien frisch und lecker bleiben, w\u00e4hrend die Einrei\u00dfkerben oberhalb des Rei\u00dfverschlusses einen einfachen Zugriff nach dem Verschlie\u00dfen durch Hei\u00dfsiegeln erm\u00f6glichen. Unsere Standbeutel sind so konzipiert, dass sie ihre Form und Stabilit\u00e4t behalten, sodass sie im Einzelhandel f\u00fcr die Pr\u00e4sentation in Regalen oder auf Theken bereit sind.<\/p>\n<p>Egal, ob Sie selbstgemachte Leckereien zum Verschenken verpacken oder Ihre Regale mit saisonalen Leckereien f\u00fcllen m\u00f6chten, unsere Weihnachtsbeutel mit Rei\u00dfverschluss sind die perfekte Wahl. Ihr festliches Design und ihre praktische Funktionalit\u00e4t machen sie zu einer wunderbaren Erg\u00e4nzung f\u00fcr jedes Feiertagsfest.<\/p>\n<p>Zusammenfassend l\u00e4sst sich sagen, dass unsere Weihnachtsbeutel mit Rei\u00dfverschluss festlichen Charme mit praktischer Funktionalit\u00e4t verbinden, um die Pr\u00e4sentation und Frische Ihrer saisonalen K\u00f6stlichkeiten zu verbessern. Lassen Sie sich von der Weihnachtsstimmung anstecken und erfreuen Sie Ihre Kunden mit diesen fr\u00f6hlichen Beuteln, die die ganze Saison \u00fcber Freude und Heiterkeit verbreiten werden.<\/p>","protected":false},"excerpt":{"rendered":"<table style=\"height: 360px; width: 99.8505%; border-collapse: collapse;\" border=\"2\">\n<tbody>\n<tr style=\"height: 40px;\">\n<td style=\"width: 22.6796%; height: 30px; background-color: #99ccff;\"><span style=\"font-family: arial, helvetica, sans-serif; font-size: 12pt;\"><strong>Dimension &amp; Stil<\/strong><\/span><\/td>\n<td style=\"width: 77.3204%; height: 30px; background-color: #99ccff;\"><span style=\"font-family: arial, helvetica, sans-serif; font-size: 12pt;\">Benutzerdefinierte Formen und Gr\u00f6\u00dfen<\/span><\/td>\n<\/tr>\n<tr style=\"height: 40px;\">\n<td style=\"width: 22.6796%; height: 34px; background-color: #ebebeb;\"><span style=\"font-size: 12pt;\"><strong><span style=\"font-family: arial, helvetica, sans-serif;\">Mindestbestellmenge<\/span><\/strong><\/span><\/td>\n<td style=\"width: 77.3204%; height: 34px; background-color: #ebebeb;\"><span style=\"font-family: arial, helvetica, sans-serif; font-size: 12pt;\">1000 St\u00fcck ohne Anpassung, 10000 St\u00fcck zur Anpassung<\/span><\/td>\n<\/tr>\n<tr style=\"height: 40px; background-color: #99ccff;\">\n<td style=\"width: 22.6796%; height: 24px;\"><span style=\"font-size: 12pt;\"><strong><span style=\"font-family: arial, helvetica, sans-serif;\">Verpackungsart<\/span><\/strong><\/span><\/td>\n<td style=\"width: 77.3204%; height: 24px;\"><span style=\"font-family: arial, helvetica, sans-serif; font-size: 12pt;\">Weihnachts-Rei\u00dfverschlusstaschen<\/span><\/td>\n<\/tr>\n<tr style=\"height: 40px; background-color: #ebebeb;\">\n<td style=\"width: 22.6796%; height: 24px;\"><span style=\"font-size: 12pt;\"><strong><span style=\"font-family: arial, helvetica, sans-serif;\">Drucken<\/span><\/strong><\/span><\/td>\n<td style=\"width: 77.3204%; height: 24px;\"><span style=\"font-family: arial, helvetica, sans-serif; font-size: 12pt;\">CMYK (1 \u2013 10 Farben), kein Druck (Normal)<\/span><\/td>\n<\/tr>\n<tr style=\"height: 40px; background-color: #99ccff;\">\n<td style=\"width: 22.6796%; height: 24px;\"><span style=\"font-size: 12pt;\"><strong><span style=\"font-family: arial, helvetica, sans-serif;\">Fertigstellung<\/span><\/strong><\/span><\/td>\n<td style=\"width: 77.3204%; height: 24px;\"><span style=\"font-family: arial, helvetica, sans-serif; font-size: 12pt;\">Glanz-\/Matt-Laminierung, Offsetdruck<\/span><\/td>\n<\/tr>\n<tr style=\"height: 40px; background-color: #ebebeb;\">\n<td style=\"width: 22.6796%; height: 24px;\"><span style=\"font-size: 12pt;\"><strong><span style=\"font-family: arial, helvetica, sans-serif;\">Enthaltene Optionen<\/span><\/strong><\/span><\/td>\n<td style=\"width: 77.3204%; height: 24px;\"><span style=\"font-family: arial, helvetica, sans-serif; font-size: 12pt;\">Stanzen, Hei\u00dfsiegeln<\/span><\/td>\n<\/tr>\n<tr style=\"height: 40px; background-color: #99ccff;\">\n<td style=\"width: 22.6796%; height: 24px;\"><span style=\"font-size: 12pt;\"><strong><span style=\"font-family: arial, helvetica, sans-serif;\">Nachweisen<\/span><\/strong><\/span><\/td>\n<td style=\"width: 77.3204%; height: 24px;\"><span style=\"font-family: arial, helvetica, sans-serif; font-size: 12pt;\">Geruchsbeweise\u00a0<\/span><\/td>\n<\/tr>\n<tr style=\"height: 40px; background-color: #ebebeb;\">\n<td style=\"width: 22.6796%; height: 24px;\"><span style=\"font-size: 12pt;\"><strong><span style=\"font-family: arial, helvetica, sans-serif;\">Seitenwechsel<\/span><\/strong><\/span><\/td>\n<td style=\"width: 77.3204%; height: 24px;\"><span style=\"font-family: arial, helvetica, sans-serif; font-size: 12pt;\">7 \u2013 15 Werktage, Eilzustellung<\/span><\/td>\n<\/tr>\n<tr style=\"height: 40px; background-color: #99ccff;\">\n<td style=\"width: 22.6796%; height: 24px;\"><span style=\"font-size: 12pt;\"><strong><span style=\"font-family: arial, helvetica, sans-serif;\">Versand<\/span><\/strong><\/span><\/td>\n<td style=\"width: 77.3204%; height: 24px;\"><span style=\"font-family: arial, helvetica, sans-serif; font-size: 12pt;\">Luft, See, Express<\/span><\/td>\n<\/tr>\n<\/tbody>\n<\/table>\n<p>&nbsp;<\/p>","protected":false},"featured_media":1780,"comment_status":"open","ping_status":"closed","template":"","meta":[],"product_brand":[],"product_cat":[26,18],"product_tag":[],"class_list":{"0":"post-1779","1":"product","2":"type-product","3":"status-publish","4":"has-post-thumbnail","6":"product_cat-food-packaging","7":"product_cat-zipper-bags","9":"first","10":"instock","11":"shipping-taxable","12":"product-type-simple"},"_links":{"self":[{"href":"https:\/\/polysmarts.com\/de\/wp-json\/wp\/v2\/product\/1779","targetHints":{"allow":["GET"]}}],"collection":[{"href":"https:\/\/polysmarts.com\/de\/wp-json\/wp\/v2\/product"}],"about":[{"href":"https:\/\/polysmarts.com\/de\/wp-json\/wp\/v2\/types\/product"}],"replies":[{"embeddable":true,"href":"https:\/\/polysmarts.com\/de\/wp-json\/wp\/v2\/comments?post=1779"}],"version-history":[{"count":2,"href":"https:\/\/polysmarts.com\/de\/wp-json\/wp\/v2\/product\/1779\/revisions"}],"predecessor-version":[{"id":1786,"href":"https:\/\/polysmarts.com\/de\/wp-json\/wp\/v2\/product\/1779\/revisions\/1786"}],"wp:featuredmedia":[{"embeddable":true,"href":"https:\/\/polysmarts.com\/de\/wp-json\/wp\/v2\/media\/1780"}],"wp:attachment":[{"href":"https:\/\/polysmarts.com\/de\/wp-json\/wp\/v2\/media?parent=1779"}],"wp:term":[{"taxonomy":"product_brand","embeddable":true,"href":"https:\/\/polysmarts.com\/de\/wp-json\/wp\/v2\/product_brand?post=1779"},{"taxonomy":"product_cat","embeddable":true,"href":"https:\/\/polysmarts.com\/de\/wp-json\/wp\/v2\/product_cat?post=1779"},{"taxonomy":"product_tag","embeddable":true,"href":"https:\/\/polysmarts.com\/de\/wp-json\/wp\/v2\/product_tag?post=1779"}],"curies":[{"name":"wp","href":"https:\/\/api.w.org\/{rel}","templated":true}]}}