{"id":1722,"date":"2024-02-25T16:07:18","date_gmt":"2024-02-25T16:07:18","guid":{"rendered":"https:\/\/polysmarts.com\/?post_type=product&#038;p=1722"},"modified":"2024-02-25T16:25:35","modified_gmt":"2024-02-25T16:25:35","slug":"holografische-essbare-verpackung-gestanzter-mylar-beutel","status":"publish","type":"product","link":"https:\/\/polysmarts.com\/de\/product\/holographic-edible-packaging-die-cut-mylar-bag\/","title":{"rendered":"Holografische, essbare Verpackung, gestanzter Mylar-Beutel"},"content":{"rendered":"<p>Verw\u00f6hnen Sie sich mit der Bequemlichkeit und Zweckm\u00e4\u00dfigkeit unserer holografischen, essbaren, gestanzten Mylar-Verpackungsbeutel. Diese aus hochwertiger metallisierter Folie gefertigten Beutel zeichnen sich durch Haltbarkeit und Stil aus. Mit einem anpassbaren Design in bis zu 10 leuchtenden Farben und einem transparenten Frontfenster vereinen sie Funktionalit\u00e4t und \u00c4sthetik nahtlos.<\/p>\n<p>Diese Verpackungswunder sind f\u00fcr unz\u00e4hlige Zwecke ideal, halten Feuchtigkeit fern und vereinfachen gleichzeitig die Lagerung und Organisation. Von Trockenblumen und Backzutaten bis hin zu Trockenfr\u00fcchten, Snacks und Kr\u00e4utern erf\u00fcllen diese Mehrzweckbeutel die unterschiedlichsten Aufbewahrungsbed\u00fcrfnisse. Dar\u00fcber hinaus sorgen wir mit anpassbaren Gr\u00f6\u00dfenoptionen f\u00fcr die perfekte Passform f\u00fcr jede Anforderung.<\/p>\n<p>Werten Sie Ihre Verpackungsl\u00f6sungen mit unseren holografischen, essbaren, gestanzten Mylar-Beuteln auf, die Ihren Aufbewahrungsl\u00f6sungen sowohl Stil als auch Substanz verleihen.<\/p>\n<p>Verw\u00f6hnen Sie sich mit der Bequemlichkeit und Zweckm\u00e4\u00dfigkeit unserer holografischen, essbaren, gestanzten Mylar-Verpackungsbeutel. Diese aus hochwertiger metallisierter Folie gefertigten Beutel zeichnen sich durch Haltbarkeit und Stil aus. Mit einem anpassbaren Design in bis zu 10 leuchtenden Farben und einem transparenten Frontfenster vereinen sie Funktionalit\u00e4t und \u00c4sthetik nahtlos.<\/p>\n<p>Diese Verpackungswunder sind f\u00fcr unz\u00e4hlige Zwecke ideal, halten Feuchtigkeit fern und vereinfachen gleichzeitig die Lagerung und Organisation. Von Trockenblumen und Backzutaten bis hin zu Trockenfr\u00fcchten, Snacks und Kr\u00e4utern erf\u00fcllen diese Mehrzweckbeutel die unterschiedlichsten Aufbewahrungsbed\u00fcrfnisse. Dar\u00fcber hinaus sorgen wir mit anpassbaren Gr\u00f6\u00dfenoptionen f\u00fcr die perfekte Passform f\u00fcr jede Anforderung.<\/p>\n<p>Werten Sie Ihre Verpackungsl\u00f6sungen mit unseren holografischen, essbaren, gestanzten Mylar-Beuteln auf, die Ihren Aufbewahrungsl\u00f6sungen sowohl Stil als auch Substanz verleihen.<\/p>","protected":false},"excerpt":{"rendered":"<table style=\"height: 360px; width: 99.8505%; border-collapse: collapse;\" border=\"2\">\n<tbody>\n<tr style=\"height: 40px;\">\n<td style=\"width: 22.6796%; height: 30px; background-color: #99ccff;\"><span style=\"font-family: arial, helvetica, sans-serif; font-size: 12pt;\"><strong>Dimension &amp; Stil<\/strong><\/span><\/td>\n<td style=\"width: 77.3204%; height: 30px; background-color: #99ccff;\"><span style=\"font-family: arial, helvetica, sans-serif; font-size: 12pt;\">Benutzerdefinierte Formen und Gr\u00f6\u00dfen<\/span><\/td>\n<\/tr>\n<tr style=\"height: 40px;\">\n<td style=\"width: 22.6796%; height: 34px; background-color: #ebebeb;\"><span style=\"font-size: 12pt;\"><strong><span style=\"font-family: arial, helvetica, sans-serif;\">Mindestbestellmenge<\/span><\/strong><\/span><\/td>\n<td style=\"width: 77.3204%; height: 34px; background-color: #ebebeb;\"><span style=\"font-family: arial, helvetica, sans-serif; font-size: 12pt;\">1000 St\u00fcck ohne Anpassung, 10000 St\u00fcck zur Anpassung<\/span><\/td>\n<\/tr>\n<tr style=\"height: 40px; background-color: #99ccff;\">\n<td style=\"width: 22.6796%; height: 24px;\"><span style=\"font-size: 12pt;\"><strong><span style=\"font-family: arial, helvetica, sans-serif;\">Verpackungsart<\/span><\/strong><\/span><\/td>\n<td style=\"width: 77.3204%; height: 24px;\"><span style=\"font-family: arial, helvetica, sans-serif; font-size: 12pt;\">Standbodenbeutel<\/span><\/td>\n<\/tr>\n<tr style=\"height: 40px; background-color: #ebebeb;\">\n<td style=\"width: 22.6796%; height: 24px;\"><span style=\"font-size: 12pt;\"><strong><span style=\"font-family: arial, helvetica, sans-serif;\">Drucken<\/span><\/strong><\/span><\/td>\n<td style=\"width: 77.3204%; height: 24px;\"><span style=\"font-family: arial, helvetica, sans-serif; font-size: 12pt;\">CMYK (1 \u2013 10 Farben), kein Druck (Normal)<\/span><\/td>\n<\/tr>\n<tr style=\"height: 40px; background-color: #99ccff;\">\n<td style=\"width: 22.6796%; height: 24px;\"><span style=\"font-size: 12pt;\"><strong><span style=\"font-family: arial, helvetica, sans-serif;\">Fertigstellung<\/span><\/strong><\/span><\/td>\n<td style=\"width: 77.3204%; height: 24px;\"><span style=\"font-family: arial, helvetica, sans-serif; font-size: 12pt;\">Glanz-\/Matt-Laminierung, Offsetdruck<\/span><\/td>\n<\/tr>\n<tr style=\"height: 40px; background-color: #ebebeb;\">\n<td style=\"width: 22.6796%; height: 24px;\"><span style=\"font-size: 12pt;\"><strong><span style=\"font-family: arial, helvetica, sans-serif;\">Enthaltene Optionen<\/span><\/strong><\/span><\/td>\n<td style=\"width: 77.3204%; height: 24px;\"><span style=\"font-family: arial, helvetica, sans-serif; font-size: 12pt;\">Stanzen, Hei\u00dfsiegeln<\/span><\/td>\n<\/tr>\n<tr style=\"height: 40px; background-color: #99ccff;\">\n<td style=\"width: 22.6796%; height: 24px;\"><span style=\"font-size: 12pt;\"><strong><span style=\"font-family: arial, helvetica, sans-serif;\">Nachweisen<\/span><\/strong><\/span><\/td>\n<td style=\"width: 77.3204%; height: 24px;\"><span style=\"font-family: arial, helvetica, sans-serif; font-size: 12pt;\">Geruchsbeweise\u00a0<\/span><\/td>\n<\/tr>\n<tr style=\"height: 40px; background-color: #ebebeb;\">\n<td style=\"width: 22.6796%; height: 24px;\"><span style=\"font-size: 12pt;\"><strong><span style=\"font-family: arial, helvetica, sans-serif;\">Seitenwechsel<\/span><\/strong><\/span><\/td>\n<td style=\"width: 77.3204%; height: 24px;\"><span style=\"font-family: arial, helvetica, sans-serif; font-size: 12pt;\">7 \u2013 15 Werktage, Eilzustellung<\/span><\/td>\n<\/tr>\n<tr style=\"height: 40px; background-color: #99ccff;\">\n<td style=\"width: 22.6796%; height: 24px;\"><span style=\"font-size: 12pt;\"><strong><span style=\"font-family: arial, helvetica, sans-serif;\">Versand<\/span><\/strong><\/span><\/td>\n<td style=\"width: 77.3204%; height: 24px;\"><span style=\"font-family: arial, helvetica, sans-serif; font-size: 12pt;\">Luft, See, Express<\/span><\/td>\n<\/tr>\n<\/tbody>\n<\/table>\n<p>&nbsp;<\/p>","protected":false},"featured_media":1723,"comment_status":"open","ping_status":"closed","template":"","meta":[],"product_brand":[],"product_cat":[26,18],"product_tag":[],"class_list":{"0":"post-1722","1":"product","2":"type-product","3":"status-publish","4":"has-post-thumbnail","6":"product_cat-food-packaging","7":"product_cat-zipper-bags","9":"first","10":"instock","11":"shipping-taxable","12":"product-type-simple"},"_links":{"self":[{"href":"https:\/\/polysmarts.com\/de\/wp-json\/wp\/v2\/product\/1722","targetHints":{"allow":["GET"]}}],"collection":[{"href":"https:\/\/polysmarts.com\/de\/wp-json\/wp\/v2\/product"}],"about":[{"href":"https:\/\/polysmarts.com\/de\/wp-json\/wp\/v2\/types\/product"}],"replies":[{"embeddable":true,"href":"https:\/\/polysmarts.com\/de\/wp-json\/wp\/v2\/comments?post=1722"}],"version-history":[{"count":3,"href":"https:\/\/polysmarts.com\/de\/wp-json\/wp\/v2\/product\/1722\/revisions"}],"predecessor-version":[{"id":1733,"href":"https:\/\/polysmarts.com\/de\/wp-json\/wp\/v2\/product\/1722\/revisions\/1733"}],"wp:featuredmedia":[{"embeddable":true,"href":"https:\/\/polysmarts.com\/de\/wp-json\/wp\/v2\/media\/1723"}],"wp:attachment":[{"href":"https:\/\/polysmarts.com\/de\/wp-json\/wp\/v2\/media?parent=1722"}],"wp:term":[{"taxonomy":"product_brand","embeddable":true,"href":"https:\/\/polysmarts.com\/de\/wp-json\/wp\/v2\/product_brand?post=1722"},{"taxonomy":"product_cat","embeddable":true,"href":"https:\/\/polysmarts.com\/de\/wp-json\/wp\/v2\/product_cat?post=1722"},{"taxonomy":"product_tag","embeddable":true,"href":"https:\/\/polysmarts.com\/de\/wp-json\/wp\/v2\/product_tag?post=1722"}],"curies":[{"name":"wp","href":"https:\/\/api.w.org\/{rel}","templated":true}]}}