{"id":1667,"date":"2024-02-20T10:39:48","date_gmt":"2024-02-20T10:39:48","guid":{"rendered":"https:\/\/polysmarts.com\/?post_type=product&#038;p=1667"},"modified":"2024-02-20T12:55:17","modified_gmt":"2024-02-20T12:55:17","slug":"individuell-bedruckte-kartoffelchiptuten-snack-lebensmittelverpackungen","status":"publish","type":"product","link":"https:\/\/polysmarts.com\/de\/product\/custom-printed-potato-chip-bags-snack-food-packaging\/","title":{"rendered":"Individuell bedruckte Kartoffelchipt\u00fcten, Snack-Food-Verpackungen"},"content":{"rendered":"<p>Lassen Sie sich von der unwiderstehlichen Faszination unserer individuell bedruckten Kartoffelchipt\u00fcten verf\u00fchren, dem Inbegriff knuspriger Bequemlichkeit. Diese mit Pr\u00e4zision gefertigten Snackverpackungen bieten eine Reihe unverzichtbarer Funktionen. Sie sind leicht und kompakt und somit die idealen Begleiter f\u00fcr Snacks unterwegs. Dank ihrer luftdichten Versiegelung bleiben Ihre Lieblingschips frisch und k\u00f6stlich und werden nicht so schnell abgestanden. Die transparente Anziehungskraft unserer Verpackung bietet einen verlockenden Blick auf den herzhaften Schatz im Inneren und fesselt potenzielle Kunden auf den ersten Blick.<\/p>\n<p>Was unsere Kartoffelchipt\u00fcten jedoch auszeichnet, ist ihre Anpassbarkeit und ihr optisches Erscheinungsbild. Mit viel Platz f\u00fcr Ihre Marke k\u00f6nnen Sie Ihr Logo und Ihre Botschaft stolz pr\u00e4sentieren und daf\u00fcr sorgen, dass Ihr Produkt in den Regalen auff\u00e4llt. Und keine Angst, denn diese T\u00fcten sind nicht nur optisch umwerfend, sondern auch langlebig. Ihre robuste Kunststoffkonstruktion bietet zuverl\u00e4ssigen Schutz vor Bruch w\u00e4hrend des Transports und der Handhabung und sch\u00fctzt die Unversehrtheit Ihrer Snacks.<\/p>\n<p>Dar\u00fcber hinaus sind unsere Beutel wiederverschlie\u00dfbar, sodass Verbraucher die knusprige K\u00f6stlichkeit ihrer Chips mehrere Male genie\u00dfen k\u00f6nnen. Dies verbessert nicht nur das Snackerlebnis, sondern minimiert auch Lebensmittelabf\u00e4lle und tr\u00e4gt zu einem nachhaltigeren Konsumverhalten bei. Im Wesentlichen vereint unsere Verpackung f\u00fcr Kartoffelchips nahtlos Funktionalit\u00e4t, Sichtbarkeit und Markenvielfalt und hebt Ihr Snackerlebnis auf ein neues Niveau.<\/p>","protected":false},"excerpt":{"rendered":"<table style=\"height: 232px; width: 99.8505%; border-collapse: collapse;\" border=\"2\">\n<tbody>\n<tr style=\"height: 40px;\">\n<td style=\"width: 22.6796%; height: 30px; background-color: #99ccff;\"><span style=\"font-family: arial, helvetica, sans-serif; font-size: 12pt;\"><strong>Dimension &amp; Stil<\/strong><\/span><\/td>\n<td style=\"width: 77.3204%; height: 30px; background-color: #99ccff;\"><span style=\"font-family: arial, helvetica, sans-serif; font-size: 12pt;\">Benutzerdefinierte Formen und Gr\u00f6\u00dfen<\/span><\/td>\n<\/tr>\n<tr style=\"height: 40px;\">\n<td style=\"width: 22.6796%; height: 34px; background-color: #ebebeb;\"><span style=\"font-size: 12pt;\"><strong><span style=\"font-family: arial, helvetica, sans-serif;\">Mindestbestellmenge<\/span><\/strong><\/span><\/td>\n<td style=\"width: 77.3204%; height: 34px; background-color: #ebebeb;\"><span style=\"font-family: arial, helvetica, sans-serif; font-size: 12pt;\">1000 St\u00fcck ohne Anpassung, 10000 St\u00fcck zur Anpassung<\/span><\/td>\n<\/tr>\n<tr style=\"height: 40px; background-color: #99ccff;\">\n<td style=\"width: 22.6796%; height: 24px;\"><span style=\"font-size: 12pt;\"><strong><span style=\"font-family: arial, helvetica, sans-serif;\">Verpackungsart<\/span><\/strong><\/span><\/td>\n<td style=\"width: 77.3204%; height: 24px;\"><span style=\"font-family: arial, helvetica, sans-serif; font-size: 12pt;\">Heat Sealing Bag<\/span><\/td>\n<\/tr>\n<tr style=\"height: 40px; background-color: #ebebeb;\">\n<td style=\"width: 22.6796%; height: 24px;\"><span style=\"font-size: 12pt;\"><strong><span style=\"font-family: arial, helvetica, sans-serif;\">Drucken<\/span><\/strong><\/span><\/td>\n<td style=\"width: 77.3204%; height: 24px;\"><span style=\"font-family: arial, helvetica, sans-serif; font-size: 12pt;\">CMYK (1 \u2013 10 Farben), kein Druck (Normal)<\/span><\/td>\n<\/tr>\n<tr style=\"height: 40px; background-color: #99ccff;\">\n<td style=\"width: 22.6796%; height: 24px;\"><span style=\"font-size: 12pt;\"><strong><span style=\"font-family: arial, helvetica, sans-serif;\">Fertigstellung<\/span><\/strong><\/span><\/td>\n<td style=\"width: 77.3204%; height: 24px;\"><span style=\"font-family: arial, helvetica, sans-serif; font-size: 12pt;\">Glanz-\/Matt-Laminierung, Offsetdruck<\/span><\/td>\n<\/tr>\n<tr style=\"height: 40px; background-color: #ebebeb;\">\n<td style=\"width: 22.6796%; height: 24px;\"><span style=\"font-size: 12pt;\"><strong><span style=\"font-family: arial, helvetica, sans-serif;\">Enthaltene Optionen<\/span><\/strong><\/span><\/td>\n<td style=\"width: 77.3204%; height: 24px;\"><span style=\"font-family: arial, helvetica, sans-serif; font-size: 12pt;\">Stanzen, Hei\u00dfsiegeln<\/span><\/td>\n<\/tr>\n<tr style=\"height: 40px; background-color: #99ccff;\">\n<td style=\"width: 22.6796%; height: 24px;\"><span style=\"font-size: 12pt;\"><strong><span style=\"font-family: arial, helvetica, sans-serif;\">Nachweisen<\/span><\/strong><\/span><\/td>\n<td style=\"width: 77.3204%; height: 24px;\"><span style=\"font-family: arial, helvetica, sans-serif; font-size: 12pt;\">Geruchsbeweise\u00a0<\/span><\/td>\n<\/tr>\n<tr style=\"height: 40px; background-color: #ebebeb;\">\n<td style=\"width: 22.6796%; height: 24px;\"><span style=\"font-size: 12pt;\"><strong><span style=\"font-family: arial, helvetica, sans-serif;\">Seitenwechsel<\/span><\/strong><\/span><\/td>\n<td style=\"width: 77.3204%; height: 24px;\"><span style=\"font-family: arial, helvetica, sans-serif; font-size: 12pt;\">7 \u2013 15 Werktage, Eilzustellung<\/span><\/td>\n<\/tr>\n<tr style=\"height: 40px; background-color: #99ccff;\">\n<td style=\"width: 22.6796%; height: 24px;\"><span style=\"font-size: 12pt;\"><strong><span style=\"font-family: arial, helvetica, sans-serif;\">Versand<\/span><\/strong><\/span><\/td>\n<td style=\"width: 77.3204%; height: 24px;\"><span style=\"font-family: arial, helvetica, sans-serif; font-size: 12pt;\">Luft, See, Express<\/span><\/td>\n<\/tr>\n<\/tbody>\n<\/table>\n<p>&nbsp;<\/p>","protected":false},"featured_media":1668,"comment_status":"open","ping_status":"closed","template":"","meta":[],"product_brand":[],"product_cat":[26,19,35],"product_tag":[],"class_list":{"0":"post-1667","1":"product","2":"type-product","3":"status-publish","4":"has-post-thumbnail","6":"product_cat-food-packaging","7":"product_cat-heat-sealing-bag","8":"product_cat-mylar-bags","10":"first","11":"instock","12":"shipping-taxable","13":"product-type-simple"},"_links":{"self":[{"href":"https:\/\/polysmarts.com\/de\/wp-json\/wp\/v2\/product\/1667","targetHints":{"allow":["GET"]}}],"collection":[{"href":"https:\/\/polysmarts.com\/de\/wp-json\/wp\/v2\/product"}],"about":[{"href":"https:\/\/polysmarts.com\/de\/wp-json\/wp\/v2\/types\/product"}],"replies":[{"embeddable":true,"href":"https:\/\/polysmarts.com\/de\/wp-json\/wp\/v2\/comments?post=1667"}],"version-history":[{"count":1,"href":"https:\/\/polysmarts.com\/de\/wp-json\/wp\/v2\/product\/1667\/revisions"}],"predecessor-version":[{"id":1674,"href":"https:\/\/polysmarts.com\/de\/wp-json\/wp\/v2\/product\/1667\/revisions\/1674"}],"wp:featuredmedia":[{"embeddable":true,"href":"https:\/\/polysmarts.com\/de\/wp-json\/wp\/v2\/media\/1668"}],"wp:attachment":[{"href":"https:\/\/polysmarts.com\/de\/wp-json\/wp\/v2\/media?parent=1667"}],"wp:term":[{"taxonomy":"product_brand","embeddable":true,"href":"https:\/\/polysmarts.com\/de\/wp-json\/wp\/v2\/product_brand?post=1667"},{"taxonomy":"product_cat","embeddable":true,"href":"https:\/\/polysmarts.com\/de\/wp-json\/wp\/v2\/product_cat?post=1667"},{"taxonomy":"product_tag","embeddable":true,"href":"https:\/\/polysmarts.com\/de\/wp-json\/wp\/v2\/product_tag?post=1667"}],"curies":[{"name":"wp","href":"https:\/\/api.w.org\/{rel}","templated":true}]}}